{"id":6704,"date":"2025-08-19T10:49:45","date_gmt":"2025-08-19T10:49:45","guid":{"rendered":"https:\/\/ynsghostboats.com\/altin-serap\/"},"modified":"2026-03-11T10:55:34","modified_gmt":"2026-03-11T10:55:34","slug":"altin-serap","status":"publish","type":"page","link":"https:\/\/ynsghostboats.com\/tr\/altin-serap\/","title":{"rendered":"Alt\u0131n Serap"},"content":{"rendered":"\n<div class=\"wp-block-group yns-page-top is-layout-constrained wp-block-group-is-layout-constrained\" style=\"margin-top:0;margin-bottom:0\">\n<div class=\"wp-block-cover is-light has-parallax is-style-default yns-page-banner has-white-color has-text-color has-link-color wp-elements-9b03c8559ac3b08691be3bc72359a865\" style=\"margin-bottom:0px;padding-right:20px;padding-left:20px;min-height:550px;aspect-ratio:unset;\"><div class=\"wp-block-cover__image-background wp-image-6352 size-large has-parallax\" style=\"background-position:50% 50%;background-image:url(https:\/\/ynsghostboats.com\/wp-content\/uploads\/2025\/08\/yns.947-1024x762.jpg)\"><\/div><span aria-hidden=\"true\" class=\"wp-block-cover__background has-foreground-background-color has-background-dim\"><\/span><div class=\"wp-block-cover__inner-container is-layout-constrained wp-container-core-cover-is-layout-8a5b376c wp-block-cover-is-layout-constrained\">\n<h1 class=\"wp-block-heading has-text-align-center yns-gold-heading notranslate has-text-color has-montserrat-font-family\" style=\"color:#ffc800;margin-top:1.5rem;margin-bottom:1.5rem;font-size:4em;font-style:normal;font-weight:700;line-height:1.2\">Golden Mirage<\/h1>\n\n\n\n<p class=\"has-text-align-center has-small-font-size\" style=\"margin-top:var(--wp--preset--spacing--50);margin-right:var(--wp--preset--spacing--50);margin-bottom:var(--wp--preset--spacing--50);margin-left:var(--wp--preset--spacing--50)\">D\u00fcnya \u00c7ap\u0131nda Sadece 10 Adet &#8211; Sertifikal\u0131 24K Alt\u0131n Kaplama &#8211; Benzersiz Tasar\u0131m ve S\u0131n\u0131rl\u0131 \u00dcretim<\/p>\n<\/div><\/div>\n<\/div>\n\n<div class=\"wp-block-group alignfull yns-page-gold has-background-color has-black-background-color has-text-color has-background has-link-color wp-elements-4c72223600fb0eac820a66ae675e229d is-layout-constrained wp-container-core-group-is-layout-e6f1036d wp-block-group-is-layout-constrained\" style=\"margin-top:0;margin-bottom:0;padding-top:0;padding-right:0;padding-bottom:0;padding-left:0\"><link rel=\"stylesheet\" href=\"https:\/\/fonts.googleapis.com\/css2?family=Public+Sans:wght@400;500;600;700;800\" \/>\n<div class=\"wp-block-group is-layout-constrained wp-container-core-group-is-layout-11b5815e wp-block-group-is-layout-constrained\" style=\"margin-top:0;margin-bottom:0;padding-top:60px;padding-right:20px;padding-bottom:60px;padding-left:20px;font-size:14px; font-family: 'Public Sans' !important;\" style=\"margin-top:0;margin-bottom:0;padding-top:60px;padding-right:20px;padding-bottom:60px;padding-left:20px;font-size:14px\">\n<div class=\"wp-block-columns is-style-default is-layout-flex wp-container-core-columns-is-layout-ebd733d1 wp-block-columns-is-layout-flex\" style=\"margin-top:20px;margin-bottom:20px\">\n<div class=\"wp-block-column is-layout-flow wp-container-core-column-is-layout-8a368f38 wp-block-column-is-layout-flow cozy-animation__initialized\" data-aos=\"zoom-in-up\" data-aos-easing=\"ease-in\" data-aos-anchor-placement=\"top-bottom\" data-aos-duration=\"1000\">\n<figure class=\"wp-block-image aligncenter size-full has-custom-border\"><img loading=\"lazy\" decoding=\"async\" width=\"1068\" height=\"2228\" src=\"https:\/\/ynsghostboats.com\/wp-content\/uploads\/2025\/08\/yns.954.jpg\" alt=\"\" class=\"wp-image-6348\" style=\"border-radius:10px;aspect-ratio:3\/4;object-fit:cover\" srcset=\"https:\/\/ynsghostboats.com\/wp-content\/uploads\/2025\/08\/yns.954.jpg 1068w, https:\/\/ynsghostboats.com\/wp-content\/uploads\/2025\/08\/yns.954-144x300.jpg 144w, https:\/\/ynsghostboats.com\/wp-content\/uploads\/2025\/08\/yns.954-491x1024.jpg 491w, https:\/\/ynsghostboats.com\/wp-content\/uploads\/2025\/08\/yns.954-768x1602.jpg 768w, https:\/\/ynsghostboats.com\/wp-content\/uploads\/2025\/08\/yns.954-736x1536.jpg 736w, https:\/\/ynsghostboats.com\/wp-content\/uploads\/2025\/08\/yns.954-982x2048.jpg 982w\" sizes=\"auto, (max-width: 1068px) 100vw, 1068px\" \/><\/figure>\n<\/div>\n\n\n\n<div class=\"wp-block-column is-vertically-aligned-center is-content-justification-center is-layout-constrained wp-container-core-column-is-layout-6ead9d14 wp-block-column-is-layout-constrained\" style=\"padding-top:20px;padding-right:20px;padding-bottom:20px;padding-left:20px;font-size:15px;line-height:1.8\">\n<p class=\"notranslate has-luminous-vivid-amber-color has-text-color has-link-color wp-elements-b91c52f20a320478772ded6c2783e858\" style=\"font-size:14px;font-style:normal;font-weight:500;line-height:1.2;text-transform:uppercase\"><font style=\"vertical-align: inherit;\"><font style=\"vertical-align: inherit;\"><font style=\"vertical-align: inherit;\"><font style=\"vertical-align: inherit;\">Golden Mirage<\/font><\/font><\/font><\/font><\/p>\n\n\n<link rel=\"stylesheet\" href=\"https:\/\/fonts.googleapis.com\/css2?family=Inter:wght@400;500;600;700;800\" \/>\n<h2 class=\"wp-block-heading has-background-color has-text-color has-link-color wp-elements-5517df74b26f1efbeada23991eb57405 cozy-animation__initialized\" style=\"margin-top:0;margin-right:0;margin-bottom:0;margin-left:0;padding-top:20px;padding-bottom:20px;font-size:36px;font-style:normal;font-weight:600;line-height:1.3; font-family: 'Inter' !important;\" data-aos=\"flip-up\" data-aos-easing=\"ease-in\" data-aos-anchor-placement=\"top-bottom\" data-aos-duration=\"600\" style=\"margin-top:0;margin-right:0;margin-bottom:0;margin-left:0;padding-top:20px;padding-bottom:20px;font-size:36px;font-style:normal;font-weight:600;line-height:1.3\"><font style=\"vertical-align: inherit;\"><font style=\"vertical-align: inherit;\">Genel \u00d6zellikler<\/font><\/font><\/h2>\n\n\n\n<ul style=\"padding-top:0;padding-right:5px;padding-bottom:0;padding-left:5px;line-height:1.8\" class=\"wp-block-list is-style-list-style-no-bullet\">\n<li>T\u00fcm i\u00e7 ve d\u0131\u015f 316L paslanmaz \u00e7elik aksesuarlar, geli\u015fmi\u015f teknikler kullan\u0131larak 24K hakiki alt\u0131n kaplama ile tamamlanm\u0131\u015ft\u0131r.<\/li>\n\n\n\n<li>Her kap resmi 24K alt\u0131n kaplama sertifikas\u0131yla birlikte gelir.<\/li>\n\n\n\n<li>Tamamen \u015feffaf kat\u0131 polikarbonat g\u00f6vde &#8211; denizin b\u00fcy\u00fcleyici derinliklerini ortaya \u00e7\u0131kar\u0131r.<\/li>\n\n\n\n<li>D\u00fcnya \u00e7ap\u0131nda sadece 10 \u015fansl\u0131 koleksiyoncu bu \u015fahesere sahip olacak.<\/li>\n\n\n\n<li>Her tekneye, alt\u0131n kaplama bir plaket \u00fczerine kaz\u0131nm\u0131\u015f benzersiz bir \u00fcretim seri numaras\u0131 verilir.<\/li>\n\n\n\n<li>Sadece sipari\u015f \u00fczerine \u00fcretilmi\u015ftir &#8211; stok yoktur; her biri sahibi i\u00e7in \u00f6zel olarak haz\u0131rlanm\u0131\u015ft\u0131r.<\/li>\n<\/ul>\n<\/div>\n<\/div>\n\n\n\n<div class=\"wp-block-columns is-style-default is-layout-flex wp-container-core-columns-is-layout-ebd733d1 wp-block-columns-is-layout-flex\" style=\"margin-top:20px;margin-bottom:20px\">\n<div class=\"wp-block-column is-layout-flow wp-container-core-column-is-layout-8a368f38 wp-block-column-is-layout-flow cozy-animation__initialized\" data-aos=\"zoom-in-up\" data-aos-easing=\"ease-in\" data-aos-anchor-placement=\"top-bottom\" data-aos-duration=\"1000\">\n<figure class=\"wp-block-image aligncenter size-full has-custom-border\"><img decoding=\"async\" src=\"https:\/\/ynsghostboats.com\/wp-content\/uploads\/2025\/08\/yns.949.jpg\" alt=\"\" class=\"wp-image-6351\" style=\"border-radius:10px;aspect-ratio:3\/4;object-fit:cover\"\/><\/figure>\n<\/div>\n\n\n\n<div class=\"wp-block-column is-vertically-aligned-center is-content-justification-center is-layout-constrained wp-container-core-column-is-layout-6ead9d14 wp-block-column-is-layout-constrained\" style=\"padding-top:20px;padding-right:20px;padding-bottom:20px;padding-left:20px;font-size:15px;line-height:1.8\">\n<p class=\"notranslate has-luminous-vivid-amber-color has-text-color has-link-color wp-elements-b91c52f20a320478772ded6c2783e858\" style=\"font-size:14px;font-style:normal;font-weight:500;line-height:1.2;text-transform:uppercase\"><font style=\"vertical-align: inherit;\"><font style=\"vertical-align: inherit;\"><font style=\"vertical-align: inherit;\"><font style=\"vertical-align: inherit;\">Golden Mirage<\/font><\/font><\/font><\/font><\/p>\n\n\n<link rel=\"stylesheet\" href=\"https:\/\/fonts.googleapis.com\/css2?family=Inter:wght@400;500;600;700;800\" \/>\n<h2 class=\"wp-block-heading has-background-color has-text-color has-link-color wp-elements-857f1170d804b0c54ce10ea9a5bc8e47 cozy-animation__initialized\" style=\"margin-top:0;margin-right:0;margin-bottom:0;margin-left:0;padding-top:20px;padding-bottom:20px;font-size:36px;font-style:normal;font-weight:600;line-height:1.3; font-family: 'Inter' !important;\" data-aos=\"flip-up\" data-aos-easing=\"ease-in\" data-aos-anchor-placement=\"top-bottom\" data-aos-duration=\"600\" style=\"margin-top:0;margin-right:0;margin-bottom:0;margin-left:0;padding-top:20px;padding-bottom:20px;font-size:36px;font-style:normal;font-weight:600;line-height:1.3\"><font style=\"vertical-align: inherit;\"><font style=\"vertical-align: inherit;\">Teknik \u00d6zellikler<\/font><\/font><\/h2>\n\n\n\n<ul style=\"padding-top:0;padding-right:5px;padding-bottom:0;padding-left:5px;line-height:1.8\" class=\"wp-block-list is-style-list-style-no-bullet\">\n<li>Tekne Uzunlu\u011fu: 5.35m<\/li>\n\n\n\n<li>Geni\u015flik: 1.80m<\/li>\n\n\n\n<li>Y\u00fckseklik: 0.90m<\/li>\n\n\n\n<li>Malzeme: Kat\u0131 polikarbonat (UV korumal\u0131, y\u00fcksek darbe dayan\u0131m\u0131)<\/li>\n\n\n\n<li style=\"font-style:normal;font-weight:600\">Motor se\u00e7enekleri:  <\/li>\n\n\n\n<li>30 hp benzinli d\u0131\u015ftan takma motor &#8211; alt\u0131n detayl\u0131 motor kapa\u011f\u0131  <\/li>\n\n\n\n<li>Elektrikli motor sistemi (\u00e7evre dostu, sessiz \u00e7al\u0131\u015fma)<\/li>\n\n\n\n<li>Ekipmanlar: JBL ses sistemi, LED ayd\u0131nlatma, otomatik sintine pompas\u0131, alt\u0131n kaplama motor konsolu<\/li>\n<\/ul>\n<\/div>\n<\/div>\n\n\n\n<div class=\"wp-block-columns is-style-default is-layout-flex wp-container-core-columns-is-layout-ebd733d1 wp-block-columns-is-layout-flex\" style=\"margin-top:20px;margin-bottom:20px\">\n<div class=\"wp-block-column is-layout-flow wp-container-core-column-is-layout-8a368f38 wp-block-column-is-layout-flow cozy-animation__initialized\" data-aos=\"zoom-in-up\" data-aos-easing=\"ease-in\" data-aos-anchor-placement=\"top-bottom\" data-aos-duration=\"1000\">\n<figure class=\"wp-block-image aligncenter size-full has-custom-border\"><img loading=\"lazy\" decoding=\"async\" width=\"2560\" height=\"1905\" src=\"https:\/\/ynsghostboats.com\/wp-content\/uploads\/2025\/08\/yns.940-scaled.jpg\" alt=\"\" class=\"wp-image-6353\" style=\"border-radius:10px;aspect-ratio:3\/4;object-fit:cover\" srcset=\"https:\/\/ynsghostboats.com\/wp-content\/uploads\/2025\/08\/yns.940-scaled.jpg 2560w, https:\/\/ynsghostboats.com\/wp-content\/uploads\/2025\/08\/yns.940-300x223.jpg 300w, https:\/\/ynsghostboats.com\/wp-content\/uploads\/2025\/08\/yns.940-1024x762.jpg 1024w, https:\/\/ynsghostboats.com\/wp-content\/uploads\/2025\/08\/yns.940-768x571.jpg 768w, https:\/\/ynsghostboats.com\/wp-content\/uploads\/2025\/08\/yns.940-1536x1143.jpg 1536w, https:\/\/ynsghostboats.com\/wp-content\/uploads\/2025\/08\/yns.940-2048x1524.jpg 2048w\" sizes=\"auto, (max-width: 2560px) 100vw, 2560px\" \/><\/figure>\n<\/div>\n\n\n\n<div class=\"wp-block-column is-vertically-aligned-center is-content-justification-center is-layout-constrained wp-container-core-column-is-layout-6ead9d14 wp-block-column-is-layout-constrained\" style=\"padding-top:20px;padding-right:20px;padding-bottom:20px;padding-left:20px;font-size:15px;line-height:1.8\">\n<p class=\"notranslate has-luminous-vivid-amber-color has-text-color has-link-color wp-elements-b91c52f20a320478772ded6c2783e858\" style=\"font-size:14px;font-style:normal;font-weight:500;line-height:1.2;text-transform:uppercase\"><font style=\"vertical-align: inherit;\"><font style=\"vertical-align: inherit;\"><font style=\"vertical-align: inherit;\"><font style=\"vertical-align: inherit;\">Golden Mirage<\/font><\/font><\/font><\/font><\/p>\n\n\n<link rel=\"stylesheet\" href=\"https:\/\/fonts.googleapis.com\/css2?family=Inter:wght@400;500;600;700;800\" \/>\n<h2 class=\"wp-block-heading has-background-color has-text-color has-link-color wp-elements-97ce170ad6f95a9ca56cb62a30310ad8 cozy-animation__initialized\" style=\"margin-top:0;margin-right:0;margin-bottom:0;margin-left:0;padding-top:20px;padding-bottom:20px;font-size:36px;font-style:normal;font-weight:600;line-height:1.3; font-family: 'Inter' !important;\" data-aos=\"flip-up\" data-aos-easing=\"ease-in\" data-aos-anchor-placement=\"top-bottom\" data-aos-duration=\"600\" style=\"margin-top:0;margin-right:0;margin-bottom:0;margin-left:0;padding-top:20px;padding-bottom:20px;font-size:36px;font-style:normal;font-weight:600;line-height:1.3\"><font style=\"vertical-align: inherit;\"><font style=\"vertical-align: inherit;\">L\u00fcks ve Prestijin Sembol\u00fc<\/font><\/font><\/h2>\n\n\n\n<ul style=\"padding-top:0;padding-right:5px;padding-bottom:0;padding-left:5px;line-height:1.8\" class=\"wp-block-list is-style-list-style-no-bullet\">\n<li>Arap K\u00f6rfezi&#8217;nin en se\u00e7kin marinalar\u0131nda ayr\u0131cal\u0131k arayan koleksiyoncular i\u00e7in tasarlanm\u0131\u015ft\u0131r.<\/li>\n\n\n\n<li>Alt\u0131n kaplama aksesuarlar tuzlu suya kar\u015f\u0131 tamamen korunur ve parlakl\u0131\u011f\u0131n\u0131 y\u0131llarca korur.<\/li>\n\n\n\n<li>Her ayr\u0131nt\u0131, \u00fcst\u00fcn m\u00fchendislik ve rafine i\u015f\u00e7ili\u011fin bir kar\u0131\u015f\u0131m\u0131d\u0131r.<\/li>\n<\/ul>\n<\/div>\n<\/div>\n\n\n\n<div class=\"wp-block-columns is-style-default is-layout-flex wp-container-core-columns-is-layout-ebd733d1 wp-block-columns-is-layout-flex\" style=\"margin-top:20px;margin-bottom:20px\">\n<div class=\"wp-block-column is-layout-flow wp-container-core-column-is-layout-8a368f38 wp-block-column-is-layout-flow cozy-animation__initialized\" data-aos=\"zoom-in-up\" data-aos-easing=\"ease-in\" data-aos-anchor-placement=\"top-bottom\" data-aos-duration=\"1000\">\n<figure class=\"wp-block-image aligncenter size-full has-custom-border\"><img loading=\"lazy\" decoding=\"async\" width=\"1054\" height=\"2269\" src=\"https:\/\/ynsghostboats.com\/wp-content\/uploads\/2025\/08\/yns.951.jpg\" alt=\"\" class=\"wp-image-6349\" style=\"border-radius:10px;aspect-ratio:3\/4;object-fit:cover\" srcset=\"https:\/\/ynsghostboats.com\/wp-content\/uploads\/2025\/08\/yns.951.jpg 1054w, https:\/\/ynsghostboats.com\/wp-content\/uploads\/2025\/08\/yns.951-139x300.jpg 139w, https:\/\/ynsghostboats.com\/wp-content\/uploads\/2025\/08\/yns.951-476x1024.jpg 476w, https:\/\/ynsghostboats.com\/wp-content\/uploads\/2025\/08\/yns.951-768x1653.jpg 768w, https:\/\/ynsghostboats.com\/wp-content\/uploads\/2025\/08\/yns.951-714x1536.jpg 714w, https:\/\/ynsghostboats.com\/wp-content\/uploads\/2025\/08\/yns.951-951x2048.jpg 951w\" sizes=\"auto, (max-width: 1054px) 100vw, 1054px\" \/><\/figure>\n<\/div>\n\n\n\n<div class=\"wp-block-column is-vertically-aligned-center is-content-justification-center is-layout-constrained wp-container-core-column-is-layout-6ead9d14 wp-block-column-is-layout-constrained\" style=\"padding-top:20px;padding-right:20px;padding-bottom:20px;padding-left:20px;font-size:15px;line-height:1.8\">\n<p class=\"notranslate has-luminous-vivid-amber-color has-text-color has-link-color wp-elements-b91c52f20a320478772ded6c2783e858\" style=\"font-size:14px;font-style:normal;font-weight:500;line-height:1.2;text-transform:uppercase\"><font style=\"vertical-align: inherit;\"><font style=\"vertical-align: inherit;\"><font style=\"vertical-align: inherit;\"><font style=\"vertical-align: inherit;\">Golden Mirage<\/font><\/font><\/font><\/font><\/p>\n\n\n<link rel=\"stylesheet\" href=\"https:\/\/fonts.googleapis.com\/css2?family=Inter:wght@400;500;600;700;800\" \/>\n<h2 class=\"wp-block-heading has-background-color has-text-color has-link-color wp-elements-ed3fadc001d08da6fa52026a5a2b911e cozy-animation__initialized\" style=\"margin-top:0;margin-right:0;margin-bottom:0;margin-left:0;padding-top:20px;padding-bottom:20px;font-size:36px;font-style:normal;font-weight:600;line-height:1.3; font-family: 'Inter' !important;\" data-aos=\"flip-up\" data-aos-easing=\"ease-in\" data-aos-anchor-placement=\"top-bottom\" data-aos-duration=\"600\" style=\"margin-top:0;margin-right:0;margin-bottom:0;margin-left:0;padding-top:20px;padding-bottom:20px;font-size:36px;font-style:normal;font-weight:600;line-height:1.3\"><font style=\"vertical-align: inherit;\"><font style=\"vertical-align: inherit;\">\u00d6zel Teslimat ve Servis<\/font><\/font><\/h2>\n\n\n\n<ul style=\"padding-top:0;padding-right:5px;padding-bottom:0;padding-left:5px;line-height:1.8\" class=\"wp-block-list is-style-list-style-no-bullet\">\n<li>Dubai, Katar, Kuveyt ve Suudi Arabistan dahil olmak \u00fczere t\u00fcm K\u00f6rfez \u00fclkelerine 50 g\u00fcn i\u00e7inde hava kargo ile teslim edilir.<\/li>\n\n\n\n<li>Her al\u0131c\u0131ya, ki\u015fisel seri numaralar\u0131n\u0131n yaz\u0131l\u0131 oldu\u011fu alt\u0131n kaplama l\u00fcks bir plaket verilir.<\/li>\n<\/ul>\n<\/div>\n<\/div>\n\n\n\n<div class=\"wp-block-columns is-style-default is-layout-flex wp-container-core-columns-is-layout-ebd733d1 wp-block-columns-is-layout-flex\" style=\"margin-top:20px;margin-bottom:20px\">\n<div class=\"wp-block-column is-layout-flow wp-container-core-column-is-layout-8a368f38 wp-block-column-is-layout-flow cozy-animation__initialized\" data-aos=\"zoom-in-up\" data-aos-easing=\"ease-in\" data-aos-anchor-placement=\"top-bottom\" data-aos-duration=\"1000\">\n<figure class=\"wp-block-image aligncenter size-full has-custom-border\"><img loading=\"lazy\" decoding=\"async\" width=\"2560\" height=\"1905\" src=\"https:\/\/ynsghostboats.com\/wp-content\/uploads\/2025\/08\/yns.947-scaled.jpg\" alt=\"\" class=\"wp-image-6352\" style=\"border-radius:10px;aspect-ratio:4\/3;object-fit:cover\" srcset=\"https:\/\/ynsghostboats.com\/wp-content\/uploads\/2025\/08\/yns.947-scaled.jpg 2560w, https:\/\/ynsghostboats.com\/wp-content\/uploads\/2025\/08\/yns.947-300x223.jpg 300w, https:\/\/ynsghostboats.com\/wp-content\/uploads\/2025\/08\/yns.947-1024x762.jpg 1024w, https:\/\/ynsghostboats.com\/wp-content\/uploads\/2025\/08\/yns.947-768x571.jpg 768w, https:\/\/ynsghostboats.com\/wp-content\/uploads\/2025\/08\/yns.947-1536x1143.jpg 1536w, https:\/\/ynsghostboats.com\/wp-content\/uploads\/2025\/08\/yns.947-2048x1524.jpg 2048w\" sizes=\"auto, (max-width: 2560px) 100vw, 2560px\" \/><\/figure>\n<\/div>\n\n\n\n<div class=\"wp-block-column is-vertically-aligned-center is-content-justification-center is-layout-constrained wp-container-core-column-is-layout-6ead9d14 wp-block-column-is-layout-constrained\" style=\"padding-top:20px;padding-right:20px;padding-bottom:20px;padding-left:20px;font-size:15px;line-height:1.8\">\n<p class=\"notranslate has-luminous-vivid-amber-color has-text-color has-link-color wp-elements-b91c52f20a320478772ded6c2783e858\" style=\"font-size:14px;font-style:normal;font-weight:500;line-height:1.2;text-transform:uppercase\"><font style=\"vertical-align: inherit;\"><font style=\"vertical-align: inherit;\"><font style=\"vertical-align: inherit;\"><font style=\"vertical-align: inherit;\">Golden Mirage<\/font><\/font><\/font><\/font><\/p>\n\n\n<link rel=\"stylesheet\" href=\"https:\/\/fonts.googleapis.com\/css2?family=Inter:wght@400;500;600;700;800\" \/>\n<h2 class=\"wp-block-heading has-background-color has-text-color has-link-color wp-elements-3383edcef4e19e0471bd9453dce09840 cozy-animation__initialized\" style=\"margin-top:0;margin-right:0;margin-bottom:0;margin-left:0;padding-top:20px;padding-bottom:20px;font-size:36px;font-style:normal;font-weight:600;line-height:1.3; font-family: 'Inter' !important;\" data-aos=\"flip-up\" data-aos-easing=\"ease-in\" data-aos-anchor-placement=\"top-bottom\" data-aos-duration=\"600\" style=\"margin-top:0;margin-right:0;margin-bottom:0;margin-left:0;padding-top:20px;padding-bottom:20px;font-size:36px;font-style:normal;font-weight:600;line-height:1.3\"><font style=\"vertical-align: inherit;\"><font style=\"vertical-align: inherit;\">Fiyat &amp; Rezervasyon<\/font><\/font><\/h2>\n\n\n\n<ul style=\"padding-top:0;padding-right:5px;padding-bottom:0;padding-left:5px;line-height:1.8\" class=\"wp-block-list is-style-list-style-no-bullet\">\n<li>Fiyat: \u20ac 300,000<\/li>\n\n\n\n<li>Pe\u015finat: 200.000 \u20ac (iade edilmez, sipari\u015f \u00fczerine \u00f6denir)<\/li>\n\n\n\n<li>Teslim S\u00fcresi: 50 g\u00fcn (hava kargo dahil)<\/li>\n\n\n\n<li>\u00dcretim Miktar\u0131: D\u00fcnya \u00e7ap\u0131nda 10 adet ile s\u0131n\u0131rl\u0131d\u0131r<\/li>\n<\/ul>\n<\/div>\n<\/div>\n<\/div>\n<\/div>\n","protected":false},"excerpt":{"rendered":"<p>Golden Mirage Genel \u00d6zellikler Golden Mirage Teknik \u00d6zellikler Golden Mirage L\u00fcks ve Prestijin Sembol\u00fc Golden Mirage \u00d6zel Teslimat ve Servis Golden Mirage Fiyat &amp; Rezervasyon<\/p>\n","protected":false},"author":1,"featured_media":0,"parent":0,"menu_order":0,"comment_status":"closed","ping_status":"closed","template":"","meta":{"footnotes":""},"class_list":["post-6704","page","type-page","status-publish","hentry"],"aioseo_notices":[],"_links":{"self":[{"href":"https:\/\/ynsghostboats.com\/tr\/wp-json\/wp\/v2\/pages\/6704","targetHints":{"allow":["GET"]}}],"collection":[{"href":"https:\/\/ynsghostboats.com\/tr\/wp-json\/wp\/v2\/pages"}],"about":[{"href":"https:\/\/ynsghostboats.com\/tr\/wp-json\/wp\/v2\/types\/page"}],"author":[{"embeddable":true,"href":"https:\/\/ynsghostboats.com\/tr\/wp-json\/wp\/v2\/users\/1"}],"replies":[{"embeddable":true,"href":"https:\/\/ynsghostboats.com\/tr\/wp-json\/wp\/v2\/comments?post=6704"}],"version-history":[{"count":22,"href":"https:\/\/ynsghostboats.com\/tr\/wp-json\/wp\/v2\/pages\/6704\/revisions"}],"predecessor-version":[{"id":8311,"href":"https:\/\/ynsghostboats.com\/tr\/wp-json\/wp\/v2\/pages\/6704\/revisions\/8311"}],"wp:attachment":[{"href":"https:\/\/ynsghostboats.com\/tr\/wp-json\/wp\/v2\/media?parent=6704"}],"curies":[{"name":"wp","href":"https:\/\/api.w.org\/{rel}","templated":true}]}}