{"id":5596,"date":"2024-11-22T16:03:51","date_gmt":"2024-11-22T16:03:51","guid":{"rendered":"https:\/\/ynsghostboats.com\/musteri-hizmetleri\/"},"modified":"2026-03-31T14:48:13","modified_gmt":"2026-03-31T14:48:13","slug":"musteri-hizmetleri","status":"publish","type":"page","link":"https:\/\/ynsghostboats.com\/tr\/musteri-hizmetleri\/","title":{"rendered":"M\u00fc\u015fteri Hizmetleri"},"content":{"rendered":"\n<div class=\"wp-block-group yns-page-top is-layout-constrained wp-block-group-is-layout-constrained\" style=\"margin-top:0;margin-bottom:0\">\n<div class=\"wp-block-cover has-parallax is-style-default yns-page-banner has-white-color has-text-color has-link-color wp-elements-8949f5da1da55e17ae6d7f8e7afdc539\" style=\"margin-bottom:0px;padding-right:20px;padding-left:20px;min-height:550px;aspect-ratio:unset;\"><div class=\"wp-block-cover__image-background wp-image-5969 has-parallax\" style=\"background-position:50% 50%;background-image:url(https:\/\/ynsghostboats.com\/wp-content\/uploads\/2024\/12\/DJI_0822-scaled.jpg)\"><\/div><span aria-hidden=\"true\" class=\"wp-block-cover__background has-foreground-background-color has-background-dim\"><\/span><div class=\"wp-block-cover__inner-container is-layout-constrained wp-container-core-cover-is-layout-8a5b376c wp-block-cover-is-layout-constrained\">\n<p class=\"has-text-align-center has-xx-large-font-size\">M\u00fc\u015fteri Hizmetleri<\/p>\n\n\n\n<p class=\"has-text-align-center has-small-font-size\" style=\"margin-top:var(--wp--preset--spacing--50);margin-right:var(--wp--preset--spacing--50);margin-bottom:var(--wp--preset--spacing--50);margin-left:var(--wp--preset--spacing--50)\">YNS Ghostboats M\u00fc\u015fteri Destek&#8217;e Ho\u015f Geldiniz!<\/p>\n<\/div><\/div>\n<\/div>\n\n\n\n<div class=\"wp-block-group is-layout-constrained wp-container-core-group-is-layout-9540bd20 wp-block-group-is-layout-constrained\" style=\"margin-top:0;margin-bottom:0;padding-top:60px;padding-right:20px;padding-bottom:60px;padding-left:20px\">\n<p>YNS Ghostboats olarak, \u015feffaf bir tekneye sahip olma yolculu\u011funuzu olabildi\u011fince sorunsuz ve keyifli hale getirmeye kararl\u0131y\u0131z. Yenilik\u00e7ili\u011fe olan ba\u011fl\u0131l\u0131\u011f\u0131m\u0131z, m\u00fc\u015fteri memnuniyetine verdi\u011fimiz \u00f6nemle e\u015fle\u015fiyor. Teknecili\u011fe yeni ba\u015fl\u0131yor ya da deneyimli bir tekne sahibi olsan\u0131z da, her ad\u0131mda size rehberlik etmeye ve destek olmaya haz\u0131r\u0131z.  <\/p>\n\n\n\n<h2 class=\"wp-block-heading\">Size Nas\u0131l Yard\u0131mc\u0131 Olabiliriz?<\/h2>\n\n\n\n<p><strong>1. \u00dcr\u00fcn Bilgisi<\/strong><br>Dayan\u0131kl\u0131 polikarbonat malzemeden \u00fcretilmi\u015f, benzersiz su alt\u0131 manzaralar\u0131 sunan \u015feffaf teknelerimizin \u00f6zelliklerini ke\u015ffedin. Motorlu veya manuel konfig\u00fcrasyonlar dahil olmak \u00fczere ki\u015fiselle\u015ftirme se\u00e7enekleri hakk\u0131nda daha fazla bilgi edinin. <\/p>\n\n\n\n<p><strong>2. Ki\u015fiye \u00d6zel Dan\u0131\u015fmanl\u0131k<\/strong><br>Hangi modelin ihtiya\u00e7lar\u0131n\u0131za uygun oldu\u011fundan emin de\u011fil misiniz? Ekibimiz, tercihleriniz, kullan\u0131m hedefleriniz ve b\u00fct\u00e7eniz do\u011frultusunda do\u011fru tekneyi se\u00e7menize yard\u0131mc\u0131 olacak birebir dan\u0131\u015fmanl\u0131k sunar. <\/p>\n\n\n\n<p><strong>3. Ki\u015fiselle\u015ftirme Deste\u011fi<\/strong><br>Teknenizi kendi tarz\u0131n\u0131za g\u00f6re tasarlay\u0131n! Ayd\u0131nlatma sistemlerinden ses \u00f6zelliklerine ve motor yap\u0131land\u0131rmalar\u0131na kadar, mevcut t\u00fcm ki\u015fiselle\u015ftirme se\u00e7eneklerinde size rehberlik etmeye haz\u0131r uzmanlar\u0131m\u0131z var. <\/p>\n\n\n\n<p><strong>4. Sat\u0131\u015f Sonras\u0131 Destek<\/strong><br>YNS Ghostboats ile ili\u015fkiniz sat\u0131n al\u0131mla bitmez. Teknenizden en iyi \u015fekilde yararlanman\u0131z\u0131 sa\u011flamak i\u00e7in bak\u0131m \u00f6nerileri, sorun giderme ve ek ki\u015fiselle\u015ftirme hizmetleri sunuyoruz. <\/p>\n\n\n\n<h2 class=\"wp-block-heading\">Neden YNS Ghostboats&#8217;u Se\u00e7melisiniz?<\/h2>\n\n\n\n<p><strong>\u00dcst\u00fcn \u0130\u015f\u00e7ilik<\/strong>: Teknelerimiz, e\u015fsiz dayan\u0131kl\u0131l\u0131k ve g\u00fcvenlik sunan polikarbonattan \u00fcretilmi\u015ftir.<\/p>\n\n\n\n<p><strong>Uzman Rehberlik: Tasar\u0131mdan teslimata kadar bilgi sahibi ekibimiz size yard\u0131mc\u0131 olmak i\u00e7in burada.<\/strong><\/p>\n\n\n\n<p><strong>S\u00fcrd\u00fcr\u00fclebilir Yenilik<\/strong>: Deniz korumas\u0131n\u0131 destekleyen \u00e7evre dostu malzeme ve tasar\u0131mlar\u0131 gururla benimsiyoruz.<\/p>\n\n\n\n<h2 class=\"wp-block-heading\">Bize Ula\u015f\u0131n<\/h2>\n\n\n\n<p><strong>E-posta<\/strong>: <a href=\"mailto:info@ynsghostboats.com\">info@ynsghostboats.com<\/a><\/p>\n\n\n\n<p><strong>Telefon<\/strong>: <a href=\"tel:+90%20531%20494%2060%2079\">+90 531 494 60 79<\/a><\/p>\n\n\n\n<p><strong>Konum<\/strong>: Adil Mah. Pelit\u00f6ren Sk. No: 23\/B, Sultanbeyli, 34920 \u0130stanbul, T\u00fcrkiye<\/p>\n\n\n\n<p>YNS Ghostboats&#8217;u tercih etti\u011finiz i\u00e7in te\u015fekk\u00fcr ederiz. Gelin, yenilik ve stil ile teknecilik deneyiminizi birlikte yeniden tan\u0131mlayal\u0131m! <\/p>\n<\/div>\n","protected":false},"excerpt":{"rendered":"<p>YNS Ghostboats olarak, \u015feffaf bir tekneye sahip olma yolculu\u011funuzu olabildi\u011fince sorunsuz ve keyifli hale getirmeye kararl\u0131y\u0131z. Yenilik\u00e7ili\u011fe olan ba\u011fl\u0131l\u0131\u011f\u0131m\u0131z, m\u00fc\u015fteri memnuniyetine verdi\u011fimiz \u00f6nemle e\u015fle\u015fiyor. Teknecili\u011fe yeni ba\u015fl\u0131yor ya da deneyimli bir tekne sahibi olsan\u0131z da, her ad\u0131mda size rehberlik etmeye ve destek olmaya haz\u0131r\u0131z. Size Nas\u0131l Yard\u0131mc\u0131 Olabiliriz? 1. \u00dcr\u00fcn BilgisiDayan\u0131kl\u0131 polikarbonat malzemeden \u00fcretilmi\u015f, benzersiz&#8230;<\/p>\n","protected":false},"author":1,"featured_media":0,"parent":0,"menu_order":0,"comment_status":"closed","ping_status":"closed","template":"","meta":{"footnotes":""},"class_list":["post-5596","page","type-page","status-publish","hentry"],"aioseo_notices":[],"_links":{"self":[{"href":"https:\/\/ynsghostboats.com\/tr\/wp-json\/wp\/v2\/pages\/5596","targetHints":{"allow":["GET"]}}],"collection":[{"href":"https:\/\/ynsghostboats.com\/tr\/wp-json\/wp\/v2\/pages"}],"about":[{"href":"https:\/\/ynsghostboats.com\/tr\/wp-json\/wp\/v2\/types\/page"}],"author":[{"embeddable":true,"href":"https:\/\/ynsghostboats.com\/tr\/wp-json\/wp\/v2\/users\/1"}],"replies":[{"embeddable":true,"href":"https:\/\/ynsghostboats.com\/tr\/wp-json\/wp\/v2\/comments?post=5596"}],"version-history":[{"count":5,"href":"https:\/\/ynsghostboats.com\/tr\/wp-json\/wp\/v2\/pages\/5596\/revisions"}],"predecessor-version":[{"id":8388,"href":"https:\/\/ynsghostboats.com\/tr\/wp-json\/wp\/v2\/pages\/5596\/revisions\/8388"}],"wp:attachment":[{"href":"https:\/\/ynsghostboats.com\/tr\/wp-json\/wp\/v2\/media?parent=5596"}],"curies":[{"name":"wp","href":"https:\/\/api.w.org\/{rel}","templated":true}]}}