{"id":3767,"date":"2024-10-03T15:56:15","date_gmt":"2024-10-03T15:56:15","guid":{"rendered":"https:\/\/ynsghostboats.com\/gorev\/"},"modified":"2024-12-14T18:22:21","modified_gmt":"2024-12-14T18:22:21","slug":"gorev","status":"publish","type":"page","link":"https:\/\/ynsghostboats.com\/tr\/gorev\/","title":{"rendered":"G\u00f6rev"},"content":{"rendered":"\n<div class=\"wp-block-group is-layout-constrained wp-block-group-is-layout-constrained\">\n<div class=\"wp-block-group alignfull has-background is-layout-constrained wp-container-core-group-is-layout-e6f1036d wp-block-group-is-layout-constrained\" style=\"background-color:#fffffe;margin-top:0;margin-bottom:0;padding-top:0;padding-right:0;padding-bottom:0;padding-left:0\">\n<div class=\"wp-block-group has-text-color has-link-color wp-elements-9341b31186454cdf91e4b0b82ddff896 is-layout-constrained wp-container-core-group-is-layout-15eb8b28 wp-block-group-is-layout-constrained\" style=\"color:#090b10;margin-top:0;margin-bottom:0;padding-top:80px;padding-right:16px;padding-bottom:80px;padding-left:16px;font-size:16px\"><link rel=\"stylesheet\" href=\"https:\/\/fonts.googleapis.com\/css2?family=Raleway:wght@400;500;600;700;800\" \/>\n<div class=\"wp-block-group is-content-justification-space-between is-layout-flex wp-container-core-group-is-layout-1098e503 wp-block-group-is-layout-flex\" style=\"margin-top:0;margin-bottom:0;padding-top:0;padding-right:0;padding-bottom:0;padding-left:0; font-family: 'Raleway' !important;\" style=\"margin-top:0;margin-bottom:0;padding-top:0;padding-right:0;padding-bottom:0;padding-left:0\">\n<div class=\"wp-block-group is-layout-flow wp-container-core-group-is-layout-92c9f0b4 wp-block-group-is-layout-flow\" style=\"margin-top:0;margin-bottom:0;padding-top:0;padding-right:0;padding-bottom:0;padding-left:0\"><link rel=\"stylesheet\" href=\"https:\/\/fonts.googleapis.com\/css2?family=Public+Sans:wght@400;500;600;700;800\" \/>\n<h4 class=\"wp-block-heading has-text-color has-link-color wp-elements-38cb9ea1689f103344fbe470bc70e3b2\" style=\"color:#01ae8f;margin-bottom:20px;font-size:14px;font-style:normal;font-weight:600;line-height:1.2;text-transform:uppercase; font-family: 'Public Sans' !important;\" style=\"color:#01ae8f;margin-bottom:20px;font-size:14px;font-style:normal;font-weight:600;line-height:1.2;text-transform:uppercase\">Misyonumuz<\/h4>\n\n\n<link rel=\"stylesheet\" href=\"https:\/\/fonts.googleapis.com\/css2?family=Raleway:wght@400;500;600;700;800\" \/>\n<h2 class=\"wp-block-heading has-text-color has-link-color wp-elements-9111eb381705b87d087d8fb7d113f819 cozy-animation__initialized\" style=\"color:#090b10;font-size:40px;font-style:normal;font-weight:600;line-height:1.2; font-family: 'Raleway' !important;\" data-aos=\"flip-up\" data-aos-easing=\"ease-in\" data-aos-anchor-placement=\"top-bottom\" data-aos-duration=\"600\" style=\"color:#090b10;font-size:40px;font-style:normal;font-weight:600;line-height:1.2\">YNS Ghostboats&#8217;ta, suda ge\u00e7irilen zaman\u0131n sadece bir yolculuktan daha fazlas\u0131 olmas\u0131 gerekti\u011fine inan\u0131yoruz &#8211; bu bir deneyim olmal\u0131.<\/h2>\n<\/div>\n\n\n\n<div class=\"wp-block-group has-text-color has-link-color wp-elements-e45f13044738a0b97ce73d1ce32801aa is-layout-flow wp-container-core-group-is-layout-548c0a7b wp-block-group-is-layout-flow\" style=\"color:#646464;margin-top:0;margin-bottom:0;padding-top:0;padding-right:0;padding-bottom:0;padding-left:0\">\n<p class=\"has-post-meta-color-color has-text-color has-link-color wp-elements-0b5f40d874c2e9668c9743b6856c810d\" style=\"margin-top:0;margin-bottom:20px\">Teknelerimiz, denizle benzersiz bir ba\u011flant\u0131 sa\u011flamak ve ba\u015fka hi\u00e7bir yerde bulamayaca\u011f\u0131n\u0131z bir \u00f6zg\u00fcrl\u00fck ve macera duygusu yaratmak i\u00e7in \u00f6zenle \u00fcretilmi\u015ftir. \u0130ster sahil boyunca seyrediyor, ister sakin sularda yelken a\u00e7\u0131yor ya da yeni ufuklar ke\u015ffediyor olun, teknelerimizi her an\u0131 g\u00fczelle\u015ftirecek \u015fekilde tasarl\u0131yoruz. <\/p>\n\n\n\n<p class=\"has-post-meta-color-color has-text-color has-link-color wp-elements-75a44f9d3a1fe53b2e396fe95952fc4e\" style=\"margin-bottom:20px\">Kaliteye olan ba\u011fl\u0131l\u0131\u011f\u0131m\u0131z, yapt\u0131\u011f\u0131m\u0131z her \u015feyin merkezinde yer al\u0131yor. Se\u00e7ti\u011fimiz malzemelerden her bir teknede kullan\u0131lan i\u015f\u00e7ili\u011fe kadar, in\u015fa etti\u011fimiz her teknenin yaln\u0131zca g\u00fcvenilir ve dayan\u0131kl\u0131 de\u011fil, ayn\u0131 zamanda g\u00fczel ve yenilik\u00e7i olmas\u0131n\u0131 sa\u011fl\u0131yoruz. \u0130\u015flevselli\u011fi yarat\u0131c\u0131l\u0131kla harmanlayarak suyu konfor ve tarz i\u00e7inde deneyimlemenizi sa\u011flamaktan gurur duyuyoruz.  <\/p>\n\n\n\n<p class=\"has-post-meta-color-color has-text-color has-link-color wp-elements-c75b958aa55f5a5f769f5c9bdcb05245\" style=\"margin-bottom:20px\">Bir tekne \u00fcreticisinden daha fazlas\u0131 olarak, unutulmaz an\u0131lar yaratma konusunda tutkuluyuz. Suda ge\u00e7irdi\u011finiz zaman\u0131n de\u011ferli oldu\u011funu biliyoruz ve bu nedenle hem do\u011fayla hem de onu payla\u015ft\u0131\u011f\u0131n\u0131z insanlarla maceraya, rahatlamaya ve ba\u011flant\u0131 kurmaya ilham veren tekneler tasarlamaya \u00e7al\u0131\u015f\u0131yoruz. <\/p>\n\n\n\n<p class=\"has-post-meta-color-color has-text-color has-link-color wp-elements-e36f6552402c0d5adee771cb78fc67b4\" style=\"margin-bottom:20px\">\u0130ster deneyimli bir denizci ister teknecili\u011fe yeni ba\u015flam\u0131\u015f olun, ekibimiz her ad\u0131mda size destek olmak i\u00e7in burada. Sizi, suyun oyun alan\u0131n\u0131z haline geldi\u011fi ve her seyahatin anlat\u0131lmaya de\u011fer bir hikayeye d\u00f6n\u00fc\u015ft\u00fc\u011f\u00fc bir yolculu\u011fa bizimle \u00e7\u0131kmaya davet ediyoruz. <\/p>\n\n\n\n<p class=\"has-post-meta-color-color has-text-color has-link-color wp-elements-fbcd78e065b619d8314c3d14521ef9f9\">Gemiye ad\u0131m at\u0131n ve kal\u0131c\u0131 an\u0131lar b\u0131rakacak bir yolculu\u011fa yelken a\u00e7al\u0131m.<\/p>\n<\/div>\n<\/div>\n\n\n\n<div class=\"wp-block-columns is-layout-flex wp-container-core-columns-is-layout-b91adf8c wp-block-columns-is-layout-flex\" style=\"margin-top:60px;margin-bottom:0;padding-top:0;padding-right:0;padding-bottom:0;padding-left:0\">\n<div class=\"wp-block-column is-vertically-aligned-top is-layout-flow wp-container-core-column-is-layout-470e7e12 wp-block-column-is-layout-flow cozy-animation__initialized\" data-aos=\"fade-right\" data-aos-easing=\"ease\" data-aos-anchor-placement=\"top-bottom\" data-aos-duration=\"1000\" style=\"padding-top:0;padding-right:0;padding-bottom:0;padding-left:0\">\n<figure class=\"wp-block-image size-full has-custom-border\"><img loading=\"lazy\" decoding=\"async\" width=\"2560\" height=\"1707\" src=\"https:\/\/ynsghostboats.com\/wp-content\/uploads\/2024\/12\/MR_9508-scaled.jpg\" alt=\"\" class=\"wp-image-6006\" style=\"border-radius:10px;aspect-ratio:4\/3;object-fit:cover\" srcset=\"https:\/\/ynsghostboats.com\/wp-content\/uploads\/2024\/12\/MR_9508-scaled.jpg 2560w, https:\/\/ynsghostboats.com\/wp-content\/uploads\/2024\/12\/MR_9508-300x200.jpg 300w, https:\/\/ynsghostboats.com\/wp-content\/uploads\/2024\/12\/MR_9508-1024x683.jpg 1024w, https:\/\/ynsghostboats.com\/wp-content\/uploads\/2024\/12\/MR_9508-768x512.jpg 768w, https:\/\/ynsghostboats.com\/wp-content\/uploads\/2024\/12\/MR_9508-1536x1024.jpg 1536w, https:\/\/ynsghostboats.com\/wp-content\/uploads\/2024\/12\/MR_9508-2048x1365.jpg 2048w\" sizes=\"auto, (max-width: 2560px) 100vw, 2560px\" \/><\/figure>\n<\/div>\n\n\n\n<div class=\"wp-block-column is-vertically-aligned-center is-layout-flow wp-container-core-column-is-layout-287f94af wp-block-column-is-layout-flow cozy-animation__initialized\" data-aos=\"fade-left\" data-aos-easing=\"ease\" data-aos-anchor-placement=\"top-bottom\" data-aos-duration=\"1000\" style=\"padding-top:0;padding-right:0;padding-bottom:0;padding-left:0\">\n<figure class=\"wp-block-image size-full has-custom-border\"><img loading=\"lazy\" decoding=\"async\" width=\"2560\" height=\"1707\" src=\"https:\/\/ynsghostboats.com\/wp-content\/uploads\/2024\/12\/MR_9644-scaled.jpg\" alt=\"\" class=\"wp-image-6007\" style=\"border-radius:10px;aspect-ratio:4\/3;object-fit:cover\" srcset=\"https:\/\/ynsghostboats.com\/wp-content\/uploads\/2024\/12\/MR_9644-scaled.jpg 2560w, https:\/\/ynsghostboats.com\/wp-content\/uploads\/2024\/12\/MR_9644-300x200.jpg 300w, https:\/\/ynsghostboats.com\/wp-content\/uploads\/2024\/12\/MR_9644-1024x683.jpg 1024w, https:\/\/ynsghostboats.com\/wp-content\/uploads\/2024\/12\/MR_9644-768x512.jpg 768w, https:\/\/ynsghostboats.com\/wp-content\/uploads\/2024\/12\/MR_9644-1536x1024.jpg 1536w, https:\/\/ynsghostboats.com\/wp-content\/uploads\/2024\/12\/MR_9644-2048x1365.jpg 2048w\" sizes=\"auto, (max-width: 2560px) 100vw, 2560px\" \/><\/figure>\n<\/div>\n<\/div>\n<\/div>\n<\/div>\n<\/div>\n","protected":false},"excerpt":{"rendered":"<p>Misyonumuz YNS Ghostboats&#8217;ta, suda ge\u00e7irilen zaman\u0131n sadece bir yolculuktan daha fazlas\u0131 olmas\u0131 gerekti\u011fine inan\u0131yoruz &#8211; bu bir deneyim olmal\u0131. Teknelerimiz, denizle benzersiz bir ba\u011flant\u0131 sa\u011flamak ve ba\u015fka hi\u00e7bir yerde bulamayaca\u011f\u0131n\u0131z bir \u00f6zg\u00fcrl\u00fck ve macera duygusu yaratmak i\u00e7in \u00f6zenle \u00fcretilmi\u015ftir. \u0130ster sahil boyunca seyrediyor, ister sakin sularda yelken a\u00e7\u0131yor ya da yeni ufuklar ke\u015ffediyor olun, teknelerimizi&#8230;<\/p>\n","protected":false},"author":1,"featured_media":0,"parent":0,"menu_order":0,"comment_status":"closed","ping_status":"closed","template":"","meta":{"footnotes":""},"class_list":["post-3767","page","type-page","status-publish","hentry"],"aioseo_notices":[],"_links":{"self":[{"href":"https:\/\/ynsghostboats.com\/tr\/wp-json\/wp\/v2\/pages\/3767","targetHints":{"allow":["GET"]}}],"collection":[{"href":"https:\/\/ynsghostboats.com\/tr\/wp-json\/wp\/v2\/pages"}],"about":[{"href":"https:\/\/ynsghostboats.com\/tr\/wp-json\/wp\/v2\/types\/page"}],"author":[{"embeddable":true,"href":"https:\/\/ynsghostboats.com\/tr\/wp-json\/wp\/v2\/users\/1"}],"replies":[{"embeddable":true,"href":"https:\/\/ynsghostboats.com\/tr\/wp-json\/wp\/v2\/comments?post=3767"}],"version-history":[{"count":2,"href":"https:\/\/ynsghostboats.com\/tr\/wp-json\/wp\/v2\/pages\/3767\/revisions"}],"predecessor-version":[{"id":6094,"href":"https:\/\/ynsghostboats.com\/tr\/wp-json\/wp\/v2\/pages\/3767\/revisions\/6094"}],"wp:attachment":[{"href":"https:\/\/ynsghostboats.com\/tr\/wp-json\/wp\/v2\/media?parent=3767"}],"curies":[{"name":"wp","href":"https:\/\/api.w.org\/{rel}","templated":true}]}}