{"id":3714,"date":"2024-10-03T17:23:30","date_gmt":"2024-10-03T17:23:30","guid":{"rendered":"https:\/\/ynsghostboats.com\/vizyon\/"},"modified":"2024-12-14T18:22:23","modified_gmt":"2024-12-14T18:22:23","slug":"vizyon","status":"publish","type":"page","link":"https:\/\/ynsghostboats.com\/tr\/vizyon\/","title":{"rendered":"Vizyon"},"content":{"rendered":"\n<div class=\"wp-block-group is-layout-constrained wp-block-group-is-layout-constrained\">\n<div class=\"wp-block-group is-layout-constrained wp-block-group-is-layout-constrained\">\n<div class=\"wp-block-group alignfull has-background is-layout-constrained wp-container-core-group-is-layout-e6f1036d wp-block-group-is-layout-constrained\" style=\"background-color:#fffffe;margin-top:0;margin-bottom:0;padding-top:0;padding-right:0;padding-bottom:0;padding-left:0\">\n<div class=\"wp-block-group is-layout-constrained wp-container-core-group-is-layout-1eeeb83a wp-block-group-is-layout-constrained\" style=\"padding-top:60px;padding-right:20px;padding-bottom:60px;padding-left:20px\">\n<div class=\"wp-block-columns is-layout-flex wp-container-core-columns-is-layout-73e09c0f wp-block-columns-is-layout-flex\" style=\"margin-top:0;margin-bottom:0;padding-top:0;padding-right:0;padding-bottom:0;padding-left:0\"><link rel=\"stylesheet\" href=\"https:\/\/fonts.googleapis.com\/css2?family=Public+Sans:wght@400;500;600;700;800\" \/>\n<div class=\"wp-block-column has-text-color has-link-color wp-elements-9b60e7b3aec3c9111c14ef4287e57f97 is-content-justification-left is-layout-constrained wp-container-core-column-is-layout-1a29a9f8 wp-block-column-is-layout-constrained\" style=\"color:#646464;padding-top:0;padding-bottom:0;font-size:14px; font-family: 'Public Sans' !important;\" style=\"color:#646464;padding-top:0;padding-bottom:0;font-size:14px\">\n<p class=\"has-text-color has-link-color wp-elements-8def4fb47a000dd1c9811ee454528523\" style=\"color:#0d5fff;font-size:14px;font-style:normal;font-weight:500;line-height:1.2;text-transform:uppercase\">Vizyonumuz<\/p>\n\n\n<link rel=\"stylesheet\" href=\"https:\/\/fonts.googleapis.com\/css2?family=Inter:wght@400;500;600;700;800\" \/>\n<h2 class=\"wp-block-heading has-text-color has-link-color wp-elements-849c90bcec6227c59da0d754fad2739d cozy-animation__initialized\" style=\"color:#090b10;margin-top:20px;margin-bottom:20px;font-size:44px;font-style:normal;font-weight:600;line-height:1.2; font-family: 'Inter' !important;\" data-aos=\"flip-up\" data-aos-easing=\"ease-in\" data-aos-anchor-placement=\"top-bottom\" data-aos-duration=\"600\" style=\"color:#090b10;margin-top:20px;margin-bottom:20px;font-size:44px;font-style:normal;font-weight:600;line-height:1.2\">Teknecili\u011fin Gelece\u011fini \u015eekillendirmek, Her Seferinde Bir Macera<\/h2>\n\n\n\n<p class=\"has-post-meta-color-color has-text-color has-link-color wp-elements-173a1e7c30d233030011035850b99a6c\" style=\"margin-bottom:20px\">YNS Ghostboats olarak vizyonumuz, insanlar\u0131n su \u00fczerindeki ya\u015fam deneyimlerini yeniden tan\u0131mlamakt\u0131r. Ke\u015fif, rahatlama ve do\u011fa ile ba\u011flant\u0131ya ilham veren tekneler yaratmak i\u00e7in en son teknolojiyi zamans\u0131z i\u015f\u00e7ilikle birle\u015ftirerek inovasyonda lider olmaya \u00e7al\u0131\u015f\u0131yoruz. <\/p>\n\n\n\n<p class=\"has-post-meta-color-color has-text-color has-link-color wp-elements-3ad48bc864cffaa74427534fe2240396\" style=\"margin-bottom:20px\">Amac\u0131m\u0131z, kalite, s\u00fcrd\u00fcr\u00fclebilirlik ve performansta yeni standartlar belirleyerek deniz tasar\u0131m\u0131n\u0131n s\u0131n\u0131rlar\u0131n\u0131 zorlamakt\u0131r. Herkesin kendi bireyselli\u011fini ve macera tutkusunu yans\u0131tan bir teknede suyun g\u00fczelli\u011finin ve \u00f6zg\u00fcrl\u00fc\u011f\u00fcn\u00fcn tad\u0131n\u0131 \u00e7\u0131karabilece\u011fi bir gelecek hayal ediyoruz. <\/p>\n\n\n\n<p class=\"has-post-meta-color-color has-text-color has-link-color wp-elements-b6e31f7ec3369109f4db60652aaaf735\" style=\"margin-bottom:20px\">Kendimizi sadece tekne deneyimini geli\u015ftirmeye de\u011fil, ayn\u0131 zamanda yeniliklerimizin de\u011fer verdi\u011fimiz deniz ortamlar\u0131na sayg\u0131 duymas\u0131n\u0131 ve bu ortamlar\u0131 korumas\u0131n\u0131 sa\u011flamaya adad\u0131k. Yarat\u0131c\u0131l\u0131\u011f\u0131 ve m\u00fckemmelli\u011fi te\u015fvik ederek, hem m\u00fc\u015fterilerimiz hem de tekne d\u00fcnyas\u0131 \u00fczerinde kal\u0131c\u0131 ve olumlu bir etki b\u0131rakmay\u0131 hedefliyoruz. <\/p>\n\n\n\n<p class=\"has-post-meta-color-color has-text-color has-link-color wp-elements-679dca4fc29788d4bf4ebf5ec78cfcf9\" style=\"margin-top:6px;margin-bottom:6px\">Her yerdeki su severler i\u00e7in ola\u011fan\u00fcst\u00fc deneyimler ve unutulmaz yolculuklar yaratarak yeni rotalar \u00e7izmeye devam ederken bize kat\u0131l\u0131n.<\/p>\n<\/div>\n\n\n\n<div class=\"wp-block-column is-layout-flow wp-block-column-is-layout-flow cozy-animation__initialized\" data-aos=\"zoom-in-up\" data-aos-easing=\"ease-in\" data-aos-anchor-placement=\"top-bottom\" data-aos-duration=\"1000\">\n<div class=\"wp-block-group is-nowrap is-layout-flex wp-container-core-group-is-layout-db6c42ee wp-block-group-is-layout-flex\">\n<div class=\"wp-block-group is-layout-constrained wp-block-group-is-layout-constrained\" style=\"margin-top:0;padding-top:0;padding-bottom:0\">\n<div style=\"height:8vw\" aria-hidden=\"true\" class=\"wp-block-spacer\"><\/div>\n\n\n\n<figure class=\"wp-block-image size-full has-custom-border\"><img loading=\"lazy\" decoding=\"async\" width=\"2560\" height=\"1917\" src=\"https:\/\/ynsghostboats.com\/wp-content\/uploads\/2024\/12\/DJI_0822-1-scaled.jpg\" alt=\"\" class=\"wp-image-6012\" style=\"border-radius:10px;aspect-ratio:3\/4;object-fit:cover\" srcset=\"https:\/\/ynsghostboats.com\/wp-content\/uploads\/2024\/12\/DJI_0822-1-scaled.jpg 2560w, https:\/\/ynsghostboats.com\/wp-content\/uploads\/2024\/12\/DJI_0822-1-300x225.jpg 300w, https:\/\/ynsghostboats.com\/wp-content\/uploads\/2024\/12\/DJI_0822-1-1024x767.jpg 1024w, https:\/\/ynsghostboats.com\/wp-content\/uploads\/2024\/12\/DJI_0822-1-768x575.jpg 768w, https:\/\/ynsghostboats.com\/wp-content\/uploads\/2024\/12\/DJI_0822-1-1536x1150.jpg 1536w, https:\/\/ynsghostboats.com\/wp-content\/uploads\/2024\/12\/DJI_0822-1-2048x1534.jpg 2048w\" sizes=\"auto, (max-width: 2560px) 100vw, 2560px\" \/><\/figure>\n<\/div>\n\n\n\n<figure class=\"wp-block-image size-full has-custom-border\"><img loading=\"lazy\" decoding=\"async\" width=\"2560\" height=\"1917\" src=\"https:\/\/ynsghostboats.com\/wp-content\/uploads\/2024\/12\/DJI_0824-scaled.jpg\" alt=\"\" class=\"wp-image-6013\" style=\"border-radius:10px;aspect-ratio:3\/4;object-fit:cover\" srcset=\"https:\/\/ynsghostboats.com\/wp-content\/uploads\/2024\/12\/DJI_0824-scaled.jpg 2560w, https:\/\/ynsghostboats.com\/wp-content\/uploads\/2024\/12\/DJI_0824-300x225.jpg 300w, https:\/\/ynsghostboats.com\/wp-content\/uploads\/2024\/12\/DJI_0824-1024x767.jpg 1024w, https:\/\/ynsghostboats.com\/wp-content\/uploads\/2024\/12\/DJI_0824-768x575.jpg 768w, https:\/\/ynsghostboats.com\/wp-content\/uploads\/2024\/12\/DJI_0824-1536x1150.jpg 1536w, https:\/\/ynsghostboats.com\/wp-content\/uploads\/2024\/12\/DJI_0824-2048x1534.jpg 2048w\" sizes=\"auto, (max-width: 2560px) 100vw, 2560px\" \/><\/figure>\n<\/div>\n<\/div>\n<\/div>\n<\/div>\n<\/div>\n<\/div>\n<\/div>\n","protected":false},"excerpt":{"rendered":"<p>Vizyonumuz Teknecili\u011fin Gelece\u011fini \u015eekillendirmek, Her Seferinde Bir Macera YNS Ghostboats olarak vizyonumuz, insanlar\u0131n su \u00fczerindeki ya\u015fam deneyimlerini yeniden tan\u0131mlamakt\u0131r. Ke\u015fif, rahatlama ve do\u011fa ile ba\u011flant\u0131ya ilham veren tekneler yaratmak i\u00e7in en son teknolojiyi zamans\u0131z i\u015f\u00e7ilikle birle\u015ftirerek inovasyonda lider olmaya \u00e7al\u0131\u015f\u0131yoruz. Amac\u0131m\u0131z, kalite, s\u00fcrd\u00fcr\u00fclebilirlik ve performansta yeni standartlar belirleyerek deniz tasar\u0131m\u0131n\u0131n s\u0131n\u0131rlar\u0131n\u0131 zorlamakt\u0131r. Herkesin kendi bireyselli\u011fini&#8230;<\/p>\n","protected":false},"author":1,"featured_media":0,"parent":0,"menu_order":0,"comment_status":"closed","ping_status":"closed","template":"","meta":{"footnotes":""},"class_list":["post-3714","page","type-page","status-publish","hentry"],"aioseo_notices":[],"_links":{"self":[{"href":"https:\/\/ynsghostboats.com\/tr\/wp-json\/wp\/v2\/pages\/3714","targetHints":{"allow":["GET"]}}],"collection":[{"href":"https:\/\/ynsghostboats.com\/tr\/wp-json\/wp\/v2\/pages"}],"about":[{"href":"https:\/\/ynsghostboats.com\/tr\/wp-json\/wp\/v2\/types\/page"}],"author":[{"embeddable":true,"href":"https:\/\/ynsghostboats.com\/tr\/wp-json\/wp\/v2\/users\/1"}],"replies":[{"embeddable":true,"href":"https:\/\/ynsghostboats.com\/tr\/wp-json\/wp\/v2\/comments?post=3714"}],"version-history":[{"count":2,"href":"https:\/\/ynsghostboats.com\/tr\/wp-json\/wp\/v2\/pages\/3714\/revisions"}],"predecessor-version":[{"id":6112,"href":"https:\/\/ynsghostboats.com\/tr\/wp-json\/wp\/v2\/pages\/3714\/revisions\/6112"}],"wp:attachment":[{"href":"https:\/\/ynsghostboats.com\/tr\/wp-json\/wp\/v2\/media?parent=3714"}],"curies":[{"name":"wp","href":"https:\/\/api.w.org\/{rel}","templated":true}]}}