{"id":2884,"date":"2024-09-17T10:15:52","date_gmt":"2024-09-17T10:15:52","guid":{"rendered":"https:\/\/ynsghostboats.com\/gizlilik-politikasi\/"},"modified":"2026-03-11T10:54:48","modified_gmt":"2026-03-11T10:54:48","slug":"gizlilik-politikasi","status":"publish","type":"page","link":"https:\/\/ynsghostboats.com\/tr\/gizlilik-politikasi\/","title":{"rendered":"Gizlilik Politikas\u0131"},"content":{"rendered":"\n<div class=\"wp-block-group yns-page-top is-layout-constrained wp-block-group-is-layout-constrained\" style=\"margin-top:0;margin-bottom:0\">\n<div class=\"wp-block-cover has-parallax is-style-default yns-page-banner has-white-color has-text-color has-link-color wp-elements-417879923939171b550335d5d264374c\" style=\"margin-bottom:0px;padding-right:20px;padding-left:20px;min-height:550px;aspect-ratio:unset;\"><div class=\"wp-block-cover__image-background wp-image-5969 has-parallax\" style=\"background-position:50% 50%;background-image:url(https:\/\/ynsghostboats.com\/wp-content\/uploads\/2024\/12\/DJI_0822-scaled.jpg)\"><\/div><span aria-hidden=\"true\" class=\"wp-block-cover__background has-foreground-background-color has-background-dim\"><\/span><div class=\"wp-block-cover__inner-container is-layout-constrained wp-container-core-cover-is-layout-8a5b376c wp-block-cover-is-layout-constrained\">\n<p class=\"has-text-align-center has-xx-large-font-size\">Gizlilik Politikas\u0131<\/p>\n\n\n\n<p class=\"has-text-align-center has-small-font-size\" style=\"margin-top:var(--wp--preset--spacing--50);margin-right:var(--wp--preset--spacing--50);margin-bottom:var(--wp--preset--spacing--50);margin-left:var(--wp--preset--spacing--50)\">YNS Ghostboats gizlili\u011finize sayg\u0131 duyar.<\/p>\n<\/div><\/div>\n<\/div>\n\n<div class=\"wp-block-group is-layout-constrained wp-container-core-group-is-layout-9540bd20 wp-block-group-is-layout-constrained\" style=\"margin-top:0;margin-bottom:0;padding-top:60px;padding-right:20px;padding-bottom:60px;padding-left:20px\">\n<p>Bu Gizlilik Politikas\u0131, www.ynsghostboats.com adresini ziyaret etti\u011finizde bilgilerinizi nas\u0131l i\u015fledi\u011fimizi a\u00e7\u0131klamaktad\u0131r.<\/p>\n\n\n\n<h2 class=\"wp-block-heading\">Toplad\u0131\u011f\u0131m\u0131z Bilgiler<\/h2>\n\n\n\n<p>Tarama deneyiminizi iyile\u015ftirmek i\u00e7in minimum bilgi topluyoruz:<\/p>\n\n\n\n<p>Sizin Taraf\u0131n\u0131zdan Sa\u011flanan: Bizimle ileti\u015fime ge\u00e7erseniz, ad\u0131n\u0131z\u0131 ve e-posta adresinizi toplayabiliriz.<\/p>\n\n\n\n<p><strong>Otomatik Olarak Toplan\u0131r:<\/strong> \u0130\u015flevselli\u011fi geli\u015ftirmek i\u00e7in IP adresiniz ve taray\u0131c\u0131 t\u00fcr\u00fcn\u00fcz gibi genel web sitesi kullan\u0131m verileri.<\/p>\n\n\n\n<h2 class=\"wp-block-heading\">Bilgilerinizi Nas\u0131l Kullan\u0131yoruz<\/h2>\n\n\n\n<p>Bilgileriniz yaln\u0131zca \u015fu ama\u00e7larla kullan\u0131l\u0131r:<\/p>\n\n\n\n<p>Sorular\u0131n\u0131za yan\u0131t verin.<\/p>\n\n\n\n<p>Sitemizin i\u015flevselli\u011fini korumak ve geli\u015ftirmek.<\/p>\n\n\n\n<h2 class=\"wp-block-heading\">Bilgilerinizi Payla\u015fma<\/h2>\n\n\n\n<p>Yasalar\u0131n gerektirdi\u011fi durumlar d\u0131\u015f\u0131nda ki\u015fisel bilgilerinizi \u00fc\u00e7\u00fcnc\u00fc taraflara satm\u0131yor veya payla\u015fm\u0131yoruz.<\/p>\n\n\n\n<h2 class=\"wp-block-heading\">G\u00fcvenlik<\/h2>\n\n\n\n<p>Verilerinizi korumak i\u00e7in makul ad\u0131mlar at\u0131yoruz. Ancak, hi\u00e7bir \u00e7evrimi\u00e7i platform tamamen g\u00fcvenli de\u011fildir ve g\u00fcvenli internet uygulamalar\u0131n\u0131 te\u015fvik ediyoruz. <\/p>\n\n\n\n<h2 class=\"wp-block-heading\">G\u00fcncellemeler<\/h2>\n\n\n\n<p>Bu Gizlilik Politikas\u0131n\u0131 gerekti\u011finde g\u00fcncelleyebiliriz. &#8220;Y\u00fcr\u00fcrl\u00fck Tarihi&#8221; en son de\u011fi\u015fiklikleri yans\u0131tacakt\u0131r. <\/p>\n\n\n\n<h2 class=\"wp-block-heading\">Bize Ula\u015f\u0131n<\/h2>\n\n\n\n<p>Bu Gizlilik Politikas\u0131 hakk\u0131nda sorular\u0131n\u0131z veya endi\u015feleriniz varsa, l\u00fctfen bize \u015fu adresten ula\u015f\u0131n:<\/p>\n\n\n\n<p>E-posta: <a href=\"mailto:info@ynsghostboats.com\">info@ynsghostboats.com<\/a><\/p>\n<\/div>\n","protected":false},"excerpt":{"rendered":"<p>Bu Gizlilik Politikas\u0131, www.ynsghostboats.com adresini ziyaret etti\u011finizde bilgilerinizi nas\u0131l i\u015fledi\u011fimizi a\u00e7\u0131klamaktad\u0131r. Toplad\u0131\u011f\u0131m\u0131z Bilgiler Tarama deneyiminizi iyile\u015ftirmek i\u00e7in minimum bilgi topluyoruz: Sizin Taraf\u0131n\u0131zdan Sa\u011flanan: Bizimle ileti\u015fime ge\u00e7erseniz, ad\u0131n\u0131z\u0131 ve e-posta adresinizi toplayabiliriz. Otomatik Olarak Toplan\u0131r: \u0130\u015flevselli\u011fi geli\u015ftirmek i\u00e7in IP adresiniz ve taray\u0131c\u0131 t\u00fcr\u00fcn\u00fcz gibi genel web sitesi kullan\u0131m verileri. Bilgilerinizi Nas\u0131l Kullan\u0131yoruz Bilgileriniz yaln\u0131zca \u015fu ama\u00e7larla&#8230;<\/p>\n","protected":false},"author":1,"featured_media":0,"parent":0,"menu_order":0,"comment_status":"closed","ping_status":"closed","template":"","meta":{"footnotes":""},"class_list":["post-2884","page","type-page","status-publish","hentry"],"aioseo_notices":[],"_links":{"self":[{"href":"https:\/\/ynsghostboats.com\/tr\/wp-json\/wp\/v2\/pages\/2884","targetHints":{"allow":["GET"]}}],"collection":[{"href":"https:\/\/ynsghostboats.com\/tr\/wp-json\/wp\/v2\/pages"}],"about":[{"href":"https:\/\/ynsghostboats.com\/tr\/wp-json\/wp\/v2\/types\/page"}],"author":[{"embeddable":true,"href":"https:\/\/ynsghostboats.com\/tr\/wp-json\/wp\/v2\/users\/1"}],"replies":[{"embeddable":true,"href":"https:\/\/ynsghostboats.com\/tr\/wp-json\/wp\/v2\/comments?post=2884"}],"version-history":[{"count":2,"href":"https:\/\/ynsghostboats.com\/tr\/wp-json\/wp\/v2\/pages\/2884\/revisions"}],"predecessor-version":[{"id":8296,"href":"https:\/\/ynsghostboats.com\/tr\/wp-json\/wp\/v2\/pages\/2884\/revisions\/8296"}],"wp:attachment":[{"href":"https:\/\/ynsghostboats.com\/tr\/wp-json\/wp\/v2\/media?parent=2884"}],"curies":[{"name":"wp","href":"https:\/\/api.w.org\/{rel}","templated":true}]}}