{"id":6679,"date":"2025-08-19T10:49:45","date_gmt":"2025-08-19T10:49:45","guid":{"rendered":"https:\/\/ynsghostboats.com\/arany-mirage\/"},"modified":"2026-03-11T10:55:34","modified_gmt":"2026-03-11T10:55:34","slug":"arany-mirage","status":"publish","type":"page","link":"https:\/\/ynsghostboats.com\/hu\/arany-mirage\/","title":{"rendered":"Arany Mirage"},"content":{"rendered":"\n<div class=\"wp-block-group yns-page-top is-layout-constrained wp-block-group-is-layout-constrained\" style=\"margin-top:0;margin-bottom:0\">\n<div class=\"wp-block-cover is-light has-parallax is-style-default yns-page-banner has-white-color has-text-color has-link-color wp-elements-5a9975241ecb600ea9ee377a4bbc7f16\" style=\"margin-bottom:0px;padding-right:20px;padding-left:20px;min-height:550px;aspect-ratio:unset;\"><div class=\"wp-block-cover__image-background wp-image-6352 size-large has-parallax\" style=\"background-position:50% 50%;background-image:url(https:\/\/ynsghostboats.com\/wp-content\/uploads\/2025\/08\/yns.947-1024x762.jpg)\"><\/div><span aria-hidden=\"true\" class=\"wp-block-cover__background has-foreground-background-color has-background-dim\"><\/span><div class=\"wp-block-cover__inner-container is-layout-constrained wp-container-core-cover-is-layout-8a5b376c wp-block-cover-is-layout-constrained\">\n<h1 class=\"wp-block-heading has-text-align-center yns-gold-heading notranslate has-text-color has-montserrat-font-family\" style=\"color:#ffc800;margin-top:1.5rem;margin-bottom:1.5rem;font-size:4em;font-style:normal;font-weight:700;line-height:1.2\">Golden Mirage<\/h1>\n\n\n\n<p class=\"has-text-align-center has-small-font-size\" style=\"margin-top:var(--wp--preset--spacing--50);margin-right:var(--wp--preset--spacing--50);margin-bottom:var(--wp--preset--spacing--50);margin-left:var(--wp--preset--spacing--50)\">Vil\u00e1gszerte csak 10 darab &#8211; 24K aranyoz\u00e1s &#8211; Egyedi design \u00e9s limit\u00e1lt gy\u00e1rt\u00e1s<\/p>\n<\/div><\/div>\n<\/div>\n\n<div class=\"wp-block-group alignfull yns-page-gold has-background-color has-black-background-color has-text-color has-background has-link-color wp-elements-f63fc96f3f270c0d7c7656eb783556a1 is-layout-constrained wp-container-core-group-is-layout-e6f1036d wp-block-group-is-layout-constrained\" style=\"margin-top:0;margin-bottom:0;padding-top:0;padding-right:0;padding-bottom:0;padding-left:0\"><link rel=\"stylesheet\" href=\"https:\/\/fonts.googleapis.com\/css2?family=Public+Sans:wght@400;500;600;700;800\" \/>\n<div class=\"wp-block-group is-layout-constrained wp-container-core-group-is-layout-11b5815e wp-block-group-is-layout-constrained\" style=\"margin-top:0;margin-bottom:0;padding-top:60px;padding-right:20px;padding-bottom:60px;padding-left:20px;font-size:14px; font-family: 'Public Sans' !important;\" style=\"margin-top:0;margin-bottom:0;padding-top:60px;padding-right:20px;padding-bottom:60px;padding-left:20px;font-size:14px\">\n<div class=\"wp-block-columns is-style-default is-layout-flex wp-container-core-columns-is-layout-ebd733d1 wp-block-columns-is-layout-flex\" style=\"margin-top:20px;margin-bottom:20px\">\n<div class=\"wp-block-column is-layout-flow wp-container-core-column-is-layout-8a368f38 wp-block-column-is-layout-flow cozy-animation__initialized\" data-aos=\"zoom-in-up\" data-aos-easing=\"ease-in\" data-aos-anchor-placement=\"top-bottom\" data-aos-duration=\"1000\">\n<figure class=\"wp-block-image aligncenter size-full has-custom-border\"><img loading=\"lazy\" decoding=\"async\" width=\"1068\" height=\"2228\" src=\"https:\/\/ynsghostboats.com\/wp-content\/uploads\/2025\/08\/yns.954.jpg\" alt=\"\" class=\"wp-image-6348\" style=\"border-radius:10px;aspect-ratio:3\/4;object-fit:cover\" srcset=\"https:\/\/ynsghostboats.com\/wp-content\/uploads\/2025\/08\/yns.954.jpg 1068w, https:\/\/ynsghostboats.com\/wp-content\/uploads\/2025\/08\/yns.954-144x300.jpg 144w, https:\/\/ynsghostboats.com\/wp-content\/uploads\/2025\/08\/yns.954-491x1024.jpg 491w, https:\/\/ynsghostboats.com\/wp-content\/uploads\/2025\/08\/yns.954-768x1602.jpg 768w, https:\/\/ynsghostboats.com\/wp-content\/uploads\/2025\/08\/yns.954-736x1536.jpg 736w, https:\/\/ynsghostboats.com\/wp-content\/uploads\/2025\/08\/yns.954-982x2048.jpg 982w\" sizes=\"auto, (max-width: 1068px) 100vw, 1068px\" \/><\/figure>\n<\/div>\n\n\n\n<div class=\"wp-block-column is-vertically-aligned-center is-content-justification-center is-layout-constrained wp-container-core-column-is-layout-6ead9d14 wp-block-column-is-layout-constrained\" style=\"padding-top:20px;padding-right:20px;padding-bottom:20px;padding-left:20px;font-size:15px;line-height:1.8\">\n<p class=\"notranslate has-luminous-vivid-amber-color has-text-color has-link-color wp-elements-b91c52f20a320478772ded6c2783e858\" style=\"font-size:14px;font-style:normal;font-weight:500;line-height:1.2;text-transform:uppercase\"><font style=\"vertical-align: inherit;\"><font style=\"vertical-align: inherit;\"><font style=\"vertical-align: inherit;\"><font style=\"vertical-align: inherit;\">Golden Mirage<\/font><\/font><\/font><\/font><\/p>\n\n\n<link rel=\"stylesheet\" href=\"https:\/\/fonts.googleapis.com\/css2?family=Inter:wght@400;500;600;700;800\" \/>\n<h2 class=\"wp-block-heading has-background-color has-text-color has-link-color wp-elements-c3a9f6e833b546a71e9717fef960a087 cozy-animation__initialized\" style=\"margin-top:0;margin-right:0;margin-bottom:0;margin-left:0;padding-top:20px;padding-bottom:20px;font-size:36px;font-style:normal;font-weight:600;line-height:1.3; font-family: 'Inter' !important;\" data-aos=\"flip-up\" data-aos-easing=\"ease-in\" data-aos-anchor-placement=\"top-bottom\" data-aos-duration=\"600\" style=\"margin-top:0;margin-right:0;margin-bottom:0;margin-left:0;padding-top:20px;padding-bottom:20px;font-size:36px;font-style:normal;font-weight:600;line-height:1.3\"><font style=\"vertical-align: inherit;\"><font style=\"vertical-align: inherit;\">\u00c1ltal\u00e1nos specifik\u00e1ci\u00f3k<\/font><\/font><\/h2>\n\n\n\n<ul style=\"padding-top:0;padding-right:5px;padding-bottom:0;padding-left:5px;line-height:1.8\" class=\"wp-block-list is-style-list-style-no-bullet\">\n<li>Minden bels\u0151 \u00e9s k\u00fcls\u0151 316L rozsdamentes ac\u00e9lb\u00f3l k\u00e9sz\u00fclt tartoz\u00e9kot 24K val\u00f3di aranyoz\u00e1ssal l\u00e1tunk el, fejlett technik\u00e1val.<\/li>\n\n\n\n<li>Minden ed\u00e9nyhez hivatalos 24K aranyoz\u00e1si tan\u00fas\u00edtv\u00e1ny j\u00e1r.<\/li>\n\n\n\n<li>Teljesen \u00e1tl\u00e1tsz\u00f3, t\u00f6m\u00f6r polikarbon\u00e1t haj\u00f3test &#8211; felt\u00e1rja a tenger leny\u0171g\u00f6z\u0151 m\u00e9lys\u00e9geit.<\/li>\n\n\n\n<li>Vil\u00e1gszerte mind\u00f6ssze 10 szerencs\u00e9s gy\u0171jt\u0151nek lesz a tulajdon\u00e1ban ez a remekm\u0171.<\/li>\n\n\n\n<li>Minden ed\u00e9nyt egyedi gy\u00e1rt\u00e1si sorsz\u00e1mmal l\u00e1tnak el, amely egy aranyozott t\u00e1bl\u00e1ra van grav\u00edrozva.<\/li>\n\n\n\n<li>Kiz\u00e1r\u00f3lag megrendel\u00e9sre k\u00e9sz\u00fcl &#8211; nincs rakt\u00e1rk\u00e9szlet; minden egyes darabot kifejezetten a tulajdonos\u00e1nak k\u00e9sz\u00edtenek.<\/li>\n<\/ul>\n<\/div>\n<\/div>\n\n\n\n<div class=\"wp-block-columns is-style-default is-layout-flex wp-container-core-columns-is-layout-ebd733d1 wp-block-columns-is-layout-flex\" style=\"margin-top:20px;margin-bottom:20px\">\n<div class=\"wp-block-column is-layout-flow wp-container-core-column-is-layout-8a368f38 wp-block-column-is-layout-flow cozy-animation__initialized\" data-aos=\"zoom-in-up\" data-aos-easing=\"ease-in\" data-aos-anchor-placement=\"top-bottom\" data-aos-duration=\"1000\">\n<figure class=\"wp-block-image aligncenter size-full has-custom-border\"><img decoding=\"async\" src=\"https:\/\/ynsghostboats.com\/wp-content\/uploads\/2025\/08\/yns.949.jpg\" alt=\"\" class=\"wp-image-6351\" style=\"border-radius:10px;aspect-ratio:3\/4;object-fit:cover\"\/><\/figure>\n<\/div>\n\n\n\n<div class=\"wp-block-column is-vertically-aligned-center is-content-justification-center is-layout-constrained wp-container-core-column-is-layout-6ead9d14 wp-block-column-is-layout-constrained\" style=\"padding-top:20px;padding-right:20px;padding-bottom:20px;padding-left:20px;font-size:15px;line-height:1.8\">\n<p class=\"notranslate has-luminous-vivid-amber-color has-text-color has-link-color wp-elements-b91c52f20a320478772ded6c2783e858\" style=\"font-size:14px;font-style:normal;font-weight:500;line-height:1.2;text-transform:uppercase\"><font style=\"vertical-align: inherit;\"><font style=\"vertical-align: inherit;\"><font style=\"vertical-align: inherit;\"><font style=\"vertical-align: inherit;\">Golden Mirage<\/font><\/font><\/font><\/font><\/p>\n\n\n<link rel=\"stylesheet\" href=\"https:\/\/fonts.googleapis.com\/css2?family=Inter:wght@400;500;600;700;800\" \/>\n<h2 class=\"wp-block-heading has-background-color has-text-color has-link-color wp-elements-e39689e026d77fd2ed1f784b88067fbb cozy-animation__initialized\" style=\"margin-top:0;margin-right:0;margin-bottom:0;margin-left:0;padding-top:20px;padding-bottom:20px;font-size:36px;font-style:normal;font-weight:600;line-height:1.3; font-family: 'Inter' !important;\" data-aos=\"flip-up\" data-aos-easing=\"ease-in\" data-aos-anchor-placement=\"top-bottom\" data-aos-duration=\"600\" style=\"margin-top:0;margin-right:0;margin-bottom:0;margin-left:0;padding-top:20px;padding-bottom:20px;font-size:36px;font-style:normal;font-weight:600;line-height:1.3\"><font style=\"vertical-align: inherit;\"><font style=\"vertical-align: inherit;\">M\u0171szaki specifik\u00e1ci\u00f3k<\/font><\/font><\/h2>\n\n\n\n<ul style=\"padding-top:0;padding-right:5px;padding-bottom:0;padding-left:5px;line-height:1.8\" class=\"wp-block-list is-style-list-style-no-bullet\">\n<li>Hull hossz: 5.35m<\/li>\n\n\n\n<li>Sz\u00e9less\u00e9g: 1.80m<\/li>\n\n\n\n<li>Magass\u00e1g: 0.90m<\/li>\n\n\n\n<li>Anyag: (UV-v\u00e9dett, nagy \u00fct\u00e9s\u00e1ll\u00f3s\u00e1g\u00fa)<\/li>\n\n\n\n<li style=\"font-style:normal;font-weight:600\">Motoropci\u00f3k:  <\/li>\n\n\n\n<li>30 LE benzinmotoros k\u00fclmotor &#8211; aranysz\u00edn\u0171 motorburkolat  <\/li>\n\n\n\n<li>Elektromos motoros rendszer (k\u00f6rnyezetbar\u00e1t, csendes m\u0171k\u00f6d\u00e9s)<\/li>\n\n\n\n<li>Felszerel\u00e9s: JBL hangrendszer, LED vil\u00e1g\u00edt\u00e1s, automata fen\u00e9kv\u00edzpumpa, aranyozott motorkonzol.<\/li>\n<\/ul>\n<\/div>\n<\/div>\n\n\n\n<div class=\"wp-block-columns is-style-default is-layout-flex wp-container-core-columns-is-layout-ebd733d1 wp-block-columns-is-layout-flex\" style=\"margin-top:20px;margin-bottom:20px\">\n<div class=\"wp-block-column is-layout-flow wp-container-core-column-is-layout-8a368f38 wp-block-column-is-layout-flow cozy-animation__initialized\" data-aos=\"zoom-in-up\" data-aos-easing=\"ease-in\" data-aos-anchor-placement=\"top-bottom\" data-aos-duration=\"1000\">\n<figure class=\"wp-block-image aligncenter size-full has-custom-border\"><img loading=\"lazy\" decoding=\"async\" width=\"2560\" height=\"1905\" src=\"https:\/\/ynsghostboats.com\/wp-content\/uploads\/2025\/08\/yns.940-scaled.jpg\" alt=\"\" class=\"wp-image-6353\" style=\"border-radius:10px;aspect-ratio:3\/4;object-fit:cover\" srcset=\"https:\/\/ynsghostboats.com\/wp-content\/uploads\/2025\/08\/yns.940-scaled.jpg 2560w, https:\/\/ynsghostboats.com\/wp-content\/uploads\/2025\/08\/yns.940-300x223.jpg 300w, https:\/\/ynsghostboats.com\/wp-content\/uploads\/2025\/08\/yns.940-1024x762.jpg 1024w, https:\/\/ynsghostboats.com\/wp-content\/uploads\/2025\/08\/yns.940-768x571.jpg 768w, https:\/\/ynsghostboats.com\/wp-content\/uploads\/2025\/08\/yns.940-1536x1143.jpg 1536w, https:\/\/ynsghostboats.com\/wp-content\/uploads\/2025\/08\/yns.940-2048x1524.jpg 2048w\" sizes=\"auto, (max-width: 2560px) 100vw, 2560px\" \/><\/figure>\n<\/div>\n\n\n\n<div class=\"wp-block-column is-vertically-aligned-center is-content-justification-center is-layout-constrained wp-container-core-column-is-layout-6ead9d14 wp-block-column-is-layout-constrained\" style=\"padding-top:20px;padding-right:20px;padding-bottom:20px;padding-left:20px;font-size:15px;line-height:1.8\">\n<p class=\"notranslate has-luminous-vivid-amber-color has-text-color has-link-color wp-elements-b91c52f20a320478772ded6c2783e858\" style=\"font-size:14px;font-style:normal;font-weight:500;line-height:1.2;text-transform:uppercase\"><font style=\"vertical-align: inherit;\"><font style=\"vertical-align: inherit;\"><font style=\"vertical-align: inherit;\"><font style=\"vertical-align: inherit;\">Golden Mirage<\/font><\/font><\/font><\/font><\/p>\n\n\n<link rel=\"stylesheet\" href=\"https:\/\/fonts.googleapis.com\/css2?family=Inter:wght@400;500;600;700;800\" \/>\n<h2 class=\"wp-block-heading has-background-color has-text-color has-link-color wp-elements-e397b2e549d79b0c0e9b8efc18c9fbc3 cozy-animation__initialized\" style=\"margin-top:0;margin-right:0;margin-bottom:0;margin-left:0;padding-top:20px;padding-bottom:20px;font-size:36px;font-style:normal;font-weight:600;line-height:1.3; font-family: 'Inter' !important;\" data-aos=\"flip-up\" data-aos-easing=\"ease-in\" data-aos-anchor-placement=\"top-bottom\" data-aos-duration=\"600\" style=\"margin-top:0;margin-right:0;margin-bottom:0;margin-left:0;padding-top:20px;padding-bottom:20px;font-size:36px;font-style:normal;font-weight:600;line-height:1.3\"><font style=\"vertical-align: inherit;\"><font style=\"vertical-align: inherit;\">A luxus \u00e9s preszt\u00edzs szimb\u00f3luma<\/font><\/font><\/h2>\n\n\n\n<ul style=\"padding-top:0;padding-right:5px;padding-bottom:0;padding-left:5px;line-height:1.8\" class=\"wp-block-list is-style-list-style-no-bullet\">\n<li>Az Arab-\u00f6b\u00f6l legexkluz\u00edvabb kik\u00f6t\u0151iben a megk\u00fcl\u00f6nb\u00f6ztet\u00e9st keres\u0151 gy\u0171jt\u0151k sz\u00e1m\u00e1ra k\u00e9sz\u00fclt.<\/li>\n\n\n\n<li>Az aranyozott kieg\u00e9sz\u00edt\u0151k teljes m\u00e9rt\u00e9kben v\u00e9dettek a s\u00f3s v\u00edzzel szemben, \u00edgy \u00e9vekig meg\u0151rzik ragyog\u00e1sukat.<\/li>\n\n\n\n<li>Minden r\u00e9szlet a kiv\u00e1l\u00f3 m\u00e9rn\u00f6ki \u00e9s a kifinomult k\u00e9zm\u0171ves munka kever\u00e9ke.<\/li>\n<\/ul>\n<\/div>\n<\/div>\n\n\n\n<div class=\"wp-block-columns is-style-default is-layout-flex wp-container-core-columns-is-layout-ebd733d1 wp-block-columns-is-layout-flex\" style=\"margin-top:20px;margin-bottom:20px\">\n<div class=\"wp-block-column is-layout-flow wp-container-core-column-is-layout-8a368f38 wp-block-column-is-layout-flow cozy-animation__initialized\" data-aos=\"zoom-in-up\" data-aos-easing=\"ease-in\" data-aos-anchor-placement=\"top-bottom\" data-aos-duration=\"1000\">\n<figure class=\"wp-block-image aligncenter size-full has-custom-border\"><img loading=\"lazy\" decoding=\"async\" width=\"1054\" height=\"2269\" src=\"https:\/\/ynsghostboats.com\/wp-content\/uploads\/2025\/08\/yns.951.jpg\" alt=\"\" class=\"wp-image-6349\" style=\"border-radius:10px;aspect-ratio:3\/4;object-fit:cover\" srcset=\"https:\/\/ynsghostboats.com\/wp-content\/uploads\/2025\/08\/yns.951.jpg 1054w, https:\/\/ynsghostboats.com\/wp-content\/uploads\/2025\/08\/yns.951-139x300.jpg 139w, https:\/\/ynsghostboats.com\/wp-content\/uploads\/2025\/08\/yns.951-476x1024.jpg 476w, https:\/\/ynsghostboats.com\/wp-content\/uploads\/2025\/08\/yns.951-768x1653.jpg 768w, https:\/\/ynsghostboats.com\/wp-content\/uploads\/2025\/08\/yns.951-714x1536.jpg 714w, https:\/\/ynsghostboats.com\/wp-content\/uploads\/2025\/08\/yns.951-951x2048.jpg 951w\" sizes=\"auto, (max-width: 1054px) 100vw, 1054px\" \/><\/figure>\n<\/div>\n\n\n\n<div class=\"wp-block-column is-vertically-aligned-center is-content-justification-center is-layout-constrained wp-container-core-column-is-layout-6ead9d14 wp-block-column-is-layout-constrained\" style=\"padding-top:20px;padding-right:20px;padding-bottom:20px;padding-left:20px;font-size:15px;line-height:1.8\">\n<p class=\"notranslate has-luminous-vivid-amber-color has-text-color has-link-color wp-elements-b91c52f20a320478772ded6c2783e858\" style=\"font-size:14px;font-style:normal;font-weight:500;line-height:1.2;text-transform:uppercase\"><font style=\"vertical-align: inherit;\"><font style=\"vertical-align: inherit;\"><font style=\"vertical-align: inherit;\"><font style=\"vertical-align: inherit;\">Golden Mirage<\/font><\/font><\/font><\/font><\/p>\n\n\n<link rel=\"stylesheet\" href=\"https:\/\/fonts.googleapis.com\/css2?family=Inter:wght@400;500;600;700;800\" \/>\n<h2 class=\"wp-block-heading has-background-color has-text-color has-link-color wp-elements-0ee58e41828e1a27ab920dd285e443e3 cozy-animation__initialized\" style=\"margin-top:0;margin-right:0;margin-bottom:0;margin-left:0;padding-top:20px;padding-bottom:20px;font-size:36px;font-style:normal;font-weight:600;line-height:1.3; font-family: 'Inter' !important;\" data-aos=\"flip-up\" data-aos-easing=\"ease-in\" data-aos-anchor-placement=\"top-bottom\" data-aos-duration=\"600\" style=\"margin-top:0;margin-right:0;margin-bottom:0;margin-left:0;padding-top:20px;padding-bottom:20px;font-size:36px;font-style:normal;font-weight:600;line-height:1.3\"><font style=\"vertical-align: inherit;\"><font style=\"vertical-align: inherit;\">Exkluz\u00edv sz\u00e1ll\u00edt\u00e1s \u00e9s szolg\u00e1ltat\u00e1s<\/font><\/font><\/h2>\n\n\n\n<ul style=\"padding-top:0;padding-right:5px;padding-bottom:0;padding-left:5px;line-height:1.8\" class=\"wp-block-list is-style-list-style-no-bullet\">\n<li>L\u00e9gi tehersz\u00e1ll\u00edt\u00e1s 50 napon bel\u00fcl az \u00d6b\u00f6l-menti orsz\u00e1gokba, k\u00f6zt\u00fck Dubaiba, Katarba, Kuvaitba \u00e9s Sza\u00fad-Ar\u00e1bi\u00e1ba.<\/li>\n\n\n\n<li>Minden v\u00e1s\u00e1rl\u00f3 egy luxus aranyozott plakettet kap a szem\u00e9lyes sorozatsz\u00e1m\u00e1val.<\/li>\n<\/ul>\n<\/div>\n<\/div>\n\n\n\n<div class=\"wp-block-columns is-style-default is-layout-flex wp-container-core-columns-is-layout-ebd733d1 wp-block-columns-is-layout-flex\" style=\"margin-top:20px;margin-bottom:20px\">\n<div class=\"wp-block-column is-layout-flow wp-container-core-column-is-layout-8a368f38 wp-block-column-is-layout-flow cozy-animation__initialized\" data-aos=\"zoom-in-up\" data-aos-easing=\"ease-in\" data-aos-anchor-placement=\"top-bottom\" data-aos-duration=\"1000\">\n<figure class=\"wp-block-image aligncenter size-full has-custom-border\"><img loading=\"lazy\" decoding=\"async\" width=\"2560\" height=\"1905\" src=\"https:\/\/ynsghostboats.com\/wp-content\/uploads\/2025\/08\/yns.947-scaled.jpg\" alt=\"\" class=\"wp-image-6352\" style=\"border-radius:10px;aspect-ratio:4\/3;object-fit:cover\" srcset=\"https:\/\/ynsghostboats.com\/wp-content\/uploads\/2025\/08\/yns.947-scaled.jpg 2560w, https:\/\/ynsghostboats.com\/wp-content\/uploads\/2025\/08\/yns.947-300x223.jpg 300w, https:\/\/ynsghostboats.com\/wp-content\/uploads\/2025\/08\/yns.947-1024x762.jpg 1024w, https:\/\/ynsghostboats.com\/wp-content\/uploads\/2025\/08\/yns.947-768x571.jpg 768w, https:\/\/ynsghostboats.com\/wp-content\/uploads\/2025\/08\/yns.947-1536x1143.jpg 1536w, https:\/\/ynsghostboats.com\/wp-content\/uploads\/2025\/08\/yns.947-2048x1524.jpg 2048w\" sizes=\"auto, (max-width: 2560px) 100vw, 2560px\" \/><\/figure>\n<\/div>\n\n\n\n<div class=\"wp-block-column is-vertically-aligned-center is-content-justification-center is-layout-constrained wp-container-core-column-is-layout-6ead9d14 wp-block-column-is-layout-constrained\" style=\"padding-top:20px;padding-right:20px;padding-bottom:20px;padding-left:20px;font-size:15px;line-height:1.8\">\n<p class=\"notranslate has-luminous-vivid-amber-color has-text-color has-link-color wp-elements-b91c52f20a320478772ded6c2783e858\" style=\"font-size:14px;font-style:normal;font-weight:500;line-height:1.2;text-transform:uppercase\"><font style=\"vertical-align: inherit;\"><font style=\"vertical-align: inherit;\"><font style=\"vertical-align: inherit;\"><font style=\"vertical-align: inherit;\">Golden Mirage<\/font><\/font><\/font><\/font><\/p>\n\n\n<link rel=\"stylesheet\" href=\"https:\/\/fonts.googleapis.com\/css2?family=Inter:wght@400;500;600;700;800\" \/>\n<h2 class=\"wp-block-heading has-background-color has-text-color has-link-color wp-elements-c7306e53a0cdf258a96a05298cd49fdf cozy-animation__initialized\" style=\"margin-top:0;margin-right:0;margin-bottom:0;margin-left:0;padding-top:20px;padding-bottom:20px;font-size:36px;font-style:normal;font-weight:600;line-height:1.3; font-family: 'Inter' !important;\" data-aos=\"flip-up\" data-aos-easing=\"ease-in\" data-aos-anchor-placement=\"top-bottom\" data-aos-duration=\"600\" style=\"margin-top:0;margin-right:0;margin-bottom:0;margin-left:0;padding-top:20px;padding-bottom:20px;font-size:36px;font-style:normal;font-weight:600;line-height:1.3\"><font style=\"vertical-align: inherit;\"><font style=\"vertical-align: inherit;\">\u00c1r &amp; foglal\u00e1s<\/font><\/font><\/h2>\n\n\n\n<ul style=\"padding-top:0;padding-right:5px;padding-bottom:0;padding-left:5px;line-height:1.8\" class=\"wp-block-list is-style-list-style-no-bullet\">\n<li>\u00c1r: 300.000 \u20ac<\/li>\n\n\n\n<li>El\u0151leg: 200.000 \u20ac (nem visszat\u00e9r\u00edtend\u0151, a megrendel\u00e9skor fizetend\u0151)<\/li>\n\n\n\n<li>Sz\u00e1ll\u00edt\u00e1si id\u0151: 50 nap (bele\u00e9rtve a l\u00e9gi sz\u00e1ll\u00edtm\u00e1nyt)<\/li>\n\n\n\n<li>Gy\u00e1rt\u00e1si mennyis\u00e9g: Korl\u00e1tozott darabsz\u00e1m: 10 darab vil\u00e1gszerte<\/li>\n<\/ul>\n<\/div>\n<\/div>\n<\/div>\n<\/div>\n","protected":false},"excerpt":{"rendered":"<p>Golden Mirage \u00c1ltal\u00e1nos specifik\u00e1ci\u00f3k Golden Mirage M\u0171szaki specifik\u00e1ci\u00f3k Golden Mirage A luxus \u00e9s preszt\u00edzs szimb\u00f3luma Golden Mirage Exkluz\u00edv sz\u00e1ll\u00edt\u00e1s \u00e9s szolg\u00e1ltat\u00e1s Golden Mirage \u00c1r &amp; foglal\u00e1s<\/p>\n","protected":false},"author":1,"featured_media":0,"parent":0,"menu_order":0,"comment_status":"closed","ping_status":"closed","template":"","meta":{"footnotes":""},"class_list":["post-6679","page","type-page","status-publish","hentry"],"aioseo_notices":[],"_links":{"self":[{"href":"https:\/\/ynsghostboats.com\/hu\/wp-json\/wp\/v2\/pages\/6679","targetHints":{"allow":["GET"]}}],"collection":[{"href":"https:\/\/ynsghostboats.com\/hu\/wp-json\/wp\/v2\/pages"}],"about":[{"href":"https:\/\/ynsghostboats.com\/hu\/wp-json\/wp\/v2\/types\/page"}],"author":[{"embeddable":true,"href":"https:\/\/ynsghostboats.com\/hu\/wp-json\/wp\/v2\/users\/1"}],"replies":[{"embeddable":true,"href":"https:\/\/ynsghostboats.com\/hu\/wp-json\/wp\/v2\/comments?post=6679"}],"version-history":[{"count":22,"href":"https:\/\/ynsghostboats.com\/hu\/wp-json\/wp\/v2\/pages\/6679\/revisions"}],"predecessor-version":[{"id":8306,"href":"https:\/\/ynsghostboats.com\/hu\/wp-json\/wp\/v2\/pages\/6679\/revisions\/8306"}],"wp:attachment":[{"href":"https:\/\/ynsghostboats.com\/hu\/wp-json\/wp\/v2\/media?parent=6679"}],"curies":[{"name":"wp","href":"https:\/\/api.w.org\/{rel}","templated":true}]}}