{"id":5732,"date":"2024-11-22T16:03:51","date_gmt":"2024-11-22T16:03:51","guid":{"rendered":"https:\/\/ynsghostboats.com\/ugyfelszolgalat\/"},"modified":"2026-03-31T14:51:14","modified_gmt":"2026-03-31T14:51:14","slug":"ugyfelszolgalat","status":"publish","type":"page","link":"https:\/\/ynsghostboats.com\/hu\/ugyfelszolgalat\/","title":{"rendered":"\u00dcgyf\u00e9lszolg\u00e1lat"},"content":{"rendered":"\n<div class=\"wp-block-group yns-page-top is-layout-constrained wp-block-group-is-layout-constrained\" style=\"margin-top:0;margin-bottom:0\">\n<div class=\"wp-block-cover has-parallax is-style-default yns-page-banner has-white-color has-text-color has-link-color wp-elements-7991281483cb47e2afb13cbc80a932f5\" style=\"margin-bottom:0px;padding-right:20px;padding-left:20px;min-height:550px;aspect-ratio:unset;\"><div class=\"wp-block-cover__image-background wp-image-5969 has-parallax\" style=\"background-position:50% 50%;background-image:url(https:\/\/ynsghostboats.com\/wp-content\/uploads\/2024\/12\/DJI_0822-scaled.jpg)\"><\/div><span aria-hidden=\"true\" class=\"wp-block-cover__background has-foreground-background-color has-background-dim\"><\/span><div class=\"wp-block-cover__inner-container is-layout-constrained wp-container-core-cover-is-layout-8a5b376c wp-block-cover-is-layout-constrained\">\n<p class=\"has-text-align-center has-xx-large-font-size\">\u00dcgyf\u00e9lszolg\u00e1lat<\/p>\n\n\n\n<p class=\"has-text-align-center has-small-font-size\" style=\"margin-top:var(--wp--preset--spacing--50);margin-right:var(--wp--preset--spacing--50);margin-bottom:var(--wp--preset--spacing--50);margin-left:var(--wp--preset--spacing--50)\">\u00dcdv\u00f6z\u00f6lj\u00fck az YNS Ghostboats \u00fcgyf\u00e9lszolg\u00e1lat\u00e1n!<\/p>\n<\/div><\/div>\n<\/div>\n\n\n\n<div class=\"wp-block-group is-layout-constrained wp-container-core-group-is-layout-9540bd20 wp-block-group-is-layout-constrained\" style=\"margin-top:0;margin-bottom:0;padding-top:60px;padding-right:20px;padding-bottom:60px;padding-left:20px\">\n<p>A YNS Ghostboats, mi elk\u00f6telezettek vagyunk amellett, hogy az \u00d6n \u00fatja a saj\u00e1t egy \u00e1tl\u00e1that\u00f3 haj\u00f3, mint z\u00f6kken\u0151mentes \u00e9s \u00e9lvezetes, mint lehets\u00e9ges. Az innov\u00e1ci\u00f3 ir\u00e1nti elk\u00f6telezetts\u00e9g\u00fcnkkel p\u00e1rhuzamosan az \u00fcgyfelek el\u00e9gedetts\u00e9g\u00e9re \u00f6sszpontos\u00edtunk. Ak\u00e1r \u00faj a cs\u00f3nak\u00e1z\u00e1sban, ak\u00e1r tapasztalt tulajdonos, mi itt vagyunk, hogy az \u00fat minden l\u00e9p\u00e9s\u00e9n\u00e9l ir\u00e1ny\u00edtsuk \u00e9s t\u00e1mogassuk \u00d6nt.  <\/p>\n\n\n\n<h2 class=\"wp-block-heading\">Hogyan seg\u00edthet\u00fcnk \u00d6nnek?<\/h2>\n\n\n\n<p><strong>1. Term\u00e9kinform\u00e1ci\u00f3<\/strong><br>Fedezze fel az \u00e1tl\u00e1tsz\u00f3 cs\u00f3nakjaink egyed\u00fcl\u00e1ll\u00f3 tulajdons\u00e1gait, amelyek tart\u00f3s, t\u00f6m\u00f6r polikarbon\u00e1t anyagb\u00f3l k\u00e9sz\u00fcltek, \u00e9s p\u00e1ratlan v\u00edz alatti kil\u00e1t\u00e1st biztos\u00edtanak. Tudjon meg t\u00f6bbet a testreszab\u00e1si lehet\u0151s\u00e9gekr\u0151l, bele\u00e9rtve a motoros vagy k\u00e9zi konfigur\u00e1ci\u00f3kat. <\/p>\n\n\n\n<p><strong>2. Szem\u00e9lyre szabott konzult\u00e1ci\u00f3<\/strong><br>Nem tudja, melyik modell illik az \u00d6n ig\u00e9nyeihez? Csapatunk szem\u00e9lyes konzult\u00e1ci\u00f3kat k\u00edn\u00e1l, hogy seg\u00edtsen kiv\u00e1lasztani a megfelel\u0151 haj\u00f3t az \u00d6n preferenci\u00e1i, haszn\u00e1lati c\u00e9ljai \u00e9s k\u00f6lts\u00e9gvet\u00e9se alapj\u00e1n. <\/p>\n\n\n\n<p><strong>3. Testreszab\u00e1si seg\u00edts\u00e9g<\/strong><br>Tervezze meg haj\u00f3j\u00e1t a maga m\u00f3dj\u00e1n! A vil\u00e1g\u00edt\u00e1si rendszerekt\u0151l a hangfunkci\u00f3kig \u00e9s a motor konfigur\u00e1ci\u00f3ig, szak\u00e9rt\u0151ink k\u00e9szek arra, hogy v\u00e9gigvezess\u00e9k \u00d6nt minden el\u00e9rhet\u0151 testreszab\u00e1si lehet\u0151s\u00e9gen. <\/p>\n\n\n\n<p><strong>4. \u00c9rt\u00e9kes\u00edt\u00e9s ut\u00e1ni t\u00e1mogat\u00e1s<\/strong><br>Az \u00d6n \u00e9s a YNS Ghostboats kapcsolata nem \u00e9r v\u00e9get a v\u00e1s\u00e1rl\u00e1skor. Karbantart\u00e1si tan\u00e1csad\u00e1st, hibaelh\u00e1r\u00edt\u00e1st \u00e9s tov\u00e1bbi testreszab\u00e1si szolg\u00e1ltat\u00e1sokat k\u00edn\u00e1lunk, hogy a legt\u00f6bbet hozhassa ki a haj\u00f3j\u00e1b\u00f3l. <\/p>\n\n\n\n<h2 class=\"wp-block-heading\">Mi\u00e9rt v\u00e1lassza az YNS Ghostboats-ot?<\/h2>\n\n\n\n<p><strong>Pr\u00e9mium kivitelez\u00e9s<\/strong>: A cs\u00f3nakok t\u00f6m\u00f6r polikarbon\u00e1tb\u00f3l k\u00e9sz\u00fclnek, p\u00e1ratlan tart\u00f3ss\u00e1got \u00e9s biztons\u00e1got ny\u00fajtva.<\/p>\n\n\n\n<p><strong>Szak\u00e9rt\u0151i \u00fatmutat\u00e1s<\/strong>: Szak\u00e9rt\u0151 csapatunk a tervez\u00e9st\u0151l a sz\u00e1ll\u00edt\u00e1sig seg\u00edt.<\/p>\n\n\n\n<p><strong>Fenntarthat\u00f3 innov\u00e1ci\u00f3<\/strong>: B\u00fcszk\u00e9k vagyunk arra, hogy k\u00f6rnyezetbar\u00e1t anyagokat \u00e9s formatervez\u00e9st alkalmazunk, amelyek t\u00e1mogatj\u00e1k a tengerek v\u00e9delm\u00e9t.<\/p>\n\n\n\n<h2 class=\"wp-block-heading\">Kapcsolatfelv\u00e9tel<\/h2>\n\n\n\n<p><strong>E-mail<\/strong>: <a href=\"mailto:info@ynsghostboats.com\">info@ynsghostboats.com<\/a><\/p>\n\n\n\n<p><strong>Telefon<\/strong>: <a href=\"tel:+90%20531%20494%2060%2079\">+90 531 494 60 79<\/a><\/p>\n\n\n\n<p><strong>Helysz\u00edn<\/strong>: Adil Mah. Pelit\u00f6ren Sk. No: 23\/B, Sultanbeyli, 34920 \u0130stanbul, T\u00fcrkiye<\/p>\n\n\n\n<p>K\u00f6sz\u00f6nj\u00fck, hogy az YNS Ghostboats-ot v\u00e1lasztotta. Defini\u00e1ljuk egy\u00fctt \u00fajra a cs\u00f3nak\u00e1z\u00e1s \u00e9lm\u00e9ny\u00e9t innov\u00e1ci\u00f3val \u00e9s st\u00edlussal! <\/p>\n<\/div>\n","protected":false},"excerpt":{"rendered":"<p>A YNS Ghostboats, mi elk\u00f6telezettek vagyunk amellett, hogy az \u00d6n \u00fatja a saj\u00e1t egy \u00e1tl\u00e1that\u00f3 haj\u00f3, mint z\u00f6kken\u0151mentes \u00e9s \u00e9lvezetes, mint lehets\u00e9ges. Az innov\u00e1ci\u00f3 ir\u00e1nti elk\u00f6telezetts\u00e9g\u00fcnkkel p\u00e1rhuzamosan az \u00fcgyfelek el\u00e9gedetts\u00e9g\u00e9re \u00f6sszpontos\u00edtunk. Ak\u00e1r \u00faj a cs\u00f3nak\u00e1z\u00e1sban, ak\u00e1r tapasztalt tulajdonos, mi itt vagyunk, hogy az \u00fat minden l\u00e9p\u00e9s\u00e9n\u00e9l ir\u00e1ny\u00edtsuk \u00e9s t\u00e1mogassuk \u00d6nt. Hogyan seg\u00edthet\u00fcnk \u00d6nnek? 1. Term\u00e9kinform\u00e1ci\u00f3Fedezze&#8230;<\/p>\n","protected":false},"author":1,"featured_media":0,"parent":0,"menu_order":0,"comment_status":"closed","ping_status":"closed","template":"","meta":{"footnotes":""},"class_list":["post-5732","page","type-page","status-publish","hentry"],"aioseo_notices":[],"_links":{"self":[{"href":"https:\/\/ynsghostboats.com\/hu\/wp-json\/wp\/v2\/pages\/5732","targetHints":{"allow":["GET"]}}],"collection":[{"href":"https:\/\/ynsghostboats.com\/hu\/wp-json\/wp\/v2\/pages"}],"about":[{"href":"https:\/\/ynsghostboats.com\/hu\/wp-json\/wp\/v2\/types\/page"}],"author":[{"embeddable":true,"href":"https:\/\/ynsghostboats.com\/hu\/wp-json\/wp\/v2\/users\/1"}],"replies":[{"embeddable":true,"href":"https:\/\/ynsghostboats.com\/hu\/wp-json\/wp\/v2\/comments?post=5732"}],"version-history":[{"count":3,"href":"https:\/\/ynsghostboats.com\/hu\/wp-json\/wp\/v2\/pages\/5732\/revisions"}],"predecessor-version":[{"id":8393,"href":"https:\/\/ynsghostboats.com\/hu\/wp-json\/wp\/v2\/pages\/5732\/revisions\/8393"}],"wp:attachment":[{"href":"https:\/\/ynsghostboats.com\/hu\/wp-json\/wp\/v2\/media?parent=5732"}],"curies":[{"name":"wp","href":"https:\/\/api.w.org\/{rel}","templated":true}]}}