{"id":3771,"date":"2024-10-03T15:56:15","date_gmt":"2024-10-03T15:56:15","guid":{"rendered":"https:\/\/ynsghostboats.com\/kuldetes\/"},"modified":"2024-12-14T18:22:17","modified_gmt":"2024-12-14T18:22:17","slug":"kuldetes","status":"publish","type":"page","link":"https:\/\/ynsghostboats.com\/hu\/kuldetes\/","title":{"rendered":"K\u00fcldet\u00e9s"},"content":{"rendered":"\n<div class=\"wp-block-group is-layout-constrained wp-block-group-is-layout-constrained\">\n<div class=\"wp-block-group alignfull has-background is-layout-constrained wp-container-core-group-is-layout-e6f1036d wp-block-group-is-layout-constrained\" style=\"background-color:#fffffe;margin-top:0;margin-bottom:0;padding-top:0;padding-right:0;padding-bottom:0;padding-left:0\">\n<div class=\"wp-block-group has-text-color has-link-color wp-elements-082db53e350748a68a3c8ded77eab878 is-layout-constrained wp-container-core-group-is-layout-15eb8b28 wp-block-group-is-layout-constrained\" style=\"color:#090b10;margin-top:0;margin-bottom:0;padding-top:80px;padding-right:16px;padding-bottom:80px;padding-left:16px;font-size:16px\"><link rel=\"stylesheet\" href=\"https:\/\/fonts.googleapis.com\/css2?family=Raleway:wght@400;500;600;700;800\" \/>\n<div class=\"wp-block-group is-content-justification-space-between is-layout-flex wp-container-core-group-is-layout-1098e503 wp-block-group-is-layout-flex\" style=\"margin-top:0;margin-bottom:0;padding-top:0;padding-right:0;padding-bottom:0;padding-left:0; font-family: 'Raleway' !important;\" style=\"margin-top:0;margin-bottom:0;padding-top:0;padding-right:0;padding-bottom:0;padding-left:0\">\n<div class=\"wp-block-group is-layout-flow wp-container-core-group-is-layout-92c9f0b4 wp-block-group-is-layout-flow\" style=\"margin-top:0;margin-bottom:0;padding-top:0;padding-right:0;padding-bottom:0;padding-left:0\"><link rel=\"stylesheet\" href=\"https:\/\/fonts.googleapis.com\/css2?family=Public+Sans:wght@400;500;600;700;800\" \/>\n<h4 class=\"wp-block-heading has-text-color has-link-color wp-elements-fb49fbde6ca81f21afca93c62643620d\" style=\"color:#01ae8f;margin-bottom:20px;font-size:14px;font-style:normal;font-weight:600;line-height:1.2;text-transform:uppercase; font-family: 'Public Sans' !important;\" style=\"color:#01ae8f;margin-bottom:20px;font-size:14px;font-style:normal;font-weight:600;line-height:1.2;text-transform:uppercase\">K\u00fcldet\u00e9s\u00fcnk<\/h4>\n\n\n<link rel=\"stylesheet\" href=\"https:\/\/fonts.googleapis.com\/css2?family=Raleway:wght@400;500;600;700;800\" \/>\n<h2 class=\"wp-block-heading has-text-color has-link-color wp-elements-3a87b870330f3717b9e6e72dba557d82 cozy-animation__initialized\" style=\"color:#090b10;font-size:40px;font-style:normal;font-weight:600;line-height:1.2; font-family: 'Raleway' !important;\" data-aos=\"flip-up\" data-aos-easing=\"ease-in\" data-aos-anchor-placement=\"top-bottom\" data-aos-duration=\"600\" style=\"color:#090b10;font-size:40px;font-style:normal;font-weight:600;line-height:1.2\">Az YNS Ghostboatsn\u00e1l hisz\u00fcnk abban, hogy a v\u00edzen t\u00f6lt\u00f6tt id\u0151nek t\u00f6bbnek kell lennie, mint egy egyszer\u0171 utaz\u00e1snak &#8211; \u00e9lm\u00e9nynek kell lennie.<\/h2>\n<\/div>\n\n\n\n<div class=\"wp-block-group has-text-color has-link-color wp-elements-d0a8c341689f434d257a8ac29a6504d3 is-layout-flow wp-container-core-group-is-layout-548c0a7b wp-block-group-is-layout-flow\" style=\"color:#646464;margin-top:0;margin-bottom:0;padding-top:0;padding-right:0;padding-bottom:0;padding-left:0\">\n<p class=\"has-post-meta-color-color has-text-color has-link-color wp-elements-9fd5482d8c5891086671a4f7e37be34f\" style=\"margin-top:0;margin-bottom:20px\">Haj\u00f3inkat \u00e1tgondoltan \u00fagy tervezt\u00fck, hogy egyed\u00fcl\u00e1ll\u00f3 kapcsolatot teremtsenek a tengerrel, \u00e9s olyan szabads\u00e1g- \u00e9s kaland\u00e9rzetet ny\u00fajtsanak, amelyet m\u00e1shol nem tal\u00e1l. Ak\u00e1r a part ment\u00e9n cirk\u00e1l, ak\u00e1r nyugodt vizeken vitorl\u00e1zik, ak\u00e1r \u00faj horizontokat fedez fel, \u00fagy tervezz\u00fck haj\u00f3inkat, hogy minden pillanatot feldobjanak. <\/p>\n\n\n\n<p class=\"has-post-meta-color-color has-text-color has-link-color wp-elements-08770a816cd713cba8a729fa759ab79d\" style=\"margin-bottom:20px\">A min\u0151s\u00e9g ir\u00e1nti elk\u00f6telezetts\u00e9g\u00fcnk minden tev\u00e9kenys\u00e9g\u00fcnk k\u00f6z\u00e9ppontj\u00e1ban \u00e1ll. Az \u00e1ltalunk v\u00e1lasztott anyagokt\u00f3l kezdve az egyes haj\u00f3kba ker\u00fcl\u0151 k\u00e9zm\u0171ves munk\u00e1kig biztos\u00edtjuk, hogy minden \u00e1ltalunk \u00e9p\u00edtett haj\u00f3 nemcsak megb\u00edzhat\u00f3 \u00e9s tart\u00f3s, hanem sz\u00e9p \u00e9s innovat\u00edv is legyen. B\u00fcszk\u00e9k vagyunk arra, hogy a funkcionalit\u00e1st a kreativit\u00e1ssal \u00f6tv\u00f6zz\u00fck, \u00edgy \u00d6n k\u00e9nyelmesen \u00e9s st\u00edlusosan \u00e9lheti \u00e1t a vizet.  <\/p>\n\n\n\n<p class=\"has-post-meta-color-color has-text-color has-link-color wp-elements-3854c1fb80ebe10ec5d73fb0717927ee\" style=\"margin-bottom:20px\">T\u00f6bb mint egy haj\u00f3gy\u00e1rt\u00f3, szenved\u00e9ly\u00fcnk a felejthetetlen eml\u00e9kek megteremt\u00e9se. Meg\u00e9rtj\u00fck, hogy a v\u00edzen t\u00f6lt\u00f6tt id\u0151 \u00e9rt\u00e9kes, ez\u00e9rt olyan haj\u00f3kat igyeksz\u00fcnk tervezni, amelyek kalandra, pihen\u00e9sre \u00e9s kapcsolatra inspir\u00e1lnak &#8211; mind a term\u00e9szettel, mind azokkal az emberekkel, akikkel megosztja azt. <\/p>\n\n\n\n<p class=\"has-post-meta-color-color has-text-color has-link-color wp-elements-d51dee17174dedeef1b108e35d3eefc4\" style=\"margin-bottom:20px\">Ak\u00e1r tapasztalt vitorl\u00e1z\u00f3, ak\u00e1r \u00faj a cs\u00f3nak\u00e1z\u00e1sban, csapatunk minden l\u00e9p\u00e9sn\u00e9l t\u00e1mogatja \u00d6nt. Megh\u00edvjuk \u00d6nt, hogy induljon vel\u00fcnk egy olyan \u00fatra, ahol a v\u00edz az \u00d6n j\u00e1tsz\u00f3ter\u00e9v\u00e9 v\u00e1lik, \u00e9s minden utaz\u00e1s egy olyan t\u00f6rt\u00e9nett\u00e9, amelyet \u00e9rdemes elmes\u00e9lni. <\/p>\n\n\n\n<p class=\"has-post-meta-color-color has-text-color has-link-color wp-elements-5529ffa7fb82e6c6457cec265fae03d9\">Sz\u00e1lljon be a fed\u00e9lzetre, \u00e9s induljunk el egy olyan \u00fatra, amely maradand\u00f3 eml\u00e9keket hagy maga ut\u00e1n.<\/p>\n<\/div>\n<\/div>\n\n\n\n<div class=\"wp-block-columns is-layout-flex wp-container-core-columns-is-layout-b91adf8c wp-block-columns-is-layout-flex\" style=\"margin-top:60px;margin-bottom:0;padding-top:0;padding-right:0;padding-bottom:0;padding-left:0\">\n<div class=\"wp-block-column is-vertically-aligned-top is-layout-flow wp-container-core-column-is-layout-470e7e12 wp-block-column-is-layout-flow cozy-animation__initialized\" data-aos=\"fade-right\" data-aos-easing=\"ease\" data-aos-anchor-placement=\"top-bottom\" data-aos-duration=\"1000\" style=\"padding-top:0;padding-right:0;padding-bottom:0;padding-left:0\">\n<figure class=\"wp-block-image size-full has-custom-border\"><img loading=\"lazy\" decoding=\"async\" width=\"2560\" height=\"1707\" src=\"https:\/\/ynsghostboats.com\/wp-content\/uploads\/2024\/12\/MR_9508-scaled.jpg\" alt=\"\" class=\"wp-image-6006\" style=\"border-radius:10px;aspect-ratio:4\/3;object-fit:cover\" srcset=\"https:\/\/ynsghostboats.com\/wp-content\/uploads\/2024\/12\/MR_9508-scaled.jpg 2560w, https:\/\/ynsghostboats.com\/wp-content\/uploads\/2024\/12\/MR_9508-300x200.jpg 300w, https:\/\/ynsghostboats.com\/wp-content\/uploads\/2024\/12\/MR_9508-1024x683.jpg 1024w, https:\/\/ynsghostboats.com\/wp-content\/uploads\/2024\/12\/MR_9508-768x512.jpg 768w, https:\/\/ynsghostboats.com\/wp-content\/uploads\/2024\/12\/MR_9508-1536x1024.jpg 1536w, https:\/\/ynsghostboats.com\/wp-content\/uploads\/2024\/12\/MR_9508-2048x1365.jpg 2048w\" sizes=\"auto, (max-width: 2560px) 100vw, 2560px\" \/><\/figure>\n<\/div>\n\n\n\n<div class=\"wp-block-column is-vertically-aligned-center is-layout-flow wp-container-core-column-is-layout-287f94af wp-block-column-is-layout-flow cozy-animation__initialized\" data-aos=\"fade-left\" data-aos-easing=\"ease\" data-aos-anchor-placement=\"top-bottom\" data-aos-duration=\"1000\" style=\"padding-top:0;padding-right:0;padding-bottom:0;padding-left:0\">\n<figure class=\"wp-block-image size-full has-custom-border\"><img loading=\"lazy\" decoding=\"async\" width=\"2560\" height=\"1707\" src=\"https:\/\/ynsghostboats.com\/wp-content\/uploads\/2024\/12\/MR_9644-scaled.jpg\" alt=\"\" class=\"wp-image-6007\" style=\"border-radius:10px;aspect-ratio:4\/3;object-fit:cover\" srcset=\"https:\/\/ynsghostboats.com\/wp-content\/uploads\/2024\/12\/MR_9644-scaled.jpg 2560w, https:\/\/ynsghostboats.com\/wp-content\/uploads\/2024\/12\/MR_9644-300x200.jpg 300w, https:\/\/ynsghostboats.com\/wp-content\/uploads\/2024\/12\/MR_9644-1024x683.jpg 1024w, https:\/\/ynsghostboats.com\/wp-content\/uploads\/2024\/12\/MR_9644-768x512.jpg 768w, https:\/\/ynsghostboats.com\/wp-content\/uploads\/2024\/12\/MR_9644-1536x1024.jpg 1536w, https:\/\/ynsghostboats.com\/wp-content\/uploads\/2024\/12\/MR_9644-2048x1365.jpg 2048w\" sizes=\"auto, (max-width: 2560px) 100vw, 2560px\" \/><\/figure>\n<\/div>\n<\/div>\n<\/div>\n<\/div>\n<\/div>\n","protected":false},"excerpt":{"rendered":"<p>K\u00fcldet\u00e9s\u00fcnk Az YNS Ghostboatsn\u00e1l hisz\u00fcnk abban, hogy a v\u00edzen t\u00f6lt\u00f6tt id\u0151nek t\u00f6bbnek kell lennie, mint egy egyszer\u0171 utaz\u00e1snak &#8211; \u00e9lm\u00e9nynek kell lennie. Haj\u00f3inkat \u00e1tgondoltan \u00fagy tervezt\u00fck, hogy egyed\u00fcl\u00e1ll\u00f3 kapcsolatot teremtsenek a tengerrel, \u00e9s olyan szabads\u00e1g- \u00e9s kaland\u00e9rzetet ny\u00fajtsanak, amelyet m\u00e1shol nem tal\u00e1l. Ak\u00e1r a part ment\u00e9n cirk\u00e1l, ak\u00e1r nyugodt vizeken vitorl\u00e1zik, ak\u00e1r \u00faj horizontokat fedez&#8230;<\/p>\n","protected":false},"author":1,"featured_media":0,"parent":0,"menu_order":0,"comment_status":"closed","ping_status":"closed","template":"","meta":{"footnotes":""},"class_list":["post-3771","page","type-page","status-publish","hentry"],"aioseo_notices":[],"_links":{"self":[{"href":"https:\/\/ynsghostboats.com\/hu\/wp-json\/wp\/v2\/pages\/3771","targetHints":{"allow":["GET"]}}],"collection":[{"href":"https:\/\/ynsghostboats.com\/hu\/wp-json\/wp\/v2\/pages"}],"about":[{"href":"https:\/\/ynsghostboats.com\/hu\/wp-json\/wp\/v2\/types\/page"}],"author":[{"embeddable":true,"href":"https:\/\/ynsghostboats.com\/hu\/wp-json\/wp\/v2\/users\/1"}],"replies":[{"embeddable":true,"href":"https:\/\/ynsghostboats.com\/hu\/wp-json\/wp\/v2\/comments?post=3771"}],"version-history":[{"count":2,"href":"https:\/\/ynsghostboats.com\/hu\/wp-json\/wp\/v2\/pages\/3771\/revisions"}],"predecessor-version":[{"id":6074,"href":"https:\/\/ynsghostboats.com\/hu\/wp-json\/wp\/v2\/pages\/3771\/revisions\/6074"}],"wp:attachment":[{"href":"https:\/\/ynsghostboats.com\/hu\/wp-json\/wp\/v2\/media?parent=3771"}],"curies":[{"name":"wp","href":"https:\/\/api.w.org\/{rel}","templated":true}]}}