{"id":2907,"date":"2024-10-03T17:23:30","date_gmt":"2024-10-03T17:23:30","guid":{"rendered":"https:\/\/ynsghostboats.com\/vision\/"},"modified":"2024-12-14T18:22:24","modified_gmt":"2024-12-14T18:22:24","slug":"vision","status":"publish","type":"page","link":"https:\/\/ynsghostboats.com\/hu\/vision\/","title":{"rendered":"Vision"},"content":{"rendered":"\n<div class=\"wp-block-group is-layout-constrained wp-block-group-is-layout-constrained\">\n<div class=\"wp-block-group is-layout-constrained wp-block-group-is-layout-constrained\">\n<div class=\"wp-block-group alignfull has-background is-layout-constrained wp-container-core-group-is-layout-e6f1036d wp-block-group-is-layout-constrained\" style=\"background-color:#fffffe;margin-top:0;margin-bottom:0;padding-top:0;padding-right:0;padding-bottom:0;padding-left:0\">\n<div class=\"wp-block-group is-layout-constrained wp-container-core-group-is-layout-1eeeb83a wp-block-group-is-layout-constrained\" style=\"padding-top:60px;padding-right:20px;padding-bottom:60px;padding-left:20px\">\n<div class=\"wp-block-columns is-layout-flex wp-container-core-columns-is-layout-73e09c0f wp-block-columns-is-layout-flex\" style=\"margin-top:0;margin-bottom:0;padding-top:0;padding-right:0;padding-bottom:0;padding-left:0\"><link rel=\"stylesheet\" href=\"https:\/\/fonts.googleapis.com\/css2?family=Public+Sans:wght@400;500;600;700;800\" \/>\n<div class=\"wp-block-column has-text-color has-link-color wp-elements-c923ff588da92ae22f0fa266b650f109 is-content-justification-left is-layout-constrained wp-container-core-column-is-layout-1a29a9f8 wp-block-column-is-layout-constrained\" style=\"color:#646464;padding-top:0;padding-bottom:0;font-size:14px; font-family: 'Public Sans' !important;\" style=\"color:#646464;padding-top:0;padding-bottom:0;font-size:14px\">\n<p class=\"has-text-color has-link-color wp-elements-55cd079826d994089abac25564baaee8\" style=\"color:#0d5fff;font-size:14px;font-style:normal;font-weight:500;line-height:1.2;text-transform:uppercase\">V\u00edzi\u00f3nk<\/p>\n\n\n<link rel=\"stylesheet\" href=\"https:\/\/fonts.googleapis.com\/css2?family=Inter:wght@400;500;600;700;800\" \/>\n<h2 class=\"wp-block-heading has-text-color has-link-color wp-elements-2235fd4da6f57e25c1f496a97787623b cozy-animation__initialized\" style=\"color:#090b10;margin-top:20px;margin-bottom:20px;font-size:44px;font-style:normal;font-weight:600;line-height:1.2; font-family: 'Inter' !important;\" data-aos=\"flip-up\" data-aos-easing=\"ease-in\" data-aos-anchor-placement=\"top-bottom\" data-aos-duration=\"600\" style=\"color:#090b10;margin-top:20px;margin-bottom:20px;font-size:44px;font-style:normal;font-weight:600;line-height:1.2\">A cs\u00f3nak\u00e1z\u00e1s j\u00f6v\u0151j\u00e9nek alak\u00edt\u00e1sa, egy-egy kalanddal<\/h2>\n\n\n\n<p class=\"has-post-meta-color-color has-text-color has-link-color wp-elements-0783f6bc457f41b9b686c5e4675d6731\" style=\"margin-bottom:20px\">Az YNS Ghostboatsn\u00e1l az a c\u00e9lunk, hogy \u00fajradefini\u00e1ljuk az emberek \u00e9let\u00e9rz\u00e9s\u00e9t a v\u00edzen. Arra t\u00f6reksz\u00fcnk, hogy vezet\u0151 szerepet t\u00f6lts\u00fcnk be az innov\u00e1ci\u00f3ban, \u00f6tv\u00f6zve a legmodernebb technol\u00f3gi\u00e1t az id\u0151tlen k\u00e9zm\u0171ves kivitelez\u00e9ssel, hogy olyan haj\u00f3kat hozzunk l\u00e9tre, amelyek felfedez\u00e9sre, pihen\u00e9sre \u00e9s a term\u00e9szettel val\u00f3 kapcsolatra inspir\u00e1lnak. <\/p>\n\n\n\n<p class=\"has-post-meta-color-color has-text-color has-link-color wp-elements-e8d649da5ed2e57cdae5b9b3b5591ae8\" style=\"margin-bottom:20px\">C\u00e9lunk, hogy a tengeri tervez\u00e9s hat\u00e1rait feszegetve \u00faj m\u00e9rc\u00e9t \u00e1ll\u00edtsunk fel a min\u0151s\u00e9g, a fenntarthat\u00f3s\u00e1g \u00e9s a teljes\u00edtm\u00e9ny ter\u00e9n. Olyan j\u00f6v\u0151t k\u00e9pzel\u00fcnk el, ahol mindenki \u00e9lvezheti a v\u00edz sz\u00e9ps\u00e9g\u00e9t \u00e9s szabads\u00e1g\u00e1t egy olyan haj\u00f3ban, amely t\u00fckr\u00f6zi egy\u00e9nis\u00e9g\u00e9t \u00e9s kalandv\u00e1gy\u00e1t. <\/p>\n\n\n\n<p class=\"has-post-meta-color-color has-text-color has-link-color wp-elements-3065fc0e31ffe9e1fa473b1c975883f0\" style=\"margin-bottom:20px\">Elk\u00f6telezettek vagyunk amellett, hogy nem csak a haj\u00f3z\u00e1s \u00e9lm\u00e9ny\u00e9t fokozzuk, hanem azt is biztos\u00edtjuk, hogy innov\u00e1ci\u00f3ink tiszteletben tarts\u00e1k \u00e9s meg\u0151rizz\u00e9k az \u00e1ltalunk nagyra becs\u00fclt tengeri k\u00f6rnyezetet. A kreativit\u00e1s \u00e9s a kiv\u00e1l\u00f3s\u00e1g el\u0151mozd\u00edt\u00e1s\u00e1val c\u00e9lunk, hogy maradand\u00f3, pozit\u00edv hat\u00e1st gyakoroljunk mind \u00fcgyfeleinkre, mind a haj\u00f3z\u00e1s vil\u00e1g\u00e1ra. <\/p>\n\n\n\n<p class=\"has-post-meta-color-color has-text-color has-link-color wp-elements-e5df42646c841001a810a696b3db3496\" style=\"margin-top:6px;margin-bottom:6px\">Csatlakozzon hozz\u00e1nk, hogy tov\u00e1bbra is \u00faj utakat j\u00e1rjunk be, kiv\u00e9teles \u00e9lm\u00e9nyeket \u00e9s felejthetetlen utaz\u00e1sokat k\u00edn\u00e1lva a v\u00edz szerelmeseinek minden\u00fctt.<\/p>\n<\/div>\n\n\n\n<div class=\"wp-block-column is-layout-flow wp-block-column-is-layout-flow cozy-animation__initialized\" data-aos=\"zoom-in-up\" data-aos-easing=\"ease-in\" data-aos-anchor-placement=\"top-bottom\" data-aos-duration=\"1000\">\n<div class=\"wp-block-group is-nowrap is-layout-flex wp-container-core-group-is-layout-db6c42ee wp-block-group-is-layout-flex\">\n<div class=\"wp-block-group is-layout-constrained wp-block-group-is-layout-constrained\" style=\"margin-top:0;padding-top:0;padding-bottom:0\">\n<div style=\"height:8vw\" aria-hidden=\"true\" class=\"wp-block-spacer\"><\/div>\n\n\n\n<figure class=\"wp-block-image size-full has-custom-border\"><img loading=\"lazy\" decoding=\"async\" width=\"2560\" height=\"1917\" src=\"https:\/\/ynsghostboats.com\/wp-content\/uploads\/2024\/12\/DJI_0822-1-scaled.jpg\" alt=\"\" class=\"wp-image-6012\" style=\"border-radius:10px;aspect-ratio:3\/4;object-fit:cover\" srcset=\"https:\/\/ynsghostboats.com\/wp-content\/uploads\/2024\/12\/DJI_0822-1-scaled.jpg 2560w, https:\/\/ynsghostboats.com\/wp-content\/uploads\/2024\/12\/DJI_0822-1-300x225.jpg 300w, https:\/\/ynsghostboats.com\/wp-content\/uploads\/2024\/12\/DJI_0822-1-1024x767.jpg 1024w, https:\/\/ynsghostboats.com\/wp-content\/uploads\/2024\/12\/DJI_0822-1-768x575.jpg 768w, https:\/\/ynsghostboats.com\/wp-content\/uploads\/2024\/12\/DJI_0822-1-1536x1150.jpg 1536w, https:\/\/ynsghostboats.com\/wp-content\/uploads\/2024\/12\/DJI_0822-1-2048x1534.jpg 2048w\" sizes=\"auto, (max-width: 2560px) 100vw, 2560px\" \/><\/figure>\n<\/div>\n\n\n\n<figure class=\"wp-block-image size-full has-custom-border\"><img loading=\"lazy\" decoding=\"async\" width=\"2560\" height=\"1917\" src=\"https:\/\/ynsghostboats.com\/wp-content\/uploads\/2024\/12\/DJI_0824-scaled.jpg\" alt=\"\" class=\"wp-image-6013\" style=\"border-radius:10px;aspect-ratio:3\/4;object-fit:cover\" srcset=\"https:\/\/ynsghostboats.com\/wp-content\/uploads\/2024\/12\/DJI_0824-scaled.jpg 2560w, https:\/\/ynsghostboats.com\/wp-content\/uploads\/2024\/12\/DJI_0824-300x225.jpg 300w, https:\/\/ynsghostboats.com\/wp-content\/uploads\/2024\/12\/DJI_0824-1024x767.jpg 1024w, https:\/\/ynsghostboats.com\/wp-content\/uploads\/2024\/12\/DJI_0824-768x575.jpg 768w, https:\/\/ynsghostboats.com\/wp-content\/uploads\/2024\/12\/DJI_0824-1536x1150.jpg 1536w, https:\/\/ynsghostboats.com\/wp-content\/uploads\/2024\/12\/DJI_0824-2048x1534.jpg 2048w\" sizes=\"auto, (max-width: 2560px) 100vw, 2560px\" \/><\/figure>\n<\/div>\n<\/div>\n<\/div>\n<\/div>\n<\/div>\n<\/div>\n<\/div>\n","protected":false},"excerpt":{"rendered":"<p>V\u00edzi\u00f3nk A cs\u00f3nak\u00e1z\u00e1s j\u00f6v\u0151j\u00e9nek alak\u00edt\u00e1sa, egy-egy kalanddal Az YNS Ghostboatsn\u00e1l az a c\u00e9lunk, hogy \u00fajradefini\u00e1ljuk az emberek \u00e9let\u00e9rz\u00e9s\u00e9t a v\u00edzen. Arra t\u00f6reksz\u00fcnk, hogy vezet\u0151 szerepet t\u00f6lts\u00fcnk be az innov\u00e1ci\u00f3ban, \u00f6tv\u00f6zve a legmodernebb technol\u00f3gi\u00e1t az id\u0151tlen k\u00e9zm\u0171ves kivitelez\u00e9ssel, hogy olyan haj\u00f3kat hozzunk l\u00e9tre, amelyek felfedez\u00e9sre, pihen\u00e9sre \u00e9s a term\u00e9szettel val\u00f3 kapcsolatra inspir\u00e1lnak. C\u00e9lunk, hogy a tengeri&#8230;<\/p>\n","protected":false},"author":1,"featured_media":0,"parent":0,"menu_order":0,"comment_status":"closed","ping_status":"closed","template":"","meta":{"footnotes":""},"class_list":["post-2907","page","type-page","status-publish","hentry"],"aioseo_notices":[],"_links":{"self":[{"href":"https:\/\/ynsghostboats.com\/hu\/wp-json\/wp\/v2\/pages\/2907","targetHints":{"allow":["GET"]}}],"collection":[{"href":"https:\/\/ynsghostboats.com\/hu\/wp-json\/wp\/v2\/pages"}],"about":[{"href":"https:\/\/ynsghostboats.com\/hu\/wp-json\/wp\/v2\/types\/page"}],"author":[{"embeddable":true,"href":"https:\/\/ynsghostboats.com\/hu\/wp-json\/wp\/v2\/users\/1"}],"replies":[{"embeddable":true,"href":"https:\/\/ynsghostboats.com\/hu\/wp-json\/wp\/v2\/comments?post=2907"}],"version-history":[{"count":2,"href":"https:\/\/ynsghostboats.com\/hu\/wp-json\/wp\/v2\/pages\/2907\/revisions"}],"predecessor-version":[{"id":6116,"href":"https:\/\/ynsghostboats.com\/hu\/wp-json\/wp\/v2\/pages\/2907\/revisions\/6116"}],"wp:attachment":[{"href":"https:\/\/ynsghostboats.com\/hu\/wp-json\/wp\/v2\/media?parent=2907"}],"curies":[{"name":"wp","href":"https:\/\/api.w.org\/{rel}","templated":true}]}}