{"id":2868,"date":"2024-09-17T10:15:52","date_gmt":"2024-09-17T10:15:52","guid":{"rendered":"https:\/\/ynsghostboats.com\/adatvedelmi-iranyelvek\/"},"modified":"2026-03-11T10:54:48","modified_gmt":"2026-03-11T10:54:48","slug":"adatvedelmi-iranyelvek","status":"publish","type":"page","link":"https:\/\/ynsghostboats.com\/hu\/adatvedelmi-iranyelvek\/","title":{"rendered":"Adatv\u00e9delmi ir\u00e1nyelvek"},"content":{"rendered":"\n<div class=\"wp-block-group yns-page-top is-layout-constrained wp-block-group-is-layout-constrained\" style=\"margin-top:0;margin-bottom:0\">\n<div class=\"wp-block-cover has-parallax is-style-default yns-page-banner has-white-color has-text-color has-link-color wp-elements-901984f893e18486c2c6e1a5b6e6bb3e\" style=\"margin-bottom:0px;padding-right:20px;padding-left:20px;min-height:550px;aspect-ratio:unset;\"><div class=\"wp-block-cover__image-background wp-image-5969 has-parallax\" style=\"background-position:50% 50%;background-image:url(https:\/\/ynsghostboats.com\/wp-content\/uploads\/2024\/12\/DJI_0822-scaled.jpg)\"><\/div><span aria-hidden=\"true\" class=\"wp-block-cover__background has-foreground-background-color has-background-dim\"><\/span><div class=\"wp-block-cover__inner-container is-layout-constrained wp-container-core-cover-is-layout-8a5b376c wp-block-cover-is-layout-constrained\">\n<p class=\"has-text-align-center has-xx-large-font-size\">Adatv\u00e9delmi ir\u00e1nyelvek<\/p>\n\n\n\n<p class=\"has-text-align-center has-small-font-size\" style=\"margin-top:var(--wp--preset--spacing--50);margin-right:var(--wp--preset--spacing--50);margin-bottom:var(--wp--preset--spacing--50);margin-left:var(--wp--preset--spacing--50)\">Az YNS Ghostboats tiszteletben tartja az \u00d6n mag\u00e1n\u00e9let\u00e9t.<\/p>\n<\/div><\/div>\n<\/div>\n\n<div class=\"wp-block-group is-layout-constrained wp-container-core-group-is-layout-9540bd20 wp-block-group-is-layout-constrained\" style=\"margin-top:0;margin-bottom:0;padding-top:60px;padding-right:20px;padding-bottom:60px;padding-left:20px\">\n<p>Ez az Adatv\u00e9delmi szab\u00e1lyzat elmagyar\u00e1zza, hogyan kezelj\u00fck az \u00d6n adatait, amikor a www.ynsghostboats.com oldalra l\u00e1togat.<\/p>\n\n\n\n<h2 class=\"wp-block-heading\">Az \u00e1ltalunk gy\u0171jt\u00f6tt inform\u00e1ci\u00f3k<\/h2>\n\n\n\n<p>Minim\u00e1lis inform\u00e1ci\u00f3t gy\u0171jt\u00fcnk, hogy jav\u00edtsuk a b\u00f6ng\u00e9sz\u00e9si \u00e9lm\u00e9nyt:<\/p>\n\n\n\n<p>\u00d6n \u00e1ltal biztos\u00edtott: Ha kapcsolatba l\u00e9p vel\u00fcnk, \u00f6sszegy\u0171jthetj\u00fck az \u00d6n nev\u00e9t \u00e9s e-mail c\u00edm\u00e9t.<\/p>\n\n\n\n<p><strong>Automatikusan \u00f6sszegy\u0171jt\u00f6tt:<\/strong> IP-c\u00edme \u00e9s b\u00f6ng\u00e9sz\u0151j\u00e9nek t\u00edpusa a funkci\u00f3k jav\u00edt\u00e1sa \u00e9rdek\u00e9ben.<\/p>\n\n\n\n<h2 class=\"wp-block-heading\">Hogyan haszn\u00e1ljuk fel az \u00d6n adatait<\/h2>\n\n\n\n<p>Az \u00d6n adatait kiz\u00e1r\u00f3lag a k\u00f6vetkez\u0151kre haszn\u00e1ljuk fel:<\/p>\n\n\n\n<p>V\u00e1laszoljon az \u00d6n k\u00e9rd\u00e9seire.<\/p>\n\n\n\n<p>Webhely\u00fcnk funkcionalit\u00e1s\u00e1nak fenntart\u00e1sa \u00e9s jav\u00edt\u00e1sa.<\/p>\n\n\n\n<h2 class=\"wp-block-heading\">Az \u00d6n adatainak megoszt\u00e1sa<\/h2>\n\n\n\n<p>Szem\u00e9lyes adatait nem adjuk el \u00e9s nem osztjuk meg harmadik felekkel, kiv\u00e9ve, ha azt a t\u00f6rv\u00e9ny el\u0151\u00edrja.<\/p>\n\n\n\n<h2 class=\"wp-block-heading\">Biztons\u00e1g<\/h2>\n\n\n\n<p>Megfelel\u0151 l\u00e9p\u00e9seket tesz\u00fcnk az \u00d6n adatainak v\u00e9delme \u00e9rdek\u00e9ben. Azonban egyetlen online platform sem teljesen biztons\u00e1gos, \u00e9s mi a biztons\u00e1gos internetez\u00e9si gyakorlatokat t\u00e1mogatjuk. <\/p>\n\n\n\n<h2 class=\"wp-block-heading\">Friss\u00edt\u00e9sek<\/h2>\n\n\n\n<p>Sz\u00fcks\u00e9g eset\u00e9n friss\u00edthetj\u00fck ezt az Adatv\u00e9delmi szab\u00e1lyzatot. A &#8222;Hat\u00e1lybal\u00e9p\u00e9s d\u00e1tuma&#8221; a legut\u00f3bbi v\u00e1ltoz\u00e1sokat t\u00fckr\u00f6zi. <\/p>\n\n\n\n<h2 class=\"wp-block-heading\">Kapcsolatfelv\u00e9tel<\/h2>\n\n\n\n<p>Ha k\u00e9rd\u00e9se vagy agg\u00e1lya van a jelen Adatv\u00e9delmi ir\u00e1nyelvekkel kapcsolatban, k\u00e9rj\u00fck, forduljon hozz\u00e1nk a k\u00f6vetkez\u0151 c\u00edmen:<\/p>\n\n\n\n<p>E-mail: <a href=\"mailto:info@ynsghostboats.com\">info@ynsghostboats.com<\/a><\/p>\n<\/div>\n","protected":false},"excerpt":{"rendered":"<p>Ez az Adatv\u00e9delmi szab\u00e1lyzat elmagyar\u00e1zza, hogyan kezelj\u00fck az \u00d6n adatait, amikor a www.ynsghostboats.com oldalra l\u00e1togat. Az \u00e1ltalunk gy\u0171jt\u00f6tt inform\u00e1ci\u00f3k Minim\u00e1lis inform\u00e1ci\u00f3t gy\u0171jt\u00fcnk, hogy jav\u00edtsuk a b\u00f6ng\u00e9sz\u00e9si \u00e9lm\u00e9nyt: \u00d6n \u00e1ltal biztos\u00edtott: Ha kapcsolatba l\u00e9p vel\u00fcnk, \u00f6sszegy\u0171jthetj\u00fck az \u00d6n nev\u00e9t \u00e9s e-mail c\u00edm\u00e9t. Automatikusan \u00f6sszegy\u0171jt\u00f6tt: IP-c\u00edme \u00e9s b\u00f6ng\u00e9sz\u0151j\u00e9nek t\u00edpusa a funkci\u00f3k jav\u00edt\u00e1sa \u00e9rdek\u00e9ben. Hogyan haszn\u00e1ljuk fel az&#8230;<\/p>\n","protected":false},"author":1,"featured_media":0,"parent":0,"menu_order":0,"comment_status":"closed","ping_status":"closed","template":"","meta":{"footnotes":""},"class_list":["post-2868","page","type-page","status-publish","hentry"],"aioseo_notices":[],"_links":{"self":[{"href":"https:\/\/ynsghostboats.com\/hu\/wp-json\/wp\/v2\/pages\/2868","targetHints":{"allow":["GET"]}}],"collection":[{"href":"https:\/\/ynsghostboats.com\/hu\/wp-json\/wp\/v2\/pages"}],"about":[{"href":"https:\/\/ynsghostboats.com\/hu\/wp-json\/wp\/v2\/types\/page"}],"author":[{"embeddable":true,"href":"https:\/\/ynsghostboats.com\/hu\/wp-json\/wp\/v2\/users\/1"}],"replies":[{"embeddable":true,"href":"https:\/\/ynsghostboats.com\/hu\/wp-json\/wp\/v2\/comments?post=2868"}],"version-history":[{"count":2,"href":"https:\/\/ynsghostboats.com\/hu\/wp-json\/wp\/v2\/pages\/2868\/revisions"}],"predecessor-version":[{"id":8291,"href":"https:\/\/ynsghostboats.com\/hu\/wp-json\/wp\/v2\/pages\/2868\/revisions\/8291"}],"wp:attachment":[{"href":"https:\/\/ynsghostboats.com\/hu\/wp-json\/wp\/v2\/media?parent=2868"}],"curies":[{"name":"wp","href":"https:\/\/api.w.org\/{rel}","templated":true}]}}