{"id":6683,"date":"2025-08-19T10:49:45","date_gmt":"2025-08-19T10:49:45","guid":{"rendered":"https:\/\/ynsghostboats.com\/mirage-dor\/"},"modified":"2026-03-11T10:55:34","modified_gmt":"2026-03-11T10:55:34","slug":"mirage-dor","status":"publish","type":"page","link":"https:\/\/ynsghostboats.com\/fr\/mirage-dor\/","title":{"rendered":"Mirage d&rsquo;or"},"content":{"rendered":"\n<div class=\"wp-block-group yns-page-top is-layout-constrained wp-block-group-is-layout-constrained\" style=\"margin-top:0;margin-bottom:0\">\n<div class=\"wp-block-cover is-light has-parallax is-style-default yns-page-banner has-white-color has-text-color has-link-color wp-elements-e91d6e715e242464bc7b53331c4b2843\" style=\"margin-bottom:0px;padding-right:20px;padding-left:20px;min-height:550px;aspect-ratio:unset;\"><div class=\"wp-block-cover__image-background wp-image-6352 size-large has-parallax\" style=\"background-position:50% 50%;background-image:url(https:\/\/ynsghostboats.com\/wp-content\/uploads\/2025\/08\/yns.947-1024x762.jpg)\"><\/div><span aria-hidden=\"true\" class=\"wp-block-cover__background has-foreground-background-color has-background-dim\"><\/span><div class=\"wp-block-cover__inner-container is-layout-constrained wp-container-core-cover-is-layout-8a5b376c wp-block-cover-is-layout-constrained\">\n<h1 class=\"wp-block-heading has-text-align-center yns-gold-heading notranslate has-text-color has-montserrat-font-family\" style=\"color:#ffc800;margin-top:1.5rem;margin-bottom:1.5rem;font-size:4em;font-style:normal;font-weight:700;line-height:1.2\">Golden Mirage<\/h1>\n\n\n\n<p class=\"has-text-align-center has-small-font-size\" style=\"margin-top:var(--wp--preset--spacing--50);margin-right:var(--wp--preset--spacing--50);margin-bottom:var(--wp--preset--spacing--50);margin-left:var(--wp--preset--spacing--50)\">Seulement 10 unit\u00e9s dans le monde &#8211; Placage en or certifi\u00e9 24K &#8211; Design unique et production limit\u00e9e<\/p>\n<\/div><\/div>\n<\/div>\n\n<div class=\"wp-block-group alignfull yns-page-gold has-background-color has-black-background-color has-text-color has-background has-link-color wp-elements-aa40f1bae1e01fe97082ea17280d1813 is-layout-constrained wp-container-core-group-is-layout-e6f1036d wp-block-group-is-layout-constrained\" style=\"margin-top:0;margin-bottom:0;padding-top:0;padding-right:0;padding-bottom:0;padding-left:0\"><link rel=\"stylesheet\" href=\"https:\/\/fonts.googleapis.com\/css2?family=Public+Sans:wght@400;500;600;700;800\" \/>\n<div class=\"wp-block-group is-layout-constrained wp-container-core-group-is-layout-11b5815e wp-block-group-is-layout-constrained\" style=\"margin-top:0;margin-bottom:0;padding-top:60px;padding-right:20px;padding-bottom:60px;padding-left:20px;font-size:14px; font-family: 'Public Sans' !important;\" style=\"margin-top:0;margin-bottom:0;padding-top:60px;padding-right:20px;padding-bottom:60px;padding-left:20px;font-size:14px\">\n<div class=\"wp-block-columns is-style-default is-layout-flex wp-container-core-columns-is-layout-ebd733d1 wp-block-columns-is-layout-flex\" style=\"margin-top:20px;margin-bottom:20px\">\n<div class=\"wp-block-column is-layout-flow wp-container-core-column-is-layout-8a368f38 wp-block-column-is-layout-flow cozy-animation__initialized\" data-aos=\"zoom-in-up\" data-aos-easing=\"ease-in\" data-aos-anchor-placement=\"top-bottom\" data-aos-duration=\"1000\">\n<figure class=\"wp-block-image aligncenter size-full has-custom-border\"><img loading=\"lazy\" decoding=\"async\" width=\"1068\" height=\"2228\" src=\"https:\/\/ynsghostboats.com\/wp-content\/uploads\/2025\/08\/yns.954.jpg\" alt=\"\" class=\"wp-image-6348\" style=\"border-radius:10px;aspect-ratio:3\/4;object-fit:cover\" srcset=\"https:\/\/ynsghostboats.com\/wp-content\/uploads\/2025\/08\/yns.954.jpg 1068w, https:\/\/ynsghostboats.com\/wp-content\/uploads\/2025\/08\/yns.954-144x300.jpg 144w, https:\/\/ynsghostboats.com\/wp-content\/uploads\/2025\/08\/yns.954-491x1024.jpg 491w, https:\/\/ynsghostboats.com\/wp-content\/uploads\/2025\/08\/yns.954-768x1602.jpg 768w, https:\/\/ynsghostboats.com\/wp-content\/uploads\/2025\/08\/yns.954-736x1536.jpg 736w, https:\/\/ynsghostboats.com\/wp-content\/uploads\/2025\/08\/yns.954-982x2048.jpg 982w\" sizes=\"auto, (max-width: 1068px) 100vw, 1068px\" \/><\/figure>\n<\/div>\n\n\n\n<div class=\"wp-block-column is-vertically-aligned-center is-content-justification-center is-layout-constrained wp-container-core-column-is-layout-6ead9d14 wp-block-column-is-layout-constrained\" style=\"padding-top:20px;padding-right:20px;padding-bottom:20px;padding-left:20px;font-size:15px;line-height:1.8\">\n<p class=\"notranslate has-luminous-vivid-amber-color has-text-color has-link-color wp-elements-b91c52f20a320478772ded6c2783e858\" style=\"font-size:14px;font-style:normal;font-weight:500;line-height:1.2;text-transform:uppercase\"><font style=\"vertical-align: inherit;\"><font style=\"vertical-align: inherit;\"><font style=\"vertical-align: inherit;\"><font style=\"vertical-align: inherit;\">Golden Mirage<\/font><\/font><\/font><\/font><\/p>\n\n\n<link rel=\"stylesheet\" href=\"https:\/\/fonts.googleapis.com\/css2?family=Inter:wght@400;500;600;700;800\" \/>\n<h2 class=\"wp-block-heading has-background-color has-text-color has-link-color wp-elements-cf940ac94aa5d1a7e17d87d0c438cc46 cozy-animation__initialized\" style=\"margin-top:0;margin-right:0;margin-bottom:0;margin-left:0;padding-top:20px;padding-bottom:20px;font-size:36px;font-style:normal;font-weight:600;line-height:1.3; font-family: 'Inter' !important;\" data-aos=\"flip-up\" data-aos-easing=\"ease-in\" data-aos-anchor-placement=\"top-bottom\" data-aos-duration=\"600\" style=\"margin-top:0;margin-right:0;margin-bottom:0;margin-left:0;padding-top:20px;padding-bottom:20px;font-size:36px;font-style:normal;font-weight:600;line-height:1.3\"><font style=\"vertical-align: inherit;\"><font style=\"vertical-align: inherit;\">Sp\u00e9cifications g\u00e9n\u00e9rales<\/font><\/font><\/h2>\n\n\n\n<ul style=\"padding-top:0;padding-right:5px;padding-bottom:0;padding-left:5px;line-height:1.8\" class=\"wp-block-list is-style-list-style-no-bullet\">\n<li>Tous les accessoires int\u00e9rieurs et ext\u00e9rieurs en acier inoxydable 316L sont finis avec un placage en or v\u00e9ritable 24K utilisant des techniques avanc\u00e9es.<\/li>\n\n\n\n<li>Chaque r\u00e9cipient est accompagn\u00e9 d&rsquo;un certificat officiel de placage en or 24K.<\/li>\n\n\n\n<li>Coque enti\u00e8rement transparente en polycarbonate solide &#8211; r\u00e9v\u00e9lant les profondeurs hypnotiques de la mer.<\/li>\n\n\n\n<li>Seuls 10 collectionneurs chanceux dans le monde entier poss\u00e9deront ce chef-d&rsquo;\u0153uvre.<\/li>\n\n\n\n<li>Chaque navire re\u00e7oit un num\u00e9ro de s\u00e9rie unique, grav\u00e9 sur une plaque dor\u00e9e.<\/li>\n\n\n\n<li>Construit exclusivement sur commande &#8211; pas de stock ; chaque pi\u00e8ce est fabriqu\u00e9e sp\u00e9cifiquement pour son propri\u00e9taire.<\/li>\n<\/ul>\n<\/div>\n<\/div>\n\n\n\n<div class=\"wp-block-columns is-style-default is-layout-flex wp-container-core-columns-is-layout-ebd733d1 wp-block-columns-is-layout-flex\" style=\"margin-top:20px;margin-bottom:20px\">\n<div class=\"wp-block-column is-layout-flow wp-container-core-column-is-layout-8a368f38 wp-block-column-is-layout-flow cozy-animation__initialized\" data-aos=\"zoom-in-up\" data-aos-easing=\"ease-in\" data-aos-anchor-placement=\"top-bottom\" data-aos-duration=\"1000\">\n<figure class=\"wp-block-image aligncenter size-full has-custom-border\"><img decoding=\"async\" src=\"https:\/\/ynsghostboats.com\/wp-content\/uploads\/2025\/08\/yns.949.jpg\" alt=\"\" class=\"wp-image-6351\" style=\"border-radius:10px;aspect-ratio:3\/4;object-fit:cover\"\/><\/figure>\n<\/div>\n\n\n\n<div class=\"wp-block-column is-vertically-aligned-center is-content-justification-center is-layout-constrained wp-container-core-column-is-layout-6ead9d14 wp-block-column-is-layout-constrained\" style=\"padding-top:20px;padding-right:20px;padding-bottom:20px;padding-left:20px;font-size:15px;line-height:1.8\">\n<p class=\"notranslate has-luminous-vivid-amber-color has-text-color has-link-color wp-elements-b91c52f20a320478772ded6c2783e858\" style=\"font-size:14px;font-style:normal;font-weight:500;line-height:1.2;text-transform:uppercase\"><font style=\"vertical-align: inherit;\"><font style=\"vertical-align: inherit;\"><font style=\"vertical-align: inherit;\"><font style=\"vertical-align: inherit;\">Golden Mirage<\/font><\/font><\/font><\/font><\/p>\n\n\n<link rel=\"stylesheet\" href=\"https:\/\/fonts.googleapis.com\/css2?family=Inter:wght@400;500;600;700;800\" \/>\n<h2 class=\"wp-block-heading has-background-color has-text-color has-link-color wp-elements-8cb3c163691aed57cf9f502698e3bada cozy-animation__initialized\" style=\"margin-top:0;margin-right:0;margin-bottom:0;margin-left:0;padding-top:20px;padding-bottom:20px;font-size:36px;font-style:normal;font-weight:600;line-height:1.3; font-family: 'Inter' !important;\" data-aos=\"flip-up\" data-aos-easing=\"ease-in\" data-aos-anchor-placement=\"top-bottom\" data-aos-duration=\"600\" style=\"margin-top:0;margin-right:0;margin-bottom:0;margin-left:0;padding-top:20px;padding-bottom:20px;font-size:36px;font-style:normal;font-weight:600;line-height:1.3\"><font style=\"vertical-align: inherit;\"><font style=\"vertical-align: inherit;\">Sp\u00e9cifications techniques<\/font><\/font><\/h2>\n\n\n\n<ul style=\"padding-top:0;padding-right:5px;padding-bottom:0;padding-left:5px;line-height:1.8\" class=\"wp-block-list is-style-list-style-no-bullet\">\n<li>Longueur de la coque : 5,35 m<\/li>\n\n\n\n<li>Largeur : 1,80 m<\/li>\n\n\n\n<li>Hauteur : 0,90 m<\/li>\n\n\n\n<li>Mat\u00e9riau : Polycarbonate solide (prot\u00e9g\u00e9 contre les UV, haute r\u00e9sistance aux chocs)<\/li>\n\n\n\n<li style=\"font-style:normal;font-weight:600\">Options de moteur :  <\/li>\n\n\n\n<li>hors-bord 30 cv essence &#8211; capot moteur dor\u00e9  <\/li>\n\n\n\n<li>Syst\u00e8me de moteur \u00e9lectrique (respectueux de l&rsquo;environnement, fonctionnement silencieux)<\/li>\n\n\n\n<li>\u00c9quipement : Syst\u00e8me audio JBL, \u00e9clairage LED, pompe de cale automatique, console moteur plaqu\u00e9e or<\/li>\n<\/ul>\n<\/div>\n<\/div>\n\n\n\n<div class=\"wp-block-columns is-style-default is-layout-flex wp-container-core-columns-is-layout-ebd733d1 wp-block-columns-is-layout-flex\" style=\"margin-top:20px;margin-bottom:20px\">\n<div class=\"wp-block-column is-layout-flow wp-container-core-column-is-layout-8a368f38 wp-block-column-is-layout-flow cozy-animation__initialized\" data-aos=\"zoom-in-up\" data-aos-easing=\"ease-in\" data-aos-anchor-placement=\"top-bottom\" data-aos-duration=\"1000\">\n<figure class=\"wp-block-image aligncenter size-full has-custom-border\"><img loading=\"lazy\" decoding=\"async\" width=\"2560\" height=\"1905\" src=\"https:\/\/ynsghostboats.com\/wp-content\/uploads\/2025\/08\/yns.940-scaled.jpg\" alt=\"\" class=\"wp-image-6353\" style=\"border-radius:10px;aspect-ratio:3\/4;object-fit:cover\" srcset=\"https:\/\/ynsghostboats.com\/wp-content\/uploads\/2025\/08\/yns.940-scaled.jpg 2560w, https:\/\/ynsghostboats.com\/wp-content\/uploads\/2025\/08\/yns.940-300x223.jpg 300w, https:\/\/ynsghostboats.com\/wp-content\/uploads\/2025\/08\/yns.940-1024x762.jpg 1024w, https:\/\/ynsghostboats.com\/wp-content\/uploads\/2025\/08\/yns.940-768x571.jpg 768w, https:\/\/ynsghostboats.com\/wp-content\/uploads\/2025\/08\/yns.940-1536x1143.jpg 1536w, https:\/\/ynsghostboats.com\/wp-content\/uploads\/2025\/08\/yns.940-2048x1524.jpg 2048w\" sizes=\"auto, (max-width: 2560px) 100vw, 2560px\" \/><\/figure>\n<\/div>\n\n\n\n<div class=\"wp-block-column is-vertically-aligned-center is-content-justification-center is-layout-constrained wp-container-core-column-is-layout-6ead9d14 wp-block-column-is-layout-constrained\" style=\"padding-top:20px;padding-right:20px;padding-bottom:20px;padding-left:20px;font-size:15px;line-height:1.8\">\n<p class=\"notranslate has-luminous-vivid-amber-color has-text-color has-link-color wp-elements-b91c52f20a320478772ded6c2783e858\" style=\"font-size:14px;font-style:normal;font-weight:500;line-height:1.2;text-transform:uppercase\"><font style=\"vertical-align: inherit;\"><font style=\"vertical-align: inherit;\"><font style=\"vertical-align: inherit;\"><font style=\"vertical-align: inherit;\">Golden Mirage<\/font><\/font><\/font><\/font><\/p>\n\n\n<link rel=\"stylesheet\" href=\"https:\/\/fonts.googleapis.com\/css2?family=Inter:wght@400;500;600;700;800\" \/>\n<h2 class=\"wp-block-heading has-background-color has-text-color has-link-color wp-elements-958fd19505d81d2382788670854681eb cozy-animation__initialized\" style=\"margin-top:0;margin-right:0;margin-bottom:0;margin-left:0;padding-top:20px;padding-bottom:20px;font-size:36px;font-style:normal;font-weight:600;line-height:1.3; font-family: 'Inter' !important;\" data-aos=\"flip-up\" data-aos-easing=\"ease-in\" data-aos-anchor-placement=\"top-bottom\" data-aos-duration=\"600\" style=\"margin-top:0;margin-right:0;margin-bottom:0;margin-left:0;padding-top:20px;padding-bottom:20px;font-size:36px;font-style:normal;font-weight:600;line-height:1.3\"><font style=\"vertical-align: inherit;\"><font style=\"vertical-align: inherit;\">Symbole de luxe et de prestige<\/font><\/font><\/h2>\n\n\n\n<ul style=\"padding-top:0;padding-right:5px;padding-bottom:0;padding-left:5px;line-height:1.8\" class=\"wp-block-list is-style-list-style-no-bullet\">\n<li>Con\u00e7u pour les collectionneurs \u00e0 la recherche de distinction dans les marinas les plus exclusives du Golfe Arabique.<\/li>\n\n\n\n<li>Les accessoires plaqu\u00e9s or sont enti\u00e8rement prot\u00e9g\u00e9s contre l&rsquo;eau de mer et conservent leur \u00e9clat pendant des ann\u00e9es.<\/li>\n\n\n\n<li>Chaque d\u00e9tail est un m\u00e9lange d&rsquo;ing\u00e9nierie sup\u00e9rieure et d&rsquo;artisanat raffin\u00e9.<\/li>\n<\/ul>\n<\/div>\n<\/div>\n\n\n\n<div class=\"wp-block-columns is-style-default is-layout-flex wp-container-core-columns-is-layout-ebd733d1 wp-block-columns-is-layout-flex\" style=\"margin-top:20px;margin-bottom:20px\">\n<div class=\"wp-block-column is-layout-flow wp-container-core-column-is-layout-8a368f38 wp-block-column-is-layout-flow cozy-animation__initialized\" data-aos=\"zoom-in-up\" data-aos-easing=\"ease-in\" data-aos-anchor-placement=\"top-bottom\" data-aos-duration=\"1000\">\n<figure class=\"wp-block-image aligncenter size-full has-custom-border\"><img loading=\"lazy\" decoding=\"async\" width=\"1054\" height=\"2269\" src=\"https:\/\/ynsghostboats.com\/wp-content\/uploads\/2025\/08\/yns.951.jpg\" alt=\"\" class=\"wp-image-6349\" style=\"border-radius:10px;aspect-ratio:3\/4;object-fit:cover\" srcset=\"https:\/\/ynsghostboats.com\/wp-content\/uploads\/2025\/08\/yns.951.jpg 1054w, https:\/\/ynsghostboats.com\/wp-content\/uploads\/2025\/08\/yns.951-139x300.jpg 139w, https:\/\/ynsghostboats.com\/wp-content\/uploads\/2025\/08\/yns.951-476x1024.jpg 476w, https:\/\/ynsghostboats.com\/wp-content\/uploads\/2025\/08\/yns.951-768x1653.jpg 768w, https:\/\/ynsghostboats.com\/wp-content\/uploads\/2025\/08\/yns.951-714x1536.jpg 714w, https:\/\/ynsghostboats.com\/wp-content\/uploads\/2025\/08\/yns.951-951x2048.jpg 951w\" sizes=\"auto, (max-width: 1054px) 100vw, 1054px\" \/><\/figure>\n<\/div>\n\n\n\n<div class=\"wp-block-column is-vertically-aligned-center is-content-justification-center is-layout-constrained wp-container-core-column-is-layout-6ead9d14 wp-block-column-is-layout-constrained\" style=\"padding-top:20px;padding-right:20px;padding-bottom:20px;padding-left:20px;font-size:15px;line-height:1.8\">\n<p class=\"notranslate has-luminous-vivid-amber-color has-text-color has-link-color wp-elements-b91c52f20a320478772ded6c2783e858\" style=\"font-size:14px;font-style:normal;font-weight:500;line-height:1.2;text-transform:uppercase\"><font style=\"vertical-align: inherit;\"><font style=\"vertical-align: inherit;\"><font style=\"vertical-align: inherit;\"><font style=\"vertical-align: inherit;\">Golden Mirage<\/font><\/font><\/font><\/font><\/p>\n\n\n<link rel=\"stylesheet\" href=\"https:\/\/fonts.googleapis.com\/css2?family=Inter:wght@400;500;600;700;800\" \/>\n<h2 class=\"wp-block-heading has-background-color has-text-color has-link-color wp-elements-f60811e1e4ba57c83745f18c8e31e22c cozy-animation__initialized\" style=\"margin-top:0;margin-right:0;margin-bottom:0;margin-left:0;padding-top:20px;padding-bottom:20px;font-size:36px;font-style:normal;font-weight:600;line-height:1.3; font-family: 'Inter' !important;\" data-aos=\"flip-up\" data-aos-easing=\"ease-in\" data-aos-anchor-placement=\"top-bottom\" data-aos-duration=\"600\" style=\"margin-top:0;margin-right:0;margin-bottom:0;margin-left:0;padding-top:20px;padding-bottom:20px;font-size:36px;font-style:normal;font-weight:600;line-height:1.3\"><font style=\"vertical-align: inherit;\"><font style=\"vertical-align: inherit;\">Livraison et service exclusifs<\/font><\/font><\/h2>\n\n\n\n<ul style=\"padding-top:0;padding-right:5px;padding-bottom:0;padding-left:5px;line-height:1.8\" class=\"wp-block-list is-style-list-style-no-bullet\">\n<li>Livr\u00e9 par fret a\u00e9rien dans un d\u00e9lai de 50 jours \u00e0 tous les pays du Golfe, y compris Duba\u00ef, le Qatar, le Kowe\u00eft et l&rsquo;Arabie saoudite.<\/li>\n\n\n\n<li>Chaque acheteur re\u00e7oit une luxueuse plaque plaqu\u00e9e or portant son num\u00e9ro de s\u00e9rie personnel.<\/li>\n<\/ul>\n<\/div>\n<\/div>\n\n\n\n<div class=\"wp-block-columns is-style-default is-layout-flex wp-container-core-columns-is-layout-ebd733d1 wp-block-columns-is-layout-flex\" style=\"margin-top:20px;margin-bottom:20px\">\n<div class=\"wp-block-column is-layout-flow wp-container-core-column-is-layout-8a368f38 wp-block-column-is-layout-flow cozy-animation__initialized\" data-aos=\"zoom-in-up\" data-aos-easing=\"ease-in\" data-aos-anchor-placement=\"top-bottom\" data-aos-duration=\"1000\">\n<figure class=\"wp-block-image aligncenter size-full has-custom-border\"><img loading=\"lazy\" decoding=\"async\" width=\"2560\" height=\"1905\" src=\"https:\/\/ynsghostboats.com\/wp-content\/uploads\/2025\/08\/yns.947-scaled.jpg\" alt=\"\" class=\"wp-image-6352\" style=\"border-radius:10px;aspect-ratio:4\/3;object-fit:cover\" srcset=\"https:\/\/ynsghostboats.com\/wp-content\/uploads\/2025\/08\/yns.947-scaled.jpg 2560w, https:\/\/ynsghostboats.com\/wp-content\/uploads\/2025\/08\/yns.947-300x223.jpg 300w, https:\/\/ynsghostboats.com\/wp-content\/uploads\/2025\/08\/yns.947-1024x762.jpg 1024w, https:\/\/ynsghostboats.com\/wp-content\/uploads\/2025\/08\/yns.947-768x571.jpg 768w, https:\/\/ynsghostboats.com\/wp-content\/uploads\/2025\/08\/yns.947-1536x1143.jpg 1536w, https:\/\/ynsghostboats.com\/wp-content\/uploads\/2025\/08\/yns.947-2048x1524.jpg 2048w\" sizes=\"auto, (max-width: 2560px) 100vw, 2560px\" \/><\/figure>\n<\/div>\n\n\n\n<div class=\"wp-block-column is-vertically-aligned-center is-content-justification-center is-layout-constrained wp-container-core-column-is-layout-6ead9d14 wp-block-column-is-layout-constrained\" style=\"padding-top:20px;padding-right:20px;padding-bottom:20px;padding-left:20px;font-size:15px;line-height:1.8\">\n<p class=\"notranslate has-luminous-vivid-amber-color has-text-color has-link-color wp-elements-b91c52f20a320478772ded6c2783e858\" style=\"font-size:14px;font-style:normal;font-weight:500;line-height:1.2;text-transform:uppercase\"><font style=\"vertical-align: inherit;\"><font style=\"vertical-align: inherit;\"><font style=\"vertical-align: inherit;\"><font style=\"vertical-align: inherit;\">Golden Mirage<\/font><\/font><\/font><\/font><\/p>\n\n\n<link rel=\"stylesheet\" href=\"https:\/\/fonts.googleapis.com\/css2?family=Inter:wght@400;500;600;700;800\" \/>\n<h2 class=\"wp-block-heading has-background-color has-text-color has-link-color wp-elements-a811c4e416e0f31010363c0cb5fadb0c cozy-animation__initialized\" style=\"margin-top:0;margin-right:0;margin-bottom:0;margin-left:0;padding-top:20px;padding-bottom:20px;font-size:36px;font-style:normal;font-weight:600;line-height:1.3; font-family: 'Inter' !important;\" data-aos=\"flip-up\" data-aos-easing=\"ease-in\" data-aos-anchor-placement=\"top-bottom\" data-aos-duration=\"600\" style=\"margin-top:0;margin-right:0;margin-bottom:0;margin-left:0;padding-top:20px;padding-bottom:20px;font-size:36px;font-style:normal;font-weight:600;line-height:1.3\"><font style=\"vertical-align: inherit;\"><font style=\"vertical-align: inherit;\">Prix et r\u00e9servation<\/font><\/font><\/h2>\n\n\n\n<ul style=\"padding-top:0;padding-right:5px;padding-bottom:0;padding-left:5px;line-height:1.8\" class=\"wp-block-list is-style-list-style-no-bullet\">\n<li>Prix : \u20ac 300 000<\/li>\n\n\n\n<li>Acompte : 200 000 \u20ac (non remboursable, payable \u00e0 la commande)<\/li>\n\n\n\n<li>D\u00e9lai de livraison : 50 jours (y compris le fret a\u00e9rien)<\/li>\n\n\n\n<li>Quantit\u00e9 de production : Limit\u00e9 \u00e0 10 unit\u00e9s dans le monde<\/li>\n<\/ul>\n<\/div>\n<\/div>\n<\/div>\n<\/div>\n","protected":false},"excerpt":{"rendered":"<p>Golden Mirage Sp\u00e9cifications g\u00e9n\u00e9rales Golden Mirage Sp\u00e9cifications techniques Golden Mirage Symbole de luxe et de prestige Golden Mirage Livraison et service exclusifs Golden Mirage Prix et r\u00e9servation<\/p>\n","protected":false},"author":1,"featured_media":0,"parent":0,"menu_order":0,"comment_status":"closed","ping_status":"closed","template":"","meta":{"footnotes":""},"class_list":["post-6683","page","type-page","status-publish","hentry"],"aioseo_notices":[],"_links":{"self":[{"href":"https:\/\/ynsghostboats.com\/fr\/wp-json\/wp\/v2\/pages\/6683","targetHints":{"allow":["GET"]}}],"collection":[{"href":"https:\/\/ynsghostboats.com\/fr\/wp-json\/wp\/v2\/pages"}],"about":[{"href":"https:\/\/ynsghostboats.com\/fr\/wp-json\/wp\/v2\/types\/page"}],"author":[{"embeddable":true,"href":"https:\/\/ynsghostboats.com\/fr\/wp-json\/wp\/v2\/users\/1"}],"replies":[{"embeddable":true,"href":"https:\/\/ynsghostboats.com\/fr\/wp-json\/wp\/v2\/comments?post=6683"}],"version-history":[{"count":22,"href":"https:\/\/ynsghostboats.com\/fr\/wp-json\/wp\/v2\/pages\/6683\/revisions"}],"predecessor-version":[{"id":8305,"href":"https:\/\/ynsghostboats.com\/fr\/wp-json\/wp\/v2\/pages\/6683\/revisions\/8305"}],"wp:attachment":[{"href":"https:\/\/ynsghostboats.com\/fr\/wp-json\/wp\/v2\/media?parent=6683"}],"curies":[{"name":"wp","href":"https:\/\/api.w.org\/{rel}","templated":true}]}}