{"id":5598,"date":"2024-11-22T16:03:51","date_gmt":"2024-11-22T16:03:51","guid":{"rendered":"https:\/\/ynsghostboats.com\/service-clientele\/"},"modified":"2026-03-31T14:47:14","modified_gmt":"2026-03-31T14:47:14","slug":"service-clientele","status":"publish","type":"page","link":"https:\/\/ynsghostboats.com\/fr\/service-clientele\/","title":{"rendered":"Service Client\u00e8le"},"content":{"rendered":"\n<div class=\"wp-block-group yns-page-top is-layout-constrained wp-block-group-is-layout-constrained\" style=\"margin-top:0;margin-bottom:0\">\n<div class=\"wp-block-cover has-parallax is-style-default yns-page-banner has-white-color has-text-color has-link-color wp-elements-055129af146a9296775f6106a2e0787a\" style=\"margin-bottom:0px;padding-right:20px;padding-left:20px;min-height:550px;aspect-ratio:unset;\"><div class=\"wp-block-cover__image-background wp-image-5969 has-parallax\" style=\"background-position:50% 50%;background-image:url(https:\/\/ynsghostboats.com\/wp-content\/uploads\/2024\/12\/DJI_0822-scaled.jpg)\"><\/div><span aria-hidden=\"true\" class=\"wp-block-cover__background has-foreground-background-color has-background-dim\"><\/span><div class=\"wp-block-cover__inner-container is-layout-constrained wp-container-core-cover-is-layout-8a5b376c wp-block-cover-is-layout-constrained\">\n<p class=\"has-text-align-center has-xx-large-font-size\">Service Client\u00e8le<\/p>\n\n\n\n<p class=\"has-text-align-center has-small-font-size\" style=\"margin-top:var(--wp--preset--spacing--50);margin-right:var(--wp--preset--spacing--50);margin-bottom:var(--wp--preset--spacing--50);margin-left:var(--wp--preset--spacing--50)\">Bienvenue chez le Service Client YNS Ghostboats !<\/p>\n<\/div><\/div>\n<\/div>\n\n\n\n<div class=\"wp-block-group is-layout-constrained wp-container-core-group-is-layout-9540bd20 wp-block-group-is-layout-constrained\" style=\"margin-top:0;margin-bottom:0;padding-top:60px;padding-right:20px;padding-bottom:60px;padding-left:20px\">\n<p>Chez YNS Ghostboats, nous nous engageons \u00e0 rendre votre exp\u00e9rience d&rsquo;acquisition d&rsquo;un bateau transparent aussi simple et agr\u00e9able que possible. Notre engagement envers l&rsquo;innovation est \u00e9gal \u00e0 notre priorit\u00e9 pour la satisfaction client. Que vous soyez novice en navigation ou propri\u00e9taire exp\u00e9riment\u00e9, nous sommes l\u00e0 pour vous guider et vous accompagner \u00e0 chaque \u00e9tape.  <\/p>\n\n\n\n<h2 class=\"wp-block-heading\">Comment pouvons-nous vous aider ?<\/h2>\n\n\n\n<p><strong>1. Informations sur le produit<\/strong><br>D\u00e9couvrez les caract\u00e9ristiques uniques de nos bateaux transparents, con\u00e7us en mat\u00e9riau polycarbonate solide et durable, offrant des vues sous-marines incomparables. En savoir plus sur les options de personnalisation, y compris les configurations motoris\u00e9es ou manuelles. <\/p>\n\n\n\n<p><strong>2. Consultation personnalis\u00e9e<\/strong><br>Vous ne savez pas quel mod\u00e8le correspond \u00e0 vos besoins ? Notre \u00e9quipe propose des consultations individuelles pour vous aider \u00e0 choisir le bateau adapt\u00e9 \u00e0 vos pr\u00e9f\u00e9rences, objectifs et budget. <\/p>\n\n\n\n<p><strong>3. Assistance \u00e0 la personnalisation<\/strong><br>Concevez votre bateau \u00e0 votre fa\u00e7on ! Des syst\u00e8mes d&rsquo;\u00e9clairage aux configurations de moteur, en passant par les syst\u00e8mes audio, nos experts sont l\u00e0 pour vous guider dans toutes les options de personnalisation disponibles. <\/p>\n\n\n\n<p><strong>4. Support apr\u00e8s-vente<\/strong><br>Votre relation avec YNS Ghostboats ne s&rsquo;arr\u00eate pas \u00e0 l&rsquo;achat. Nous offrons des conseils de maintenance, une assistance en cas de probl\u00e8me, et des services de personnalisation suppl\u00e9mentaires pour tirer le meilleur parti de votre bateau. <\/p>\n\n\n\n<h2 class=\"wp-block-heading\">Pourquoi choisir YNS Ghostboats ?<\/h2>\n\n\n\n<p><strong>Fabrication de qualit\u00e9 sup\u00e9rieure <\/strong>: Nos bateaux sont fabriqu\u00e9s en polycarbonate solide, offrant une durabilit\u00e9 et une s\u00e9curit\u00e9 in\u00e9gal\u00e9es.<\/p>\n\n\n\n<p><strong>Conseils d&rsquo;experts<\/strong> : De la conception \u00e0 la livraison, notre \u00e9quipe exp\u00e9riment\u00e9e est l\u00e0 pour vous aider.<\/p>\n\n\n\n<p><strong>Innovation durable<\/strong> : Nous sommes fiers d&rsquo;utiliser des mat\u00e9riaux et des conceptions respectueux de l&rsquo;environnement qui soutiennent la pr\u00e9servation marine.<\/p>\n\n\n\n<h2 class=\"wp-block-heading\">Contactez-nous<\/h2>\n\n\n\n<p><strong>Email<\/strong>: <a href=\"mailto:info@ynsghostboats.com\">info@ynsghostboats.com<\/a><\/p>\n\n\n\n<p><strong>T\u00e9l\u00e9phone<\/strong>: <a href=\"tel:+90%20531%20494%2060%2079\">+90 531 494 60 79<\/a><\/p>\n\n\n\n<p><strong>Adresse<\/strong>: Adil Mah. Pelit\u00f6ren Sk. No: 23\/B, Sultanbeyli, 34920 \u0130stanbul, T\u00fcrkiye<\/p>\n\n\n\n<p>Merci d&rsquo;avoir choisi YNS Ghostboats. Red\u00e9finissons ensemble votre exp\u00e9rience de navigation avec innovation et style ! <\/p>\n<\/div>\n","protected":false},"excerpt":{"rendered":"<p>Chez YNS Ghostboats, nous nous engageons \u00e0 rendre votre exp\u00e9rience d&rsquo;acquisition d&rsquo;un bateau transparent aussi simple et agr\u00e9able que possible. Notre engagement envers l&rsquo;innovation est \u00e9gal \u00e0 notre priorit\u00e9 pour la satisfaction client. Que vous soyez novice en navigation ou propri\u00e9taire exp\u00e9riment\u00e9, nous sommes l\u00e0 pour vous guider et vous accompagner \u00e0 chaque \u00e9tape. Comment&#8230;<\/p>\n","protected":false},"author":1,"featured_media":0,"parent":0,"menu_order":0,"comment_status":"closed","ping_status":"closed","template":"","meta":{"footnotes":""},"class_list":["post-5598","page","type-page","status-publish","hentry"],"aioseo_notices":[],"_links":{"self":[{"href":"https:\/\/ynsghostboats.com\/fr\/wp-json\/wp\/v2\/pages\/5598","targetHints":{"allow":["GET"]}}],"collection":[{"href":"https:\/\/ynsghostboats.com\/fr\/wp-json\/wp\/v2\/pages"}],"about":[{"href":"https:\/\/ynsghostboats.com\/fr\/wp-json\/wp\/v2\/types\/page"}],"author":[{"embeddable":true,"href":"https:\/\/ynsghostboats.com\/fr\/wp-json\/wp\/v2\/users\/1"}],"replies":[{"embeddable":true,"href":"https:\/\/ynsghostboats.com\/fr\/wp-json\/wp\/v2\/comments?post=5598"}],"version-history":[{"count":3,"href":"https:\/\/ynsghostboats.com\/fr\/wp-json\/wp\/v2\/pages\/5598\/revisions"}],"predecessor-version":[{"id":8386,"href":"https:\/\/ynsghostboats.com\/fr\/wp-json\/wp\/v2\/pages\/5598\/revisions\/8386"}],"wp:attachment":[{"href":"https:\/\/ynsghostboats.com\/fr\/wp-json\/wp\/v2\/media?parent=5598"}],"curies":[{"name":"wp","href":"https:\/\/api.w.org\/{rel}","templated":true}]}}