{"id":3777,"date":"2024-10-03T15:56:15","date_gmt":"2024-10-03T15:56:15","guid":{"rendered":"https:\/\/ynsghostboats.com\/la-mission\/"},"modified":"2024-12-14T18:22:19","modified_gmt":"2024-12-14T18:22:19","slug":"la-mission","status":"publish","type":"page","link":"https:\/\/ynsghostboats.com\/fr\/la-mission\/","title":{"rendered":"La mission"},"content":{"rendered":"\n<div class=\"wp-block-group is-layout-constrained wp-block-group-is-layout-constrained\">\n<div class=\"wp-block-group alignfull has-background is-layout-constrained wp-container-core-group-is-layout-e6f1036d wp-block-group-is-layout-constrained\" style=\"background-color:#fffffe;margin-top:0;margin-bottom:0;padding-top:0;padding-right:0;padding-bottom:0;padding-left:0\">\n<div class=\"wp-block-group has-text-color has-link-color wp-elements-eef428e277657ccdae09b0ea327c442a is-layout-constrained wp-container-core-group-is-layout-15eb8b28 wp-block-group-is-layout-constrained\" style=\"color:#090b10;margin-top:0;margin-bottom:0;padding-top:80px;padding-right:16px;padding-bottom:80px;padding-left:16px;font-size:16px\"><link rel=\"stylesheet\" href=\"https:\/\/fonts.googleapis.com\/css2?family=Raleway:wght@400;500;600;700;800\" \/>\n<div class=\"wp-block-group is-content-justification-space-between is-layout-flex wp-container-core-group-is-layout-1098e503 wp-block-group-is-layout-flex\" style=\"margin-top:0;margin-bottom:0;padding-top:0;padding-right:0;padding-bottom:0;padding-left:0; font-family: 'Raleway' !important;\" style=\"margin-top:0;margin-bottom:0;padding-top:0;padding-right:0;padding-bottom:0;padding-left:0\">\n<div class=\"wp-block-group is-layout-flow wp-container-core-group-is-layout-92c9f0b4 wp-block-group-is-layout-flow\" style=\"margin-top:0;margin-bottom:0;padding-top:0;padding-right:0;padding-bottom:0;padding-left:0\"><link rel=\"stylesheet\" href=\"https:\/\/fonts.googleapis.com\/css2?family=Public+Sans:wght@400;500;600;700;800\" \/>\n<h4 class=\"wp-block-heading has-text-color has-link-color wp-elements-7f5923e2b8471494ac4c7f0f7f5ce3bb\" style=\"color:#01ae8f;margin-bottom:20px;font-size:14px;font-style:normal;font-weight:600;line-height:1.2;text-transform:uppercase; font-family: 'Public Sans' !important;\" style=\"color:#01ae8f;margin-bottom:20px;font-size:14px;font-style:normal;font-weight:600;line-height:1.2;text-transform:uppercase\">Notre mission<\/h4>\n\n\n<link rel=\"stylesheet\" href=\"https:\/\/fonts.googleapis.com\/css2?family=Raleway:wght@400;500;600;700;800\" \/>\n<h2 class=\"wp-block-heading has-text-color has-link-color wp-elements-49a8fb9959ef10c08df919d9db1980ee cozy-animation__initialized\" style=\"color:#090b10;font-size:40px;font-style:normal;font-weight:600;line-height:1.2; font-family: 'Raleway' !important;\" data-aos=\"flip-up\" data-aos-easing=\"ease-in\" data-aos-anchor-placement=\"top-bottom\" data-aos-duration=\"600\" style=\"color:#090b10;font-size:40px;font-style:normal;font-weight:600;line-height:1.2\">Chez YNS Ghostboats, nous pensons que le temps pass\u00e9 sur l&rsquo;eau doit \u00eatre plus qu&rsquo;une simple balade &#8211; il doit \u00eatre une exp\u00e9rience.<\/h2>\n<\/div>\n\n\n\n<div class=\"wp-block-group has-text-color has-link-color wp-elements-5f9551b179891cd036e17976b83a151a is-layout-flow wp-container-core-group-is-layout-548c0a7b wp-block-group-is-layout-flow\" style=\"color:#646464;margin-top:0;margin-bottom:0;padding-top:0;padding-right:0;padding-bottom:0;padding-left:0\">\n<p class=\"has-post-meta-color-color has-text-color has-link-color wp-elements-5d0b34dc7a18b0691e0073776a3933f3\" style=\"margin-top:0;margin-bottom:20px\">Nos bateaux sont con\u00e7us avec soin pour offrir un lien unique avec la mer, cr\u00e9ant un sentiment de libert\u00e9 et d&rsquo;aventure que vous ne trouverez nulle part ailleurs. Que vous naviguiez le long de la c\u00f4te, dans des eaux sereines ou que vous exploriez de nouveaux horizons, nous concevons nos bateaux pour vous faire profiter de chaque instant. <\/p>\n\n\n\n<p class=\"has-post-meta-color-color has-text-color has-link-color wp-elements-4ed99244af586b9e0f6ef9dc5701dce4\" style=\"margin-bottom:20px\">Notre engagement en faveur de la qualit\u00e9 est au c\u0153ur de tout ce que nous faisons. Depuis les mat\u00e9riaux que nous choisissons jusqu&rsquo;\u00e0 la fabrication de chaque bateau, nous veillons \u00e0 ce que chaque bateau que nous construisons soit non seulement fiable et durable, mais aussi beau et innovant. Nous sommes fiers d&rsquo;allier fonctionnalit\u00e9 et cr\u00e9ativit\u00e9, pour vous permettre de profiter de l&rsquo;eau dans le confort et le style.  <\/p>\n\n\n\n<p class=\"has-post-meta-color-color has-text-color has-link-color wp-elements-d41d833cc73ac4ab6be5f9ef50b68362\" style=\"margin-bottom:20px\">Plus qu&rsquo;un simple fabricant de bateaux, nous sommes passionn\u00e9s par la cr\u00e9ation de souvenirs inoubliables. Nous savons que le temps pass\u00e9 sur l&rsquo;eau est pr\u00e9cieux et c&rsquo;est pourquoi nous nous effor\u00e7ons de concevoir des bateaux qui inspirent l&rsquo;aventure, la d\u00e9tente et la connexion, tant avec la nature qu&rsquo;avec les personnes avec qui vous la partagez. <\/p>\n\n\n\n<p class=\"has-post-meta-color-color has-text-color has-link-color wp-elements-c8d36d438d2327b569af8cc06f90840e\" style=\"margin-bottom:20px\">Que vous soyez un marin exp\u00e9riment\u00e9 ou un novice en mati\u00e8re de navigation de plaisance, notre \u00e9quipe est l\u00e0 pour vous accompagner \u00e0 chaque \u00e9tape. Nous vous invitons \u00e0 embarquer pour un voyage avec nous, o\u00f9 l&rsquo;eau devient votre terrain de jeu, et o\u00f9 chaque voyage devient une histoire qui m\u00e9rite d&rsquo;\u00eatre racont\u00e9e. <\/p>\n\n\n\n<p class=\"has-post-meta-color-color has-text-color has-link-color wp-elements-67dc14dd8c648a44ce0cf9f47cbbd022\">Montez \u00e0 bord et embarquez pour un voyage qui vous laissera des souvenirs imp\u00e9rissables.<\/p>\n<\/div>\n<\/div>\n\n\n\n<div class=\"wp-block-columns is-layout-flex wp-container-core-columns-is-layout-b91adf8c wp-block-columns-is-layout-flex\" style=\"margin-top:60px;margin-bottom:0;padding-top:0;padding-right:0;padding-bottom:0;padding-left:0\">\n<div class=\"wp-block-column is-vertically-aligned-top is-layout-flow wp-container-core-column-is-layout-470e7e12 wp-block-column-is-layout-flow cozy-animation__initialized\" data-aos=\"fade-right\" data-aos-easing=\"ease\" data-aos-anchor-placement=\"top-bottom\" data-aos-duration=\"1000\" style=\"padding-top:0;padding-right:0;padding-bottom:0;padding-left:0\">\n<figure class=\"wp-block-image size-full has-custom-border\"><img loading=\"lazy\" decoding=\"async\" width=\"2560\" height=\"1707\" src=\"https:\/\/ynsghostboats.com\/wp-content\/uploads\/2024\/12\/MR_9508-scaled.jpg\" alt=\"\" class=\"wp-image-6006\" style=\"border-radius:10px;aspect-ratio:4\/3;object-fit:cover\" srcset=\"https:\/\/ynsghostboats.com\/wp-content\/uploads\/2024\/12\/MR_9508-scaled.jpg 2560w, https:\/\/ynsghostboats.com\/wp-content\/uploads\/2024\/12\/MR_9508-300x200.jpg 300w, https:\/\/ynsghostboats.com\/wp-content\/uploads\/2024\/12\/MR_9508-1024x683.jpg 1024w, https:\/\/ynsghostboats.com\/wp-content\/uploads\/2024\/12\/MR_9508-768x512.jpg 768w, https:\/\/ynsghostboats.com\/wp-content\/uploads\/2024\/12\/MR_9508-1536x1024.jpg 1536w, https:\/\/ynsghostboats.com\/wp-content\/uploads\/2024\/12\/MR_9508-2048x1365.jpg 2048w\" sizes=\"auto, (max-width: 2560px) 100vw, 2560px\" \/><\/figure>\n<\/div>\n\n\n\n<div class=\"wp-block-column is-vertically-aligned-center is-layout-flow wp-container-core-column-is-layout-287f94af wp-block-column-is-layout-flow cozy-animation__initialized\" data-aos=\"fade-left\" data-aos-easing=\"ease\" data-aos-anchor-placement=\"top-bottom\" data-aos-duration=\"1000\" style=\"padding-top:0;padding-right:0;padding-bottom:0;padding-left:0\">\n<figure class=\"wp-block-image size-full has-custom-border\"><img loading=\"lazy\" decoding=\"async\" width=\"2560\" height=\"1707\" src=\"https:\/\/ynsghostboats.com\/wp-content\/uploads\/2024\/12\/MR_9644-scaled.jpg\" alt=\"\" class=\"wp-image-6007\" style=\"border-radius:10px;aspect-ratio:4\/3;object-fit:cover\" srcset=\"https:\/\/ynsghostboats.com\/wp-content\/uploads\/2024\/12\/MR_9644-scaled.jpg 2560w, https:\/\/ynsghostboats.com\/wp-content\/uploads\/2024\/12\/MR_9644-300x200.jpg 300w, https:\/\/ynsghostboats.com\/wp-content\/uploads\/2024\/12\/MR_9644-1024x683.jpg 1024w, https:\/\/ynsghostboats.com\/wp-content\/uploads\/2024\/12\/MR_9644-768x512.jpg 768w, https:\/\/ynsghostboats.com\/wp-content\/uploads\/2024\/12\/MR_9644-1536x1024.jpg 1536w, https:\/\/ynsghostboats.com\/wp-content\/uploads\/2024\/12\/MR_9644-2048x1365.jpg 2048w\" sizes=\"auto, (max-width: 2560px) 100vw, 2560px\" \/><\/figure>\n<\/div>\n<\/div>\n<\/div>\n<\/div>\n<\/div>\n","protected":false},"excerpt":{"rendered":"<p>Notre mission Chez YNS Ghostboats, nous pensons que le temps pass\u00e9 sur l&rsquo;eau doit \u00eatre plus qu&rsquo;une simple balade &#8211; il doit \u00eatre une exp\u00e9rience. Nos bateaux sont con\u00e7us avec soin pour offrir un lien unique avec la mer, cr\u00e9ant un sentiment de libert\u00e9 et d&rsquo;aventure que vous ne trouverez nulle part ailleurs. Que vous&#8230;<\/p>\n","protected":false},"author":1,"featured_media":0,"parent":0,"menu_order":0,"comment_status":"closed","ping_status":"closed","template":"","meta":{"footnotes":""},"class_list":["post-3777","page","type-page","status-publish","hentry"],"aioseo_notices":[],"_links":{"self":[{"href":"https:\/\/ynsghostboats.com\/fr\/wp-json\/wp\/v2\/pages\/3777","targetHints":{"allow":["GET"]}}],"collection":[{"href":"https:\/\/ynsghostboats.com\/fr\/wp-json\/wp\/v2\/pages"}],"about":[{"href":"https:\/\/ynsghostboats.com\/fr\/wp-json\/wp\/v2\/types\/page"}],"author":[{"embeddable":true,"href":"https:\/\/ynsghostboats.com\/fr\/wp-json\/wp\/v2\/users\/1"}],"replies":[{"embeddable":true,"href":"https:\/\/ynsghostboats.com\/fr\/wp-json\/wp\/v2\/comments?post=3777"}],"version-history":[{"count":2,"href":"https:\/\/ynsghostboats.com\/fr\/wp-json\/wp\/v2\/pages\/3777\/revisions"}],"predecessor-version":[{"id":6080,"href":"https:\/\/ynsghostboats.com\/fr\/wp-json\/wp\/v2\/pages\/3777\/revisions\/6080"}],"wp:attachment":[{"href":"https:\/\/ynsghostboats.com\/fr\/wp-json\/wp\/v2\/media?parent=3777"}],"curies":[{"name":"wp","href":"https:\/\/api.w.org\/{rel}","templated":true}]}}