{"id":3720,"date":"2024-10-03T17:23:30","date_gmt":"2024-10-03T17:23:30","guid":{"rendered":"https:\/\/ynsghostboats.com\/la-vision\/"},"modified":"2024-12-14T18:22:55","modified_gmt":"2024-12-14T18:22:55","slug":"la-vision","status":"publish","type":"page","link":"https:\/\/ynsghostboats.com\/fr\/la-vision\/","title":{"rendered":"La vision"},"content":{"rendered":"\n<div class=\"wp-block-group is-layout-constrained wp-block-group-is-layout-constrained\">\n<div class=\"wp-block-group is-layout-constrained wp-block-group-is-layout-constrained\">\n<div class=\"wp-block-group alignfull has-background is-layout-constrained wp-container-core-group-is-layout-e6f1036d wp-block-group-is-layout-constrained\" style=\"background-color:#fffffe;margin-top:0;margin-bottom:0;padding-top:0;padding-right:0;padding-bottom:0;padding-left:0\">\n<div class=\"wp-block-group is-layout-constrained wp-container-core-group-is-layout-1eeeb83a wp-block-group-is-layout-constrained\" style=\"padding-top:60px;padding-right:20px;padding-bottom:60px;padding-left:20px\">\n<div class=\"wp-block-columns is-layout-flex wp-container-core-columns-is-layout-73e09c0f wp-block-columns-is-layout-flex\" style=\"margin-top:0;margin-bottom:0;padding-top:0;padding-right:0;padding-bottom:0;padding-left:0\"><link rel=\"stylesheet\" href=\"https:\/\/fonts.googleapis.com\/css2?family=Public+Sans:wght@400;500;600;700;800\" \/>\n<div class=\"wp-block-column has-text-color has-link-color wp-elements-8e99315ed1b3165da637148b2367e0aa is-content-justification-left is-layout-constrained wp-container-core-column-is-layout-1a29a9f8 wp-block-column-is-layout-constrained\" style=\"color:#646464;padding-top:0;padding-bottom:0;font-size:14px; font-family: 'Public Sans' !important;\" style=\"color:#646464;padding-top:0;padding-bottom:0;font-size:14px\">\n<p class=\"has-text-color has-link-color wp-elements-35f1b5f9011752b41959291871ae0997\" style=\"color:#0d5fff;font-size:14px;font-style:normal;font-weight:500;line-height:1.2;text-transform:uppercase\">Notre vision<\/p>\n\n\n<link rel=\"stylesheet\" href=\"https:\/\/fonts.googleapis.com\/css2?family=Inter:wght@400;500;600;700;800\" \/>\n<h2 class=\"wp-block-heading has-text-color has-link-color wp-elements-183a255d1cb161a6c08cbc40e72ffac9 cozy-animation__initialized\" style=\"color:#090b10;margin-top:20px;margin-bottom:20px;font-size:44px;font-style:normal;font-weight:600;line-height:1.2; font-family: 'Inter' !important;\" data-aos=\"flip-up\" data-aos-easing=\"ease-in\" data-aos-anchor-placement=\"top-bottom\" data-aos-duration=\"600\" style=\"color:#090b10;margin-top:20px;margin-bottom:20px;font-size:44px;font-style:normal;font-weight:600;line-height:1.2\">Fa\u00e7onner l&rsquo;avenir du nautisme, une aventure \u00e0 la fois<\/h2>\n\n\n\n<p class=\"has-post-meta-color-color has-text-color has-link-color wp-elements-9cc19a8036e80a8f8ecd9f75d0e1aebb\" style=\"margin-bottom:20px\">Chez YNS Ghostboats, notre vision est de red\u00e9finir la fa\u00e7on dont les gens vivent leur vie sur l&rsquo;eau. Nous nous effor\u00e7ons d&rsquo;\u00eatre un leader en mati\u00e8re d&rsquo;innovation, en combinant une technologie de pointe avec un savoir-faire intemporel pour cr\u00e9er des bateaux qui inspirent l&rsquo;exploration, la relaxation et la connexion avec la nature. <\/p>\n\n\n\n<p class=\"has-post-meta-color-color has-text-color has-link-color wp-elements-014de4f48926f1535968025c4bfb78f6\" style=\"margin-bottom:20px\">Notre objectif est de repousser les limites de la conception marine, en \u00e9tablissant de nouvelles normes en mati\u00e8re de qualit\u00e9, de durabilit\u00e9 et de performance. Nous imaginons un avenir o\u00f9 chacun pourra profiter de la beaut\u00e9 et de la libert\u00e9 de l&rsquo;eau dans un bateau qui refl\u00e8te son individualit\u00e9 et sa passion pour l&rsquo;aventure. <\/p>\n\n\n\n<p class=\"has-post-meta-color-color has-text-color has-link-color wp-elements-4f288a87bdead989be9f1ce829732ab7\" style=\"margin-bottom:20px\">Nous nous engageons non seulement \u00e0 am\u00e9liorer l&rsquo;exp\u00e9rience de la navigation de plaisance, mais aussi \u00e0 veiller \u00e0 ce que nos innovations respectent et pr\u00e9servent les environnements marins que nous ch\u00e9rissons. En encourageant la cr\u00e9ativit\u00e9 et l&rsquo;excellence, nous souhaitons laisser un impact positif et durable sur nos clients et sur le monde de la navigation de plaisance. <\/p>\n\n\n\n<p class=\"has-post-meta-color-color has-text-color has-link-color wp-elements-b1e7e1077ae665a15d80ac4302cb78e4\" style=\"margin-top:6px;margin-bottom:6px\">Rejoignez-nous pour continuer \u00e0 tracer de nouvelles voies, en cr\u00e9ant des exp\u00e9riences exceptionnelles et des voyages inoubliables pour tous les amoureux de l&rsquo;eau.<\/p>\n<\/div>\n\n\n\n<div class=\"wp-block-column is-layout-flow wp-block-column-is-layout-flow cozy-animation__initialized\" data-aos=\"zoom-in-up\" data-aos-easing=\"ease-in\" data-aos-anchor-placement=\"top-bottom\" data-aos-duration=\"1000\">\n<div class=\"wp-block-group is-nowrap is-layout-flex wp-container-core-group-is-layout-db6c42ee wp-block-group-is-layout-flex\">\n<div class=\"wp-block-group is-layout-constrained wp-block-group-is-layout-constrained\" style=\"margin-top:0;padding-top:0;padding-bottom:0\">\n<div style=\"height:8vw\" aria-hidden=\"true\" class=\"wp-block-spacer\"><\/div>\n\n\n\n<figure class=\"wp-block-image size-full has-custom-border\"><img loading=\"lazy\" decoding=\"async\" width=\"2560\" height=\"1917\" src=\"https:\/\/ynsghostboats.com\/wp-content\/uploads\/2024\/12\/DJI_0822-1-scaled.jpg\" alt=\"\" class=\"wp-image-6012\" style=\"border-radius:10px;aspect-ratio:3\/4;object-fit:cover\" srcset=\"https:\/\/ynsghostboats.com\/wp-content\/uploads\/2024\/12\/DJI_0822-1-scaled.jpg 2560w, https:\/\/ynsghostboats.com\/wp-content\/uploads\/2024\/12\/DJI_0822-1-300x225.jpg 300w, https:\/\/ynsghostboats.com\/wp-content\/uploads\/2024\/12\/DJI_0822-1-1024x767.jpg 1024w, https:\/\/ynsghostboats.com\/wp-content\/uploads\/2024\/12\/DJI_0822-1-768x575.jpg 768w, https:\/\/ynsghostboats.com\/wp-content\/uploads\/2024\/12\/DJI_0822-1-1536x1150.jpg 1536w, https:\/\/ynsghostboats.com\/wp-content\/uploads\/2024\/12\/DJI_0822-1-2048x1534.jpg 2048w\" sizes=\"auto, (max-width: 2560px) 100vw, 2560px\" \/><\/figure>\n<\/div>\n\n\n\n<figure class=\"wp-block-image size-full has-custom-border\"><img loading=\"lazy\" decoding=\"async\" width=\"2560\" height=\"1917\" src=\"https:\/\/ynsghostboats.com\/wp-content\/uploads\/2024\/12\/DJI_0824-scaled.jpg\" alt=\"\" class=\"wp-image-6013\" style=\"border-radius:10px;aspect-ratio:3\/4;object-fit:cover\" srcset=\"https:\/\/ynsghostboats.com\/wp-content\/uploads\/2024\/12\/DJI_0824-scaled.jpg 2560w, https:\/\/ynsghostboats.com\/wp-content\/uploads\/2024\/12\/DJI_0824-300x225.jpg 300w, https:\/\/ynsghostboats.com\/wp-content\/uploads\/2024\/12\/DJI_0824-1024x767.jpg 1024w, https:\/\/ynsghostboats.com\/wp-content\/uploads\/2024\/12\/DJI_0824-768x575.jpg 768w, https:\/\/ynsghostboats.com\/wp-content\/uploads\/2024\/12\/DJI_0824-1536x1150.jpg 1536w, https:\/\/ynsghostboats.com\/wp-content\/uploads\/2024\/12\/DJI_0824-2048x1534.jpg 2048w\" sizes=\"auto, (max-width: 2560px) 100vw, 2560px\" \/><\/figure>\n<\/div>\n<\/div>\n<\/div>\n<\/div>\n<\/div>\n<\/div>\n<\/div>\n","protected":false},"excerpt":{"rendered":"<p>Notre vision Fa\u00e7onner l&rsquo;avenir du nautisme, une aventure \u00e0 la fois Chez YNS Ghostboats, notre vision est de red\u00e9finir la fa\u00e7on dont les gens vivent leur vie sur l&rsquo;eau. Nous nous effor\u00e7ons d&rsquo;\u00eatre un leader en mati\u00e8re d&rsquo;innovation, en combinant une technologie de pointe avec un savoir-faire intemporel pour cr\u00e9er des bateaux qui inspirent l&rsquo;exploration,&#8230;<\/p>\n","protected":false},"author":1,"featured_media":0,"parent":0,"menu_order":0,"comment_status":"closed","ping_status":"closed","template":"","meta":{"footnotes":""},"class_list":["post-3720","page","type-page","status-publish","hentry"],"aioseo_notices":[],"_links":{"self":[{"href":"https:\/\/ynsghostboats.com\/fr\/wp-json\/wp\/v2\/pages\/3720","targetHints":{"allow":["GET"]}}],"collection":[{"href":"https:\/\/ynsghostboats.com\/fr\/wp-json\/wp\/v2\/pages"}],"about":[{"href":"https:\/\/ynsghostboats.com\/fr\/wp-json\/wp\/v2\/types\/page"}],"author":[{"embeddable":true,"href":"https:\/\/ynsghostboats.com\/fr\/wp-json\/wp\/v2\/users\/1"}],"replies":[{"embeddable":true,"href":"https:\/\/ynsghostboats.com\/fr\/wp-json\/wp\/v2\/comments?post=3720"}],"version-history":[{"count":2,"href":"https:\/\/ynsghostboats.com\/fr\/wp-json\/wp\/v2\/pages\/3720\/revisions"}],"predecessor-version":[{"id":6126,"href":"https:\/\/ynsghostboats.com\/fr\/wp-json\/wp\/v2\/pages\/3720\/revisions\/6126"}],"wp:attachment":[{"href":"https:\/\/ynsghostboats.com\/fr\/wp-json\/wp\/v2\/media?parent=3720"}],"curies":[{"name":"wp","href":"https:\/\/api.w.org\/{rel}","templated":true}]}}