{"id":2874,"date":"2024-09-17T10:15:52","date_gmt":"2024-09-17T10:15:52","guid":{"rendered":"https:\/\/ynsghostboats.com\/politique-de-confidentialite\/"},"modified":"2026-03-11T10:54:48","modified_gmt":"2026-03-11T10:54:48","slug":"politique-de-confidentialite","status":"publish","type":"page","link":"https:\/\/ynsghostboats.com\/fr\/politique-de-confidentialite\/","title":{"rendered":"Politique de confidentialit\u00e9"},"content":{"rendered":"\n<div class=\"wp-block-group yns-page-top is-layout-constrained wp-block-group-is-layout-constrained\" style=\"margin-top:0;margin-bottom:0\">\n<div class=\"wp-block-cover has-parallax is-style-default yns-page-banner has-white-color has-text-color has-link-color wp-elements-4cc36bbe378643ec9f3bd2bf9ff251f4\" style=\"margin-bottom:0px;padding-right:20px;padding-left:20px;min-height:550px;aspect-ratio:unset;\"><div class=\"wp-block-cover__image-background wp-image-5969 has-parallax\" style=\"background-position:50% 50%;background-image:url(https:\/\/ynsghostboats.com\/wp-content\/uploads\/2024\/12\/DJI_0822-scaled.jpg)\"><\/div><span aria-hidden=\"true\" class=\"wp-block-cover__background has-foreground-background-color has-background-dim\"><\/span><div class=\"wp-block-cover__inner-container is-layout-constrained wp-container-core-cover-is-layout-8a5b376c wp-block-cover-is-layout-constrained\">\n<p class=\"has-text-align-center has-xx-large-font-size\">Politique de confidentialit\u00e9<\/p>\n\n\n\n<p class=\"has-text-align-center has-small-font-size\" style=\"margin-top:var(--wp--preset--spacing--50);margin-right:var(--wp--preset--spacing--50);margin-bottom:var(--wp--preset--spacing--50);margin-left:var(--wp--preset--spacing--50)\">YNS Ghostboats respecte votre vie priv\u00e9e.<\/p>\n<\/div><\/div>\n<\/div>\n\n<div class=\"wp-block-group is-layout-constrained wp-container-core-group-is-layout-9540bd20 wp-block-group-is-layout-constrained\" style=\"margin-top:0;margin-bottom:0;padding-top:60px;padding-right:20px;padding-bottom:60px;padding-left:20px\">\n<p>La pr\u00e9sente politique de confidentialit\u00e9 explique comment nous traitons vos informations lorsque vous visitez le site www.ynsghostboats.com.<\/p>\n\n\n\n<h2 class=\"wp-block-heading\">Informations que nous recueillons<\/h2>\n\n\n\n<p>Nous collectons un minimum d&rsquo;informations pour am\u00e9liorer votre exp\u00e9rience de navigation :<\/p>\n\n\n\n<p>Fournies par vous : Si vous nous contactez, nous pouvons recueillir votre nom et votre adresse \u00e9lectronique.<\/p>\n\n\n\n<p><strong>Donn\u00e9es collect\u00e9es automatiquement :<\/strong> Donn\u00e9es g\u00e9n\u00e9rales d&rsquo;utilisation du site web, telles que votre adresse IP et votre type de navigateur, afin d&rsquo;am\u00e9liorer les fonctionnalit\u00e9s.<\/p>\n\n\n\n<h2 class=\"wp-block-heading\">Comment nous utilisons vos informations<\/h2>\n\n\n\n<p>Vos informations sont utilis\u00e9es uniquement pour :<\/p>\n\n\n\n<p>R\u00e9pondre \u00e0 vos demandes.<\/p>\n\n\n\n<p>Maintenir et am\u00e9liorer la fonctionnalit\u00e9 de notre site.<\/p>\n\n\n\n<h2 class=\"wp-block-heading\">Partage de vos informations<\/h2>\n\n\n\n<p>Nous ne vendons ni ne partageons vos informations personnelles avec des tiers, sauf si la loi l&rsquo;exige.<\/p>\n\n\n\n<h2 class=\"wp-block-heading\">S\u00e9curit\u00e9<\/h2>\n\n\n\n<p>Nous prenons des mesures raisonnables pour prot\u00e9ger vos donn\u00e9es. Cependant, aucune plateforme en ligne n&rsquo;est totalement s\u00fbre, et nous vous encourageons \u00e0 adopter des pratiques Internet s\u00fbres. <\/p>\n\n\n\n<h2 class=\"wp-block-heading\">Mises \u00e0 jour<\/h2>\n\n\n\n<p>Nous pouvons mettre \u00e0 jour la pr\u00e9sente politique de confidentialit\u00e9 si n\u00e9cessaire. La \u00ab\u00a0date d&rsquo;entr\u00e9e en vigueur\u00a0\u00bb refl\u00e9tera les derni\u00e8res modifications. <\/p>\n\n\n\n<h2 class=\"wp-block-heading\">Contactez-nous<\/h2>\n\n\n\n<p>Si vous avez des questions ou des pr\u00e9occupations concernant la pr\u00e9sente politique de protection de la vie priv\u00e9e, veuillez nous contacter \u00e0 l&rsquo;adresse suivante<\/p>\n\n\n\n<p>Courriel : <a href=\"mailto:info@ynsghostboats.com\">info@ynsghostboats.com<\/a><\/p>\n<\/div>\n","protected":false},"excerpt":{"rendered":"<p>La pr\u00e9sente politique de confidentialit\u00e9 explique comment nous traitons vos informations lorsque vous visitez le site www.ynsghostboats.com. Informations que nous recueillons Nous collectons un minimum d&rsquo;informations pour am\u00e9liorer votre exp\u00e9rience de navigation : Fournies par vous : Si vous nous contactez, nous pouvons recueillir votre nom et votre adresse \u00e9lectronique. Donn\u00e9es collect\u00e9es automatiquement : Donn\u00e9es&#8230;<\/p>\n","protected":false},"author":1,"featured_media":0,"parent":0,"menu_order":0,"comment_status":"closed","ping_status":"closed","template":"","meta":{"footnotes":""},"class_list":["post-2874","page","type-page","status-publish","hentry"],"aioseo_notices":[],"_links":{"self":[{"href":"https:\/\/ynsghostboats.com\/fr\/wp-json\/wp\/v2\/pages\/2874","targetHints":{"allow":["GET"]}}],"collection":[{"href":"https:\/\/ynsghostboats.com\/fr\/wp-json\/wp\/v2\/pages"}],"about":[{"href":"https:\/\/ynsghostboats.com\/fr\/wp-json\/wp\/v2\/types\/page"}],"author":[{"embeddable":true,"href":"https:\/\/ynsghostboats.com\/fr\/wp-json\/wp\/v2\/users\/1"}],"replies":[{"embeddable":true,"href":"https:\/\/ynsghostboats.com\/fr\/wp-json\/wp\/v2\/comments?post=2874"}],"version-history":[{"count":2,"href":"https:\/\/ynsghostboats.com\/fr\/wp-json\/wp\/v2\/pages\/2874\/revisions"}],"predecessor-version":[{"id":8290,"href":"https:\/\/ynsghostboats.com\/fr\/wp-json\/wp\/v2\/pages\/2874\/revisions\/8290"}],"wp:attachment":[{"href":"https:\/\/ynsghostboats.com\/fr\/wp-json\/wp\/v2\/media?parent=2874"}],"curies":[{"name":"wp","href":"https:\/\/api.w.org\/{rel}","templated":true}]}}