{"id":7319,"date":"2025-08-22T15:38:06","date_gmt":"2025-08-22T15:38:06","guid":{"rendered":"https:\/\/ynsghostboats.com\/noticias\/"},"modified":"2025-08-23T13:29:11","modified_gmt":"2025-08-23T13:29:11","slug":"noticias","status":"publish","type":"page","link":"https:\/\/ynsghostboats.com\/es\/noticias\/","title":{"rendered":"Noticias"},"content":{"rendered":"\n<div class=\"wp-block-group is-layout-flow wp-block-group-is-layout-flow\">\n<div class=\"wp-block-group alignfull has-background is-layout-constrained wp-container-core-group-is-layout-e6f1036d wp-block-group-is-layout-constrained\" style=\"background-color:#fffffe;margin-top:0;margin-bottom:0;padding-top:0;padding-right:0;padding-bottom:0;padding-left:0\">\n<div class=\"wp-block-group has-text-color has-link-color wp-elements-2fd8593efaf61e3780cea3186037b4ef is-layout-constrained wp-container-core-group-is-layout-15eb8b28 wp-block-group-is-layout-constrained\" style=\"color:#090b10;margin-top:0;margin-bottom:0;padding-top:80px;padding-right:16px;padding-bottom:80px;padding-left:16px;font-size:16px\"><link rel=\"stylesheet\" href=\"https:\/\/fonts.googleapis.com\/css2?family=Raleway:wght@400;500;600;700;800\" \/>\n<div class=\"wp-block-group is-content-justification-space-between is-layout-flex wp-container-core-group-is-layout-1098e503 wp-block-group-is-layout-flex\" style=\"margin-top:0;margin-bottom:0;padding-top:0;padding-right:0;padding-bottom:0;padding-left:0; font-family: 'Raleway' !important;\" style=\"margin-top:0;margin-bottom:0;padding-top:0;padding-right:0;padding-bottom:0;padding-left:0\">\n<div class=\"wp-block-group is-layout-flow wp-container-core-group-is-layout-92c9f0b4 wp-block-group-is-layout-flow\" style=\"margin-top:0;margin-bottom:0;padding-top:0;padding-right:0;padding-bottom:0;padding-left:0\"><link rel=\"stylesheet\" href=\"https:\/\/fonts.googleapis.com\/css2?family=Public+Sans:wght@400;500;600;700;800\" \/>\n<h4 class=\"wp-block-heading has-text-color has-link-color wp-elements-a6833e9d9ac17e112c0c8aa0f306f339\" style=\"color:#01ae8f;margin-bottom:20px;font-size:14px;font-style:normal;font-weight:600;line-height:1.2;text-transform:uppercase; font-family: 'Public Sans' !important;\" style=\"color:#01ae8f;margin-bottom:20px;font-size:14px;font-style:normal;font-weight:600;line-height:1.2;text-transform:uppercase\">Noticias<\/h4>\n\n\n<link rel=\"stylesheet\" href=\"https:\/\/fonts.googleapis.com\/css2?family=Raleway:wght@400;500;600;700;800\" \/>\n<h2 class=\"wp-block-heading has-text-color has-link-color wp-elements-8012f294feae0245687444f9633bd1ca cozy-animation__initialized\" style=\"color:#090b10;font-size:40px;font-style:normal;font-weight:600;line-height:1.2; font-family: 'Raleway' !important;\" data-aos=\"flip-up\" data-aos-easing=\"ease-in\" data-aos-anchor-placement=\"top-bottom\" data-aos-duration=\"600\" style=\"color:#090b10;font-size:40px;font-style:normal;font-weight:600;line-height:1.2\">\u00daltimas noticias, destacados en los medios de comunicaci\u00f3n y actualizaciones de la empresa YNS Ghostboats.<\/h2>\n<\/div>\n\n\n\n<div class=\"wp-block-group has-text-color has-link-color wp-elements-e857a483191ccf9b540245cd7459df2e is-layout-flow wp-container-core-group-is-layout-548c0a7b wp-block-group-is-layout-flow\" style=\"color:#646464;margin-top:0;margin-bottom:0;padding-top:0;padding-right:0;padding-bottom:0;padding-left:0\">\n<p class=\"has-post-meta-color-color has-text-color has-link-color wp-elements-9e60a0a917dc51d33a489e2241100de2\" style=\"margin-top:0;margin-bottom:20px\">Mantente al d\u00eda de los anuncios, la cobertura medi\u00e1tica y los hitos de YNS Ghostboats. Desde nuestros reportajes sobre barcos transparentes en la televisi\u00f3n nacional hasta el desarrollo de productos, asociaciones y eventos, esta p\u00e1gina re\u00fane las noticias que dan forma a nuestro viaje. Vuelve a visitarla para conocer las \u00faltimas actualizaciones y recursos de prensa.  <\/p>\n<\/div>\n<\/div>\n\n\n<link rel=\"stylesheet\" href=\"https:\/\/fonts.googleapis.com\/css2?family=Public+Sans:wght@100;200;300;400;500;600;700;800;900&#038;display=swap\"\/><div class=\"cozy-block-wrapper\">\n<div class=\"cozy-block-advanced-tab layout-horizontal icon-layout-fill\" id=\"cozyBlock_e398a774_9f3e_44b6_a13b_c5a59b8b69f6\"><div class=\"layout-wrapper\" style=\"display:flex\"><div class=\"advanced-tab-title\">A Haber<\/div><div class=\"cozy-tab-title\"><div class=\"cozy-tab-button active\" id=\"4816c76e-6b42-4d6a-898a-4d80e874039f\" data-index=\"0\"><div class=\"display-flex justify-center align-items-center\"><svg class=\"cozy-tab-icon\" height=\"16\" width=\"16\" xmlns=\"http:\/\/www.w3.org\/2000\/svg\" aria-hidden=\"true\" viewBox=\"0 0 25 25\"><path d=\"M16.4307 7.42188C15.7227 3.06152 14.0527 0 12.1094 0C10.166 0 8.49609 3.06152 7.78809 7.42188H16.4307ZM7.42188 12.1094C7.42188 13.1934 7.48047 14.2334 7.58301 15.2344H16.6309C16.7334 14.2334 16.792 13.1934 16.792 12.1094C16.792 11.0254 16.7334 9.98535 16.6309 8.98438H7.58301C7.48047 9.98535 7.42188 11.0254 7.42188 12.1094ZM23.2764 7.42188C21.8799 4.10645 19.0527 1.54297 15.5615 0.507812C16.7529 2.1582 17.5732 4.64355 18.0029 7.42188H23.2764ZM8.65234 0.507812C5.16602 1.54297 2.33398 4.10645 0.942383 7.42188H6.21582C6.64062 4.64355 7.46094 2.1582 8.65234 0.507812ZM23.7988 8.98438H18.1982C18.3008 10.0098 18.3594 11.0596 18.3594 12.1094C18.3594 13.1592 18.3008 14.209 18.1982 15.2344H23.7939C24.0625 14.2334 24.2139 13.1934 24.2139 12.1094C24.2139 11.0254 24.0625 9.98535 23.7988 8.98438ZM5.85938 12.1094C5.85938 11.0596 5.91797 10.0098 6.02051 8.98438H0.419922C0.15625 9.98535 0 11.0254 0 12.1094C0 13.1934 0.15625 14.2334 0.419922 15.2344H6.01562C5.91797 14.209 5.85938 13.1592 5.85938 12.1094ZM7.78809 16.7969C8.49609 21.1572 10.166 24.2188 12.1094 24.2188C14.0527 24.2188 15.7227 21.1572 16.4307 16.7969H7.78809ZM15.5664 23.7109C19.0527 22.6758 21.8848 20.1123 23.2812 16.7969H18.0078C17.5781 19.5752 16.7578 22.0605 15.5664 23.7109ZM0.942383 16.7969C2.33887 20.1123 5.16602 22.6758 8.65723 23.7109C7.46582 22.0605 6.64551 19.5752 6.21582 16.7969H0.942383Z\"><\/path><\/svg><span>English<\/span><\/div><\/div><div class=\"cozy-tab-button \" id=\"be77ce6c-12b2-4733-ad0a-56621f6f2f19\" data-index=\"1\"><div class=\"display-flex justify-center align-items-center\"><svg class=\"cozy-tab-icon\" height=\"16\" width=\"16\" xmlns=\"http:\/\/www.w3.org\/2000\/svg\" aria-hidden=\"true\" viewBox=\"0 0 25 25\"><path d=\"M16.4307 7.42188C15.7227 3.06152 14.0527 0 12.1094 0C10.166 0 8.49609 3.06152 7.78809 7.42188H16.4307ZM7.42188 12.1094C7.42188 13.1934 7.48047 14.2334 7.58301 15.2344H16.6309C16.7334 14.2334 16.792 13.1934 16.792 12.1094C16.792 11.0254 16.7334 9.98535 16.6309 8.98438H7.58301C7.48047 9.98535 7.42188 11.0254 7.42188 12.1094ZM23.2764 7.42188C21.8799 4.10645 19.0527 1.54297 15.5615 0.507812C16.7529 2.1582 17.5732 4.64355 18.0029 7.42188H23.2764ZM8.65234 0.507812C5.16602 1.54297 2.33398 4.10645 0.942383 7.42188H6.21582C6.64062 4.64355 7.46094 2.1582 8.65234 0.507812ZM23.7988 8.98438H18.1982C18.3008 10.0098 18.3594 11.0596 18.3594 12.1094C18.3594 13.1592 18.3008 14.209 18.1982 15.2344H23.7939C24.0625 14.2334 24.2139 13.1934 24.2139 12.1094C24.2139 11.0254 24.0625 9.98535 23.7988 8.98438ZM5.85938 12.1094C5.85938 11.0596 5.91797 10.0098 6.02051 8.98438H0.419922C0.15625 9.98535 0 11.0254 0 12.1094C0 13.1934 0.15625 14.2334 0.419922 15.2344H6.01562C5.91797 14.209 5.85938 13.1592 5.85938 12.1094ZM7.78809 16.7969C8.49609 21.1572 10.166 24.2188 12.1094 24.2188C14.0527 24.2188 15.7227 21.1572 16.4307 16.7969H7.78809ZM15.5664 23.7109C19.0527 22.6758 21.8848 20.1123 23.2812 16.7969H18.0078C17.5781 19.5752 16.7578 22.0605 15.5664 23.7109ZM0.942383 16.7969C2.33887 20.1123 5.16602 22.6758 8.65723 23.7109C7.46582 22.0605 6.64551 19.5752 6.21582 16.7969H0.942383Z\"><\/path><\/svg><span>Turkish<\/span><\/div><\/div><\/div><\/div><div class=\"cozy-advanced-tab-wrapper\">\n<div class=\"cozy-block-advanced-tab-item\" id=\"cozyBlock_4816c76e_6b42_4d6a_898a_4d80e874039f\" data-client-id=\"4816c76e-6b42-4d6a-898a-4d80e874039f\">\n<div class=\"wp-block-columns is-layout-flex wp-container-core-columns-is-layout-99ce0386 wp-block-columns-is-layout-flex\" style=\"padding-top:0;padding-right:0;padding-bottom:0;padding-left:0\">\n<div class=\"wp-block-column is-vertically-aligned-center is-layout-flow wp-container-core-column-is-layout-287f94af wp-block-column-is-layout-flow cozy-animation__initialized\" data-aos=\"fade-right\" data-aos-easing=\"ease\" data-aos-anchor-placement=\"top-bottom\" data-aos-duration=\"1000\" style=\"padding-top:0;padding-right:0;padding-bottom:0;padding-left:0\">\n<figure class=\"wp-block-video\"><video height=\"1080\" style=\"aspect-ratio: 1920 \/ 1080;\" width=\"1920\" controls=\"\" poster=\"https:\/\/ynsghostboats.com\/wp-content\/uploads\/2025\/08\/yns-a-haber-scaled.jpg\" src=\"https:\/\/ynsghostboats.com\/wp-content\/uploads\/2025\/08\/yns-a-haber-en.mp4\"><\/video><\/figure>\n<\/div>\n\n\n\n<div class=\"wp-block-column is-vertically-aligned-center is-layout-flow wp-container-core-column-is-layout-287f94af wp-block-column-is-layout-flow cozy-animation__initialized\" data-aos=\"fade-left\" data-aos-easing=\"ease\" data-aos-anchor-placement=\"top-bottom\" data-aos-duration=\"1000\" style=\"padding-top:0;padding-right:0;padding-bottom:0;padding-left:0\">\n<h1 class=\"wp-block-heading has-tertiary-light-color has-text-color has-link-color wp-elements-1e0f206068aeb9e6fbbc4020c3eaf70a\" style=\"margin-bottom:10px;font-size:80px;font-style:normal;font-weight:900;line-height:1\">01<\/h1>\n\n\n\n<h3 class=\"wp-block-heading has-x-large-font-size\" style=\"font-style:normal;font-weight:700\">Nuestro barco transparente de YNS Ghostboats aparece en A Haber<\/h3>\n\n\n\n<p style=\"margin-top:24px\">YNS Ghostboats apareci\u00f3 en A Haber con nuestra innovadora y llamativa embarcaci\u00f3n transparente. Nuestro proyecto ofrece una visi\u00f3n \u00fanica en el mundo de la navegaci\u00f3n, ampliando los l\u00edmites con el concepto de transparencia en el dise\u00f1o. En este v\u00eddeo puedes saber m\u00e1s sobre las caracter\u00edsticas del barco, el proceso de dise\u00f1o y nuestros planes de futuro.  <\/p>\n\n\n\n<h1 class=\"wp-block-heading has-cyan-bluish-gray-color has-text-color has-link-color has-small-font-size wp-elements-73bb4c51f056c8c4d807ecdf346e1065\" style=\"margin-top:20px;font-style:normal;font-weight:600\">Idioma del v\u00eddeo: Ingl\u00e9s<\/h1>\n<\/div>\n<\/div>\n<\/div>\n\n\n\n<div class=\"cozy-block-advanced-tab-item\" id=\"cozyBlock_be77ce6c_12b2_4733_ad0a_56621f6f2f19\" data-client-id=\"be77ce6c-12b2-4733-ad0a-56621f6f2f19\">\n<div class=\"wp-block-columns is-layout-flex wp-container-core-columns-is-layout-99ce0386 wp-block-columns-is-layout-flex\" style=\"padding-top:0;padding-right:0;padding-bottom:0;padding-left:0\">\n<div class=\"wp-block-column is-vertically-aligned-center is-layout-flow wp-container-core-column-is-layout-287f94af wp-block-column-is-layout-flow cozy-animation__initialized\" data-aos=\"fade-right\" data-aos-easing=\"ease\" data-aos-anchor-placement=\"top-bottom\" data-aos-duration=\"1000\" style=\"padding-top:0;padding-right:0;padding-bottom:0;padding-left:0\">\n<figure class=\"wp-block-video\"><video height=\"1080\" style=\"aspect-ratio: 1920 \/ 1080;\" width=\"1920\" controls=\"\" poster=\"https:\/\/ynsghostboats.com\/wp-content\/uploads\/2025\/08\/yns-a-haber-scaled.jpg\" src=\"https:\/\/ynsghostboats.com\/wp-content\/uploads\/2025\/08\/yns-a-haber.mp4\"><\/video><\/figure>\n<\/div>\n\n\n\n<div class=\"wp-block-column is-vertically-aligned-center is-layout-flow wp-container-core-column-is-layout-287f94af wp-block-column-is-layout-flow cozy-animation__initialized\" data-aos=\"fade-left\" data-aos-easing=\"ease\" data-aos-anchor-placement=\"top-bottom\" data-aos-duration=\"1000\" style=\"padding-top:0;padding-right:0;padding-bottom:0;padding-left:0\">\n<h1 class=\"wp-block-heading has-tertiary-light-color has-text-color has-link-color wp-elements-1e0f206068aeb9e6fbbc4020c3eaf70a\" style=\"margin-bottom:10px;font-size:80px;font-style:normal;font-weight:900;line-height:1\">01<\/h1>\n\n\n\n<h3 class=\"wp-block-heading has-x-large-font-size\" style=\"font-style:normal;font-weight:700\">Nuestro barco transparente de YNS Ghostboats aparece en A Haber<\/h3>\n\n\n\n<p style=\"margin-top:24px\">YNS Ghostboats apareci\u00f3 en A Haber con nuestra innovadora y llamativa embarcaci\u00f3n transparente. Nuestro proyecto ofrece una visi\u00f3n \u00fanica en el mundo de la navegaci\u00f3n, ampliando los l\u00edmites con el concepto de transparencia en el dise\u00f1o. En este v\u00eddeo puedes saber m\u00e1s sobre las caracter\u00edsticas del barco, el proceso de dise\u00f1o y nuestros planes de futuro.  <\/p>\n\n\n\n<h1 class=\"wp-block-heading has-cyan-bluish-gray-color has-text-color has-link-color has-small-font-size wp-elements-c21aa13225bbeccf89ac9feb86d375e5\" style=\"margin-top:20px;font-style:normal;font-weight:600\">Idioma del v\u00eddeo: Turco<\/h1>\n<\/div>\n<\/div>\n<\/div>\n<\/div><\/div>\n<\/div>\n\n<link rel=\"stylesheet\" href=\"https:\/\/fonts.googleapis.com\/css2?family=Public+Sans:wght@100;200;300;400;500;600;700;800;900&#038;display=swap\"\/><div class=\"cozy-block-wrapper\">\n<div class=\"cozy-block-advanced-tab layout-horizontal icon-layout-fill\" id=\"cozyBlock_aef787d8_1c8a_40db_b0a1_660d433a3ff0\"><div class=\"layout-wrapper\" style=\"display:flex\"><div class=\"advanced-tab-title\">Show TV<\/div><div class=\"cozy-tab-title\"><div class=\"cozy-tab-button active\" id=\"3af7e542-1ee6-4b00-8993-48f92d479289\" data-index=\"0\"><div class=\"display-flex justify-center align-items-center\"><svg class=\"cozy-tab-icon\" height=\"16\" width=\"16\" xmlns=\"http:\/\/www.w3.org\/2000\/svg\" aria-hidden=\"true\" viewBox=\"0 0 25 25\"><path d=\"M16.4307 7.42188C15.7227 3.06152 14.0527 0 12.1094 0C10.166 0 8.49609 3.06152 7.78809 7.42188H16.4307ZM7.42188 12.1094C7.42188 13.1934 7.48047 14.2334 7.58301 15.2344H16.6309C16.7334 14.2334 16.792 13.1934 16.792 12.1094C16.792 11.0254 16.7334 9.98535 16.6309 8.98438H7.58301C7.48047 9.98535 7.42188 11.0254 7.42188 12.1094ZM23.2764 7.42188C21.8799 4.10645 19.0527 1.54297 15.5615 0.507812C16.7529 2.1582 17.5732 4.64355 18.0029 7.42188H23.2764ZM8.65234 0.507812C5.16602 1.54297 2.33398 4.10645 0.942383 7.42188H6.21582C6.64062 4.64355 7.46094 2.1582 8.65234 0.507812ZM23.7988 8.98438H18.1982C18.3008 10.0098 18.3594 11.0596 18.3594 12.1094C18.3594 13.1592 18.3008 14.209 18.1982 15.2344H23.7939C24.0625 14.2334 24.2139 13.1934 24.2139 12.1094C24.2139 11.0254 24.0625 9.98535 23.7988 8.98438ZM5.85938 12.1094C5.85938 11.0596 5.91797 10.0098 6.02051 8.98438H0.419922C0.15625 9.98535 0 11.0254 0 12.1094C0 13.1934 0.15625 14.2334 0.419922 15.2344H6.01562C5.91797 14.209 5.85938 13.1592 5.85938 12.1094ZM7.78809 16.7969C8.49609 21.1572 10.166 24.2188 12.1094 24.2188C14.0527 24.2188 15.7227 21.1572 16.4307 16.7969H7.78809ZM15.5664 23.7109C19.0527 22.6758 21.8848 20.1123 23.2812 16.7969H18.0078C17.5781 19.5752 16.7578 22.0605 15.5664 23.7109ZM0.942383 16.7969C2.33887 20.1123 5.16602 22.6758 8.65723 23.7109C7.46582 22.0605 6.64551 19.5752 6.21582 16.7969H0.942383Z\"><\/path><\/svg><span>Turkish<\/span><\/div><\/div><\/div><\/div><div class=\"cozy-advanced-tab-wrapper\">\n<div class=\"cozy-block-advanced-tab-item\" id=\"cozyBlock_3af7e542_1ee6_4b00_8993_48f92d479289\" data-client-id=\"3af7e542-1ee6-4b00-8993-48f92d479289\">\n<div class=\"wp-block-columns has-background-background-color has-background is-layout-flex wp-container-core-columns-is-layout-5e2be0d9 wp-block-columns-is-layout-flex\" style=\"margin-top:0;margin-bottom:0;padding-top:0px;padding-right:0;padding-bottom:0px;padding-left:0\">\n<div class=\"wp-block-column is-vertically-aligned-center is-layout-flow wp-container-core-column-is-layout-287f94af wp-block-column-is-layout-flow cozy-animation__initialized\" data-aos=\"fade-right\" data-aos-easing=\"ease\" data-aos-anchor-placement=\"top-bottom\" data-aos-duration=\"1000\" style=\"padding-top:0;padding-right:0;padding-bottom:0;padding-left:0\">\n<figure class=\"wp-block-video\"><video height=\"1080\" style=\"aspect-ratio: 1920 \/ 1080;\" width=\"1920\" controls=\"\" poster=\"https:\/\/ynsghostboats.com\/wp-content\/uploads\/2025\/08\/yns-show-haber-scaled.jpg\" src=\"https:\/\/ynsghostboats.com\/wp-content\/uploads\/2025\/08\/yns-show-haber.mp4\"><\/video><\/figure>\n<\/div>\n\n\n\n<div class=\"wp-block-column is-vertically-aligned-center is-layout-flow wp-container-core-column-is-layout-287f94af wp-block-column-is-layout-flow cozy-animation__initialized\" data-aos=\"fade-left\" data-aos-easing=\"ease\" data-aos-anchor-placement=\"top-bottom\" data-aos-duration=\"1000\" style=\"padding-top:0;padding-right:0;padding-bottom:0;padding-left:0\">\n<h1 class=\"wp-block-heading has-tertiary-light-color has-text-color has-link-color wp-elements-eb34befc26500b3a38465dfcd3dfca2f\" style=\"margin-bottom:10px;font-size:80px;font-style:normal;font-weight:900;line-height:1\">02<\/h1>\n\n\n\n<h3 class=\"wp-block-heading has-x-large-font-size\" style=\"font-style:normal;font-weight:700\">El barco transparente de YNS Ghostboats aparece en Show TV<\/h3>\n\n\n\n<p style=\"margin-top:24px\">El barco transparente de YNS Ghostboats apareci\u00f3 en Show TV. Este segmento especial destaca las caracter\u00edsticas de dise\u00f1o \u00fanicas del barco, las ventajas de su estructura transparente y nuestro enfoque innovador del proyecto. <\/p>\n\n\n\n<h1 class=\"wp-block-heading has-cyan-bluish-gray-color has-text-color has-link-color has-small-font-size wp-elements-c21aa13225bbeccf89ac9feb86d375e5\" style=\"margin-top:20px;font-style:normal;font-weight:600\">Idioma del v\u00eddeo: Turco<\/h1>\n<\/div>\n<\/div>\n<\/div>\n<\/div><\/div>\n<\/div><\/div>\n<\/div>\n<\/div>\n","protected":false},"excerpt":{"rendered":"<p>Noticias \u00daltimas noticias, destacados en los medios de comunicaci\u00f3n y actualizaciones de la empresa YNS Ghostboats. Mantente al d\u00eda de los anuncios, la cobertura medi\u00e1tica y los hitos de YNS Ghostboats. Desde nuestros reportajes sobre barcos transparentes en la televisi\u00f3n nacional hasta el desarrollo de productos, asociaciones y eventos, esta p\u00e1gina re\u00fane las noticias que&#8230;<\/p>\n","protected":false},"author":1,"featured_media":0,"parent":0,"menu_order":0,"comment_status":"closed","ping_status":"closed","template":"","meta":{"footnotes":""},"class_list":["post-7319","page","type-page","status-publish","hentry"],"aioseo_notices":[],"_links":{"self":[{"href":"https:\/\/ynsghostboats.com\/es\/wp-json\/wp\/v2\/pages\/7319","targetHints":{"allow":["GET"]}}],"collection":[{"href":"https:\/\/ynsghostboats.com\/es\/wp-json\/wp\/v2\/pages"}],"about":[{"href":"https:\/\/ynsghostboats.com\/es\/wp-json\/wp\/v2\/types\/page"}],"author":[{"embeddable":true,"href":"https:\/\/ynsghostboats.com\/es\/wp-json\/wp\/v2\/users\/1"}],"replies":[{"embeddable":true,"href":"https:\/\/ynsghostboats.com\/es\/wp-json\/wp\/v2\/comments?post=7319"}],"version-history":[{"count":3,"href":"https:\/\/ynsghostboats.com\/es\/wp-json\/wp\/v2\/pages\/7319\/revisions"}],"predecessor-version":[{"id":7688,"href":"https:\/\/ynsghostboats.com\/es\/wp-json\/wp\/v2\/pages\/7319\/revisions\/7688"}],"wp:attachment":[{"href":"https:\/\/ynsghostboats.com\/es\/wp-json\/wp\/v2\/media?parent=7319"}],"curies":[{"name":"wp","href":"https:\/\/api.w.org\/{rel}","templated":true}]}}