{"id":5603,"date":"2024-11-22T16:03:51","date_gmt":"2024-11-22T16:03:51","guid":{"rendered":"https:\/\/ynsghostboats.com\/atencion-al-cliente\/"},"modified":"2026-03-31T14:49:27","modified_gmt":"2026-03-31T14:49:27","slug":"atencion-al-cliente","status":"publish","type":"page","link":"https:\/\/ynsghostboats.com\/es\/atencion-al-cliente\/","title":{"rendered":"Atenci\u00f3n al Cliente"},"content":{"rendered":"\n<div class=\"wp-block-group yns-page-top is-layout-constrained wp-block-group-is-layout-constrained\" style=\"margin-top:0;margin-bottom:0\">\n<div class=\"wp-block-cover has-parallax is-style-default yns-page-banner has-white-color has-text-color has-link-color wp-elements-3e33d77ab0be279f45c422f2fb95fc90\" style=\"margin-bottom:0px;padding-right:20px;padding-left:20px;min-height:550px;aspect-ratio:unset;\"><div class=\"wp-block-cover__image-background wp-image-5969 has-parallax\" style=\"background-position:50% 50%;background-image:url(https:\/\/ynsghostboats.com\/wp-content\/uploads\/2024\/12\/DJI_0822-scaled.jpg)\"><\/div><span aria-hidden=\"true\" class=\"wp-block-cover__background has-foreground-background-color has-background-dim\"><\/span><div class=\"wp-block-cover__inner-container is-layout-constrained wp-container-core-cover-is-layout-8a5b376c wp-block-cover-is-layout-constrained\">\n<p class=\"has-text-align-center has-xx-large-font-size\">Atenci\u00f3n al Cliente<\/p>\n\n\n\n<p class=\"has-text-align-center has-small-font-size\" style=\"margin-top:var(--wp--preset--spacing--50);margin-right:var(--wp--preset--spacing--50);margin-bottom:var(--wp--preset--spacing--50);margin-left:var(--wp--preset--spacing--50)\">\u00a1Bienvenido al Servicio de Atenci\u00f3n al Cliente de YNS Ghostboats!<\/p>\n<\/div><\/div>\n<\/div>\n\n\n\n<div class=\"wp-block-group is-layout-constrained wp-container-core-group-is-layout-9540bd20 wp-block-group-is-layout-constrained\" style=\"margin-top:0;margin-bottom:0;padding-top:60px;padding-right:20px;padding-bottom:60px;padding-left:20px\">\n<p>En YNS Ghostboats, estamos comprometidos a hacer que su experiencia de adquirir un barco transparente sea lo m\u00e1s sencilla y placentera posible. Nuestra dedicaci\u00f3n a la innovaci\u00f3n va de la mano con nuestro compromiso con la satisfacci\u00f3n del cliente. Ya sea que est\u00e9 comenzando en la navegaci\u00f3n o sea un propietario experimentado, estamos aqu\u00ed para guiarle y apoyarle en cada paso del camino.  <\/p>\n\n\n\n<h2 class=\"wp-block-heading\">\u00bfC\u00f3mo podemos ayudarle?<\/h2>\n\n\n\n<p><strong>1. Informaci\u00f3n del Producto<\/strong><br>Descubra las caracter\u00edsticas \u00fanicas de nuestros barcos transparentes, fabricados con material s\u00f3lido de policarbonato y dise\u00f1ados para ofrecer vistas submarinas inigualables. Conozca m\u00e1s sobre las opciones de personalizaci\u00f3n, incluidas las configuraciones motorizadas o manuales. <\/p>\n\n\n\n<p><strong>2. Asesoramiento Personalizado<\/strong><br>\u00bfNo est\u00e1 seguro de qu\u00e9 modelo se adapta a sus necesidades? Nuestro equipo ofrece consultas personalizadas para ayudarle a elegir el barco adecuado seg\u00fan sus preferencias, objetivos y presupuesto. <\/p>\n\n\n\n<p><strong>3. Asistencia en Personalizaci\u00f3n<\/strong><br>\u00a1Dise\u00f1e su barco a su manera! Desde sistemas de iluminaci\u00f3n hasta configuraciones de motor y caracter\u00edsticas de sonido, nuestros expertos est\u00e1n listos para guiarle en todas las opciones de personalizaci\u00f3n disponibles. <\/p>\n\n\n\n<p><strong>4. Soporte Postventa<\/strong><br>Su relaci\u00f3n con YNS Ghostboats no termina con la compra. Ofrecemos asesoramiento sobre mantenimiento, resoluci\u00f3n de problemas y servicios de personalizaci\u00f3n adicionales para que pueda aprovechar al m\u00e1ximo su barco. <\/p>\n\n\n\n<h2 class=\"wp-block-heading\">\u00bfPor qu\u00e9 elegir YNS Ghostboats?<\/h2>\n\n\n\n<p><strong>Artesan\u00eda de Primera Calidad<\/strong>: Nuestros barcos est\u00e1n fabricados con policarbonato s\u00f3lido, ofreciendo durabilidad y seguridad incomparables.<\/p>\n\n\n\n<p><strong>Asesoramiento Experto<\/strong>: Desde el dise\u00f1o hasta la entrega, nuestro equipo experto est\u00e1 aqu\u00ed para ayudarle.<\/p>\n\n\n\n<p><strong>Innovaci\u00f3n Sostenible<\/strong>: Nos enorgullecemos de incorporar materiales y dise\u00f1os ecol\u00f3gicos que apoyan la preservaci\u00f3n marina.<\/p>\n\n\n\n<h2 class=\"wp-block-heading\">Cont\u00e1ctenos<\/h2>\n\n\n\n<p><strong>Correo Electr\u00f3nico<\/strong>: <a href=\"mailto:info@ynsghostboats.com\">info@ynsghostboats.com<\/a><\/p>\n\n\n\n<p><strong>Tel\u00e9fono<\/strong>: <a href=\"tel:+90%20531%20494%2060%2079\">+90 531 494 60 79<\/a><\/p>\n\n\n\n<p><strong>Location<\/strong>: Adil Mah. Pelit\u00f6ren Sk. No: 23\/B, Sultanbeyli, 34920 \u0130stanbul, T\u00fcrkiye<\/p>\n\n\n\n<p>\u00a1Gracias por elegir YNS Ghostboats! Juntos, redefinamos su experiencia de navegaci\u00f3n con innovaci\u00f3n y estilo. <\/p>\n<\/div>\n","protected":false},"excerpt":{"rendered":"<p>En YNS Ghostboats, estamos comprometidos a hacer que su experiencia de adquirir un barco transparente sea lo m\u00e1s sencilla y placentera posible. Nuestra dedicaci\u00f3n a la innovaci\u00f3n va de la mano con nuestro compromiso con la satisfacci\u00f3n del cliente. Ya sea que est\u00e9 comenzando en la navegaci\u00f3n o sea un propietario experimentado, estamos aqu\u00ed para&#8230;<\/p>\n","protected":false},"author":1,"featured_media":0,"parent":0,"menu_order":0,"comment_status":"closed","ping_status":"closed","template":"","meta":{"footnotes":""},"class_list":["post-5603","page","type-page","status-publish","hentry"],"aioseo_notices":[],"_links":{"self":[{"href":"https:\/\/ynsghostboats.com\/es\/wp-json\/wp\/v2\/pages\/5603","targetHints":{"allow":["GET"]}}],"collection":[{"href":"https:\/\/ynsghostboats.com\/es\/wp-json\/wp\/v2\/pages"}],"about":[{"href":"https:\/\/ynsghostboats.com\/es\/wp-json\/wp\/v2\/types\/page"}],"author":[{"embeddable":true,"href":"https:\/\/ynsghostboats.com\/es\/wp-json\/wp\/v2\/users\/1"}],"replies":[{"embeddable":true,"href":"https:\/\/ynsghostboats.com\/es\/wp-json\/wp\/v2\/comments?post=5603"}],"version-history":[{"count":3,"href":"https:\/\/ynsghostboats.com\/es\/wp-json\/wp\/v2\/pages\/5603\/revisions"}],"predecessor-version":[{"id":8390,"href":"https:\/\/ynsghostboats.com\/es\/wp-json\/wp\/v2\/pages\/5603\/revisions\/8390"}],"wp:attachment":[{"href":"https:\/\/ynsghostboats.com\/es\/wp-json\/wp\/v2\/media?parent=5603"}],"curies":[{"name":"wp","href":"https:\/\/api.w.org\/{rel}","templated":true}]}}