{"id":3784,"date":"2024-10-03T15:56:15","date_gmt":"2024-10-03T15:56:15","guid":{"rendered":"https:\/\/ynsghostboats.com\/mision\/"},"modified":"2024-12-14T18:22:19","modified_gmt":"2024-12-14T18:22:19","slug":"mision","status":"publish","type":"page","link":"https:\/\/ynsghostboats.com\/es\/mision\/","title":{"rendered":"Misi\u00f3n"},"content":{"rendered":"\n<div class=\"wp-block-group is-layout-constrained wp-block-group-is-layout-constrained\">\n<div class=\"wp-block-group alignfull has-background is-layout-constrained wp-container-core-group-is-layout-e6f1036d wp-block-group-is-layout-constrained\" style=\"background-color:#fffffe;margin-top:0;margin-bottom:0;padding-top:0;padding-right:0;padding-bottom:0;padding-left:0\">\n<div class=\"wp-block-group has-text-color has-link-color wp-elements-1733c3f0ae8836aabf46578072c9b535 is-layout-constrained wp-container-core-group-is-layout-15eb8b28 wp-block-group-is-layout-constrained\" style=\"color:#090b10;margin-top:0;margin-bottom:0;padding-top:80px;padding-right:16px;padding-bottom:80px;padding-left:16px;font-size:16px\"><link rel=\"stylesheet\" href=\"https:\/\/fonts.googleapis.com\/css2?family=Raleway:wght@400;500;600;700;800\" \/>\n<div class=\"wp-block-group is-content-justification-space-between is-layout-flex wp-container-core-group-is-layout-1098e503 wp-block-group-is-layout-flex\" style=\"margin-top:0;margin-bottom:0;padding-top:0;padding-right:0;padding-bottom:0;padding-left:0; font-family: 'Raleway' !important;\" style=\"margin-top:0;margin-bottom:0;padding-top:0;padding-right:0;padding-bottom:0;padding-left:0\">\n<div class=\"wp-block-group is-layout-flow wp-container-core-group-is-layout-92c9f0b4 wp-block-group-is-layout-flow\" style=\"margin-top:0;margin-bottom:0;padding-top:0;padding-right:0;padding-bottom:0;padding-left:0\"><link rel=\"stylesheet\" href=\"https:\/\/fonts.googleapis.com\/css2?family=Public+Sans:wght@400;500;600;700;800\" \/>\n<h4 class=\"wp-block-heading has-text-color has-link-color wp-elements-62fdd4d17e7ba645f75d8b37d1da0479\" style=\"color:#01ae8f;margin-bottom:20px;font-size:14px;font-style:normal;font-weight:600;line-height:1.2;text-transform:uppercase; font-family: 'Public Sans' !important;\" style=\"color:#01ae8f;margin-bottom:20px;font-size:14px;font-style:normal;font-weight:600;line-height:1.2;text-transform:uppercase\">Nuestra misi\u00f3n<\/h4>\n\n\n<link rel=\"stylesheet\" href=\"https:\/\/fonts.googleapis.com\/css2?family=Raleway:wght@400;500;600;700;800\" \/>\n<h2 class=\"wp-block-heading has-text-color has-link-color wp-elements-e617703d56a9efd3154ceb2b1a8ae8f8 cozy-animation__initialized\" style=\"color:#090b10;font-size:40px;font-style:normal;font-weight:600;line-height:1.2; font-family: 'Raleway' !important;\" data-aos=\"flip-up\" data-aos-easing=\"ease-in\" data-aos-anchor-placement=\"top-bottom\" data-aos-duration=\"600\" style=\"color:#090b10;font-size:40px;font-style:normal;font-weight:600;line-height:1.2\">En YNS Ghostboats, creemos que el tiempo que pasas en el agua debe ser algo m\u00e1s que un simple paseo: debe ser una experiencia.<\/h2>\n<\/div>\n\n\n\n<div class=\"wp-block-group has-text-color has-link-color wp-elements-709ab6e27c74118be36f7517af2744d1 is-layout-flow wp-container-core-group-is-layout-548c0a7b wp-block-group-is-layout-flow\" style=\"color:#646464;margin-top:0;margin-bottom:0;padding-top:0;padding-right:0;padding-bottom:0;padding-left:0\">\n<p class=\"has-post-meta-color-color has-text-color has-link-color wp-elements-e02317ed5394377b268144d7d0c9efda\" style=\"margin-top:0;margin-bottom:20px\">Nuestras embarcaciones est\u00e1n cuidadosamente dise\u00f1adas para proporcionar una conexi\u00f3n \u00fanica con el mar, creando una sensaci\u00f3n de libertad y aventura que no encontrar\u00e1s en ning\u00fan otro lugar. Ya est\u00e9s recorriendo la costa, navegando por aguas serenas o explorando nuevos horizontes, dise\u00f1amos nuestras embarcaciones para realzar cada momento. <\/p>\n\n\n\n<p class=\"has-post-meta-color-color has-text-color has-link-color wp-elements-ddedbf8a8b40831786085043e1e24c7c\" style=\"margin-bottom:20px\">Nuestro compromiso con la calidad est\u00e1 en el centro de todo lo que hacemos. Desde los materiales que elegimos hasta la artesan\u00eda que se emplea en cada embarcaci\u00f3n, nos aseguramos de que cada barco que construimos no s\u00f3lo sea fiable y duradero, sino tambi\u00e9n bello e innovador. Nos enorgullece combinar la funcionalidad con la creatividad, permiti\u00e9ndote disfrutar del agua con comodidad y estilo.  <\/p>\n\n\n\n<p class=\"has-post-meta-color-color has-text-color has-link-color wp-elements-8a62624a5ccad1975fccde99be5a0120\" style=\"margin-bottom:20px\">M\u00e1s que un simple fabricante de embarcaciones, nos apasiona crear recuerdos inolvidables. Entendemos que tu tiempo en el agua es precioso, y por eso nos esforzamos en dise\u00f1ar embarcaciones que inspiren aventura, relajaci\u00f3n y conexi\u00f3n, tanto con la naturaleza como con las personas con las que la compartes. <\/p>\n\n\n\n<p class=\"has-post-meta-color-color has-text-color has-link-color wp-elements-13e59b70b520d76122e43850b31207c7\" style=\"margin-bottom:20px\">Tanto si eres un navegante experimentado como si eres nuevo en la navegaci\u00f3n, nuestro equipo est\u00e1 aqu\u00ed para apoyarte en cada paso del camino. Te invitamos a embarcarte en un viaje con nosotros, donde el agua se convierte en tu patio de recreo, y cada viaje en una historia digna de ser contada. <\/p>\n\n\n\n<p class=\"has-post-meta-color-color has-text-color has-link-color wp-elements-343e4d2414860e52b0f2f10ea80c7bc4\">Sube a bordo y embarquemos en un viaje que dejar\u00e1 recuerdos imborrables.<\/p>\n<\/div>\n<\/div>\n\n\n\n<div class=\"wp-block-columns is-layout-flex wp-container-core-columns-is-layout-b91adf8c wp-block-columns-is-layout-flex\" style=\"margin-top:60px;margin-bottom:0;padding-top:0;padding-right:0;padding-bottom:0;padding-left:0\">\n<div class=\"wp-block-column is-vertically-aligned-top is-layout-flow wp-container-core-column-is-layout-470e7e12 wp-block-column-is-layout-flow cozy-animation__initialized\" data-aos=\"fade-right\" data-aos-easing=\"ease\" data-aos-anchor-placement=\"top-bottom\" data-aos-duration=\"1000\" style=\"padding-top:0;padding-right:0;padding-bottom:0;padding-left:0\">\n<figure class=\"wp-block-image size-full has-custom-border\"><img loading=\"lazy\" decoding=\"async\" width=\"2560\" height=\"1707\" src=\"https:\/\/ynsghostboats.com\/wp-content\/uploads\/2024\/12\/MR_9508-scaled.jpg\" alt=\"\" class=\"wp-image-6006\" style=\"border-radius:10px;aspect-ratio:4\/3;object-fit:cover\" srcset=\"https:\/\/ynsghostboats.com\/wp-content\/uploads\/2024\/12\/MR_9508-scaled.jpg 2560w, https:\/\/ynsghostboats.com\/wp-content\/uploads\/2024\/12\/MR_9508-300x200.jpg 300w, https:\/\/ynsghostboats.com\/wp-content\/uploads\/2024\/12\/MR_9508-1024x683.jpg 1024w, https:\/\/ynsghostboats.com\/wp-content\/uploads\/2024\/12\/MR_9508-768x512.jpg 768w, https:\/\/ynsghostboats.com\/wp-content\/uploads\/2024\/12\/MR_9508-1536x1024.jpg 1536w, https:\/\/ynsghostboats.com\/wp-content\/uploads\/2024\/12\/MR_9508-2048x1365.jpg 2048w\" sizes=\"auto, (max-width: 2560px) 100vw, 2560px\" \/><\/figure>\n<\/div>\n\n\n\n<div class=\"wp-block-column is-vertically-aligned-center is-layout-flow wp-container-core-column-is-layout-287f94af wp-block-column-is-layout-flow cozy-animation__initialized\" data-aos=\"fade-left\" data-aos-easing=\"ease\" data-aos-anchor-placement=\"top-bottom\" data-aos-duration=\"1000\" style=\"padding-top:0;padding-right:0;padding-bottom:0;padding-left:0\">\n<figure class=\"wp-block-image size-full has-custom-border\"><img loading=\"lazy\" decoding=\"async\" width=\"2560\" height=\"1707\" src=\"https:\/\/ynsghostboats.com\/wp-content\/uploads\/2024\/12\/MR_9644-scaled.jpg\" alt=\"\" class=\"wp-image-6007\" style=\"border-radius:10px;aspect-ratio:4\/3;object-fit:cover\" srcset=\"https:\/\/ynsghostboats.com\/wp-content\/uploads\/2024\/12\/MR_9644-scaled.jpg 2560w, https:\/\/ynsghostboats.com\/wp-content\/uploads\/2024\/12\/MR_9644-300x200.jpg 300w, https:\/\/ynsghostboats.com\/wp-content\/uploads\/2024\/12\/MR_9644-1024x683.jpg 1024w, https:\/\/ynsghostboats.com\/wp-content\/uploads\/2024\/12\/MR_9644-768x512.jpg 768w, https:\/\/ynsghostboats.com\/wp-content\/uploads\/2024\/12\/MR_9644-1536x1024.jpg 1536w, https:\/\/ynsghostboats.com\/wp-content\/uploads\/2024\/12\/MR_9644-2048x1365.jpg 2048w\" sizes=\"auto, (max-width: 2560px) 100vw, 2560px\" \/><\/figure>\n<\/div>\n<\/div>\n<\/div>\n<\/div>\n<\/div>\n","protected":false},"excerpt":{"rendered":"<p>Nuestra misi\u00f3n En YNS Ghostboats, creemos que el tiempo que pasas en el agua debe ser algo m\u00e1s que un simple paseo: debe ser una experiencia. Nuestras embarcaciones est\u00e1n cuidadosamente dise\u00f1adas para proporcionar una conexi\u00f3n \u00fanica con el mar, creando una sensaci\u00f3n de libertad y aventura que no encontrar\u00e1s en ning\u00fan otro lugar. Ya est\u00e9s&#8230;<\/p>\n","protected":false},"author":1,"featured_media":0,"parent":0,"menu_order":0,"comment_status":"closed","ping_status":"closed","template":"","meta":{"footnotes":""},"class_list":["post-3784","page","type-page","status-publish","hentry"],"aioseo_notices":[],"_links":{"self":[{"href":"https:\/\/ynsghostboats.com\/es\/wp-json\/wp\/v2\/pages\/3784","targetHints":{"allow":["GET"]}}],"collection":[{"href":"https:\/\/ynsghostboats.com\/es\/wp-json\/wp\/v2\/pages"}],"about":[{"href":"https:\/\/ynsghostboats.com\/es\/wp-json\/wp\/v2\/types\/page"}],"author":[{"embeddable":true,"href":"https:\/\/ynsghostboats.com\/es\/wp-json\/wp\/v2\/users\/1"}],"replies":[{"embeddable":true,"href":"https:\/\/ynsghostboats.com\/es\/wp-json\/wp\/v2\/comments?post=3784"}],"version-history":[{"count":2,"href":"https:\/\/ynsghostboats.com\/es\/wp-json\/wp\/v2\/pages\/3784\/revisions"}],"predecessor-version":[{"id":6082,"href":"https:\/\/ynsghostboats.com\/es\/wp-json\/wp\/v2\/pages\/3784\/revisions\/6082"}],"wp:attachment":[{"href":"https:\/\/ynsghostboats.com\/es\/wp-json\/wp\/v2\/media?parent=3784"}],"curies":[{"name":"wp","href":"https:\/\/api.w.org\/{rel}","templated":true}]}}