{"id":3726,"date":"2024-10-03T17:23:30","date_gmt":"2024-10-03T17:23:30","guid":{"rendered":"https:\/\/ynsghostboats.com\/vision\/"},"modified":"2024-12-14T18:22:22","modified_gmt":"2024-12-14T18:22:22","slug":"vision","status":"publish","type":"page","link":"https:\/\/ynsghostboats.com\/es\/vision\/","title":{"rendered":"Visi\u00f3n"},"content":{"rendered":"\n<div class=\"wp-block-group is-layout-constrained wp-block-group-is-layout-constrained\">\n<div class=\"wp-block-group is-layout-constrained wp-block-group-is-layout-constrained\">\n<div class=\"wp-block-group alignfull has-background is-layout-constrained wp-container-core-group-is-layout-e6f1036d wp-block-group-is-layout-constrained\" style=\"background-color:#fffffe;margin-top:0;margin-bottom:0;padding-top:0;padding-right:0;padding-bottom:0;padding-left:0\">\n<div class=\"wp-block-group is-layout-constrained wp-container-core-group-is-layout-1eeeb83a wp-block-group-is-layout-constrained\" style=\"padding-top:60px;padding-right:20px;padding-bottom:60px;padding-left:20px\">\n<div class=\"wp-block-columns is-layout-flex wp-container-core-columns-is-layout-73e09c0f wp-block-columns-is-layout-flex\" style=\"margin-top:0;margin-bottom:0;padding-top:0;padding-right:0;padding-bottom:0;padding-left:0\"><link rel=\"stylesheet\" href=\"https:\/\/fonts.googleapis.com\/css2?family=Public+Sans:wght@400;500;600;700;800\" \/>\n<div class=\"wp-block-column has-text-color has-link-color wp-elements-c91f8e0249cb290b59c0945167b15af9 is-content-justification-left is-layout-constrained wp-container-core-column-is-layout-1a29a9f8 wp-block-column-is-layout-constrained\" style=\"color:#646464;padding-top:0;padding-bottom:0;font-size:14px; font-family: 'Public Sans' !important;\" style=\"color:#646464;padding-top:0;padding-bottom:0;font-size:14px\">\n<p class=\"has-text-color has-link-color wp-elements-b666fbc8d3bea810c2d9f52029107a26\" style=\"color:#0d5fff;font-size:14px;font-style:normal;font-weight:500;line-height:1.2;text-transform:uppercase\">Nuestra visi\u00f3n<\/p>\n\n\n<link rel=\"stylesheet\" href=\"https:\/\/fonts.googleapis.com\/css2?family=Inter:wght@400;500;600;700;800\" \/>\n<h2 class=\"wp-block-heading has-text-color has-link-color wp-elements-04f5b51551b9d138e9e3ea6dbda434f9 cozy-animation__initialized\" style=\"color:#090b10;margin-top:20px;margin-bottom:20px;font-size:44px;font-style:normal;font-weight:600;line-height:1.2; font-family: 'Inter' !important;\" data-aos=\"flip-up\" data-aos-easing=\"ease-in\" data-aos-anchor-placement=\"top-bottom\" data-aos-duration=\"600\" style=\"color:#090b10;margin-top:20px;margin-bottom:20px;font-size:44px;font-style:normal;font-weight:600;line-height:1.2\">Modelando el futuro de la navegaci\u00f3n, aventura a aventura<\/h2>\n\n\n\n<p class=\"has-post-meta-color-color has-text-color has-link-color wp-elements-be4c4287c63591749dc76531cad8dae2\" style=\"margin-bottom:20px\">En YNS Ghostboats, nuestra visi\u00f3n es redefinir la forma en que la gente experimenta la vida en el agua. Nos esforzamos por ser l\u00edderes en innovaci\u00f3n, combinando tecnolog\u00eda punta con artesan\u00eda atemporal para crear embarcaciones que inspiren la exploraci\u00f3n, la relajaci\u00f3n y la conexi\u00f3n con la naturaleza. <\/p>\n\n\n\n<p class=\"has-post-meta-color-color has-text-color has-link-color wp-elements-ab5774d030f6c5123820a194070220a9\" style=\"margin-bottom:20px\">Nuestro objetivo es superar los l\u00edmites del dise\u00f1o n\u00e1utico, estableciendo nuevos est\u00e1ndares de calidad, sostenibilidad y rendimiento. Imaginamos un futuro en el que todo el mundo pueda disfrutar de la belleza y la libertad del agua en una embarcaci\u00f3n que refleje su individualidad y su pasi\u00f3n por la aventura. <\/p>\n\n\n\n<p class=\"has-post-meta-color-color has-text-color has-link-color wp-elements-2a61434224811c95a35581f6bc6b3ad9\" style=\"margin-bottom:20px\">Nos comprometemos no s\u00f3lo a mejorar la experiencia de la navegaci\u00f3n, sino tambi\u00e9n a garantizar que nuestras innovaciones respeten y preserven los entornos marinos que tanto apreciamos. Fomentando la creatividad y la excelencia, pretendemos dejar un impacto duradero y positivo tanto en nuestros clientes como en el mundo de la n\u00e1utica. <\/p>\n\n\n\n<p class=\"has-post-meta-color-color has-text-color has-link-color wp-elements-5b2f97de19dfaa3bc47db6022b084d20\" style=\"margin-top:6px;margin-bottom:6px\">\u00danete a nosotros mientras seguimos trazando nuevos rumbos, creando experiencias excepcionales y viajes inolvidables para los amantes del agua de todo el mundo.<\/p>\n<\/div>\n\n\n\n<div class=\"wp-block-column is-layout-flow wp-block-column-is-layout-flow cozy-animation__initialized\" data-aos=\"zoom-in-up\" data-aos-easing=\"ease-in\" data-aos-anchor-placement=\"top-bottom\" data-aos-duration=\"1000\">\n<div class=\"wp-block-group is-nowrap is-layout-flex wp-container-core-group-is-layout-db6c42ee wp-block-group-is-layout-flex\">\n<div class=\"wp-block-group is-layout-constrained wp-block-group-is-layout-constrained\" style=\"margin-top:0;padding-top:0;padding-bottom:0\">\n<div style=\"height:8vw\" aria-hidden=\"true\" class=\"wp-block-spacer\"><\/div>\n\n\n\n<figure class=\"wp-block-image size-full has-custom-border\"><img loading=\"lazy\" decoding=\"async\" width=\"2560\" height=\"1917\" src=\"https:\/\/ynsghostboats.com\/wp-content\/uploads\/2024\/12\/DJI_0822-1-scaled.jpg\" alt=\"\" class=\"wp-image-6012\" style=\"border-radius:10px;aspect-ratio:3\/4;object-fit:cover\" srcset=\"https:\/\/ynsghostboats.com\/wp-content\/uploads\/2024\/12\/DJI_0822-1-scaled.jpg 2560w, https:\/\/ynsghostboats.com\/wp-content\/uploads\/2024\/12\/DJI_0822-1-300x225.jpg 300w, https:\/\/ynsghostboats.com\/wp-content\/uploads\/2024\/12\/DJI_0822-1-1024x767.jpg 1024w, https:\/\/ynsghostboats.com\/wp-content\/uploads\/2024\/12\/DJI_0822-1-768x575.jpg 768w, https:\/\/ynsghostboats.com\/wp-content\/uploads\/2024\/12\/DJI_0822-1-1536x1150.jpg 1536w, https:\/\/ynsghostboats.com\/wp-content\/uploads\/2024\/12\/DJI_0822-1-2048x1534.jpg 2048w\" sizes=\"auto, (max-width: 2560px) 100vw, 2560px\" \/><\/figure>\n<\/div>\n\n\n\n<figure class=\"wp-block-image size-full has-custom-border\"><img loading=\"lazy\" decoding=\"async\" width=\"2560\" height=\"1917\" src=\"https:\/\/ynsghostboats.com\/wp-content\/uploads\/2024\/12\/DJI_0824-scaled.jpg\" alt=\"\" class=\"wp-image-6013\" style=\"border-radius:10px;aspect-ratio:3\/4;object-fit:cover\" srcset=\"https:\/\/ynsghostboats.com\/wp-content\/uploads\/2024\/12\/DJI_0824-scaled.jpg 2560w, https:\/\/ynsghostboats.com\/wp-content\/uploads\/2024\/12\/DJI_0824-300x225.jpg 300w, https:\/\/ynsghostboats.com\/wp-content\/uploads\/2024\/12\/DJI_0824-1024x767.jpg 1024w, https:\/\/ynsghostboats.com\/wp-content\/uploads\/2024\/12\/DJI_0824-768x575.jpg 768w, https:\/\/ynsghostboats.com\/wp-content\/uploads\/2024\/12\/DJI_0824-1536x1150.jpg 1536w, https:\/\/ynsghostboats.com\/wp-content\/uploads\/2024\/12\/DJI_0824-2048x1534.jpg 2048w\" sizes=\"auto, (max-width: 2560px) 100vw, 2560px\" \/><\/figure>\n<\/div>\n<\/div>\n<\/div>\n<\/div>\n<\/div>\n<\/div>\n<\/div>\n","protected":false},"excerpt":{"rendered":"<p>Nuestra visi\u00f3n Modelando el futuro de la navegaci\u00f3n, aventura a aventura En YNS Ghostboats, nuestra visi\u00f3n es redefinir la forma en que la gente experimenta la vida en el agua. Nos esforzamos por ser l\u00edderes en innovaci\u00f3n, combinando tecnolog\u00eda punta con artesan\u00eda atemporal para crear embarcaciones que inspiren la exploraci\u00f3n, la relajaci\u00f3n y la conexi\u00f3n&#8230;<\/p>\n","protected":false},"author":1,"featured_media":0,"parent":0,"menu_order":0,"comment_status":"closed","ping_status":"closed","template":"","meta":{"footnotes":""},"class_list":["post-3726","page","type-page","status-publish","hentry"],"aioseo_notices":[],"_links":{"self":[{"href":"https:\/\/ynsghostboats.com\/es\/wp-json\/wp\/v2\/pages\/3726","targetHints":{"allow":["GET"]}}],"collection":[{"href":"https:\/\/ynsghostboats.com\/es\/wp-json\/wp\/v2\/pages"}],"about":[{"href":"https:\/\/ynsghostboats.com\/es\/wp-json\/wp\/v2\/types\/page"}],"author":[{"embeddable":true,"href":"https:\/\/ynsghostboats.com\/es\/wp-json\/wp\/v2\/users\/1"}],"replies":[{"embeddable":true,"href":"https:\/\/ynsghostboats.com\/es\/wp-json\/wp\/v2\/comments?post=3726"}],"version-history":[{"count":2,"href":"https:\/\/ynsghostboats.com\/es\/wp-json\/wp\/v2\/pages\/3726\/revisions"}],"predecessor-version":[{"id":6104,"href":"https:\/\/ynsghostboats.com\/es\/wp-json\/wp\/v2\/pages\/3726\/revisions\/6104"}],"wp:attachment":[{"href":"https:\/\/ynsghostboats.com\/es\/wp-json\/wp\/v2\/media?parent=3726"}],"curies":[{"name":"wp","href":"https:\/\/api.w.org\/{rel}","templated":true}]}}