{"id":2880,"date":"2024-09-17T10:15:52","date_gmt":"2024-09-17T10:15:52","guid":{"rendered":"https:\/\/ynsghostboats.com\/politica-de-privacidad\/"},"modified":"2026-03-11T10:54:48","modified_gmt":"2026-03-11T10:54:48","slug":"politica-de-privacidad","status":"publish","type":"page","link":"https:\/\/ynsghostboats.com\/es\/politica-de-privacidad\/","title":{"rendered":"Pol\u00edtica de privacidad"},"content":{"rendered":"\n<div class=\"wp-block-group yns-page-top is-layout-constrained wp-block-group-is-layout-constrained\" style=\"margin-top:0;margin-bottom:0\">\n<div class=\"wp-block-cover has-parallax is-style-default yns-page-banner has-white-color has-text-color has-link-color wp-elements-4a185ce09d967669bce785d68bb6c7de\" style=\"margin-bottom:0px;padding-right:20px;padding-left:20px;min-height:550px;aspect-ratio:unset;\"><div class=\"wp-block-cover__image-background wp-image-5969 has-parallax\" style=\"background-position:50% 50%;background-image:url(https:\/\/ynsghostboats.com\/wp-content\/uploads\/2024\/12\/DJI_0822-scaled.jpg)\"><\/div><span aria-hidden=\"true\" class=\"wp-block-cover__background has-foreground-background-color has-background-dim\"><\/span><div class=\"wp-block-cover__inner-container is-layout-constrained wp-container-core-cover-is-layout-8a5b376c wp-block-cover-is-layout-constrained\">\n<p class=\"has-text-align-center has-xx-large-font-size\">Pol\u00edtica de privacidad<\/p>\n\n\n\n<p class=\"has-text-align-center has-small-font-size\" style=\"margin-top:var(--wp--preset--spacing--50);margin-right:var(--wp--preset--spacing--50);margin-bottom:var(--wp--preset--spacing--50);margin-left:var(--wp--preset--spacing--50)\">YNS Ghostboats respeta tu privacidad.<\/p>\n<\/div><\/div>\n<\/div>\n\n<div class=\"wp-block-group is-layout-constrained wp-container-core-group-is-layout-9540bd20 wp-block-group-is-layout-constrained\" style=\"margin-top:0;margin-bottom:0;padding-top:60px;padding-right:20px;padding-bottom:60px;padding-left:20px\">\n<p>Esta Pol\u00edtica de Privacidad explica c\u00f3mo tratamos tu informaci\u00f3n cuando visitas www.ynsghostboats.com.<\/p>\n\n\n\n<h2 class=\"wp-block-heading\">Informaci\u00f3n que recogemos<\/h2>\n\n\n\n<p>Recopilamos informaci\u00f3n m\u00ednima para mejorar tu experiencia de navegaci\u00f3n:<\/p>\n\n\n\n<p>Proporcionados por ti: Si te pones en contacto con nosotros, podemos recopilar tu nombre y direcci\u00f3n de correo electr\u00f3nico.<\/p>\n\n\n\n<p><strong>Recogidos autom\u00e1ticamente:<\/strong> Datos generales de uso del sitio web, como tu direcci\u00f3n IP y el tipo de navegador, para mejorar su funcionalidad.<\/p>\n\n\n\n<h2 class=\"wp-block-heading\">C\u00f3mo utilizamos tu informaci\u00f3n<\/h2>\n\n\n\n<p>Tu informaci\u00f3n se utiliza \u00fanicamente para:<\/p>\n\n\n\n<p>Responder a tus consultas.<\/p>\n\n\n\n<p>Mantener y mejorar la funcionalidad de nuestro Sitio.<\/p>\n\n\n\n<h2 class=\"wp-block-heading\">Compartir tu informaci\u00f3n<\/h2>\n\n\n\n<p>No vendemos ni compartimos tu informaci\u00f3n personal con terceros, excepto cuando lo exige la ley.<\/p>\n\n\n\n<h2 class=\"wp-block-heading\">Seguridad<\/h2>\n\n\n\n<p>Tomamos medidas razonables para proteger tus datos. Sin embargo, ninguna plataforma en l\u00ednea es completamente segura, y fomentamos las pr\u00e1cticas seguras en Internet. <\/p>\n\n\n\n<h2 class=\"wp-block-heading\">Actualizaciones<\/h2>\n\n\n\n<p>Podemos actualizar esta Pol\u00edtica de Privacidad seg\u00fan sea necesario. La \u00abFecha de entrada en vigor\u00bb reflejar\u00e1 los \u00faltimos cambios. <\/p>\n\n\n\n<h2 class=\"wp-block-heading\">Cont\u00e1ctenos<\/h2>\n\n\n\n<p>Si tienes preguntas o dudas sobre esta Pol\u00edtica de privacidad, ponte en contacto con nosotros en<\/p>\n\n\n\n<p>Correo electr\u00f3nico: <a href=\"mailto:info@ynsghostboats.com\">info@ynsghostboats.com<\/a><\/p>\n<\/div>\n","protected":false},"excerpt":{"rendered":"<p>Esta Pol\u00edtica de Privacidad explica c\u00f3mo tratamos tu informaci\u00f3n cuando visitas www.ynsghostboats.com. Informaci\u00f3n que recogemos Recopilamos informaci\u00f3n m\u00ednima para mejorar tu experiencia de navegaci\u00f3n: Proporcionados por ti: Si te pones en contacto con nosotros, podemos recopilar tu nombre y direcci\u00f3n de correo electr\u00f3nico. Recogidos autom\u00e1ticamente: Datos generales de uso del sitio web, como tu direcci\u00f3n&#8230;<\/p>\n","protected":false},"author":1,"featured_media":0,"parent":0,"menu_order":0,"comment_status":"closed","ping_status":"closed","template":"","meta":{"footnotes":""},"class_list":["post-2880","page","type-page","status-publish","hentry"],"aioseo_notices":[],"_links":{"self":[{"href":"https:\/\/ynsghostboats.com\/es\/wp-json\/wp\/v2\/pages\/2880","targetHints":{"allow":["GET"]}}],"collection":[{"href":"https:\/\/ynsghostboats.com\/es\/wp-json\/wp\/v2\/pages"}],"about":[{"href":"https:\/\/ynsghostboats.com\/es\/wp-json\/wp\/v2\/types\/page"}],"author":[{"embeddable":true,"href":"https:\/\/ynsghostboats.com\/es\/wp-json\/wp\/v2\/users\/1"}],"replies":[{"embeddable":true,"href":"https:\/\/ynsghostboats.com\/es\/wp-json\/wp\/v2\/comments?post=2880"}],"version-history":[{"count":2,"href":"https:\/\/ynsghostboats.com\/es\/wp-json\/wp\/v2\/pages\/2880\/revisions"}],"predecessor-version":[{"id":8289,"href":"https:\/\/ynsghostboats.com\/es\/wp-json\/wp\/v2\/pages\/2880\/revisions\/8289"}],"wp:attachment":[{"href":"https:\/\/ynsghostboats.com\/es\/wp-json\/wp\/v2\/media?parent=2880"}],"curies":[{"name":"wp","href":"https:\/\/api.w.org\/{rel}","templated":true}]}}