{"id":6676,"date":"2025-08-19T10:49:45","date_gmt":"2025-08-19T10:49:45","guid":{"rendered":"https:\/\/ynsghostboats.com\/goldene-fata-morgana\/"},"modified":"2026-03-11T10:55:33","modified_gmt":"2026-03-11T10:55:33","slug":"goldene-fata-morgana","status":"publish","type":"page","link":"https:\/\/ynsghostboats.com\/de\/goldene-fata-morgana\/","title":{"rendered":"Goldene Fata Morgana"},"content":{"rendered":"\n<div class=\"wp-block-group yns-page-top is-layout-constrained wp-block-group-is-layout-constrained\" style=\"margin-top:0;margin-bottom:0\">\n<div class=\"wp-block-cover is-light has-parallax is-style-default yns-page-banner has-white-color has-text-color has-link-color wp-elements-39ca49ffecb4c0df8c40fccdfc75fa74\" style=\"margin-bottom:0px;padding-right:20px;padding-left:20px;min-height:550px;aspect-ratio:unset;\"><div class=\"wp-block-cover__image-background wp-image-6352 size-large has-parallax\" style=\"background-position:50% 50%;background-image:url(https:\/\/ynsghostboats.com\/wp-content\/uploads\/2025\/08\/yns.947-1024x762.jpg)\"><\/div><span aria-hidden=\"true\" class=\"wp-block-cover__background has-foreground-background-color has-background-dim\"><\/span><div class=\"wp-block-cover__inner-container is-layout-constrained wp-container-core-cover-is-layout-8a5b376c wp-block-cover-is-layout-constrained\">\n<h1 class=\"wp-block-heading has-text-align-center yns-gold-heading notranslate has-text-color has-montserrat-font-family\" style=\"color:#ffc800;margin-top:1.5rem;margin-bottom:1.5rem;font-size:4em;font-style:normal;font-weight:700;line-height:1.2\">Golden Mirage<\/h1>\n\n\n\n<p class=\"has-text-align-center has-small-font-size\" style=\"margin-top:var(--wp--preset--spacing--50);margin-right:var(--wp--preset--spacing--50);margin-bottom:var(--wp--preset--spacing--50);margin-left:var(--wp--preset--spacing--50)\">Nur 10 Einheiten weltweit &#8211; Zertifizierte 24K Vergoldung &#8211; Einzigartiges Design &amp; limitierte Produktion<\/p>\n<\/div><\/div>\n<\/div>\n\n<div class=\"wp-block-group alignfull yns-page-gold has-background-color has-black-background-color has-text-color has-background has-link-color wp-elements-14c2631e267301208e13a004fe18679d is-layout-constrained wp-container-core-group-is-layout-e6f1036d wp-block-group-is-layout-constrained\" style=\"margin-top:0;margin-bottom:0;padding-top:0;padding-right:0;padding-bottom:0;padding-left:0\"><link rel=\"stylesheet\" href=\"https:\/\/fonts.googleapis.com\/css2?family=Public+Sans:wght@400;500;600;700;800\" \/>\n<div class=\"wp-block-group is-layout-constrained wp-container-core-group-is-layout-11b5815e wp-block-group-is-layout-constrained\" style=\"margin-top:0;margin-bottom:0;padding-top:60px;padding-right:20px;padding-bottom:60px;padding-left:20px;font-size:14px; font-family: 'Public Sans' !important;\" style=\"margin-top:0;margin-bottom:0;padding-top:60px;padding-right:20px;padding-bottom:60px;padding-left:20px;font-size:14px\">\n<div class=\"wp-block-columns is-style-default is-layout-flex wp-container-core-columns-is-layout-ebd733d1 wp-block-columns-is-layout-flex\" style=\"margin-top:20px;margin-bottom:20px\">\n<div class=\"wp-block-column is-layout-flow wp-container-core-column-is-layout-8a368f38 wp-block-column-is-layout-flow cozy-animation__initialized\" data-aos=\"zoom-in-up\" data-aos-easing=\"ease-in\" data-aos-anchor-placement=\"top-bottom\" data-aos-duration=\"1000\">\n<figure class=\"wp-block-image aligncenter size-full has-custom-border\"><img loading=\"lazy\" decoding=\"async\" width=\"1068\" height=\"2228\" src=\"https:\/\/ynsghostboats.com\/wp-content\/uploads\/2025\/08\/yns.954.jpg\" alt=\"\" class=\"wp-image-6348\" style=\"border-radius:10px;aspect-ratio:3\/4;object-fit:cover\" srcset=\"https:\/\/ynsghostboats.com\/wp-content\/uploads\/2025\/08\/yns.954.jpg 1068w, https:\/\/ynsghostboats.com\/wp-content\/uploads\/2025\/08\/yns.954-144x300.jpg 144w, https:\/\/ynsghostboats.com\/wp-content\/uploads\/2025\/08\/yns.954-491x1024.jpg 491w, https:\/\/ynsghostboats.com\/wp-content\/uploads\/2025\/08\/yns.954-768x1602.jpg 768w, https:\/\/ynsghostboats.com\/wp-content\/uploads\/2025\/08\/yns.954-736x1536.jpg 736w, https:\/\/ynsghostboats.com\/wp-content\/uploads\/2025\/08\/yns.954-982x2048.jpg 982w\" sizes=\"auto, (max-width: 1068px) 100vw, 1068px\" \/><\/figure>\n<\/div>\n\n\n\n<div class=\"wp-block-column is-vertically-aligned-center is-content-justification-center is-layout-constrained wp-container-core-column-is-layout-6ead9d14 wp-block-column-is-layout-constrained\" style=\"padding-top:20px;padding-right:20px;padding-bottom:20px;padding-left:20px;font-size:15px;line-height:1.8\">\n<p class=\"notranslate has-luminous-vivid-amber-color has-text-color has-link-color wp-elements-b91c52f20a320478772ded6c2783e858\" style=\"font-size:14px;font-style:normal;font-weight:500;line-height:1.2;text-transform:uppercase\"><font style=\"vertical-align: inherit;\"><font style=\"vertical-align: inherit;\"><font style=\"vertical-align: inherit;\"><font style=\"vertical-align: inherit;\">Golden Mirage<\/font><\/font><\/font><\/font><\/p>\n\n\n<link rel=\"stylesheet\" href=\"https:\/\/fonts.googleapis.com\/css2?family=Inter:wght@400;500;600;700;800\" \/>\n<h2 class=\"wp-block-heading has-background-color has-text-color has-link-color wp-elements-a93d00dd75bd4fcb730017b08b2dcfc7 cozy-animation__initialized\" style=\"margin-top:0;margin-right:0;margin-bottom:0;margin-left:0;padding-top:20px;padding-bottom:20px;font-size:36px;font-style:normal;font-weight:600;line-height:1.3; font-family: 'Inter' !important;\" data-aos=\"flip-up\" data-aos-easing=\"ease-in\" data-aos-anchor-placement=\"top-bottom\" data-aos-duration=\"600\" style=\"margin-top:0;margin-right:0;margin-bottom:0;margin-left:0;padding-top:20px;padding-bottom:20px;font-size:36px;font-style:normal;font-weight:600;line-height:1.3\"><font style=\"vertical-align: inherit;\"><font style=\"vertical-align: inherit;\">Allgemeine Spezifikationen<\/font><\/font><\/h2>\n\n\n\n<ul style=\"padding-top:0;padding-right:5px;padding-bottom:0;padding-left:5px;line-height:1.8\" class=\"wp-block-list is-style-list-style-no-bullet\">\n<li>Alle inneren und \u00e4u\u00dferen Accessoires aus 316L-Edelstahl werden mit fortschrittlichen Techniken mit 24K Echtgold beschichtet.<\/li>\n\n\n\n<li>Jedes Gef\u00e4\u00df wird mit einem offiziellen Zertifikat f\u00fcr die 24-Karat-Vergoldung geliefert.<\/li>\n\n\n\n<li>V\u00f6llig transparenter Rumpf aus massivem Polykarbonat &#8211; enth\u00fcllt die faszinierenden Tiefen des Meeres.<\/li>\n\n\n\n<li>Nur 10 gl\u00fcckliche Sammler weltweit werden dieses Meisterwerk jemals besitzen.<\/li>\n\n\n\n<li>Jedes Schiff erh\u00e4lt eine einzigartige Seriennummer, die auf einer vergoldeten Plakette eingraviert ist.<\/li>\n\n\n\n<li>Ausschlie\u00dflich auf Bestellung gebaut &#8211; kein Lagerbestand; jedes wird speziell f\u00fcr seinen Besitzer angefertigt.<\/li>\n<\/ul>\n<\/div>\n<\/div>\n\n\n\n<div class=\"wp-block-columns is-style-default is-layout-flex wp-container-core-columns-is-layout-ebd733d1 wp-block-columns-is-layout-flex\" style=\"margin-top:20px;margin-bottom:20px\">\n<div class=\"wp-block-column is-layout-flow wp-container-core-column-is-layout-8a368f38 wp-block-column-is-layout-flow cozy-animation__initialized\" data-aos=\"zoom-in-up\" data-aos-easing=\"ease-in\" data-aos-anchor-placement=\"top-bottom\" data-aos-duration=\"1000\">\n<figure class=\"wp-block-image aligncenter size-full has-custom-border\"><img decoding=\"async\" src=\"https:\/\/ynsghostboats.com\/wp-content\/uploads\/2025\/08\/yns.949.jpg\" alt=\"\" class=\"wp-image-6351\" style=\"border-radius:10px;aspect-ratio:3\/4;object-fit:cover\"\/><\/figure>\n<\/div>\n\n\n\n<div class=\"wp-block-column is-vertically-aligned-center is-content-justification-center is-layout-constrained wp-container-core-column-is-layout-6ead9d14 wp-block-column-is-layout-constrained\" style=\"padding-top:20px;padding-right:20px;padding-bottom:20px;padding-left:20px;font-size:15px;line-height:1.8\">\n<p class=\"notranslate has-luminous-vivid-amber-color has-text-color has-link-color wp-elements-b91c52f20a320478772ded6c2783e858\" style=\"font-size:14px;font-style:normal;font-weight:500;line-height:1.2;text-transform:uppercase\"><font style=\"vertical-align: inherit;\"><font style=\"vertical-align: inherit;\"><font style=\"vertical-align: inherit;\"><font style=\"vertical-align: inherit;\">Golden Mirage<\/font><\/font><\/font><\/font><\/p>\n\n\n<link rel=\"stylesheet\" href=\"https:\/\/fonts.googleapis.com\/css2?family=Inter:wght@400;500;600;700;800\" \/>\n<h2 class=\"wp-block-heading has-background-color has-text-color has-link-color wp-elements-d3472f146720da424718e461416794c5 cozy-animation__initialized\" style=\"margin-top:0;margin-right:0;margin-bottom:0;margin-left:0;padding-top:20px;padding-bottom:20px;font-size:36px;font-style:normal;font-weight:600;line-height:1.3; font-family: 'Inter' !important;\" data-aos=\"flip-up\" data-aos-easing=\"ease-in\" data-aos-anchor-placement=\"top-bottom\" data-aos-duration=\"600\" style=\"margin-top:0;margin-right:0;margin-bottom:0;margin-left:0;padding-top:20px;padding-bottom:20px;font-size:36px;font-style:normal;font-weight:600;line-height:1.3\"><font style=\"vertical-align: inherit;\"><font style=\"vertical-align: inherit;\">Technische Daten<\/font><\/font><\/h2>\n\n\n\n<ul style=\"padding-top:0;padding-right:5px;padding-bottom:0;padding-left:5px;line-height:1.8\" class=\"wp-block-list is-style-list-style-no-bullet\">\n<li>Rumpfl\u00e4nge: 5.35m<\/li>\n\n\n\n<li>Breite: 1,80 m<\/li>\n\n\n\n<li>H\u00f6he: 0,90 m<\/li>\n\n\n\n<li>Material: Solides Polycarbonat (UV-gesch\u00fctzt, hohe Sto\u00dffestigkeit)<\/li>\n\n\n\n<li style=\"font-style:normal;font-weight:600\">Motor Optionen:  <\/li>\n\n\n\n<li>30 PS Benzin-Au\u00dfenborder &#8211; Motorabdeckung mit Gold-Detail  <\/li>\n\n\n\n<li>Elektromotor (umweltfreundlich, leiser Betrieb)<\/li>\n\n\n\n<li>Ausstattung: JBL-Soundsystem, LED-Beleuchtung, automatische Bilgepumpe, vergoldete Motorkonsole<\/li>\n<\/ul>\n<\/div>\n<\/div>\n\n\n\n<div class=\"wp-block-columns is-style-default is-layout-flex wp-container-core-columns-is-layout-ebd733d1 wp-block-columns-is-layout-flex\" style=\"margin-top:20px;margin-bottom:20px\">\n<div class=\"wp-block-column is-layout-flow wp-container-core-column-is-layout-8a368f38 wp-block-column-is-layout-flow cozy-animation__initialized\" data-aos=\"zoom-in-up\" data-aos-easing=\"ease-in\" data-aos-anchor-placement=\"top-bottom\" data-aos-duration=\"1000\">\n<figure class=\"wp-block-image aligncenter size-full has-custom-border\"><img loading=\"lazy\" decoding=\"async\" width=\"2560\" height=\"1905\" src=\"https:\/\/ynsghostboats.com\/wp-content\/uploads\/2025\/08\/yns.940-scaled.jpg\" alt=\"\" class=\"wp-image-6353\" style=\"border-radius:10px;aspect-ratio:3\/4;object-fit:cover\" srcset=\"https:\/\/ynsghostboats.com\/wp-content\/uploads\/2025\/08\/yns.940-scaled.jpg 2560w, https:\/\/ynsghostboats.com\/wp-content\/uploads\/2025\/08\/yns.940-300x223.jpg 300w, https:\/\/ynsghostboats.com\/wp-content\/uploads\/2025\/08\/yns.940-1024x762.jpg 1024w, https:\/\/ynsghostboats.com\/wp-content\/uploads\/2025\/08\/yns.940-768x571.jpg 768w, https:\/\/ynsghostboats.com\/wp-content\/uploads\/2025\/08\/yns.940-1536x1143.jpg 1536w, https:\/\/ynsghostboats.com\/wp-content\/uploads\/2025\/08\/yns.940-2048x1524.jpg 2048w\" sizes=\"auto, (max-width: 2560px) 100vw, 2560px\" \/><\/figure>\n<\/div>\n\n\n\n<div class=\"wp-block-column is-vertically-aligned-center is-content-justification-center is-layout-constrained wp-container-core-column-is-layout-6ead9d14 wp-block-column-is-layout-constrained\" style=\"padding-top:20px;padding-right:20px;padding-bottom:20px;padding-left:20px;font-size:15px;line-height:1.8\">\n<p class=\"notranslate has-luminous-vivid-amber-color has-text-color has-link-color wp-elements-b91c52f20a320478772ded6c2783e858\" style=\"font-size:14px;font-style:normal;font-weight:500;line-height:1.2;text-transform:uppercase\"><font style=\"vertical-align: inherit;\"><font style=\"vertical-align: inherit;\"><font style=\"vertical-align: inherit;\"><font style=\"vertical-align: inherit;\">Golden Mirage<\/font><\/font><\/font><\/font><\/p>\n\n\n<link rel=\"stylesheet\" href=\"https:\/\/fonts.googleapis.com\/css2?family=Inter:wght@400;500;600;700;800\" \/>\n<h2 class=\"wp-block-heading has-background-color has-text-color has-link-color wp-elements-85eabbdb2f91d9f566000144522f0b43 cozy-animation__initialized\" style=\"margin-top:0;margin-right:0;margin-bottom:0;margin-left:0;padding-top:20px;padding-bottom:20px;font-size:36px;font-style:normal;font-weight:600;line-height:1.3; font-family: 'Inter' !important;\" data-aos=\"flip-up\" data-aos-easing=\"ease-in\" data-aos-anchor-placement=\"top-bottom\" data-aos-duration=\"600\" style=\"margin-top:0;margin-right:0;margin-bottom:0;margin-left:0;padding-top:20px;padding-bottom:20px;font-size:36px;font-style:normal;font-weight:600;line-height:1.3\"><font style=\"vertical-align: inherit;\"><font style=\"vertical-align: inherit;\">Symbol f\u00fcr Luxus und Prestige<\/font><\/font><\/h2>\n\n\n\n<ul style=\"padding-top:0;padding-right:5px;padding-bottom:0;padding-left:5px;line-height:1.8\" class=\"wp-block-list is-style-list-style-no-bullet\">\n<li>Entworfen f\u00fcr Sammler, die in den exklusivsten Yachth\u00e4fen des Arabischen Golfs etwas Besonderes suchen.<\/li>\n\n\n\n<li>Vergoldete Accessoires sind vollst\u00e4ndig gegen Salzwasser gesch\u00fctzt und bewahren ihren Glanz \u00fcber Jahre hinweg.<\/li>\n\n\n\n<li>Jedes Detail ist eine Mischung aus \u00fcberlegener Technik und raffinierter Handwerkskunst.<\/li>\n<\/ul>\n<\/div>\n<\/div>\n\n\n\n<div class=\"wp-block-columns is-style-default is-layout-flex wp-container-core-columns-is-layout-ebd733d1 wp-block-columns-is-layout-flex\" style=\"margin-top:20px;margin-bottom:20px\">\n<div class=\"wp-block-column is-layout-flow wp-container-core-column-is-layout-8a368f38 wp-block-column-is-layout-flow cozy-animation__initialized\" data-aos=\"zoom-in-up\" data-aos-easing=\"ease-in\" data-aos-anchor-placement=\"top-bottom\" data-aos-duration=\"1000\">\n<figure class=\"wp-block-image aligncenter size-full has-custom-border\"><img loading=\"lazy\" decoding=\"async\" width=\"1054\" height=\"2269\" src=\"https:\/\/ynsghostboats.com\/wp-content\/uploads\/2025\/08\/yns.951.jpg\" alt=\"\" class=\"wp-image-6349\" style=\"border-radius:10px;aspect-ratio:3\/4;object-fit:cover\" srcset=\"https:\/\/ynsghostboats.com\/wp-content\/uploads\/2025\/08\/yns.951.jpg 1054w, https:\/\/ynsghostboats.com\/wp-content\/uploads\/2025\/08\/yns.951-139x300.jpg 139w, https:\/\/ynsghostboats.com\/wp-content\/uploads\/2025\/08\/yns.951-476x1024.jpg 476w, https:\/\/ynsghostboats.com\/wp-content\/uploads\/2025\/08\/yns.951-768x1653.jpg 768w, https:\/\/ynsghostboats.com\/wp-content\/uploads\/2025\/08\/yns.951-714x1536.jpg 714w, https:\/\/ynsghostboats.com\/wp-content\/uploads\/2025\/08\/yns.951-951x2048.jpg 951w\" sizes=\"auto, (max-width: 1054px) 100vw, 1054px\" \/><\/figure>\n<\/div>\n\n\n\n<div class=\"wp-block-column is-vertically-aligned-center is-content-justification-center is-layout-constrained wp-container-core-column-is-layout-6ead9d14 wp-block-column-is-layout-constrained\" style=\"padding-top:20px;padding-right:20px;padding-bottom:20px;padding-left:20px;font-size:15px;line-height:1.8\">\n<p class=\"notranslate has-luminous-vivid-amber-color has-text-color has-link-color wp-elements-b91c52f20a320478772ded6c2783e858\" style=\"font-size:14px;font-style:normal;font-weight:500;line-height:1.2;text-transform:uppercase\"><font style=\"vertical-align: inherit;\"><font style=\"vertical-align: inherit;\"><font style=\"vertical-align: inherit;\"><font style=\"vertical-align: inherit;\">Golden Mirage<\/font><\/font><\/font><\/font><\/p>\n\n\n<link rel=\"stylesheet\" href=\"https:\/\/fonts.googleapis.com\/css2?family=Inter:wght@400;500;600;700;800\" \/>\n<h2 class=\"wp-block-heading has-background-color has-text-color has-link-color wp-elements-318be586911e6431479f1108a85a3c74 cozy-animation__initialized\" style=\"margin-top:0;margin-right:0;margin-bottom:0;margin-left:0;padding-top:20px;padding-bottom:20px;font-size:36px;font-style:normal;font-weight:600;line-height:1.3; font-family: 'Inter' !important;\" data-aos=\"flip-up\" data-aos-easing=\"ease-in\" data-aos-anchor-placement=\"top-bottom\" data-aos-duration=\"600\" style=\"margin-top:0;margin-right:0;margin-bottom:0;margin-left:0;padding-top:20px;padding-bottom:20px;font-size:36px;font-style:normal;font-weight:600;line-height:1.3\"><font style=\"vertical-align: inherit;\"><font style=\"vertical-align: inherit;\">Exklusive Lieferung &amp; Service<\/font><\/font><\/h2>\n\n\n\n<ul style=\"padding-top:0;padding-right:5px;padding-bottom:0;padding-left:5px;line-height:1.8\" class=\"wp-block-list is-style-list-style-no-bullet\">\n<li>Lieferung per Luftfracht innerhalb von 50 Tagen in alle Golfstaaten, einschlie\u00dflich Dubai, Katar, Kuwait und Saudi-Arabien.<\/li>\n\n\n\n<li>Jeder K\u00e4ufer erh\u00e4lt eine luxuri\u00f6se vergoldete Plakette mit seiner pers\u00f6nlichen Seriennummer.<\/li>\n<\/ul>\n<\/div>\n<\/div>\n\n\n\n<div class=\"wp-block-columns is-style-default is-layout-flex wp-container-core-columns-is-layout-ebd733d1 wp-block-columns-is-layout-flex\" style=\"margin-top:20px;margin-bottom:20px\">\n<div class=\"wp-block-column is-layout-flow wp-container-core-column-is-layout-8a368f38 wp-block-column-is-layout-flow cozy-animation__initialized\" data-aos=\"zoom-in-up\" data-aos-easing=\"ease-in\" data-aos-anchor-placement=\"top-bottom\" data-aos-duration=\"1000\">\n<figure class=\"wp-block-image aligncenter size-full has-custom-border\"><img loading=\"lazy\" decoding=\"async\" width=\"2560\" height=\"1905\" src=\"https:\/\/ynsghostboats.com\/wp-content\/uploads\/2025\/08\/yns.947-scaled.jpg\" alt=\"\" class=\"wp-image-6352\" style=\"border-radius:10px;aspect-ratio:4\/3;object-fit:cover\" srcset=\"https:\/\/ynsghostboats.com\/wp-content\/uploads\/2025\/08\/yns.947-scaled.jpg 2560w, https:\/\/ynsghostboats.com\/wp-content\/uploads\/2025\/08\/yns.947-300x223.jpg 300w, https:\/\/ynsghostboats.com\/wp-content\/uploads\/2025\/08\/yns.947-1024x762.jpg 1024w, https:\/\/ynsghostboats.com\/wp-content\/uploads\/2025\/08\/yns.947-768x571.jpg 768w, https:\/\/ynsghostboats.com\/wp-content\/uploads\/2025\/08\/yns.947-1536x1143.jpg 1536w, https:\/\/ynsghostboats.com\/wp-content\/uploads\/2025\/08\/yns.947-2048x1524.jpg 2048w\" sizes=\"auto, (max-width: 2560px) 100vw, 2560px\" \/><\/figure>\n<\/div>\n\n\n\n<div class=\"wp-block-column is-vertically-aligned-center is-content-justification-center is-layout-constrained wp-container-core-column-is-layout-6ead9d14 wp-block-column-is-layout-constrained\" style=\"padding-top:20px;padding-right:20px;padding-bottom:20px;padding-left:20px;font-size:15px;line-height:1.8\">\n<p class=\"notranslate has-luminous-vivid-amber-color has-text-color has-link-color wp-elements-b91c52f20a320478772ded6c2783e858\" style=\"font-size:14px;font-style:normal;font-weight:500;line-height:1.2;text-transform:uppercase\"><font style=\"vertical-align: inherit;\"><font style=\"vertical-align: inherit;\"><font style=\"vertical-align: inherit;\"><font style=\"vertical-align: inherit;\">Golden Mirage<\/font><\/font><\/font><\/font><\/p>\n\n\n<link rel=\"stylesheet\" href=\"https:\/\/fonts.googleapis.com\/css2?family=Inter:wght@400;500;600;700;800\" \/>\n<h2 class=\"wp-block-heading has-background-color has-text-color has-link-color wp-elements-d2905d235768690aa3b07c46321e08a1 cozy-animation__initialized\" style=\"margin-top:0;margin-right:0;margin-bottom:0;margin-left:0;padding-top:20px;padding-bottom:20px;font-size:36px;font-style:normal;font-weight:600;line-height:1.3; font-family: 'Inter' !important;\" data-aos=\"flip-up\" data-aos-easing=\"ease-in\" data-aos-anchor-placement=\"top-bottom\" data-aos-duration=\"600\" style=\"margin-top:0;margin-right:0;margin-bottom:0;margin-left:0;padding-top:20px;padding-bottom:20px;font-size:36px;font-style:normal;font-weight:600;line-height:1.3\"><font style=\"vertical-align: inherit;\"><font style=\"vertical-align: inherit;\">Preis &amp; Reservierung<\/font><\/font><\/h2>\n\n\n\n<ul style=\"padding-top:0;padding-right:5px;padding-bottom:0;padding-left:5px;line-height:1.8\" class=\"wp-block-list is-style-list-style-no-bullet\">\n<li>Preis: \u20ac 300.000<\/li>\n\n\n\n<li>Anzahlung: \u20ac 200.000 (nicht erstattungsf\u00e4hig, zahlbar bei Bestellung)<\/li>\n\n\n\n<li>Lieferzeit: 50 Tage (einschlie\u00dflich Luftfracht)<\/li>\n\n\n\n<li>Produktionsmenge: Limitiert auf 10 St\u00fcck weltweit<\/li>\n<\/ul>\n<\/div>\n<\/div>\n<\/div>\n<\/div>\n","protected":false},"excerpt":{"rendered":"<p>Golden Mirage Allgemeine Spezifikationen Golden Mirage Technische Daten Golden Mirage Symbol f\u00fcr Luxus und Prestige Golden Mirage Exklusive Lieferung &amp; Service Golden Mirage Preis &amp; Reservierung<\/p>\n","protected":false},"author":1,"featured_media":0,"parent":0,"menu_order":0,"comment_status":"closed","ping_status":"closed","template":"","meta":{"footnotes":""},"class_list":["post-6676","page","type-page","status-publish","hentry"],"aioseo_notices":[],"_links":{"self":[{"href":"https:\/\/ynsghostboats.com\/de\/wp-json\/wp\/v2\/pages\/6676","targetHints":{"allow":["GET"]}}],"collection":[{"href":"https:\/\/ynsghostboats.com\/de\/wp-json\/wp\/v2\/pages"}],"about":[{"href":"https:\/\/ynsghostboats.com\/de\/wp-json\/wp\/v2\/types\/page"}],"author":[{"embeddable":true,"href":"https:\/\/ynsghostboats.com\/de\/wp-json\/wp\/v2\/users\/1"}],"replies":[{"embeddable":true,"href":"https:\/\/ynsghostboats.com\/de\/wp-json\/wp\/v2\/comments?post=6676"}],"version-history":[{"count":22,"href":"https:\/\/ynsghostboats.com\/de\/wp-json\/wp\/v2\/pages\/6676\/revisions"}],"predecessor-version":[{"id":8302,"href":"https:\/\/ynsghostboats.com\/de\/wp-json\/wp\/v2\/pages\/6676\/revisions\/8302"}],"wp:attachment":[{"href":"https:\/\/ynsghostboats.com\/de\/wp-json\/wp\/v2\/media?parent=6676"}],"curies":[{"name":"wp","href":"https:\/\/api.w.org\/{rel}","templated":true}]}}