{"id":5600,"date":"2024-11-22T16:03:51","date_gmt":"2024-11-22T16:03:51","guid":{"rendered":"https:\/\/ynsghostboats.com\/kundendienst\/"},"modified":"2026-03-31T14:48:44","modified_gmt":"2026-03-31T14:48:44","slug":"kundendienst","status":"publish","type":"page","link":"https:\/\/ynsghostboats.com\/de\/kundendienst\/","title":{"rendered":"Kundendienst"},"content":{"rendered":"\n<div class=\"wp-block-group yns-page-top is-layout-constrained wp-block-group-is-layout-constrained\" style=\"margin-top:0;margin-bottom:0\">\n<div class=\"wp-block-cover has-parallax is-style-default yns-page-banner has-white-color has-text-color has-link-color wp-elements-400885ee7481ba0fb349f614611f809b\" style=\"margin-bottom:0px;padding-right:20px;padding-left:20px;min-height:550px;aspect-ratio:unset;\"><div class=\"wp-block-cover__image-background wp-image-5969 has-parallax\" style=\"background-position:50% 50%;background-image:url(https:\/\/ynsghostboats.com\/wp-content\/uploads\/2024\/12\/DJI_0822-scaled.jpg)\"><\/div><span aria-hidden=\"true\" class=\"wp-block-cover__background has-foreground-background-color has-background-dim\"><\/span><div class=\"wp-block-cover__inner-container is-layout-constrained wp-container-core-cover-is-layout-8a5b376c wp-block-cover-is-layout-constrained\">\n<p class=\"has-text-align-center has-xx-large-font-size\">Kundendienst<\/p>\n\n\n\n<p class=\"has-text-align-center has-small-font-size\" style=\"margin-top:var(--wp--preset--spacing--50);margin-right:var(--wp--preset--spacing--50);margin-bottom:var(--wp--preset--spacing--50);margin-left:var(--wp--preset--spacing--50)\">Willkommen beim YNS Ghostboats Kundenservice!<\/p>\n<\/div><\/div>\n<\/div>\n\n\n\n<div class=\"wp-block-group is-layout-constrained wp-container-core-group-is-layout-9540bd20 wp-block-group-is-layout-constrained\" style=\"margin-top:0;margin-bottom:0;padding-top:60px;padding-right:20px;padding-bottom:60px;padding-left:20px\">\n<p>Bei YNS Ghostboats setzen wir alles daran, Ihr Erlebnis beim Erwerb eines transparenten Bootes so reibungslos und angenehm wie m\u00f6glich zu gestalten. Unser Engagement f\u00fcr Innovation wird durch unser Streben nach Kundenzufriedenheit erg\u00e4nzt. Egal, ob Sie neu im Bootssport sind oder ein erfahrener Besitzer, wir sind hier, um Sie bei jedem Schritt zu unterst\u00fctzen.  <\/p>\n\n\n\n<h2 class=\"wp-block-heading\">Wie k\u00f6nnen wir Ihnen helfen?<\/h2>\n\n\n\n<p><strong>1. Produktinformationen<\/strong><br>Erfahren Sie mehr \u00fcber die einzigartigen Eigenschaften unserer transparenten Boote, die aus robustem Polycarbonat gefertigt sind und unvergleichliche Unterwasseransichten bieten. Informieren Sie sich \u00fcber Anpassungsoptionen, einschlie\u00dflich motorisierter oder manueller Konfigurationen. <\/p>\n\n\n\n<p><strong>2. Individuelle Beratung<\/strong><br>Sie sind sich nicht sicher, welches Modell zu Ihren Bed\u00fcrfnissen passt? Unser Team bietet individuelle Beratungen an, um Ihnen zu helfen, das richtige Boot basierend auf Ihren Vorlieben, Zielen und Ihrem Budget zu w\u00e4hlen. <\/p>\n\n\n\n<p><strong>3. Anpassungsunterst\u00fctzung<\/strong><br>Gestalten Sie Ihr Boot nach Ihren W\u00fcnschen! Von Beleuchtungssystemen \u00fcber Sound-Features bis hin zu Motoranpassungen \u2013 unsere Experten stehen Ihnen bei allen verf\u00fcgbaren Anpassungsoptionen zur Seite. <\/p>\n\n\n\n<p><strong>4. Kundendienst nach dem Kauf<\/strong><br>Ihre Beziehung zu YNS Ghostboats endet nicht mit dem Kauf. Wir bieten Wartungsratschl\u00e4ge, Fehlerbehebung und zus\u00e4tzliche Anpassungsdienste, um sicherzustellen, dass Sie das Beste aus Ihrem Boot herausholen. <\/p>\n\n\n\n<h2 class=\"wp-block-heading\">Warum YNS Ghostboats w\u00e4hlen?<\/h2>\n\n\n\n<p><strong>Hochwertige Handwerkskunst<\/strong>: Unsere Boote werden aus robustem Polycarbonat hergestellt und bieten unvergleichliche Haltbarkeit und Sicherheit.<\/p>\n\n\n\n<p><strong>Fachkundige Unterst\u00fctzung<\/strong>: Von der Konstruktion bis zur Lieferung \u2013 unser erfahrenes Team steht Ihnen zur Seite.<\/p>\n\n\n\n<p><strong>Nachhaltige Innovation<\/strong>: Wir setzen auf umweltfreundliche Materialien und Designs, die den Schutz der Meere unterst\u00fctzen.<\/p>\n\n\n\n<h2 class=\"wp-block-heading\">Kontaktieren Sie uns<\/h2>\n\n\n\n<p><strong>E-Mail<\/strong>: <a href=\"mailto:info@ynsghostboats.com\">info@ynsghostboats.com<\/a><\/p>\n\n\n\n<p><strong>Telefon<\/strong>: <a href=\"tel:+90%20531%20494%2060%2079\">+90 531 494 60 79<\/a><\/p>\n\n\n\n<p><strong>Location<\/strong>: Adil Mah. Pelit\u00f6ren Sk. No: 23\/B, Sultanbeyli, 34920 \u0130stanbul, T\u00fcrkiye<\/p>\n\n\n\n<p>Vielen Dank, dass Sie sich f\u00fcr YNS Ghostboats entschieden haben. Lassen Sie uns gemeinsam Ihre Bootserfahrung mit Innovation und Stil neu definieren! <\/p>\n<\/div>\n","protected":false},"excerpt":{"rendered":"<p>Bei YNS Ghostboats setzen wir alles daran, Ihr Erlebnis beim Erwerb eines transparenten Bootes so reibungslos und angenehm wie m\u00f6glich zu gestalten. Unser Engagement f\u00fcr Innovation wird durch unser Streben nach Kundenzufriedenheit erg\u00e4nzt. Egal, ob Sie neu im Bootssport sind oder ein erfahrener Besitzer, wir sind hier, um Sie bei jedem Schritt zu unterst\u00fctzen. Wie&#8230;<\/p>\n","protected":false},"author":1,"featured_media":0,"parent":0,"menu_order":0,"comment_status":"closed","ping_status":"closed","template":"","meta":{"footnotes":""},"class_list":["post-5600","page","type-page","status-publish","hentry"],"aioseo_notices":[],"_links":{"self":[{"href":"https:\/\/ynsghostboats.com\/de\/wp-json\/wp\/v2\/pages\/5600","targetHints":{"allow":["GET"]}}],"collection":[{"href":"https:\/\/ynsghostboats.com\/de\/wp-json\/wp\/v2\/pages"}],"about":[{"href":"https:\/\/ynsghostboats.com\/de\/wp-json\/wp\/v2\/types\/page"}],"author":[{"embeddable":true,"href":"https:\/\/ynsghostboats.com\/de\/wp-json\/wp\/v2\/users\/1"}],"replies":[{"embeddable":true,"href":"https:\/\/ynsghostboats.com\/de\/wp-json\/wp\/v2\/comments?post=5600"}],"version-history":[{"count":4,"href":"https:\/\/ynsghostboats.com\/de\/wp-json\/wp\/v2\/pages\/5600\/revisions"}],"predecessor-version":[{"id":8389,"href":"https:\/\/ynsghostboats.com\/de\/wp-json\/wp\/v2\/pages\/5600\/revisions\/8389"}],"wp:attachment":[{"href":"https:\/\/ynsghostboats.com\/de\/wp-json\/wp\/v2\/media?parent=5600"}],"curies":[{"name":"wp","href":"https:\/\/api.w.org\/{rel}","templated":true}]}}