{"id":3813,"date":"2024-09-21T08:56:53","date_gmt":"2024-09-21T08:56:53","guid":{"rendered":"https:\/\/ynsghostboats.com\/kontaktieren-sie-uns\/"},"modified":"2024-11-04T20:25:37","modified_gmt":"2024-11-04T20:25:37","slug":"kontaktieren-sie-uns","status":"publish","type":"page","link":"https:\/\/ynsghostboats.com\/de\/kontaktieren-sie-uns\/","title":{"rendered":"Kontaktieren Sie uns"},"content":{"rendered":"\n<div class=\"wp-block-group yns-page-top is-layout-constrained wp-block-group-is-layout-constrained\" style=\"margin-top:0;margin-bottom:0\">\n<div class=\"wp-block-cover is-style-default yns-page-banner has-white-color has-text-color has-link-color wp-elements-892f3be57fbcd808df319bf4e3a08551\" style=\"margin-bottom:0px;padding-right:20px;padding-left:20px;min-height:550px;aspect-ratio:unset;\"><img loading=\"lazy\" decoding=\"async\" width=\"2560\" height=\"1917\" class=\"wp-block-cover__image-background wp-image-5967\" alt=\"\" src=\"https:\/\/ynsghostboats.com\/wp-content\/uploads\/2024\/12\/DJI_0813-scaled.jpg\" data-object-fit=\"cover\" srcset=\"https:\/\/ynsghostboats.com\/wp-content\/uploads\/2024\/12\/DJI_0813-scaled.jpg 2560w, https:\/\/ynsghostboats.com\/wp-content\/uploads\/2024\/12\/DJI_0813-300x225.jpg 300w, https:\/\/ynsghostboats.com\/wp-content\/uploads\/2024\/12\/DJI_0813-1024x767.jpg 1024w, https:\/\/ynsghostboats.com\/wp-content\/uploads\/2024\/12\/DJI_0813-768x575.jpg 768w, https:\/\/ynsghostboats.com\/wp-content\/uploads\/2024\/12\/DJI_0813-1536x1150.jpg 1536w, https:\/\/ynsghostboats.com\/wp-content\/uploads\/2024\/12\/DJI_0813-2048x1534.jpg 2048w\" sizes=\"auto, (max-width: 2560px) 100vw, 2560px\" \/><span aria-hidden=\"true\" class=\"wp-block-cover__background has-foreground-background-color has-background-dim\"><\/span><div class=\"wp-block-cover__inner-container is-layout-constrained wp-container-core-cover-is-layout-8a5b376c wp-block-cover-is-layout-constrained\">\n<p class=\"has-text-align-center has-xx-large-font-size\">Kontaktieren Sie uns<\/p>\n\n\n\n<p class=\"has-text-align-center has-small-font-size\" style=\"margin-top:var(--wp--preset--spacing--50);margin-right:var(--wp--preset--spacing--50);margin-bottom:var(--wp--preset--spacing--50);margin-left:var(--wp--preset--spacing--50)\">Wir w\u00fcrden uns freuen, von Ihnen zu h\u00f6ren! Sprechen Sie uns jederzeit an, wenn Sie Fragen oder Anregungen haben. <\/p>\n<\/div><\/div>\n<\/div>\n\n<div class=\"wp-block-group alignfull cozy-block-pattern__contact-us-six is-layout-constrained wp-container-core-group-is-layout-a8354356 wp-block-group-is-layout-constrained\" style=\"margin-top:0;margin-bottom:0;padding-top:50px;padding-right:20px;padding-bottom:100px;padding-left:20px\">\n<div class=\"wp-block-columns are-vertically-aligned-top is-style-default is-layout-flex wp-container-core-columns-is-layout-9a216ec7 wp-block-columns-is-layout-flex\">\n<div class=\"wp-block-column is-vertically-aligned-top is-style-default is-layout-flow wp-block-column-is-layout-flow cozy-animation__initialized\" data-aos=\"fade-up\" data-aos-easing=\"ease\" data-aos-anchor-placement=\"top-bottom\" data-aos-duration=\"1000\" style=\"flex-basis:45%\">\n<div class=\"wp-block-group is-layout-constrained wp-container-core-group-is-layout-27cdce41 wp-block-group-is-layout-constrained\" style=\"margin-top:0px;margin-bottom:0px;padding-top:50px\"><link rel=\"stylesheet\" href=\"https:\/\/fonts.googleapis.com\/css2?family=Public+Sans:wght@400;500;600;700;800\" \/>\n<div class=\"wp-block-group has-text-color has-link-color has-small-font-size wp-elements-9e791a76217797af7baa6f1e6cd7ac62 is-layout-flow wp-container-core-group-is-layout-bcc27a8c wp-block-group-is-layout-flow cozy-animation__initialized\" style=\"color:#646464;margin-bottom:50px;padding-bottom:0; font-family: 'Public Sans' !important;\" data-aos=\"fade-up\" data-aos-easing=\"ease\" data-aos-anchor-placement=\"bottom-bottom\" data-aos-duration=\"600\" style=\"color:#646464;margin-bottom:50px;padding-bottom:0\"><link rel=\"stylesheet\" href=\"https:\/\/fonts.googleapis.com\/css2?family=Public+Sans:wght@400;500;600;700;800\" \/>\n<h2 class=\"wp-block-heading has-text-align-left cozy-animation__initialized\" style=\"margin-bottom:20px;font-size:38px;font-style:normal;font-weight:600;line-height:1.3; font-family: 'Public Sans' !important;\" data-aos=\"flip-up\" data-aos-easing=\"ease-in\" data-aos-anchor-placement=\"top-bottom\" data-aos-duration=\"600\" style=\"margin-bottom:20px;font-size:38px;font-style:normal;font-weight:600;line-height:1.3\">Brauchen Sie mehr Details?<\/h2>\n\n\n\n<p class=\"has-text-align-left\">Nehmen Sie Kontakt mit uns auf, und unser Team wird Ihnen sofort helfen.<\/p>\n<\/div>\n\n\n\n<div class=\"wp-block-group has-background wp-elements-e324c78431cebd44ff711ccf7246b172 is-layout-flow wp-container-core-group-is-layout-c02135ba wp-block-group-is-layout-flow\" style=\"border-radius:20px;background-color:#e5fffa;margin-top:20px;margin-bottom:20px;padding-top:30px;padding-right:40px;padding-bottom:30px;padding-left:40px\">\n<div class=\"cozy-block-wrapper cozy-block-icon-wrapper\">\n\t<div class=\"wp-block-cozy-block-icon-picker\">\n\t\t\n<div class=\"cozy-block-icon-picker default\" id=\"cozyBlock_b2e3c018_26f5_4daa_853e_f744dbd2c357\"><svg xmlns=\"http:\/\/www.w3.org\/2000\/svg\" width=\"30\" height=\"30\" viewbox=\"0 0 22 22\" aria-hidden=\"true\" fill=\"#01ae8f\"><path d=\"M18.5986 3.17871C16.5527 1.12793 13.8281 0 10.9326 0C4.95605 0 0.0927734 4.86328 0.0927734 10.8398C0.0927734 12.749 0.59082 14.6143 1.53809 16.2598L0 21.875L5.74707 20.3662C7.3291 21.2305 9.11133 21.6846 10.9277 21.6846H10.9326C16.9043 21.6846 21.875 16.8213 21.875 10.8447C21.875 7.94922 20.6445 5.22949 18.5986 3.17871ZM10.9326 19.8584C9.31152 19.8584 7.72461 19.4238 6.34277 18.6035L6.01562 18.4082L2.60742 19.3018L3.51562 15.9766L3.30078 15.6348C2.39746 14.1992 1.92383 12.5439 1.92383 10.8398C1.92383 5.87402 5.9668 1.83105 10.9375 1.83105C13.3447 1.83105 15.6055 2.76855 17.3047 4.47266C19.0039 6.17676 20.0488 8.4375 20.0439 10.8447C20.0439 15.8154 15.8984 19.8584 10.9326 19.8584ZM15.874 13.1104C15.6055 12.9736 14.2725 12.3193 14.0234 12.2314C13.7744 12.1387 13.5938 12.0947 13.4131 12.3682C13.2324 12.6416 12.7148 13.2471 12.5537 13.4326C12.3975 13.6133 12.2363 13.6377 11.9678 13.501C10.376 12.7051 9.33105 12.0801 8.28125 10.2783C8.00293 9.7998 8.55957 9.83398 9.07715 8.79883C9.16504 8.61816 9.12109 8.46191 9.05273 8.3252C8.98438 8.18848 8.44238 6.85547 8.21777 6.31348C7.99805 5.78613 7.77344 5.85938 7.60742 5.84961C7.45117 5.83984 7.27051 5.83984 7.08984 5.83984C6.90918 5.83984 6.61621 5.9082 6.36719 6.17676C6.11816 6.4502 5.41992 7.10449 5.41992 8.4375C5.41992 9.77051 6.3916 11.0596 6.52344 11.2402C6.66016 11.4209 8.43262 14.1553 11.1523 15.332C12.8711 16.0742 13.5449 16.1377 14.4043 16.0107C14.9268 15.9326 16.0059 15.3564 16.2305 14.7217C16.4551 14.0869 16.4551 13.5449 16.3867 13.4326C16.3232 13.3105 16.1426 13.2422 15.874 13.1104Z\"><\/path><\/svg><\/div>\n\t<\/div>\n<\/div>\n\n<link rel=\"stylesheet\" href=\"https:\/\/fonts.googleapis.com\/css2?family=Inter:wght@400;500;600;700;800\" \/>\n<h4 class=\"wp-block-heading has-text-color has-link-color wp-elements-3b13630077b4bd06a5264e64f89520f2\" style=\"color:#090b10;margin-top:16px;margin-bottom:6px;font-size:20px; font-family: 'Inter' !important;\" style=\"color:#090b10;margin-top:16px;margin-bottom:6px;font-size:20px\">WhatsApp<\/h4>\n\n\n\n<p class=\"has-post-meta-color-color has-text-color has-link-color wp-elements-dabc433358820c006385c876980c2f48\">F\u00fcr die schnellste Unterst\u00fctzung senden Sie uns bitte eine Nachricht auf WhatsApp.<\/p>\n\n\n\n<div class=\"wp-block-buttons has-custom-font-size is-content-justification-left is-layout-flex wp-container-core-buttons-is-layout-c8a84bd9 wp-block-buttons-is-layout-flex\" style=\"margin-top:26px;margin-bottom:0;font-size:16px;font-style:normal;font-weight:500;text-decoration:none\">\n<div class=\"wp-block-button cozy-animation__initialized cozy-hover-effect__initialized cozy-button-hover-styles\" style=\"; --cozyButtonBgColorHover: #f49805; --cozyButtonColorHover: #fffffe; --cozyButtonBorderHover: ; \" style=\"\"><a class=\"wp-block-button__link has-text-color has-background has-link-color wp-element-button\" href=\"https:\/\/wa.me\/+905314946079\" style=\"border-radius:100px;color:#fffffe;background-color:#01ae8f;padding-top:12px;padding-right:36px;padding-bottom:12px;padding-left:36px\" target=\"_blank\" rel=\"noreferrer noopener\">Chat<\/a><\/div>\n<\/div>\n<\/div>\n\n\n\n<div class=\"wp-block-group has-border-color wp-elements-bbb3b574cc43832764c2685b8683e8b8 is-layout-flow wp-container-core-group-is-layout-c02135ba wp-block-group-is-layout-flow\" style=\"border-color:#01ae8f26;border-width:1px;border-radius:20px;margin-top:20px;margin-bottom:20px;padding-top:30px;padding-right:40px;padding-bottom:30px;padding-left:40px\">\n<div class=\"cozy-block-wrapper cozy-block-icon-wrapper\">\n\t<div class=\"wp-block-cozy-block-icon-picker\">\n\t\t\n<div class=\"cozy-block-icon-picker default\" id=\"cozyBlock_fd1233f9_d23c_4fdc_b9f8_e9d16b372947\"><svg xmlns=\"http:\/\/www.w3.org\/2000\/svg\" width=\"34\" height=\"34\" viewbox=\"0 0 24 24\" aria-hidden=\"true\" fill=\"#01ae8f\"><path d=\"M20.5052 5.29998C20.4852 5.27998 20.4852 5.27999 20.4652 5.25999L18.3252 3.37996C18.0252 3.09996 17.6052 2.95998 17.1652 2.99998C16.7652 3.03998 16.4052 3.19996 16.1252 3.47996C16.1052 3.49996 16.0852 3.51997 16.0652 3.53997L13.9452 6.19998C13.3852 6.79998 13.4052 7.71998 13.9852 8.29998C14.0252 8.33998 14.0652 8.37998 14.1052 8.39998L15.1852 9.12C15.1052 9.5 14.5452 10.58 12.5652 12.56C10.5852 14.54 9.50521 15.1 9.12521 15.18L8.40521 14.1C8.38521 14.06 8.34521 14.02 8.30521 13.98C7.72521 13.4 6.80521 13.4 6.20521 13.94L3.54522 16.06C3.52522 16.08 3.50522 16.1 3.48522 16.12C2.88522 16.72 2.84522 17.72 3.38522 18.3L5.26521 20.44C5.28521 20.46 5.28521 20.46 5.30521 20.48C5.66521 20.84 6.22522 20.98 6.84522 20.98C7.94522 20.98 9.20521 20.54 9.86521 20.28C11.1452 19.78 13.6452 18.56 16.1252 16.08C17.9652 14.24 19.4452 12.02 20.3252 9.82C20.7052 8.82 21.5452 6.33998 20.5052 5.29998ZM14.9852 14.98C11.2852 18.68 7.12521 19.7 6.42521 19.34L4.60521 17.26L7.20521 15.2L7.90521 16.26C7.92521 16.28 7.92522 16.3 7.94522 16.32C8.18522 16.62 8.52521 16.78 8.92521 16.8C9.30521 16.82 10.4852 16.88 13.6652 13.7C14.4452 12.92 16.8452 10.52 16.7652 8.95999C16.7452 8.55999 16.5652 8.21996 16.2852 7.97996C16.2652 7.95996 16.2452 7.93997 16.2252 7.93997L15.1652 7.23997L17.2252 4.63997L19.3052 6.45999C19.7052 7.11999 18.6852 11.28 14.9852 14.98Z\"><\/path><\/svg><\/div>\n\t<\/div>\n<\/div>\n\n<link rel=\"stylesheet\" href=\"https:\/\/fonts.googleapis.com\/css2?family=Inter:wght@400;500;600;700;800\" \/>\n<h4 class=\"wp-block-heading has-text-color has-link-color wp-elements-05817df97fc2c11736c53c57fb641623\" style=\"color:#090b10;margin-top:16px;margin-bottom:6px;font-size:20px; font-family: 'Inter' !important;\" style=\"color:#090b10;margin-top:16px;margin-bottom:6px;font-size:20px\"><strong>Telefon<\/strong><\/h4>\n\n\n\n<p class=\"has-post-meta-color-color has-text-color has-link-color wp-elements-cceebddfc1109eeae7efbdc2a9e9485b\">Rufen Sie uns einfach an, unser Team hilft Ihnen gerne weiter.<\/p>\n\n\n\n<div class=\"wp-block-buttons has-custom-font-size is-content-justification-left is-layout-flex wp-container-core-buttons-is-layout-c8a84bd9 wp-block-buttons-is-layout-flex\" style=\"margin-top:26px;margin-bottom:0;font-size:16px;font-style:normal;font-weight:500;text-decoration:none\">\n<div class=\"wp-block-button cozy-animation__initialized cozy-hover-effect__initialized cozy-button-hover-styles\" style=\"; --cozyButtonBgColorHover: #f49805; --cozyButtonColorHover: #fffffe; --cozyButtonBorderHover: ; \" style=\"\"><a class=\"wp-block-button__link has-text-color has-background has-link-color wp-element-button\" href=\"tel:+90 531 494 60 79\" style=\"border-radius:100px;color:#fffffe;background-color:#01ae8f;padding-top:12px;padding-right:36px;padding-bottom:12px;padding-left:36px\">Rufen Sie  an.<\/a><\/div>\n<\/div>\n<\/div>\n\n\n\n<div class=\"wp-block-group has-background wp-elements-0717083e948ac207090af60781638a05 is-layout-flow wp-container-core-group-is-layout-c02135ba wp-block-group-is-layout-flow\" style=\"border-radius:20px;background-color:#e5fffa;margin-top:20px;margin-bottom:20px;padding-top:30px;padding-right:40px;padding-bottom:30px;padding-left:40px\">\n<div class=\"cozy-block-wrapper cozy-block-icon-wrapper\">\n\t<div class=\"wp-block-cozy-block-icon-picker\">\n\t\t\n<div class=\"cozy-block-icon-picker default\" id=\"cozyBlock_4a9153ec_dccf_4084_8256_4efb149c0f35\"><svg xmlns=\"http:\/\/www.w3.org\/2000\/svg\" width=\"36\" height=\"36\" viewbox=\"0 0 24 24\" aria-hidden=\"true\" fill=\"#01ae8f\"><path d=\"M21.12 7.36C21.12 7.34 21.12 7.3 21.12 7.28C21.12 7.26 21.12 7.23999 21.12 7.21999C21.12 7.19999 21.1 7.18001 21.1 7.14001C21.1 7.12001 21.08 7.08 21.08 7.06C21.08 7.04 21.06 7.01999 21.04 6.99999C21.02 6.97999 21.02 6.93999 21 6.91999V6.89999C20.98 6.87999 20.98 6.88 20.96 6.86C20.94 6.84 20.92 6.81999 20.9 6.79999C20.88 6.77999 20.86 6.76 20.84 6.76C20.82 6.74 20.8 6.71999 20.78 6.71999C20.76 6.69999 20.74 6.7 20.72 6.68C20.7 6.66 20.68 6.66001 20.66 6.64001C20.64 6.64001 20.6 6.61999 20.58 6.61999C20.56 6.61999 20.54 6.59999 20.5 6.59999C20.48 6.59999 20.44 6.59999 20.42 6.59999C20.4 6.59999 20.38 6.59999 20.36 6.59999H3.55999C3.53999 6.59999 3.52001 6.59999 3.50001 6.59999C3.48001 6.59999 3.44 6.59999 3.42 6.59999C3.4 6.59999 3.38 6.61999 3.34 6.61999C3.32 6.61999 3.27999 6.64001 3.25999 6.64001C3.23999 6.64001 3.22001 6.66 3.20001 6.68C3.18001 6.7 3.16 6.69999 3.14 6.71999C3.12 6.73999 3.10001 6.74 3.08001 6.76C3.06001 6.78 3.04 6.79999 3.02 6.79999C3 6.81999 2.97999 6.84 2.95999 6.86C2.93999 6.88 2.94 6.87999 2.92 6.89999V6.91999C2.9 6.93999 2.88001 6.97999 2.88001 6.99999C2.86001 7.01999 2.86 7.04 2.84 7.06C2.82 7.08 2.82 7.10001 2.82 7.14001C2.82 7.16001 2.80001 7.17999 2.80001 7.21999C2.80001 7.23999 2.80001 7.26 2.80001 7.28C2.80001 7.3 2.80001 7.34 2.80001 7.36V7.38V16.58C2.80001 17.02 3.16001 17.38 3.60001 17.38H20.4C20.84 17.38 21.2 17.02 21.2 16.58L21.12 7.36C21.12 7.36 21.12 7.38 21.12 7.36ZM17.9 8.18L11.92 12.62L5.94 8.18H17.9ZM4.32 15.78V8.98L11.44 14.26C11.58 14.36 11.74 14.42 11.92 14.42C12.1 14.42 12.26 14.36 12.4 14.26L19.52 8.98V15.78H4.32Z\"><\/path><\/svg><\/div>\n\t<\/div>\n<\/div>\n\n<link rel=\"stylesheet\" href=\"https:\/\/fonts.googleapis.com\/css2?family=Inter:wght@400;500;600;700;800\" \/>\n<h4 class=\"wp-block-heading has-text-color has-link-color wp-elements-0fcc50460bd3bafb05c06ee181088ee1\" style=\"color:#090b10;margin-top:16px;margin-bottom:6px;font-size:20px; font-family: 'Inter' !important;\" style=\"color:#090b10;margin-top:16px;margin-bottom:6px;font-size:20px\">E-Mail<\/h4>\n\n\n\n<p class=\"has-post-meta-color-color has-text-color has-link-color wp-elements-af9b52cdabb0960886e37dd64febbb95\">F\u00fcr allgemeine Anfragen oder Support, senden Sie uns bitte eine E-Mail.<\/p>\n\n\n\n<div class=\"wp-block-buttons has-custom-font-size is-content-justification-left is-layout-flex wp-container-core-buttons-is-layout-c8a84bd9 wp-block-buttons-is-layout-flex\" style=\"margin-top:26px;margin-bottom:0;font-size:16px;font-style:normal;font-weight:500;text-decoration:none\">\n<div class=\"wp-block-button cozy-animation__initialized cozy-hover-effect__initialized cozy-button-hover-styles\" style=\"; --cozyButtonBgColorHover: #f49805; --cozyButtonColorHover: #fffffe; --cozyButtonBorderHover: ; \" style=\"\"><a class=\"wp-block-button__link has-text-color has-background has-link-color wp-element-button\" href=\"mailto:info@ynsghostboats.com\" style=\"border-radius:100px;color:#fffffe;background-color:#01ae8f;padding-top:12px;padding-right:36px;padding-bottom:12px;padding-left:36px\">Kontakt<\/a><\/div>\n<\/div>\n<\/div>\n<\/div>\n<\/div>\n\n\n<link rel=\"stylesheet\" href=\"https:\/\/fonts.googleapis.com\/css2?family=Public+Sans:wght@400;500;600;700;800\" \/>\n<div class=\"wp-block-column is-vertically-aligned-top is-style-default is-layout-flow wp-block-column-is-layout-flow cozy-animation__initialized\" style=\"flex-basis:45%; font-family: 'Public Sans' !important;\" data-aos=\"fade-up\" data-aos-easing=\"ease\" data-aos-anchor-placement=\"top-bottom\" data-aos-duration=\"1000\" style=\"flex-basis:45%\">\n<div class=\"wp-block-group has-text-color has-background has-link-color wp-elements-a585037160463a25c36d5b04dcecea86 is-layout-flow wp-container-core-group-is-layout-0b466360 wp-block-group-is-layout-flow cozy-hover-effect__initialized cozy-hover-effect__has-default-box-shadow\" style=\"--cozyDefaultBoxShadow: 0px 6px 25px 0px #cad0de ;color:#646464;background-color:#fffffe;margin-top:0;margin-bottom:0;padding-top:50px;padding-right:40px;padding-left:40px;font-size:14px\" style=\"color:#646464;background-color:#fffffe;margin-top:0;margin-bottom:0;padding-top:50px;padding-right:40px;padding-left:40px;font-size:14px\">\n<div class=\"wp-block-group is-layout-flow wp-container-core-group-is-layout-b6c9b872 wp-block-group-is-layout-flow\" style=\"margin-top:0;padding-bottom:20px\"><link rel=\"stylesheet\" href=\"https:\/\/fonts.googleapis.com\/css2?family=Public+Sans:wght@400;500;600;700;800\" \/>\n<h2 class=\"wp-block-heading has-text-align-left cozy-animation__initialized\" style=\"margin-bottom:20px;font-size:38px;font-style:normal;font-weight:600;line-height:1.3; font-family: 'Public Sans' !important;\" data-aos=\"flip-up\" data-aos-easing=\"ease-in\" data-aos-anchor-placement=\"top-bottom\" data-aos-duration=\"600\" style=\"margin-bottom:20px;font-size:38px;font-style:normal;font-weight:600;line-height:1.3\">Angebot einholen<\/h2>\n\n\n<link rel=\"stylesheet\" href=\"https:\/\/fonts.googleapis.com\/css2?family=Inter:wght@400;500;600;700;800\" \/>\n<h2 class=\"wp-block-heading is-style-default has-x-small-font-size\" style=\"font-style:normal;font-weight:400; font-family: 'Inter' !important;\" style=\"font-style:normal;font-weight:400\">Wir helfen Ihnen gerne, die beste L\u00f6sung f\u00fcr Ihre Bed\u00fcrfnisse zu finden. F\u00fcllen Sie einfach das untenstehende Formular aus, und wir werden Ihnen so schnell wie m\u00f6glich ein pers\u00f6nliches Angebot unterbreiten. Wenn Sie Fragen haben oder weitere Details ben\u00f6tigen, z\u00f6gern Sie nicht, uns zu kontaktieren &#8211; wir helfen Ihnen gerne weiter!  <\/h2>\n<\/div>\n\n\n\n<div class=\"wp-block-contact-form-7-contact-form-selector fotahome-contact-form\">\n<div class=\"wpcf7 no-js\" id=\"wpcf7-f5009-o1\" lang=\"de-DE\" dir=\"ltr\" data-wpcf7-id=\"5009\">\n<div class=\"screen-reader-response\"><p role=\"status\" aria-live=\"polite\" aria-atomic=\"true\"><\/p> <ul><\/ul><\/div>\n<form action=\"\/de\/wp-json\/wp\/v2\/pages\/3813#wpcf7-f5009-o1\" method=\"post\" class=\"wpcf7-form init\" aria-label=\"Kontaktformular\" novalidate=\"novalidate\" data-status=\"init\">\n<fieldset class=\"hidden-fields-container\"><input type=\"hidden\" name=\"_wpcf7\" value=\"5009\" \/><input type=\"hidden\" name=\"_wpcf7_version\" value=\"6.1.5\" \/><input type=\"hidden\" name=\"_wpcf7_locale\" value=\"de_DE\" \/><input type=\"hidden\" name=\"_wpcf7_unit_tag\" value=\"wpcf7-f5009-o1\" \/><input type=\"hidden\" name=\"_wpcf7_container_post\" value=\"0\" \/><input type=\"hidden\" name=\"_wpcf7_posted_data_hash\" value=\"\" \/><input type=\"hidden\" name=\"_wpcf7_recaptcha_response\" value=\"\" \/>\n<\/fieldset>\n<p><label> Vollst\u00e4ndiger Name<br \/>\n<span class=\"wpcf7-form-control-wrap\" data-name=\"your-name\"><input size=\"40\" maxlength=\"400\" class=\"wpcf7-form-control wpcf7-text wpcf7-validates-as-required\" autocomplete=\"name\" aria-required=\"true\" aria-invalid=\"false\" value=\"\" type=\"text\" name=\"your-name\" \/><\/span> <\/label>\n<\/p>\n<p><label> E-Mail Adresse<br \/>\n<span class=\"wpcf7-form-control-wrap\" data-name=\"your-email\"><input size=\"40\" maxlength=\"400\" class=\"wpcf7-form-control wpcf7-email wpcf7-validates-as-required wpcf7-text wpcf7-validates-as-email\" autocomplete=\"email\" aria-required=\"true\" aria-invalid=\"false\" value=\"\" type=\"email\" name=\"your-email\" \/><\/span> <\/label>\n<\/p>\n<p><label> Telefon Nummer<br \/>\n<span class=\"wpcf7-form-control-wrap\" data-name=\"tel-992\"><input size=\"40\" maxlength=\"400\" class=\"wpcf7-form-control wpcf7-tel wpcf7-validates-as-required wpcf7-text wpcf7-validates-as-tel\" aria-required=\"true\" aria-invalid=\"false\" value=\"\" type=\"tel\" name=\"tel-992\" \/><\/span> <\/label>\n<\/p>\n<p><label> Thema<br \/>\n<span class=\"wpcf7-form-control-wrap\" data-name=\"your-subject\"><input size=\"40\" maxlength=\"400\" class=\"wpcf7-form-control wpcf7-text wpcf7-validates-as-required\" aria-required=\"true\" aria-invalid=\"false\" value=\"\" type=\"text\" name=\"your-subject\" \/><\/span> <\/label>\n<\/p>\n<p><label> Nachricht<br \/>\n<span class=\"wpcf7-form-control-wrap\" data-name=\"your-message\"><textarea cols=\"40\" rows=\"10\" maxlength=\"2000\" class=\"wpcf7-form-control wpcf7-textarea\" aria-invalid=\"false\" name=\"your-message\"><\/textarea><\/span> <\/label>\n<\/p>\n<p><input class=\"wpcf7-form-control wpcf7-submit has-spinner\" type=\"submit\" value=\"Einreichen\" \/>\n<\/p><p style=\"display: none !important;\" class=\"akismet-fields-container\" data-prefix=\"_wpcf7_ak_\"><label>&#916;<textarea name=\"_wpcf7_ak_hp_textarea\" cols=\"45\" rows=\"8\" maxlength=\"100\"><\/textarea><\/label><input type=\"hidden\" id=\"ak_js_1\" name=\"_wpcf7_ak_js\" value=\"60\"\/><script>document.getElementById( \"ak_js_1\" ).setAttribute( \"value\", ( new Date() ).getTime() );<\/script><\/p><div class=\"wpcf7-response-output\" aria-hidden=\"true\"><\/div>\n<\/form>\n<\/div>\n<\/div>\n<\/div>\n<\/div>\n<\/div>\n<\/div>\n","protected":false},"excerpt":{"rendered":"<p>Brauchen Sie mehr Details? Nehmen Sie Kontakt mit uns auf, und unser Team wird Ihnen sofort helfen. WhatsApp F\u00fcr die schnellste Unterst\u00fctzung senden Sie uns bitte eine Nachricht auf WhatsApp. Telefon Rufen Sie uns einfach an, unser Team hilft Ihnen gerne weiter. E-Mail F\u00fcr allgemeine Anfragen oder Support, senden Sie uns bitte eine E-Mail. Angebot&#8230;<\/p>\n","protected":false},"author":1,"featured_media":0,"parent":0,"menu_order":0,"comment_status":"closed","ping_status":"closed","template":"","meta":{"footnotes":""},"class_list":["post-3813","page","type-page","status-publish","hentry"],"aioseo_notices":[],"_links":{"self":[{"href":"https:\/\/ynsghostboats.com\/de\/wp-json\/wp\/v2\/pages\/3813","targetHints":{"allow":["GET"]}}],"collection":[{"href":"https:\/\/ynsghostboats.com\/de\/wp-json\/wp\/v2\/pages"}],"about":[{"href":"https:\/\/ynsghostboats.com\/de\/wp-json\/wp\/v2\/types\/page"}],"author":[{"embeddable":true,"href":"https:\/\/ynsghostboats.com\/de\/wp-json\/wp\/v2\/users\/1"}],"replies":[{"embeddable":true,"href":"https:\/\/ynsghostboats.com\/de\/wp-json\/wp\/v2\/comments?post=3813"}],"version-history":[{"count":16,"href":"https:\/\/ynsghostboats.com\/de\/wp-json\/wp\/v2\/pages\/3813\/revisions"}],"predecessor-version":[{"id":6216,"href":"https:\/\/ynsghostboats.com\/de\/wp-json\/wp\/v2\/pages\/3813\/revisions\/6216"}],"wp:attachment":[{"href":"https:\/\/ynsghostboats.com\/de\/wp-json\/wp\/v2\/media?parent=3813"}],"curies":[{"name":"wp","href":"https:\/\/api.w.org\/{rel}","templated":true}]}}