{"id":6595,"date":"2025-08-19T10:49:45","date_gmt":"2025-08-19T10:49:45","guid":{"rendered":"https:\/\/ynsghostboats.com\/zlatna-fatamorgana\/"},"modified":"2026-03-11T10:55:33","modified_gmt":"2026-03-11T10:55:33","slug":"zlatna-fatamorgana","status":"publish","type":"page","link":"https:\/\/ynsghostboats.com\/bs\/zlatna-fatamorgana\/","title":{"rendered":"Zlatna fatamorgana"},"content":{"rendered":"\n<div class=\"wp-block-group yns-page-top is-layout-constrained wp-block-group-is-layout-constrained\" style=\"margin-top:0;margin-bottom:0\">\n<div class=\"wp-block-cover is-light has-parallax is-style-default yns-page-banner has-white-color has-text-color has-link-color wp-elements-2ff4c12545d22144935627d0157b2627\" style=\"margin-bottom:0px;padding-right:20px;padding-left:20px;min-height:550px;aspect-ratio:unset;\"><div class=\"wp-block-cover__image-background wp-image-6352 size-large has-parallax\" style=\"background-position:50% 50%;background-image:url(https:\/\/ynsghostboats.com\/wp-content\/uploads\/2025\/08\/yns.947-1024x762.jpg)\"><\/div><span aria-hidden=\"true\" class=\"wp-block-cover__background has-foreground-background-color has-background-dim\"><\/span><div class=\"wp-block-cover__inner-container is-layout-constrained wp-container-core-cover-is-layout-8a5b376c wp-block-cover-is-layout-constrained\">\n<h1 class=\"wp-block-heading has-text-align-center yns-gold-heading notranslate has-text-color has-montserrat-font-family\" style=\"color:#ffc800;margin-top:1.5rem;margin-bottom:1.5rem;font-size:4em;font-style:normal;font-weight:700;line-height:1.2\">Golden Mirage<\/h1>\n\n\n\n<p class=\"has-text-align-center has-small-font-size\" style=\"margin-top:var(--wp--preset--spacing--50);margin-right:var(--wp--preset--spacing--50);margin-bottom:var(--wp--preset--spacing--50);margin-left:var(--wp--preset--spacing--50)\">Samo 10 jedinica \u0161irom svijeta \u2013 Certificirano 24-karatno pozla\u0107ivanje \u2013 Jedinstveni dizajn i ograni\u010dena proizvodnja<\/p>\n<\/div><\/div>\n<\/div>\n\n<div class=\"wp-block-group alignfull yns-page-gold has-background-color has-black-background-color has-text-color has-background has-link-color wp-elements-0a72ddd79ca95fb60b2d0a457881e68e is-layout-constrained wp-container-core-group-is-layout-e6f1036d wp-block-group-is-layout-constrained\" style=\"margin-top:0;margin-bottom:0;padding-top:0;padding-right:0;padding-bottom:0;padding-left:0\"><link rel=\"stylesheet\" href=\"https:\/\/fonts.googleapis.com\/css2?family=Public+Sans:wght@400;500;600;700;800\" \/>\n<div class=\"wp-block-group is-layout-constrained wp-container-core-group-is-layout-11b5815e wp-block-group-is-layout-constrained\" style=\"margin-top:0;margin-bottom:0;padding-top:60px;padding-right:20px;padding-bottom:60px;padding-left:20px;font-size:14px; font-family: 'Public Sans' !important;\" style=\"margin-top:0;margin-bottom:0;padding-top:60px;padding-right:20px;padding-bottom:60px;padding-left:20px;font-size:14px\">\n<div class=\"wp-block-columns is-style-default is-layout-flex wp-container-core-columns-is-layout-ebd733d1 wp-block-columns-is-layout-flex\" style=\"margin-top:20px;margin-bottom:20px\">\n<div class=\"wp-block-column is-layout-flow wp-container-core-column-is-layout-8a368f38 wp-block-column-is-layout-flow cozy-animation__initialized\" data-aos=\"zoom-in-up\" data-aos-easing=\"ease-in\" data-aos-anchor-placement=\"top-bottom\" data-aos-duration=\"1000\">\n<figure class=\"wp-block-image aligncenter size-full has-custom-border\"><img loading=\"lazy\" decoding=\"async\" width=\"1068\" height=\"2228\" src=\"https:\/\/ynsghostboats.com\/wp-content\/uploads\/2025\/08\/yns.954.jpg\" alt=\"\" class=\"wp-image-6348\" style=\"border-radius:10px;aspect-ratio:3\/4;object-fit:cover\" srcset=\"https:\/\/ynsghostboats.com\/wp-content\/uploads\/2025\/08\/yns.954.jpg 1068w, https:\/\/ynsghostboats.com\/wp-content\/uploads\/2025\/08\/yns.954-144x300.jpg 144w, https:\/\/ynsghostboats.com\/wp-content\/uploads\/2025\/08\/yns.954-491x1024.jpg 491w, https:\/\/ynsghostboats.com\/wp-content\/uploads\/2025\/08\/yns.954-768x1602.jpg 768w, https:\/\/ynsghostboats.com\/wp-content\/uploads\/2025\/08\/yns.954-736x1536.jpg 736w, https:\/\/ynsghostboats.com\/wp-content\/uploads\/2025\/08\/yns.954-982x2048.jpg 982w\" sizes=\"auto, (max-width: 1068px) 100vw, 1068px\" \/><\/figure>\n<\/div>\n\n\n\n<div class=\"wp-block-column is-vertically-aligned-center is-content-justification-center is-layout-constrained wp-container-core-column-is-layout-6ead9d14 wp-block-column-is-layout-constrained\" style=\"padding-top:20px;padding-right:20px;padding-bottom:20px;padding-left:20px;font-size:15px;line-height:1.8\">\n<p class=\"notranslate has-luminous-vivid-amber-color has-text-color has-link-color wp-elements-b91c52f20a320478772ded6c2783e858\" style=\"font-size:14px;font-style:normal;font-weight:500;line-height:1.2;text-transform:uppercase\"><font style=\"vertical-align: inherit;\"><font style=\"vertical-align: inherit;\"><font style=\"vertical-align: inherit;\"><font style=\"vertical-align: inherit;\">Golden Mirage<\/font><\/font><\/font><\/font><\/p>\n\n\n<link rel=\"stylesheet\" href=\"https:\/\/fonts.googleapis.com\/css2?family=Inter:wght@400;500;600;700;800\" \/>\n<h2 class=\"wp-block-heading has-background-color has-text-color has-link-color wp-elements-3999c89a1f60dee45685bbd9c11dde3a cozy-animation__initialized\" style=\"margin-top:0;margin-right:0;margin-bottom:0;margin-left:0;padding-top:20px;padding-bottom:20px;font-size:36px;font-style:normal;font-weight:600;line-height:1.3; font-family: 'Inter' !important;\" data-aos=\"flip-up\" data-aos-easing=\"ease-in\" data-aos-anchor-placement=\"top-bottom\" data-aos-duration=\"600\" style=\"margin-top:0;margin-right:0;margin-bottom:0;margin-left:0;padding-top:20px;padding-bottom:20px;font-size:36px;font-style:normal;font-weight:600;line-height:1.3\"><font style=\"vertical-align: inherit;\"><font style=\"vertical-align: inherit;\">Op\u0107e specifikacije<\/font><\/font><\/h2>\n\n\n\n<ul style=\"padding-top:0;padding-right:5px;padding-bottom:0;padding-left:5px;line-height:1.8\" class=\"wp-block-list is-style-list-style-no-bullet\">\n<li>Svi unutra\u0161nji i vanjski dodaci od nehr\u0111aju\u0107eg \u010delika 316L obra\u0111eni su 24-karatnim pozlatom kori\u0161tenjem naprednih tehnika.<\/li>\n\n\n\n<li>Svaka posuda dolazi sa slu\u017ebenim certifikatom o pozla\u0107ivanju od 24-karatnog zlata.<\/li>\n\n\n\n<li>Potpuno prozirni trup od \u010dvrstog polikarbonata \u2013 otkriva o\u010daravaju\u0107e morske dubine.<\/li>\n\n\n\n<li>Samo 10 sre\u0107nih kolekcionara \u0161irom sveta \u0107e ikada posedovati ovo remek-delo.<\/li>\n\n\n\n<li>Svakoj posudi je dodijeljen jedinstveni proizvodni serijski broj, ugraviran na pozla\u0107enoj plo\u010dici.<\/li>\n\n\n\n<li>Izra\u0111eno isklju\u010divo po narud\u017ebi \u2013 nema lagera; svaki je izra\u0111en posebno za svog vlasnika.<\/li>\n<\/ul>\n<\/div>\n<\/div>\n\n\n\n<div class=\"wp-block-columns is-style-default is-layout-flex wp-container-core-columns-is-layout-ebd733d1 wp-block-columns-is-layout-flex\" style=\"margin-top:20px;margin-bottom:20px\">\n<div class=\"wp-block-column is-layout-flow wp-container-core-column-is-layout-8a368f38 wp-block-column-is-layout-flow cozy-animation__initialized\" data-aos=\"zoom-in-up\" data-aos-easing=\"ease-in\" data-aos-anchor-placement=\"top-bottom\" data-aos-duration=\"1000\">\n<figure class=\"wp-block-image aligncenter size-full has-custom-border\"><img decoding=\"async\" src=\"https:\/\/ynsghostboats.com\/wp-content\/uploads\/2025\/08\/yns.949.jpg\" alt=\"\" class=\"wp-image-6351\" style=\"border-radius:10px;aspect-ratio:3\/4;object-fit:cover\"\/><\/figure>\n<\/div>\n\n\n\n<div class=\"wp-block-column is-vertically-aligned-center is-content-justification-center is-layout-constrained wp-container-core-column-is-layout-6ead9d14 wp-block-column-is-layout-constrained\" style=\"padding-top:20px;padding-right:20px;padding-bottom:20px;padding-left:20px;font-size:15px;line-height:1.8\">\n<p class=\"notranslate has-luminous-vivid-amber-color has-text-color has-link-color wp-elements-b91c52f20a320478772ded6c2783e858\" style=\"font-size:14px;font-style:normal;font-weight:500;line-height:1.2;text-transform:uppercase\"><font style=\"vertical-align: inherit;\"><font style=\"vertical-align: inherit;\"><font style=\"vertical-align: inherit;\"><font style=\"vertical-align: inherit;\">Golden Mirage<\/font><\/font><\/font><\/font><\/p>\n\n\n<link rel=\"stylesheet\" href=\"https:\/\/fonts.googleapis.com\/css2?family=Inter:wght@400;500;600;700;800\" \/>\n<h2 class=\"wp-block-heading has-background-color has-text-color has-link-color wp-elements-21019da6e2f1fc1d713985558cede4f2 cozy-animation__initialized\" style=\"margin-top:0;margin-right:0;margin-bottom:0;margin-left:0;padding-top:20px;padding-bottom:20px;font-size:36px;font-style:normal;font-weight:600;line-height:1.3; font-family: 'Inter' !important;\" data-aos=\"flip-up\" data-aos-easing=\"ease-in\" data-aos-anchor-placement=\"top-bottom\" data-aos-duration=\"600\" style=\"margin-top:0;margin-right:0;margin-bottom:0;margin-left:0;padding-top:20px;padding-bottom:20px;font-size:36px;font-style:normal;font-weight:600;line-height:1.3\"><font style=\"vertical-align: inherit;\"><font style=\"vertical-align: inherit;\">Tehni\u010dke specifikacije<\/font><\/font><\/h2>\n\n\n\n<ul style=\"padding-top:0;padding-right:5px;padding-bottom:0;padding-left:5px;line-height:1.8\" class=\"wp-block-list is-style-list-style-no-bullet\">\n<li>Du\u017eina trupa: 5,35 m<\/li>\n\n\n\n<li>\u0160irina: 1,80 m<\/li>\n\n\n\n<li>Visina: 0,90 m<\/li>\n\n\n\n<li>Materijal: \u010cvrsti polikarbonat (za\u0161ti\u0107en od UV zra\u010denja, visoka otpornost na udarce)<\/li>\n\n\n\n<li style=\"font-style:normal;font-weight:600\">Opcije motora:  <\/li>\n\n\n\n<li>Benzinski vanbrodski motor od 30 KS \u2013 poklopac motora sa zlatnim detaljima  <\/li>\n\n\n\n<li>Elektromotorni sistem (ekolo\u0161ki prihvatljiv, tihi rad)<\/li>\n\n\n\n<li>Oprema: JBL ozvu\u010denje, LED rasvjeta, automatska kalju\u017ena pumpa, pozla\u0107ena konzola motora<\/li>\n<\/ul>\n<\/div>\n<\/div>\n\n\n\n<div class=\"wp-block-columns is-style-default is-layout-flex wp-container-core-columns-is-layout-ebd733d1 wp-block-columns-is-layout-flex\" style=\"margin-top:20px;margin-bottom:20px\">\n<div class=\"wp-block-column is-layout-flow wp-container-core-column-is-layout-8a368f38 wp-block-column-is-layout-flow cozy-animation__initialized\" data-aos=\"zoom-in-up\" data-aos-easing=\"ease-in\" data-aos-anchor-placement=\"top-bottom\" data-aos-duration=\"1000\">\n<figure class=\"wp-block-image aligncenter size-full has-custom-border\"><img loading=\"lazy\" decoding=\"async\" width=\"2560\" height=\"1905\" src=\"https:\/\/ynsghostboats.com\/wp-content\/uploads\/2025\/08\/yns.940-scaled.jpg\" alt=\"\" class=\"wp-image-6353\" style=\"border-radius:10px;aspect-ratio:3\/4;object-fit:cover\" srcset=\"https:\/\/ynsghostboats.com\/wp-content\/uploads\/2025\/08\/yns.940-scaled.jpg 2560w, https:\/\/ynsghostboats.com\/wp-content\/uploads\/2025\/08\/yns.940-300x223.jpg 300w, https:\/\/ynsghostboats.com\/wp-content\/uploads\/2025\/08\/yns.940-1024x762.jpg 1024w, https:\/\/ynsghostboats.com\/wp-content\/uploads\/2025\/08\/yns.940-768x571.jpg 768w, https:\/\/ynsghostboats.com\/wp-content\/uploads\/2025\/08\/yns.940-1536x1143.jpg 1536w, https:\/\/ynsghostboats.com\/wp-content\/uploads\/2025\/08\/yns.940-2048x1524.jpg 2048w\" sizes=\"auto, (max-width: 2560px) 100vw, 2560px\" \/><\/figure>\n<\/div>\n\n\n\n<div class=\"wp-block-column is-vertically-aligned-center is-content-justification-center is-layout-constrained wp-container-core-column-is-layout-6ead9d14 wp-block-column-is-layout-constrained\" style=\"padding-top:20px;padding-right:20px;padding-bottom:20px;padding-left:20px;font-size:15px;line-height:1.8\">\n<p class=\"notranslate has-luminous-vivid-amber-color has-text-color has-link-color wp-elements-b91c52f20a320478772ded6c2783e858\" style=\"font-size:14px;font-style:normal;font-weight:500;line-height:1.2;text-transform:uppercase\"><font style=\"vertical-align: inherit;\"><font style=\"vertical-align: inherit;\"><font style=\"vertical-align: inherit;\"><font style=\"vertical-align: inherit;\">Golden Mirage<\/font><\/font><\/font><\/font><\/p>\n\n\n<link rel=\"stylesheet\" href=\"https:\/\/fonts.googleapis.com\/css2?family=Inter:wght@400;500;600;700;800\" \/>\n<h2 class=\"wp-block-heading has-background-color has-text-color has-link-color wp-elements-47dc8daf57e7faddf0bb029d4ec741bc cozy-animation__initialized\" style=\"margin-top:0;margin-right:0;margin-bottom:0;margin-left:0;padding-top:20px;padding-bottom:20px;font-size:36px;font-style:normal;font-weight:600;line-height:1.3; font-family: 'Inter' !important;\" data-aos=\"flip-up\" data-aos-easing=\"ease-in\" data-aos-anchor-placement=\"top-bottom\" data-aos-duration=\"600\" style=\"margin-top:0;margin-right:0;margin-bottom:0;margin-left:0;padding-top:20px;padding-bottom:20px;font-size:36px;font-style:normal;font-weight:600;line-height:1.3\"><font style=\"vertical-align: inherit;\"><font style=\"vertical-align: inherit;\">Simbol luksuza i presti\u017ea<\/font><\/font><\/h2>\n\n\n\n<ul style=\"padding-top:0;padding-right:5px;padding-bottom:0;padding-left:5px;line-height:1.8\" class=\"wp-block-list is-style-list-style-no-bullet\">\n<li>Dizajnirano za kolekcionare koji tra\u017ee istaknute karakteristike u najekskluzivnijim marinama Arapskog zaljeva.<\/li>\n\n\n\n<li>Pozla\u0107eni dodaci su u potpunosti za\u0161ti\u0107eni od slane vode, \u010duvaju\u0107i svoj sjaj godinama.<\/li>\n\n\n\n<li>Svaki detalj je spoj vrhunskog in\u017eenjeringa i profinjene izrade.<\/li>\n<\/ul>\n<\/div>\n<\/div>\n\n\n\n<div class=\"wp-block-columns is-style-default is-layout-flex wp-container-core-columns-is-layout-ebd733d1 wp-block-columns-is-layout-flex\" style=\"margin-top:20px;margin-bottom:20px\">\n<div class=\"wp-block-column is-layout-flow wp-container-core-column-is-layout-8a368f38 wp-block-column-is-layout-flow cozy-animation__initialized\" data-aos=\"zoom-in-up\" data-aos-easing=\"ease-in\" data-aos-anchor-placement=\"top-bottom\" data-aos-duration=\"1000\">\n<figure class=\"wp-block-image aligncenter size-full has-custom-border\"><img loading=\"lazy\" decoding=\"async\" width=\"1054\" height=\"2269\" src=\"https:\/\/ynsghostboats.com\/wp-content\/uploads\/2025\/08\/yns.951.jpg\" alt=\"\" class=\"wp-image-6349\" style=\"border-radius:10px;aspect-ratio:3\/4;object-fit:cover\" srcset=\"https:\/\/ynsghostboats.com\/wp-content\/uploads\/2025\/08\/yns.951.jpg 1054w, https:\/\/ynsghostboats.com\/wp-content\/uploads\/2025\/08\/yns.951-139x300.jpg 139w, https:\/\/ynsghostboats.com\/wp-content\/uploads\/2025\/08\/yns.951-476x1024.jpg 476w, https:\/\/ynsghostboats.com\/wp-content\/uploads\/2025\/08\/yns.951-768x1653.jpg 768w, https:\/\/ynsghostboats.com\/wp-content\/uploads\/2025\/08\/yns.951-714x1536.jpg 714w, https:\/\/ynsghostboats.com\/wp-content\/uploads\/2025\/08\/yns.951-951x2048.jpg 951w\" sizes=\"auto, (max-width: 1054px) 100vw, 1054px\" \/><\/figure>\n<\/div>\n\n\n\n<div class=\"wp-block-column is-vertically-aligned-center is-content-justification-center is-layout-constrained wp-container-core-column-is-layout-6ead9d14 wp-block-column-is-layout-constrained\" style=\"padding-top:20px;padding-right:20px;padding-bottom:20px;padding-left:20px;font-size:15px;line-height:1.8\">\n<p class=\"notranslate has-luminous-vivid-amber-color has-text-color has-link-color wp-elements-b91c52f20a320478772ded6c2783e858\" style=\"font-size:14px;font-style:normal;font-weight:500;line-height:1.2;text-transform:uppercase\"><font style=\"vertical-align: inherit;\"><font style=\"vertical-align: inherit;\"><font style=\"vertical-align: inherit;\"><font style=\"vertical-align: inherit;\">Golden Mirage<\/font><\/font><\/font><\/font><\/p>\n\n\n<link rel=\"stylesheet\" href=\"https:\/\/fonts.googleapis.com\/css2?family=Inter:wght@400;500;600;700;800\" \/>\n<h2 class=\"wp-block-heading has-background-color has-text-color has-link-color wp-elements-add4a65cd4efb83cf98801b806985a39 cozy-animation__initialized\" style=\"margin-top:0;margin-right:0;margin-bottom:0;margin-left:0;padding-top:20px;padding-bottom:20px;font-size:36px;font-style:normal;font-weight:600;line-height:1.3; font-family: 'Inter' !important;\" data-aos=\"flip-up\" data-aos-easing=\"ease-in\" data-aos-anchor-placement=\"top-bottom\" data-aos-duration=\"600\" style=\"margin-top:0;margin-right:0;margin-bottom:0;margin-left:0;padding-top:20px;padding-bottom:20px;font-size:36px;font-style:normal;font-weight:600;line-height:1.3\"><font style=\"vertical-align: inherit;\"><font style=\"vertical-align: inherit;\">Ekskluzivna dostava i usluga<\/font><\/font><\/h2>\n\n\n\n<ul style=\"padding-top:0;padding-right:5px;padding-bottom:0;padding-left:5px;line-height:1.8\" class=\"wp-block-list is-style-list-style-no-bullet\">\n<li>Dostava zra\u010dnim teretom u roku od 50 dana u sve zemlje Perzijskog zaljeva, uklju\u010duju\u0107i Dubai, Katar, Kuvajt i Saudijsku Arabiju.<\/li>\n\n\n\n<li>Svaki kupac dobija luksuznu pozla\u0107enu plo\u010dicu sa svojim li\u010dnim serijskim brojem.<\/li>\n<\/ul>\n<\/div>\n<\/div>\n\n\n\n<div class=\"wp-block-columns is-style-default is-layout-flex wp-container-core-columns-is-layout-ebd733d1 wp-block-columns-is-layout-flex\" style=\"margin-top:20px;margin-bottom:20px\">\n<div class=\"wp-block-column is-layout-flow wp-container-core-column-is-layout-8a368f38 wp-block-column-is-layout-flow cozy-animation__initialized\" data-aos=\"zoom-in-up\" data-aos-easing=\"ease-in\" data-aos-anchor-placement=\"top-bottom\" data-aos-duration=\"1000\">\n<figure class=\"wp-block-image aligncenter size-full has-custom-border\"><img loading=\"lazy\" decoding=\"async\" width=\"2560\" height=\"1905\" src=\"https:\/\/ynsghostboats.com\/wp-content\/uploads\/2025\/08\/yns.947-scaled.jpg\" alt=\"\" class=\"wp-image-6352\" style=\"border-radius:10px;aspect-ratio:4\/3;object-fit:cover\" srcset=\"https:\/\/ynsghostboats.com\/wp-content\/uploads\/2025\/08\/yns.947-scaled.jpg 2560w, https:\/\/ynsghostboats.com\/wp-content\/uploads\/2025\/08\/yns.947-300x223.jpg 300w, https:\/\/ynsghostboats.com\/wp-content\/uploads\/2025\/08\/yns.947-1024x762.jpg 1024w, https:\/\/ynsghostboats.com\/wp-content\/uploads\/2025\/08\/yns.947-768x571.jpg 768w, https:\/\/ynsghostboats.com\/wp-content\/uploads\/2025\/08\/yns.947-1536x1143.jpg 1536w, https:\/\/ynsghostboats.com\/wp-content\/uploads\/2025\/08\/yns.947-2048x1524.jpg 2048w\" sizes=\"auto, (max-width: 2560px) 100vw, 2560px\" \/><\/figure>\n<\/div>\n\n\n\n<div class=\"wp-block-column is-vertically-aligned-center is-content-justification-center is-layout-constrained wp-container-core-column-is-layout-6ead9d14 wp-block-column-is-layout-constrained\" style=\"padding-top:20px;padding-right:20px;padding-bottom:20px;padding-left:20px;font-size:15px;line-height:1.8\">\n<p class=\"notranslate has-luminous-vivid-amber-color has-text-color has-link-color wp-elements-b91c52f20a320478772ded6c2783e858\" style=\"font-size:14px;font-style:normal;font-weight:500;line-height:1.2;text-transform:uppercase\"><font style=\"vertical-align: inherit;\"><font style=\"vertical-align: inherit;\"><font style=\"vertical-align: inherit;\"><font style=\"vertical-align: inherit;\">Golden Mirage<\/font><\/font><\/font><\/font><\/p>\n\n\n<link rel=\"stylesheet\" href=\"https:\/\/fonts.googleapis.com\/css2?family=Inter:wght@400;500;600;700;800\" \/>\n<h2 class=\"wp-block-heading has-background-color has-text-color has-link-color wp-elements-3f63806f2ae62c5b900d7e6c8a964975 cozy-animation__initialized\" style=\"margin-top:0;margin-right:0;margin-bottom:0;margin-left:0;padding-top:20px;padding-bottom:20px;font-size:36px;font-style:normal;font-weight:600;line-height:1.3; font-family: 'Inter' !important;\" data-aos=\"flip-up\" data-aos-easing=\"ease-in\" data-aos-anchor-placement=\"top-bottom\" data-aos-duration=\"600\" style=\"margin-top:0;margin-right:0;margin-bottom:0;margin-left:0;padding-top:20px;padding-bottom:20px;font-size:36px;font-style:normal;font-weight:600;line-height:1.3\"><font style=\"vertical-align: inherit;\"><font style=\"vertical-align: inherit;\">Cijena i rezervacija<\/font><\/font><\/h2>\n\n\n\n<ul style=\"padding-top:0;padding-right:5px;padding-bottom:0;padding-left:5px;line-height:1.8\" class=\"wp-block-list is-style-list-style-no-bullet\">\n<li>Cijena: 300.000 \u20ac<\/li>\n\n\n\n<li>Akontacija: 200.000 \u20ac (nepovratna, pla\u0107a se po narud\u017ebi)<\/li>\n\n\n\n<li>Vrijeme isporuke: 50 dana (uklju\u010duju\u0107i avionski teret)<\/li>\n\n\n\n<li>Koli\u010dina proizvodnje: Ograni\u010dena na 10 jedinica \u0161irom svijeta<\/li>\n<\/ul>\n<\/div>\n<\/div>\n<\/div>\n<\/div>\n","protected":false},"excerpt":{"rendered":"<p>Golden Mirage Op\u0107e specifikacije Golden Mirage Tehni\u010dke specifikacije Golden Mirage Simbol luksuza i presti\u017ea Golden Mirage Ekskluzivna dostava i usluga Golden Mirage Cijena i rezervacija<\/p>\n","protected":false},"author":1,"featured_media":0,"parent":0,"menu_order":0,"comment_status":"closed","ping_status":"closed","template":"","meta":{"footnotes":""},"class_list":["post-6595","page","type-page","status-publish","hentry"],"aioseo_notices":[],"_links":{"self":[{"href":"https:\/\/ynsghostboats.com\/bs\/wp-json\/wp\/v2\/pages\/6595","targetHints":{"allow":["GET"]}}],"collection":[{"href":"https:\/\/ynsghostboats.com\/bs\/wp-json\/wp\/v2\/pages"}],"about":[{"href":"https:\/\/ynsghostboats.com\/bs\/wp-json\/wp\/v2\/types\/page"}],"author":[{"embeddable":true,"href":"https:\/\/ynsghostboats.com\/bs\/wp-json\/wp\/v2\/users\/1"}],"replies":[{"embeddable":true,"href":"https:\/\/ynsghostboats.com\/bs\/wp-json\/wp\/v2\/comments?post=6595"}],"version-history":[{"count":18,"href":"https:\/\/ynsghostboats.com\/bs\/wp-json\/wp\/v2\/pages\/6595\/revisions"}],"predecessor-version":[{"id":8301,"href":"https:\/\/ynsghostboats.com\/bs\/wp-json\/wp\/v2\/pages\/6595\/revisions\/8301"}],"wp:attachment":[{"href":"https:\/\/ynsghostboats.com\/bs\/wp-json\/wp\/v2\/media?parent=6595"}],"curies":[{"name":"wp","href":"https:\/\/api.w.org\/{rel}","templated":true}]}}