{"id":5726,"date":"2024-11-22T16:03:51","date_gmt":"2024-11-22T16:03:51","guid":{"rendered":"https:\/\/ynsghostboats.com\/sluzba-za-korisnike\/"},"modified":"2026-03-31T14:52:22","modified_gmt":"2026-03-31T14:52:22","slug":"sluzba-za-korisnike","status":"publish","type":"page","link":"https:\/\/ynsghostboats.com\/bs\/sluzba-za-korisnike\/","title":{"rendered":"Slu\u017eba za korisnike"},"content":{"rendered":"\n<div class=\"wp-block-group yns-page-top is-layout-constrained wp-block-group-is-layout-constrained\" style=\"margin-top:0;margin-bottom:0\">\n<div class=\"wp-block-cover has-parallax is-style-default yns-page-banner has-white-color has-text-color has-link-color wp-elements-9d4395dcb8b5418262bf3ac5912dd050\" style=\"margin-bottom:0px;padding-right:20px;padding-left:20px;min-height:550px;aspect-ratio:unset;\"><div class=\"wp-block-cover__image-background wp-image-5969 has-parallax\" style=\"background-position:50% 50%;background-image:url(https:\/\/ynsghostboats.com\/wp-content\/uploads\/2024\/12\/DJI_0822-scaled.jpg)\"><\/div><span aria-hidden=\"true\" class=\"wp-block-cover__background has-foreground-background-color has-background-dim\"><\/span><div class=\"wp-block-cover__inner-container is-layout-constrained wp-container-core-cover-is-layout-8a5b376c wp-block-cover-is-layout-constrained\">\n<p class=\"has-text-align-center has-xx-large-font-size\">Slu\u017eba za korisnike<\/p>\n\n\n\n<p class=\"has-text-align-center has-small-font-size\" style=\"margin-top:var(--wp--preset--spacing--50);margin-right:var(--wp--preset--spacing--50);margin-bottom:var(--wp--preset--spacing--50);margin-left:var(--wp--preset--spacing--50)\">Dobrodo\u0161li u korisni\u010dku podr\u0161ku YNS Ghostboats!<\/p>\n<\/div><\/div>\n<\/div>\n\n\n\n<div class=\"wp-block-group is-layout-constrained wp-container-core-group-is-layout-9540bd20 wp-block-group-is-layout-constrained\" style=\"margin-top:0;margin-bottom:0;padding-top:60px;padding-right:20px;padding-bottom:60px;padding-left:20px\">\n<p>U YNS Ghostboatsu, posve\u0107eni smo tome da va\u0161e putovanje do posjedovanja prozirnog broda u\u010dinimo \u0161to jednostavnijim i ugodnijim. Na\u0161u posve\u0107enost inovacijama prati na\u0161 fokus na zadovoljstvo kupaca. Bilo da ste novi u vo\u017enji \u010damcem ili ste iskusni vlasnik, mi smo tu da vas vodimo i podr\u017eavamo na svakom koraku.  <\/p>\n\n\n\n<h2 class=\"wp-block-heading\">Kako Vam mo\u017eemo pomo\u0107i?<\/h2>\n\n\n\n<p><strong>1. Informacije o proizvodu<\/strong><br> Istra\u017eite jedinstvene karakteristike na\u0161ih prozirnih \u010damaca, izra\u0111enih od izdr\u017eljivog \u010dvrstog polikarbonatnog materijala i dizajniranih za neusporedive podvodne poglede. Saznajte vi\u0161e o opcijama prilago\u0111avanja, uklju\u010duju\u0107i motorizirane ili ru\u010dne konfiguracije. <\/p>\n\n\n\n<p><strong>2. Personalizirane konsultacije<\/strong><br> Niste sigurni koji model odgovara va\u0161im potrebama? Na\u0161 tim nudi konsultacije jedan na jedan kako bi vam pomogao da odaberete pravi brod na temelju va\u0161ih preferencija, ciljeva kori\u0161tenja i bud\u017eeta. <\/p>\n\n\n\n<p><strong>3. Pomo\u0107 pri prilago\u0111avanju<\/strong><br> Dizajnirajte svoj brod na svoj na\u010din! Od sistema rasvjete do zvu\u010dnih karakteristika i konfiguracija motora, na\u0161i stru\u010dnjaci su spremni da vas vode kroz svaku dostupnu opciju prilago\u0111avanja. <\/p>\n\n\n\n<p><strong>4. Podr\u0161ka nakon prodaje<\/strong><br> Va\u0161 odnos sa YNS Ghostboats ne zavr\u0161ava kupovinom. Nudimo savjete za odr\u017eavanje, rje\u0161avanje problema i dodatne usluge prilago\u0111avanja kako bismo osigurali da izvu\u010dete maksimum iz svog broda. <\/p>\n\n\n\n<h2 class=\"wp-block-heading\">Za\u0161to odabrati YNS Ghostboats?<\/h2>\n\n\n\n<p><strong>Vrhunska izrada<\/strong> : Na\u0161i \u010damci su napravljeni od \u010dvrstog polikarbonata, nude\u0107i neusporedivu izdr\u017eljivost i sigurnost.<\/p>\n\n\n\n<p><strong>Stru\u010dno vodstvo<\/strong> : Od dizajna do isporuke, na\u0161 stru\u010dni tim je tu da vam pomogne.<\/p>\n\n\n\n<p><strong>Odr\u017eiva inovacija<\/strong> : Ponosni smo \u0161to uklju\u010dujemo ekolo\u0161ki prihvatljive materijale i dizajn koji podr\u017eavaju o\u010duvanje mora.<\/p>\n\n\n\n<h2 class=\"wp-block-heading\">Kontaktirajte nas<\/h2>\n\n\n\n<p><strong>E-po\u0161ta<\/strong> : <a href=\"mailto:info@ynsghostboats.com\">info@ynsghostboats.com<\/a><\/p>\n\n\n\n<p><strong>Telefon<\/strong> : <a href=\"tel:+90 %20531% 20494 %2060% 2079\">+90 531 494 60 79<\/a><\/p>\n\n\n\n<p><strong>Lokacija<\/strong> : Adil Mah. Pelit\u00f6ren Sk. No: 23\/B, Sultanbeyli, 34920 \u0130stanbul, T\u00fcrkiye<\/p>\n\n\n\n<p>Hvala vam \u0161to ste odabrali YNS Ghostboats. Zajedno, hajde da redefinirajmo va\u0161e iskustvo plovidbe uz inovativnost i stil! <\/p>\n<\/div>\n","protected":false},"excerpt":{"rendered":"<p>U YNS Ghostboatsu, posve\u0107eni smo tome da va\u0161e putovanje do posjedovanja prozirnog broda u\u010dinimo \u0161to jednostavnijim i ugodnijim. Na\u0161u posve\u0107enost inovacijama prati na\u0161 fokus na zadovoljstvo kupaca. Bilo da ste novi u vo\u017enji \u010damcem ili ste iskusni vlasnik, mi smo tu da vas vodimo i podr\u017eavamo na svakom koraku. Kako Vam mo\u017eemo pomo\u0107i? 1. Informacije&#8230;<\/p>\n","protected":false},"author":1,"featured_media":0,"parent":0,"menu_order":0,"comment_status":"closed","ping_status":"closed","template":"","meta":{"footnotes":""},"class_list":["post-5726","page","type-page","status-publish","hentry"],"aioseo_notices":[],"_links":{"self":[{"href":"https:\/\/ynsghostboats.com\/bs\/wp-json\/wp\/v2\/pages\/5726","targetHints":{"allow":["GET"]}}],"collection":[{"href":"https:\/\/ynsghostboats.com\/bs\/wp-json\/wp\/v2\/pages"}],"about":[{"href":"https:\/\/ynsghostboats.com\/bs\/wp-json\/wp\/v2\/types\/page"}],"author":[{"embeddable":true,"href":"https:\/\/ynsghostboats.com\/bs\/wp-json\/wp\/v2\/users\/1"}],"replies":[{"embeddable":true,"href":"https:\/\/ynsghostboats.com\/bs\/wp-json\/wp\/v2\/comments?post=5726"}],"version-history":[{"count":3,"href":"https:\/\/ynsghostboats.com\/bs\/wp-json\/wp\/v2\/pages\/5726\/revisions"}],"predecessor-version":[{"id":8395,"href":"https:\/\/ynsghostboats.com\/bs\/wp-json\/wp\/v2\/pages\/5726\/revisions\/8395"}],"wp:attachment":[{"href":"https:\/\/ynsghostboats.com\/bs\/wp-json\/wp\/v2\/media?parent=5726"}],"curies":[{"name":"wp","href":"https:\/\/api.w.org\/{rel}","templated":true}]}}