{"id":3801,"date":"2024-10-03T15:56:15","date_gmt":"2024-10-03T15:56:15","guid":{"rendered":"https:\/\/ynsghostboats.com\/misija\/"},"modified":"2024-12-14T18:22:17","modified_gmt":"2024-12-14T18:22:17","slug":"misija","status":"publish","type":"page","link":"https:\/\/ynsghostboats.com\/bs\/misija\/","title":{"rendered":"Misija"},"content":{"rendered":"\n<div class=\"wp-block-group is-layout-constrained wp-block-group-is-layout-constrained\">\n<div class=\"wp-block-group alignfull has-background is-layout-constrained wp-container-core-group-is-layout-e6f1036d wp-block-group-is-layout-constrained\" style=\"background-color:#fffffe;margin-top:0;margin-bottom:0;padding-top:0;padding-right:0;padding-bottom:0;padding-left:0\">\n<div class=\"wp-block-group has-text-color has-link-color wp-elements-2700a4bc2da055f91bee2703bb0deb57 is-layout-constrained wp-container-core-group-is-layout-15eb8b28 wp-block-group-is-layout-constrained\" style=\"color:#090b10;margin-top:0;margin-bottom:0;padding-top:80px;padding-right:16px;padding-bottom:80px;padding-left:16px;font-size:16px\"><link rel=\"stylesheet\" href=\"https:\/\/fonts.googleapis.com\/css2?family=Raleway:wght@400;500;600;700;800\" \/>\n<div class=\"wp-block-group is-content-justification-space-between is-layout-flex wp-container-core-group-is-layout-1098e503 wp-block-group-is-layout-flex\" style=\"margin-top:0;margin-bottom:0;padding-top:0;padding-right:0;padding-bottom:0;padding-left:0; font-family: 'Raleway' !important;\" style=\"margin-top:0;margin-bottom:0;padding-top:0;padding-right:0;padding-bottom:0;padding-left:0\">\n<div class=\"wp-block-group is-layout-flow wp-container-core-group-is-layout-92c9f0b4 wp-block-group-is-layout-flow\" style=\"margin-top:0;margin-bottom:0;padding-top:0;padding-right:0;padding-bottom:0;padding-left:0\"><link rel=\"stylesheet\" href=\"https:\/\/fonts.googleapis.com\/css2?family=Public+Sans:wght@400;500;600;700;800\" \/>\n<h4 class=\"wp-block-heading has-text-color has-link-color wp-elements-51ae6d113dc5f1b36e83f5ba00a5ac96\" style=\"color:#01ae8f;margin-bottom:20px;font-size:14px;font-style:normal;font-weight:600;line-height:1.2;text-transform:uppercase; font-family: 'Public Sans' !important;\" style=\"color:#01ae8f;margin-bottom:20px;font-size:14px;font-style:normal;font-weight:600;line-height:1.2;text-transform:uppercase\">Na\u0161a misija<\/h4>\n\n\n<link rel=\"stylesheet\" href=\"https:\/\/fonts.googleapis.com\/css2?family=Raleway:wght@400;500;600;700;800\" \/>\n<h2 class=\"wp-block-heading has-text-color has-link-color wp-elements-340153a33e663aa5ff5fe58f063a2333 cozy-animation__initialized\" style=\"color:#090b10;font-size:40px;font-style:normal;font-weight:600;line-height:1.2; font-family: 'Raleway' !important;\" data-aos=\"flip-up\" data-aos-easing=\"ease-in\" data-aos-anchor-placement=\"top-bottom\" data-aos-duration=\"600\" style=\"color:#090b10;font-size:40px;font-style:normal;font-weight:600;line-height:1.2\">U YNS Ghostboats vjerujemo da vrijeme provedeno na vodi treba biti vi\u0161e od vo\u017enje \u2013 to bi trebalo biti iskustvo.<\/h2>\n<\/div>\n\n\n\n<div class=\"wp-block-group has-text-color has-link-color wp-elements-f370861949513631cfa64b21081e4f2d is-layout-flow wp-container-core-group-is-layout-548c0a7b wp-block-group-is-layout-flow\" style=\"color:#646464;margin-top:0;margin-bottom:0;padding-top:0;padding-right:0;padding-bottom:0;padding-left:0\">\n<p class=\"has-post-meta-color-color has-text-color has-link-color wp-elements-9ec5ec6493ff8aa2a03c577757b72aea\" style=\"margin-top:0;margin-bottom:20px\">Na\u0161i \u010damci su promi\u0161ljeno izra\u0111eni kako bi pru\u017eili jedinstvenu vezu s morem, stvaraju\u0107i osje\u0107aj slobode i avanture kakav ne\u0107ete na\u0107i nigdje drugdje. Bilo da krstarite obalom, plovite mirnim vodama ili istra\u017eujete nove horizonte, mi dizajniramo na\u0161e brodove kako bismo pobolj\u0161ali svaki trenutak. <\/p>\n\n\n\n<p class=\"has-post-meta-color-color has-text-color has-link-color wp-elements-8382f65b7ff3fcc16222b6eed93872bf\" style=\"margin-bottom:20px\">Na\u0161a posve\u0107enost kvalitetu je sr\u017e svega \u0161to radimo. Od materijala koje biramo do umije\u0107a izrade svakog plovila, osiguravamo da svaki brod koji napravimo nije samo pouzdan i izdr\u017eljiv, ve\u0107 i lijep i inovativan. Ponosni smo na spajanje funkcionalnosti s kreativno\u0161\u0107u, omogu\u0107avaju\u0107i vam da do\u017eivite vodu u udobnosti i stilu.  <\/p>\n\n\n\n<p class=\"has-post-meta-color-color has-text-color has-link-color wp-elements-2e29bd3ad06cbf6f82215fcdb85d30fa\" style=\"margin-bottom:20px\">Vi\u0161e nego samo proizvo\u0111a\u010d plovila, mi smo strastveni u stvaranju nezaboravnih uspomena. Razumijemo da je va\u0161e vrijeme na vodi dragocjeno i zato nastojimo dizajnirati \u010damce koji inspiriraju avanturu, opu\u0161tanje i povezanost \u2013 i s prirodom i s ljudima s kojima ga dijelite. <\/p>\n\n\n\n<p class=\"has-post-meta-color-color has-text-color has-link-color wp-elements-bb8fd03a4c08272b0fe86c7f8b073f6e\" style=\"margin-bottom:20px\">Bilo da ste iskusan jedrili\u010dar ili ste novi u jedrenju, na\u0161 tim je tu da vam pru\u017ei podr\u0161ku na svakom koraku. Pozivamo vas da s nama krenete na putovanje gdje voda postaje va\u0161e igrali\u0161te, a svako putovanje pri\u010da vrijedna pri\u010danja. <\/p>\n\n\n\n<p class=\"has-post-meta-color-color has-text-color has-link-color wp-elements-849c74f81d066f8016b48d28ebd98b3c\">Ukrcajte se i otplovimo na putovanje koje \u0107e ostaviti trajna sje\u0107anja.<\/p>\n<\/div>\n<\/div>\n\n\n\n<div class=\"wp-block-columns is-layout-flex wp-container-core-columns-is-layout-b91adf8c wp-block-columns-is-layout-flex\" style=\"margin-top:60px;margin-bottom:0;padding-top:0;padding-right:0;padding-bottom:0;padding-left:0\">\n<div class=\"wp-block-column is-vertically-aligned-top is-layout-flow wp-container-core-column-is-layout-470e7e12 wp-block-column-is-layout-flow cozy-animation__initialized\" data-aos=\"fade-right\" data-aos-easing=\"ease\" data-aos-anchor-placement=\"top-bottom\" data-aos-duration=\"1000\" style=\"padding-top:0;padding-right:0;padding-bottom:0;padding-left:0\">\n<figure class=\"wp-block-image size-full has-custom-border\"><img loading=\"lazy\" decoding=\"async\" width=\"2560\" height=\"1707\" src=\"https:\/\/ynsghostboats.com\/wp-content\/uploads\/2024\/12\/MR_9508-scaled.jpg\" alt=\"\" class=\"wp-image-6006\" style=\"border-radius:10px;aspect-ratio:4\/3;object-fit:cover\" srcset=\"https:\/\/ynsghostboats.com\/wp-content\/uploads\/2024\/12\/MR_9508-scaled.jpg 2560w, https:\/\/ynsghostboats.com\/wp-content\/uploads\/2024\/12\/MR_9508-300x200.jpg 300w, https:\/\/ynsghostboats.com\/wp-content\/uploads\/2024\/12\/MR_9508-1024x683.jpg 1024w, https:\/\/ynsghostboats.com\/wp-content\/uploads\/2024\/12\/MR_9508-768x512.jpg 768w, https:\/\/ynsghostboats.com\/wp-content\/uploads\/2024\/12\/MR_9508-1536x1024.jpg 1536w, https:\/\/ynsghostboats.com\/wp-content\/uploads\/2024\/12\/MR_9508-2048x1365.jpg 2048w\" sizes=\"auto, (max-width: 2560px) 100vw, 2560px\" \/><\/figure>\n<\/div>\n\n\n\n<div class=\"wp-block-column is-vertically-aligned-center is-layout-flow wp-container-core-column-is-layout-287f94af wp-block-column-is-layout-flow cozy-animation__initialized\" data-aos=\"fade-left\" data-aos-easing=\"ease\" data-aos-anchor-placement=\"top-bottom\" data-aos-duration=\"1000\" style=\"padding-top:0;padding-right:0;padding-bottom:0;padding-left:0\">\n<figure class=\"wp-block-image size-full has-custom-border\"><img loading=\"lazy\" decoding=\"async\" width=\"2560\" height=\"1707\" src=\"https:\/\/ynsghostboats.com\/wp-content\/uploads\/2024\/12\/MR_9644-scaled.jpg\" alt=\"\" class=\"wp-image-6007\" style=\"border-radius:10px;aspect-ratio:4\/3;object-fit:cover\" srcset=\"https:\/\/ynsghostboats.com\/wp-content\/uploads\/2024\/12\/MR_9644-scaled.jpg 2560w, https:\/\/ynsghostboats.com\/wp-content\/uploads\/2024\/12\/MR_9644-300x200.jpg 300w, https:\/\/ynsghostboats.com\/wp-content\/uploads\/2024\/12\/MR_9644-1024x683.jpg 1024w, https:\/\/ynsghostboats.com\/wp-content\/uploads\/2024\/12\/MR_9644-768x512.jpg 768w, https:\/\/ynsghostboats.com\/wp-content\/uploads\/2024\/12\/MR_9644-1536x1024.jpg 1536w, https:\/\/ynsghostboats.com\/wp-content\/uploads\/2024\/12\/MR_9644-2048x1365.jpg 2048w\" sizes=\"auto, (max-width: 2560px) 100vw, 2560px\" \/><\/figure>\n<\/div>\n<\/div>\n<\/div>\n<\/div>\n<\/div>\n","protected":false},"excerpt":{"rendered":"<p>Na\u0161a misija U YNS Ghostboats vjerujemo da vrijeme provedeno na vodi treba biti vi\u0161e od vo\u017enje \u2013 to bi trebalo biti iskustvo. Na\u0161i \u010damci su promi\u0161ljeno izra\u0111eni kako bi pru\u017eili jedinstvenu vezu s morem, stvaraju\u0107i osje\u0107aj slobode i avanture kakav ne\u0107ete na\u0107i nigdje drugdje. Bilo da krstarite obalom, plovite mirnim vodama ili istra\u017eujete nove horizonte,&#8230;<\/p>\n","protected":false},"author":1,"featured_media":0,"parent":0,"menu_order":0,"comment_status":"closed","ping_status":"closed","template":"","meta":{"footnotes":""},"class_list":["post-3801","page","type-page","status-publish","hentry"],"aioseo_notices":[],"_links":{"self":[{"href":"https:\/\/ynsghostboats.com\/bs\/wp-json\/wp\/v2\/pages\/3801","targetHints":{"allow":["GET"]}}],"collection":[{"href":"https:\/\/ynsghostboats.com\/bs\/wp-json\/wp\/v2\/pages"}],"about":[{"href":"https:\/\/ynsghostboats.com\/bs\/wp-json\/wp\/v2\/types\/page"}],"author":[{"embeddable":true,"href":"https:\/\/ynsghostboats.com\/bs\/wp-json\/wp\/v2\/users\/1"}],"replies":[{"embeddable":true,"href":"https:\/\/ynsghostboats.com\/bs\/wp-json\/wp\/v2\/comments?post=3801"}],"version-history":[{"count":2,"href":"https:\/\/ynsghostboats.com\/bs\/wp-json\/wp\/v2\/pages\/3801\/revisions"}],"predecessor-version":[{"id":6070,"href":"https:\/\/ynsghostboats.com\/bs\/wp-json\/wp\/v2\/pages\/3801\/revisions\/6070"}],"wp:attachment":[{"href":"https:\/\/ynsghostboats.com\/bs\/wp-json\/wp\/v2\/media?parent=3801"}],"curies":[{"name":"wp","href":"https:\/\/api.w.org\/{rel}","templated":true}]}}