{"id":3744,"date":"2024-10-03T17:23:30","date_gmt":"2024-10-03T17:23:30","guid":{"rendered":"https:\/\/ynsghostboats.com\/vision\/"},"modified":"2024-12-14T18:22:22","modified_gmt":"2024-12-14T18:22:22","slug":"vision","status":"publish","type":"page","link":"https:\/\/ynsghostboats.com\/bs\/vision\/","title":{"rendered":"Vision"},"content":{"rendered":"\n<div class=\"wp-block-group is-layout-constrained wp-block-group-is-layout-constrained\">\n<div class=\"wp-block-group is-layout-constrained wp-block-group-is-layout-constrained\">\n<div class=\"wp-block-group alignfull has-background is-layout-constrained wp-container-core-group-is-layout-e6f1036d wp-block-group-is-layout-constrained\" style=\"background-color:#fffffe;margin-top:0;margin-bottom:0;padding-top:0;padding-right:0;padding-bottom:0;padding-left:0\">\n<div class=\"wp-block-group is-layout-constrained wp-container-core-group-is-layout-1eeeb83a wp-block-group-is-layout-constrained\" style=\"padding-top:60px;padding-right:20px;padding-bottom:60px;padding-left:20px\">\n<div class=\"wp-block-columns is-layout-flex wp-container-core-columns-is-layout-73e09c0f wp-block-columns-is-layout-flex\" style=\"margin-top:0;margin-bottom:0;padding-top:0;padding-right:0;padding-bottom:0;padding-left:0\"><link rel=\"stylesheet\" href=\"https:\/\/fonts.googleapis.com\/css2?family=Public+Sans:wght@400;500;600;700;800\" \/>\n<div class=\"wp-block-column has-text-color has-link-color wp-elements-e8e804f71b996e0e18e2add272838be0 is-content-justification-left is-layout-constrained wp-container-core-column-is-layout-1a29a9f8 wp-block-column-is-layout-constrained\" style=\"color:#646464;padding-top:0;padding-bottom:0;font-size:14px; font-family: 'Public Sans' !important;\" style=\"color:#646464;padding-top:0;padding-bottom:0;font-size:14px\">\n<p class=\"has-text-color has-link-color wp-elements-6ff59c8a7d1e74f1dc7a761428766fbf\" style=\"color:#0d5fff;font-size:14px;font-style:normal;font-weight:500;line-height:1.2;text-transform:uppercase\">Na\u0161a vizija<\/p>\n\n\n<link rel=\"stylesheet\" href=\"https:\/\/fonts.googleapis.com\/css2?family=Inter:wght@400;500;600;700;800\" \/>\n<h2 class=\"wp-block-heading has-text-color has-link-color wp-elements-1256c4c6eb4f6fe88eda656dcbaf1eaf cozy-animation__initialized\" style=\"color:#090b10;margin-top:20px;margin-bottom:20px;font-size:44px;font-style:normal;font-weight:600;line-height:1.2; font-family: 'Inter' !important;\" data-aos=\"flip-up\" data-aos-easing=\"ease-in\" data-aos-anchor-placement=\"top-bottom\" data-aos-duration=\"600\" style=\"color:#090b10;margin-top:20px;margin-bottom:20px;font-size:44px;font-style:normal;font-weight:600;line-height:1.2\">Oblikovanje budu\u0107nosti \u010damca, jedna po jedna avantura<\/h2>\n\n\n\n<p class=\"has-post-meta-color-color has-text-color has-link-color wp-elements-6a82886bddedcb09c4f891852a812843\" style=\"margin-bottom:20px\">U YNS Ghostboats, na\u0161a vizija je da redefiniramo na\u010din na koji ljudi do\u017eivljavaju \u017eivot na vodi. Nastojimo da budemo lider u inovacijama, kombinuju\u0107i najsavremeniju tehnologiju sa bezvremenskom izradom kako bismo stvorili \u010damce koji inspiri\u0161u istra\u017eivanje, opu\u0161tanje i povezanost s prirodom. <\/p>\n\n\n\n<p class=\"has-post-meta-color-color has-text-color has-link-color wp-elements-8a6a462d5a67d1991d8a0e220f4e7aa7\" style=\"margin-bottom:20px\">Na\u0161 cilj je pomjeriti granice morskog dizajna, postavljaju\u0107i nove standarde u kvaliteti, odr\u017eivosti i performansama. Zami\u0161ljamo budu\u0107nost u kojoj svako mo\u017ee u\u017eivati \u200b\u200bu ljepoti i slobodi vode u plovilu koje odra\u017eava njihovu individualnost i strast za avanturom. <\/p>\n\n\n\n<p class=\"has-post-meta-color-color has-text-color has-link-color wp-elements-e961db2dc8318914032b24c89c52a7cd\" style=\"margin-bottom:20px\">Posve\u0107eni smo ne samo pobolj\u0161anju iskustva plovidbe ve\u0107 i osiguravanju da na\u0161e inovacije po\u0161tuju i \u010duvaju morsko okru\u017eenje koje njegujemo. Podsticanje kreativnosti i izvrsnosti, cilj nam je ostaviti trajan, pozitivan utjecaj kako na na\u0161e kupce tako i na svijet nautike. <\/p>\n\n\n\n<p class=\"has-post-meta-color-color has-text-color has-link-color wp-elements-56332f7524cb2dd4573972fa6d7eb7d8\" style=\"margin-top:6px;margin-bottom:6px\">Pridru\u017eite nam se dok nastavljamo sa planiranjem novih kurseva, stvaraju\u0107i izuzetna iskustva i nezaboravna putovanja za ljubitelje vode svuda.<\/p>\n<\/div>\n\n\n\n<div class=\"wp-block-column is-layout-flow wp-block-column-is-layout-flow cozy-animation__initialized\" data-aos=\"zoom-in-up\" data-aos-easing=\"ease-in\" data-aos-anchor-placement=\"top-bottom\" data-aos-duration=\"1000\">\n<div class=\"wp-block-group is-nowrap is-layout-flex wp-container-core-group-is-layout-db6c42ee wp-block-group-is-layout-flex\">\n<div class=\"wp-block-group is-layout-constrained wp-block-group-is-layout-constrained\" style=\"margin-top:0;padding-top:0;padding-bottom:0\">\n<div style=\"height:8vw\" aria-hidden=\"true\" class=\"wp-block-spacer\"><\/div>\n\n\n\n<figure class=\"wp-block-image size-full has-custom-border\"><img loading=\"lazy\" decoding=\"async\" width=\"2560\" height=\"1917\" src=\"https:\/\/ynsghostboats.com\/wp-content\/uploads\/2024\/12\/DJI_0822-1-scaled.jpg\" alt=\"\" class=\"wp-image-6012\" style=\"border-radius:10px;aspect-ratio:3\/4;object-fit:cover\" srcset=\"https:\/\/ynsghostboats.com\/wp-content\/uploads\/2024\/12\/DJI_0822-1-scaled.jpg 2560w, https:\/\/ynsghostboats.com\/wp-content\/uploads\/2024\/12\/DJI_0822-1-300x225.jpg 300w, https:\/\/ynsghostboats.com\/wp-content\/uploads\/2024\/12\/DJI_0822-1-1024x767.jpg 1024w, https:\/\/ynsghostboats.com\/wp-content\/uploads\/2024\/12\/DJI_0822-1-768x575.jpg 768w, https:\/\/ynsghostboats.com\/wp-content\/uploads\/2024\/12\/DJI_0822-1-1536x1150.jpg 1536w, https:\/\/ynsghostboats.com\/wp-content\/uploads\/2024\/12\/DJI_0822-1-2048x1534.jpg 2048w\" sizes=\"auto, (max-width: 2560px) 100vw, 2560px\" \/><\/figure>\n<\/div>\n\n\n\n<figure class=\"wp-block-image size-full has-custom-border\"><img loading=\"lazy\" decoding=\"async\" width=\"2560\" height=\"1917\" src=\"https:\/\/ynsghostboats.com\/wp-content\/uploads\/2024\/12\/DJI_0824-scaled.jpg\" alt=\"\" class=\"wp-image-6013\" style=\"border-radius:10px;aspect-ratio:3\/4;object-fit:cover\" srcset=\"https:\/\/ynsghostboats.com\/wp-content\/uploads\/2024\/12\/DJI_0824-scaled.jpg 2560w, https:\/\/ynsghostboats.com\/wp-content\/uploads\/2024\/12\/DJI_0824-300x225.jpg 300w, https:\/\/ynsghostboats.com\/wp-content\/uploads\/2024\/12\/DJI_0824-1024x767.jpg 1024w, https:\/\/ynsghostboats.com\/wp-content\/uploads\/2024\/12\/DJI_0824-768x575.jpg 768w, https:\/\/ynsghostboats.com\/wp-content\/uploads\/2024\/12\/DJI_0824-1536x1150.jpg 1536w, https:\/\/ynsghostboats.com\/wp-content\/uploads\/2024\/12\/DJI_0824-2048x1534.jpg 2048w\" sizes=\"auto, (max-width: 2560px) 100vw, 2560px\" \/><\/figure>\n<\/div>\n<\/div>\n<\/div>\n<\/div>\n<\/div>\n<\/div>\n<\/div>\n","protected":false},"excerpt":{"rendered":"<p>Na\u0161a vizija Oblikovanje budu\u0107nosti \u010damca, jedna po jedna avantura U YNS Ghostboats, na\u0161a vizija je da redefiniramo na\u010din na koji ljudi do\u017eivljavaju \u017eivot na vodi. Nastojimo da budemo lider u inovacijama, kombinuju\u0107i najsavremeniju tehnologiju sa bezvremenskom izradom kako bismo stvorili \u010damce koji inspiri\u0161u istra\u017eivanje, opu\u0161tanje i povezanost s prirodom. Na\u0161 cilj je pomjeriti granice morskog&#8230;<\/p>\n","protected":false},"author":1,"featured_media":0,"parent":0,"menu_order":0,"comment_status":"closed","ping_status":"closed","template":"","meta":{"footnotes":""},"class_list":["post-3744","page","type-page","status-publish","hentry"],"aioseo_notices":[],"_links":{"self":[{"href":"https:\/\/ynsghostboats.com\/bs\/wp-json\/wp\/v2\/pages\/3744","targetHints":{"allow":["GET"]}}],"collection":[{"href":"https:\/\/ynsghostboats.com\/bs\/wp-json\/wp\/v2\/pages"}],"about":[{"href":"https:\/\/ynsghostboats.com\/bs\/wp-json\/wp\/v2\/types\/page"}],"author":[{"embeddable":true,"href":"https:\/\/ynsghostboats.com\/bs\/wp-json\/wp\/v2\/users\/1"}],"replies":[{"embeddable":true,"href":"https:\/\/ynsghostboats.com\/bs\/wp-json\/wp\/v2\/comments?post=3744"}],"version-history":[{"count":2,"href":"https:\/\/ynsghostboats.com\/bs\/wp-json\/wp\/v2\/pages\/3744\/revisions"}],"predecessor-version":[{"id":6106,"href":"https:\/\/ynsghostboats.com\/bs\/wp-json\/wp\/v2\/pages\/3744\/revisions\/6106"}],"wp:attachment":[{"href":"https:\/\/ynsghostboats.com\/bs\/wp-json\/wp\/v2\/media?parent=3744"}],"curies":[{"name":"wp","href":"https:\/\/api.w.org\/{rel}","templated":true}]}}