{"id":2925,"date":"2024-09-19T11:42:53","date_gmt":"2024-09-19T11:42:53","guid":{"rendered":"https:\/\/ynsghostboats.com\/o-nama\/"},"modified":"2025-08-20T22:26:24","modified_gmt":"2025-08-20T22:26:24","slug":"o-nama","status":"publish","type":"page","link":"https:\/\/ynsghostboats.com\/bs\/o-nama\/","title":{"rendered":"O nama"},"content":{"rendered":"\n<div class=\"wp-block-group yns-page-top is-layout-constrained wp-block-group-is-layout-constrained\" style=\"margin-top:0;margin-bottom:0\">\n<div class=\"wp-block-cover is-style-default yns-page-banner has-white-color has-text-color has-link-color wp-elements-53039caeab2c35007d4de527304e77ce\" style=\"margin-bottom:0px;padding-right:20px;padding-left:20px;min-height:550px;aspect-ratio:unset;\"><img loading=\"lazy\" decoding=\"async\" width=\"2560\" height=\"1917\" class=\"wp-block-cover__image-background wp-image-5969\" alt=\"\" src=\"https:\/\/ynsghostboats.com\/wp-content\/uploads\/2024\/12\/DJI_0822-scaled.jpg\" data-object-fit=\"cover\" srcset=\"https:\/\/ynsghostboats.com\/wp-content\/uploads\/2024\/12\/DJI_0822-scaled.jpg 2560w, https:\/\/ynsghostboats.com\/wp-content\/uploads\/2024\/12\/DJI_0822-300x225.jpg 300w, https:\/\/ynsghostboats.com\/wp-content\/uploads\/2024\/12\/DJI_0822-1024x767.jpg 1024w, https:\/\/ynsghostboats.com\/wp-content\/uploads\/2024\/12\/DJI_0822-768x575.jpg 768w, https:\/\/ynsghostboats.com\/wp-content\/uploads\/2024\/12\/DJI_0822-1536x1150.jpg 1536w, https:\/\/ynsghostboats.com\/wp-content\/uploads\/2024\/12\/DJI_0822-2048x1534.jpg 2048w\" sizes=\"auto, (max-width: 2560px) 100vw, 2560px\" \/><span aria-hidden=\"true\" class=\"wp-block-cover__background has-foreground-background-color has-background-dim\"><\/span><div class=\"wp-block-cover__inner-container is-layout-constrained wp-container-core-cover-is-layout-8a5b376c wp-block-cover-is-layout-constrained\">\n<p class=\"has-text-align-center has-xx-large-font-size\">O nama<\/p>\n\n\n\n<p class=\"has-text-align-center has-small-font-size\" style=\"margin-top:var(--wp--preset--spacing--50);margin-right:var(--wp--preset--spacing--50);margin-bottom:var(--wp--preset--spacing--50);margin-left:var(--wp--preset--spacing--50)\">YNS Ghostboats je inovativna kompanija posve\u0107ena dizajniranju transparentnih \u010damaca za turizam i privatnu upotrebu.<\/p>\n<\/div><\/div>\n<\/div>\n\n<div class=\"wp-block-group alignfull has-background is-layout-constrained wp-container-core-group-is-layout-e6f1036d wp-block-group-is-layout-constrained\" style=\"background-color:#fffffe;margin-top:0;margin-bottom:0;padding-top:0;padding-right:0;padding-bottom:0;padding-left:0\"><link rel=\"stylesheet\" href=\"https:\/\/fonts.googleapis.com\/css2?family=Public+Sans:wght@400;500;600;700;800\" \/>\n<div class=\"wp-block-group has-text-color has-link-color wp-elements-87e4ff219013f4d383680041099651b6 is-layout-constrained wp-container-core-group-is-layout-11b5815e wp-block-group-is-layout-constrained\" style=\"color:#646464;margin-top:0;margin-bottom:0;padding-top:60px;padding-right:20px;padding-bottom:60px;padding-left:20px;font-size:14px; font-family: 'Public Sans' !important;\" style=\"color:#646464;margin-top:0;margin-bottom:0;padding-top:60px;padding-right:20px;padding-bottom:60px;padding-left:20px;font-size:14px\">\n<div class=\"wp-block-columns is-style-default is-layout-flex wp-container-core-columns-is-layout-ebd733d1 wp-block-columns-is-layout-flex\" style=\"margin-top:20px;margin-bottom:20px\">\n<div class=\"wp-block-column is-vertically-aligned-center is-content-justification-center is-layout-constrained wp-container-core-column-is-layout-6ead9d14 wp-block-column-is-layout-constrained\" style=\"padding-top:20px;padding-right:20px;padding-bottom:20px;padding-left:20px\">\n<p class=\"has-text-color has-link-color wp-elements-5f041cca5c1934e796100095c054d382\" style=\"color:#0d5fff;font-size:14px;font-style:normal;font-weight:500;line-height:1.2;text-transform:uppercase\"><font style=\"vertical-align: inherit;\"><font style=\"vertical-align: inherit;\">Na\u0161a misija<\/font><\/font><\/p>\n\n\n<link rel=\"stylesheet\" href=\"https:\/\/fonts.googleapis.com\/css2?family=Inter:wght@400;500;600;700;800\" \/>\n<h2 class=\"wp-block-heading has-text-color has-link-color wp-elements-88d7940e9287bf828bc46f4ed5217424 cozy-animation__initialized\" style=\"color:#090b10;margin-top:0;margin-right:0;margin-bottom:0;margin-left:0;padding-top:20px;padding-bottom:20px;font-size:44px;font-style:normal;font-weight:600;line-height:1.3; font-family: 'Inter' !important;\" data-aos=\"flip-up\" data-aos-easing=\"ease-in\" data-aos-anchor-placement=\"top-bottom\" data-aos-duration=\"600\" style=\"color:#090b10;margin-top:0;margin-right:0;margin-bottom:0;margin-left:0;padding-top:20px;padding-bottom:20px;font-size:44px;font-style:normal;font-weight:600;line-height:1.3\"><font style=\"vertical-align: inherit;\"><font style=\"vertical-align: inherit;\">Dizajniranje nezaboravnih avantura na vodi<\/font><\/font><\/h2>\n\n\n\n<p class=\"has-post-meta-color-color has-text-color has-link-color wp-elements-05c7bc4a0504c30f19efbf4b9311d6d0\" style=\"margin-top:6px;margin-bottom:6px;line-height:1.8\"><font style=\"vertical-align: inherit;\"><font style=\"vertical-align: inherit;\">Na\u0161i \u010damci su dizajnirani da pru\u017ee jedinstveno morsko iskustvo, povezuju\u0107i vas s vodom kao nikada prije. Fokusiraju\u0107i se na kvalitetu i inovativnost, \u017eelimo da va\u0161e vrijeme na vodi u\u010dinimo nezaboravnom avanturom. <\/font><\/font><\/p>\n\n\n\n<div class=\"wp-block-group is-layout-constrained wp-container-core-group-is-layout-9bb43028 wp-block-group-is-layout-constrained\" style=\"margin-top:30px\"><div class=\"cozy-block-wrapper\">\n<ul class=\"cozy-block-icon-list vertical default fill\" id=\"cozyBlock_accb8b45_99b2_4f4e_b187_ac1d74fef304\">\n<div class=\"list-inline-block\"><a href=\"https:\/\/ynsghostboats.com\/bs\/misija\/\" target=\"\" rel=\"noopener\"><li class=\"cozy-block-list-item\" id=\"cozyBlock_593e26fa_c155_4f55_87f0_c6fe6970c348\"><p>Saznajte vi\u0161e<\/p><div class=\"list-icon-wrapper\"><svg xmlns=\"http:\/\/www.w3.org\/2000\/svg\" viewbox=\"0 0 24 24\" aria-hidden=\"true\"><path d=\"M19.3651 12.56L14.3851 17.56C14.2251 17.72 14.0251 17.8 13.8251 17.8C13.6251 17.8 13.4251 17.72 13.2651 17.56C12.9451 17.24 12.9451 16.74 13.2651 16.42L16.8851 12.78H5.20511C4.76511 12.78 4.40511 12.42 4.40511 11.98C4.40511 11.54 4.76511 11.18 5.20511 11.18H16.8851L13.2651 7.54001C12.9451 7.22001 12.9451 6.72 13.2651 6.4C13.5851 6.08 14.0851 6.08 14.4051 6.4L19.3851 11.4C19.6851 11.74 19.6851 12.26 19.3651 12.56Z\"><\/path><\/svg><\/div><\/li><\/a><\/div>\n<\/ul>\n<\/div><\/div>\n<\/div>\n\n\n\n<div class=\"wp-block-column is-layout-flow wp-container-core-column-is-layout-8a368f38 wp-block-column-is-layout-flow cozy-animation__initialized\" data-aos=\"zoom-in-up\" data-aos-easing=\"ease-in\" data-aos-anchor-placement=\"top-bottom\" data-aos-duration=\"1000\">\n<figure class=\"wp-block-image aligncenter size-full has-custom-border\"><img loading=\"lazy\" decoding=\"async\" width=\"2560\" height=\"1707\" src=\"https:\/\/ynsghostboats.com\/wp-content\/uploads\/2024\/12\/DJI_0820-scaled.jpg\" alt=\"\" class=\"wp-image-6002\" style=\"border-radius:10px;aspect-ratio:1;object-fit:cover\" srcset=\"https:\/\/ynsghostboats.com\/wp-content\/uploads\/2024\/12\/DJI_0820-scaled.jpg 2560w, https:\/\/ynsghostboats.com\/wp-content\/uploads\/2024\/12\/DJI_0820-300x200.jpg 300w, https:\/\/ynsghostboats.com\/wp-content\/uploads\/2024\/12\/DJI_0820-1024x683.jpg 1024w, https:\/\/ynsghostboats.com\/wp-content\/uploads\/2024\/12\/DJI_0820-768x512.jpg 768w, https:\/\/ynsghostboats.com\/wp-content\/uploads\/2024\/12\/DJI_0820-1536x1024.jpg 1536w, https:\/\/ynsghostboats.com\/wp-content\/uploads\/2024\/12\/DJI_0820-2048x1365.jpg 2048w\" sizes=\"auto, (max-width: 2560px) 100vw, 2560px\" \/><\/figure>\n<\/div>\n<\/div>\n\n\n\n<div class=\"wp-block-columns is-layout-flex wp-container-core-columns-is-layout-38edaeed wp-block-columns-is-layout-flex\" style=\"margin-top:20px;margin-bottom:20px\">\n<div class=\"wp-block-column is-layout-flow wp-container-core-column-is-layout-8a368f38 wp-block-column-is-layout-flow cozy-animation__initialized\" data-aos=\"zoom-in-up\" data-aos-easing=\"ease-in\" data-aos-anchor-placement=\"top-bottom\" data-aos-duration=\"1000\">\n<figure class=\"wp-block-image aligncenter size-full has-custom-border\"><img loading=\"lazy\" decoding=\"async\" width=\"2560\" height=\"1707\" src=\"https:\/\/ynsghostboats.com\/wp-content\/uploads\/2024\/12\/DJI_0823-scaled.jpg\" alt=\"\" class=\"wp-image-6003\" style=\"border-radius:10px;aspect-ratio:1;object-fit:cover\" srcset=\"https:\/\/ynsghostboats.com\/wp-content\/uploads\/2024\/12\/DJI_0823-scaled.jpg 2560w, https:\/\/ynsghostboats.com\/wp-content\/uploads\/2024\/12\/DJI_0823-300x200.jpg 300w, https:\/\/ynsghostboats.com\/wp-content\/uploads\/2024\/12\/DJI_0823-1024x683.jpg 1024w, https:\/\/ynsghostboats.com\/wp-content\/uploads\/2024\/12\/DJI_0823-768x512.jpg 768w, https:\/\/ynsghostboats.com\/wp-content\/uploads\/2024\/12\/DJI_0823-1536x1024.jpg 1536w, https:\/\/ynsghostboats.com\/wp-content\/uploads\/2024\/12\/DJI_0823-2048x1365.jpg 2048w\" sizes=\"auto, (max-width: 2560px) 100vw, 2560px\" \/><\/figure>\n<\/div>\n\n\n\n<div class=\"wp-block-column is-vertically-aligned-center is-content-justification-center is-layout-constrained wp-container-core-column-is-layout-d0625f96 wp-block-column-is-layout-constrained\" style=\"padding-top:20px;padding-right:20px;padding-bottom:20px;padding-left:20px\">\n<p class=\"has-text-color has-link-color wp-elements-326e58aeb1e3b6d5053d2bcc1a2919ae\" style=\"color:#0d5fff;font-size:16px;font-style:normal;font-weight:500;line-height:1.2;text-transform:uppercase\"><font style=\"vertical-align: inherit;\"><font style=\"vertical-align: inherit;\">Na\u0161a vizija<\/font><\/font><\/p>\n\n\n<link rel=\"stylesheet\" href=\"https:\/\/fonts.googleapis.com\/css2?family=Inter:wght@400;500;600;700;800\" \/>\n<h2 class=\"wp-block-heading has-text-color has-link-color wp-elements-d80d3d204b16477b3357b384be44ba38 cozy-animation__initialized\" style=\"color:#090b10;margin-top:0;margin-right:0;margin-bottom:0;margin-left:0;padding-top:20px;padding-bottom:20px;font-size:44px;font-style:normal;font-weight:600;line-height:1.2; font-family: 'Inter' !important;\" data-aos=\"flip-up\" data-aos-easing=\"ease-in\" data-aos-anchor-placement=\"top-bottom\" data-aos-duration=\"600\" style=\"color:#090b10;margin-top:0;margin-right:0;margin-bottom:0;margin-left:0;padding-top:20px;padding-bottom:20px;font-size:44px;font-style:normal;font-weight:600;line-height:1.2\"><font style=\"vertical-align: inherit;\"><font style=\"vertical-align: inherit;\">Inspiracija za novu eru istra\u017eivanja vode<\/font><\/font><\/h2>\n\n\n\n<p class=\"has-post-meta-color-color has-text-color has-link-color wp-elements-ee7a6b20ff5c1fa4310b31ecb8788b8b\" style=\"margin-top:6px;margin-bottom:6px\"><font style=\"vertical-align: inherit;\"><font style=\"vertical-align: inherit;\">Sa na\u0161om stra\u0161\u0107u za inovacije i vodu, redefiniramo iskustvo plovidbe, pru\u017eaju\u0107i neusporediv kvalitet, odr\u017eiv dizajn i nezaboravne avanture za svakog istra\u017eiva\u010da. Pridru\u017eite nam se na ovom putovanju i otkrijte beskrajne mogu\u0107nosti koje vas \u010dekaju na otvorenom moru. <\/font><\/font><\/p>\n\n\n\n<div class=\"wp-block-group is-layout-constrained wp-container-core-group-is-layout-7ef76abe wp-block-group-is-layout-constrained\" style=\"margin-top:30px\"><div class=\"cozy-block-wrapper\">\n<ul class=\"cozy-block-icon-list vertical default fill\" id=\"cozyBlock_03520cf4_98d0_415f_80d2_dd41e0823b14\">\n<div class=\"list-inline-block\"><a href=\"https:\/\/ynsghostboats.com\/bs\/vision\/\" target=\"\" rel=\"noopener\"><li class=\"cozy-block-list-item\" id=\"cozyBlock_dd1b2417_81dc_482a_8ec6_3cb3e88e671f\"><p>Saznajte vi\u0161e<\/p><div class=\"list-icon-wrapper\"><svg xmlns=\"http:\/\/www.w3.org\/2000\/svg\" viewbox=\"0 0 24 24\" aria-hidden=\"true\"><path d=\"M19.3651 12.56L14.3851 17.56C14.2251 17.72 14.0251 17.8 13.8251 17.8C13.6251 17.8 13.4251 17.72 13.2651 17.56C12.9451 17.24 12.9451 16.74 13.2651 16.42L16.8851 12.78H5.20511C4.76511 12.78 4.40511 12.42 4.40511 11.98C4.40511 11.54 4.76511 11.18 5.20511 11.18H16.8851L13.2651 7.54001C12.9451 7.22001 12.9451 6.72 13.2651 6.4C13.5851 6.08 14.0851 6.08 14.4051 6.4L19.3851 11.4C19.6851 11.74 19.6851 12.26 19.3651 12.56Z\"><\/path><\/svg><\/div><\/li><\/a><\/div>\n<\/ul>\n<\/div><\/div>\n<\/div>\n<\/div>\n<\/div>\n<\/div>\n","protected":false},"excerpt":{"rendered":"<p>Na\u0161a misija Dizajniranje nezaboravnih avantura na vodi Na\u0161i \u010damci su dizajnirani da pru\u017ee jedinstveno morsko iskustvo, povezuju\u0107i vas s vodom kao nikada prije. Fokusiraju\u0107i se na kvalitetu i inovativnost, \u017eelimo da va\u0161e vrijeme na vodi u\u010dinimo nezaboravnom avanturom. Na\u0161a vizija Inspiracija za novu eru istra\u017eivanja vode Sa na\u0161om stra\u0161\u0107u za inovacije i vodu, redefiniramo iskustvo&#8230;<\/p>\n","protected":false},"author":1,"featured_media":0,"parent":0,"menu_order":0,"comment_status":"closed","ping_status":"closed","template":"","meta":{"footnotes":""},"class_list":["post-2925","page","type-page","status-publish","hentry"],"aioseo_notices":[],"_links":{"self":[{"href":"https:\/\/ynsghostboats.com\/bs\/wp-json\/wp\/v2\/pages\/2925","targetHints":{"allow":["GET"]}}],"collection":[{"href":"https:\/\/ynsghostboats.com\/bs\/wp-json\/wp\/v2\/pages"}],"about":[{"href":"https:\/\/ynsghostboats.com\/bs\/wp-json\/wp\/v2\/types\/page"}],"author":[{"embeddable":true,"href":"https:\/\/ynsghostboats.com\/bs\/wp-json\/wp\/v2\/users\/1"}],"replies":[{"embeddable":true,"href":"https:\/\/ynsghostboats.com\/bs\/wp-json\/wp\/v2\/comments?post=2925"}],"version-history":[{"count":3,"href":"https:\/\/ynsghostboats.com\/bs\/wp-json\/wp\/v2\/pages\/2925\/revisions"}],"predecessor-version":[{"id":6617,"href":"https:\/\/ynsghostboats.com\/bs\/wp-json\/wp\/v2\/pages\/2925\/revisions\/6617"}],"wp:attachment":[{"href":"https:\/\/ynsghostboats.com\/bs\/wp-json\/wp\/v2\/media?parent=2925"}],"curies":[{"name":"wp","href":"https:\/\/api.w.org\/{rel}","templated":true}]}}