{"id":2862,"date":"2024-09-17T10:15:52","date_gmt":"2024-09-17T10:15:52","guid":{"rendered":"https:\/\/ynsghostboats.com\/politika-privatnosti\/"},"modified":"2026-03-11T10:54:47","modified_gmt":"2026-03-11T10:54:47","slug":"politika-privatnosti","status":"publish","type":"page","link":"https:\/\/ynsghostboats.com\/bs\/politika-privatnosti\/","title":{"rendered":"Politika privatnosti"},"content":{"rendered":"\n<div class=\"wp-block-group yns-page-top is-layout-constrained wp-block-group-is-layout-constrained\" style=\"margin-top:0;margin-bottom:0\">\n<div class=\"wp-block-cover has-parallax is-style-default yns-page-banner has-white-color has-text-color has-link-color wp-elements-9625b69d42be669e0722d5ddda0be278\" style=\"margin-bottom:0px;padding-right:20px;padding-left:20px;min-height:550px;aspect-ratio:unset;\"><div class=\"wp-block-cover__image-background wp-image-5969 has-parallax\" style=\"background-position:50% 50%;background-image:url(https:\/\/ynsghostboats.com\/wp-content\/uploads\/2024\/12\/DJI_0822-scaled.jpg)\"><\/div><span aria-hidden=\"true\" class=\"wp-block-cover__background has-foreground-background-color has-background-dim\"><\/span><div class=\"wp-block-cover__inner-container is-layout-constrained wp-container-core-cover-is-layout-8a5b376c wp-block-cover-is-layout-constrained\">\n<p class=\"has-text-align-center has-xx-large-font-size\">Politika privatnosti<\/p>\n\n\n\n<p class=\"has-text-align-center has-small-font-size\" style=\"margin-top:var(--wp--preset--spacing--50);margin-right:var(--wp--preset--spacing--50);margin-bottom:var(--wp--preset--spacing--50);margin-left:var(--wp--preset--spacing--50)\">YNS Ghostboats po\u0161tuje va\u0161u privatnost.<\/p>\n<\/div><\/div>\n<\/div>\n\n<div class=\"wp-block-group is-layout-constrained wp-container-core-group-is-layout-9540bd20 wp-block-group-is-layout-constrained\" style=\"margin-top:0;margin-bottom:0;padding-top:60px;padding-right:20px;padding-bottom:60px;padding-left:20px\">\n<p>Ova Politika privatnosti obja\u0161njava kako postupamo s va\u0161im podacima kada posjetite www.ynsghostboats.com.<\/p>\n\n\n\n<h2 class=\"wp-block-heading\">Informacije koje prikupljamo<\/h2>\n\n\n\n<p>Prikupljamo minimalne informacije kako bismo pobolj\u0161ali va\u0161e iskustvo pregledavanja:<\/p>\n\n\n\n<p>Vi pru\u017eate: Ako nas kontaktirate, mo\u017eemo prikupiti va\u0161e ime i adresu e-po\u0161te.<\/p>\n\n\n\n<p><strong>Automatski prikupljeni:<\/strong> Op\u0161ti podaci o kori\u0161tenju web stranice kao \u0161to su va\u0161a IP adresa i tip pretra\u017eiva\u010da radi pobolj\u0161anja funkcionalnosti.<\/p>\n\n\n\n<h2 class=\"wp-block-heading\">Kako koristimo Va\u0161e podatke<\/h2>\n\n\n\n<p>Va\u0161e informacije se koriste isklju\u010divo za:<\/p>\n\n\n\n<p>Odgovorite na va\u0161e upite.<\/p>\n\n\n\n<p>Odr\u017eavajte i pobolj\u0161avajte funkcionalnost na\u0161e stranice.<\/p>\n\n\n\n<h2 class=\"wp-block-heading\">Dijeljenje Va\u0161ih informacija<\/h2>\n\n\n\n<p>Va\u0161e li\u010dne podatke ne prodajemo niti dijelimo s tre\u0107im licima, osim kada to zahtijeva zakon.<\/p>\n\n\n\n<h2 class=\"wp-block-heading\">Sigurnost<\/h2>\n\n\n\n<p>Poduzimamo razumne korake da za\u0161titimo va\u0161e podatke. Me\u0111utim, nijedna online platforma nije potpuno sigurna i mi poti\u010demo sigurne internetske prakse. <\/p>\n\n\n\n<h2 class=\"wp-block-heading\">A\u017euriranja<\/h2>\n\n\n\n<p>Mo\u017eemo a\u017eurirati ovu Politiku privatnosti po potrebi. &#8220;Datum stupanja na snagu&#8221; \u0107e odra\u017eavati najnovije promjene. <\/p>\n\n\n\n<h2 class=\"wp-block-heading\">Kontaktirajte nas<\/h2>\n\n\n\n<p>Ako imate pitanja ili nedoumica u vezi s ovom Politikom privatnosti, obratite nam se na:<\/p>\n\n\n\n<p>E-po\u0161ta: <a href=\"mailto:info@ynsghostboats.com\">info@ynsghostboats.com<\/a><\/p>\n<\/div>\n","protected":false},"excerpt":{"rendered":"<p>Ova Politika privatnosti obja\u0161njava kako postupamo s va\u0161im podacima kada posjetite www.ynsghostboats.com. Informacije koje prikupljamo Prikupljamo minimalne informacije kako bismo pobolj\u0161ali va\u0161e iskustvo pregledavanja: Vi pru\u017eate: Ako nas kontaktirate, mo\u017eemo prikupiti va\u0161e ime i adresu e-po\u0161te. Automatski prikupljeni: Op\u0161ti podaci o kori\u0161tenju web stranice kao \u0161to su va\u0161a IP adresa i tip pretra\u017eiva\u010da radi pobolj\u0161anja&#8230;<\/p>\n","protected":false},"author":1,"featured_media":0,"parent":0,"menu_order":0,"comment_status":"closed","ping_status":"closed","template":"","meta":{"footnotes":""},"class_list":["post-2862","page","type-page","status-publish","hentry"],"aioseo_notices":[],"_links":{"self":[{"href":"https:\/\/ynsghostboats.com\/bs\/wp-json\/wp\/v2\/pages\/2862","targetHints":{"allow":["GET"]}}],"collection":[{"href":"https:\/\/ynsghostboats.com\/bs\/wp-json\/wp\/v2\/pages"}],"about":[{"href":"https:\/\/ynsghostboats.com\/bs\/wp-json\/wp\/v2\/types\/page"}],"author":[{"embeddable":true,"href":"https:\/\/ynsghostboats.com\/bs\/wp-json\/wp\/v2\/users\/1"}],"replies":[{"embeddable":true,"href":"https:\/\/ynsghostboats.com\/bs\/wp-json\/wp\/v2\/comments?post=2862"}],"version-history":[{"count":2,"href":"https:\/\/ynsghostboats.com\/bs\/wp-json\/wp\/v2\/pages\/2862\/revisions"}],"predecessor-version":[{"id":8286,"href":"https:\/\/ynsghostboats.com\/bs\/wp-json\/wp\/v2\/pages\/2862\/revisions\/8286"}],"wp:attachment":[{"href":"https:\/\/ynsghostboats.com\/bs\/wp-json\/wp\/v2\/media?parent=2862"}],"curies":[{"name":"wp","href":"https:\/\/api.w.org\/{rel}","templated":true}]}}